{"id":23160,"date":"2021-08-29T20:45:35","date_gmt":"2021-08-29T20:45:35","guid":{"rendered":"https:\/\/ledkaraib.fr\/?post_type=product&#038;p=23160"},"modified":"2022-01-15T03:22:45","modified_gmt":"2022-01-15T03:22:45","slug":"trust-smart-tunable-led-bulb-2200k-6500k","status":"publish","type":"product","link":"https:\/\/www.ledkaraib.com\/index.php\/produit\/trust-smart-tunable-led-bulb-2200k-6500k\/","title":{"rendered":"TRUST SMART TUNABLE LED BULB 2200K-6500K"},"content":{"rendered":"<p>Cr\u00e9ez un environnement lumineux chaleureux ou neutre avec cette ampoule intelligente \u00e0 commande sans fil ZigBee<\/p>\n<ul class=\"product-features-list\">\n<li>Commande facile depuis une t\u00e9l\u00e9commande ou l\u2019application sur smartphone\/tablette*<\/li>\n<li>Cr\u00e9ez une atmosph\u00e8re adapt\u00e9e \u00e0 chaque activit\u00e9, avec une lumi\u00e8re blanche froide pour la lecture ou le travail, et une lumi\u00e8re blanche chaude pour un cadre plus chaleureux<\/li>\n<li>Compatible avec les autres syst\u00e8mes certifi\u00e9s ZigBee comme le syst\u00e8me Philips Hue**<\/li>\n<li>Classe d\u2019efficacit\u00e9 \u00e9nerg\u00e9tique A+<\/li>\n<li>Installation facile\u00a0: s\u2019adapte \u00e0 toutes les douilles standard E27<\/li>\n<li>Plage de variation de l\u2019intensit\u00e9 lumineuse \u00e9tendue, de 10 \u00e0 100\u00a0%<\/li>\n<li>Intensit\u00e9 lumineuse \u00e9lev\u00e9e de 806\u00a0lumens<\/li>\n<li>Dur\u00e9e de vie de l&rsquo;ampoule de 20\u00a0000\u00a0heures<\/li>\n<li>*Pour contr\u00f4ler cet \u00e9quipement depuis votre smartphone ou votre tablette, une passerelle ou une station de contr\u00f4le Trust Smart Home est n\u00e9cessaire, par exemple, Z1 ZigBee Bridge ou ICS-2000<\/li>\n<li>**Hors mode divertissement Hue, mises \u00e0 jour Over the Air (OTA) et Apple HomeKit. Pour conna\u00eetre toutes les possibilit\u00e9s et les derni\u00e8res informations relatives \u00e0 la compatibilit\u00e9, consultez le site www.trust.com\/zigbee<\/li>\n<li>\u00a0<a href=\"https:\/\/www.trust.com\/fr\/zigbee\" target=\"_blank\" rel=\"noopener noreferrer\">For more information about Zigbee and our mobile application; take a look on the Zigbee page!<\/a><\/li>\n<\/ul>\n","protected":false},"excerpt":{"rendered":"<p>Cr\u00e9ez un environnement lumineux chaleureux ou neutre avec cette ampoule intelligente \u00e0 commande sans fil ZigBee Commande facile depuis une t\u00e9l\u00e9commande ou l\u2019application sur smartphone\/tablette*&#8230;<\/p>\n","protected":false},"featured_media":23189,"template":"","meta":{"content-type":""},"etheme_brands":[],"product_brand":[],"product_cat":[373],"product_tag":[],"class_list":{"0":"post-23160","1":"product","2":"type-product","3":"status-publish","4":"has-post-thumbnail","6":"product_cat-module-domotique","8":"first","9":"instock","10":"taxable","11":"shipping-taxable","12":"purchasable","13":"product-type-simple"},"yoast_head":"<!-- This site is optimized with the Yoast SEO plugin v26.0 - https:\/\/yoast.com\/wordpress\/plugins\/seo\/ -->\n<title>TRUST SMART TUNABLE LED BULB 2200K-6500K - Planete LED Solution d&#039;Eclairage LED<\/title>\n<meta name=\"robots\" content=\"index, follow, max-snippet:-1, max-image-preview:large, max-video-preview:-1\" \/>\n<link rel=\"canonical\" href=\"https:\/\/www.ledkaraib.com\/index.php\/produit\/trust-smart-tunable-led-bulb-2200k-6500k\/\" \/>\n<meta property=\"og:locale\" content=\"fr_FR\" \/>\n<meta property=\"og:type\" content=\"article\" \/>\n<meta property=\"og:title\" content=\"TRUST SMART TUNABLE LED BULB 2200K-6500K - Planete LED Solution d&#039;Eclairage LED\" \/>\n<meta property=\"og:description\" content=\"Cr\u00e9ez un environnement lumineux chaleureux ou neutre avec cette ampoule intelligente \u00e0 commande sans fil ZigBee Commande facile depuis une t\u00e9l\u00e9commande ou l\u2019application sur smartphone\/tablette*...\" \/>\n<meta property=\"og:url\" content=\"https:\/\/www.ledkaraib.com\/index.php\/produit\/trust-smart-tunable-led-bulb-2200k-6500k\/\" \/>\n<meta property=\"og:site_name\" content=\"Planete LED Solution d&#039;Eclairage LED\" \/>\n<meta property=\"article:modified_time\" content=\"2022-01-15T03:22:45+00:00\" \/>\n<meta property=\"og:image\" content=\"https:\/\/www.ledkaraib.com\/wp-content\/uploads\/2021\/08\/71156.jpg\" \/>\n\t<meta property=\"og:image:width\" content=\"800\" \/>\n\t<meta property=\"og:image:height\" content=\"800\" \/>\n\t<meta property=\"og:image:type\" content=\"image\/jpeg\" \/>\n<meta name=\"twitter:card\" content=\"summary_large_image\" \/>\n<meta name=\"twitter:label1\" content=\"Dur\u00e9e de lecture estim\u00e9e\" \/>\n\t<meta name=\"twitter:data1\" content=\"1 minute\" \/>\n<script type=\"application\/ld+json\" class=\"yoast-schema-graph\">{\"@context\":\"https:\/\/schema.org\",\"@graph\":[{\"@type\":\"WebPage\",\"@id\":\"https:\/\/www.ledkaraib.com\/index.php\/produit\/trust-smart-tunable-led-bulb-2200k-6500k\/\",\"url\":\"https:\/\/www.ledkaraib.com\/index.php\/produit\/trust-smart-tunable-led-bulb-2200k-6500k\/\",\"name\":\"TRUST SMART TUNABLE LED BULB 2200K-6500K - Planete LED Solution d&#039;Eclairage LED\",\"isPartOf\":{\"@id\":\"https:\/\/www.ledkaraib.com\/#website\"},\"primaryImageOfPage\":{\"@id\":\"https:\/\/www.ledkaraib.com\/index.php\/produit\/trust-smart-tunable-led-bulb-2200k-6500k\/#primaryimage\"},\"image\":{\"@id\":\"https:\/\/www.ledkaraib.com\/index.php\/produit\/trust-smart-tunable-led-bulb-2200k-6500k\/#primaryimage\"},\"thumbnailUrl\":\"https:\/\/www.ledkaraib.com\/wp-content\/uploads\/2021\/08\/71156.jpg\",\"datePublished\":\"2021-08-29T20:45:35+00:00\",\"dateModified\":\"2022-01-15T03:22:45+00:00\",\"breadcrumb\":{\"@id\":\"https:\/\/www.ledkaraib.com\/index.php\/produit\/trust-smart-tunable-led-bulb-2200k-6500k\/#breadcrumb\"},\"inLanguage\":\"fr-FR\",\"potentialAction\":[{\"@type\":\"ReadAction\",\"target\":[\"https:\/\/www.ledkaraib.com\/index.php\/produit\/trust-smart-tunable-led-bulb-2200k-6500k\/\"]}]},{\"@type\":\"ImageObject\",\"inLanguage\":\"fr-FR\",\"@id\":\"https:\/\/www.ledkaraib.com\/index.php\/produit\/trust-smart-tunable-led-bulb-2200k-6500k\/#primaryimage\",\"url\":\"https:\/\/www.ledkaraib.com\/wp-content\/uploads\/2021\/08\/71156.jpg\",\"contentUrl\":\"https:\/\/www.ledkaraib.com\/wp-content\/uploads\/2021\/08\/71156.jpg\",\"width\":800,\"height\":800},{\"@type\":\"BreadcrumbList\",\"@id\":\"https:\/\/www.ledkaraib.com\/index.php\/produit\/trust-smart-tunable-led-bulb-2200k-6500k\/#breadcrumb\",\"itemListElement\":[{\"@type\":\"ListItem\",\"position\":1,\"name\":\"Accueil\",\"item\":\"https:\/\/www.ledkaraib.com\/\"},{\"@type\":\"ListItem\",\"position\":2,\"name\":\"Shop\",\"item\":\"https:\/\/www.ledkaraib.com\/index.php\/shop-3\/\"},{\"@type\":\"ListItem\",\"position\":3,\"name\":\"TRUST SMART TUNABLE LED BULB 2200K-6500K\"}]},{\"@type\":\"WebSite\",\"@id\":\"https:\/\/www.ledkaraib.com\/#website\",\"url\":\"https:\/\/www.ledkaraib.com\/\",\"name\":\"Planete LED Solution d&#039;Eclairage LED\",\"description\":\"\",\"potentialAction\":[{\"@type\":\"SearchAction\",\"target\":{\"@type\":\"EntryPoint\",\"urlTemplate\":\"https:\/\/www.ledkaraib.com\/?s={search_term_string}\"},\"query-input\":{\"@type\":\"PropertyValueSpecification\",\"valueRequired\":true,\"valueName\":\"search_term_string\"}}],\"inLanguage\":\"fr-FR\"}]}<\/script>\n<!-- \/ Yoast SEO plugin. -->","yoast_head_json":{"title":"TRUST SMART TUNABLE LED BULB 2200K-6500K - Planete LED Solution d&#039;Eclairage LED","robots":{"index":"index","follow":"follow","max-snippet":"max-snippet:-1","max-image-preview":"max-image-preview:large","max-video-preview":"max-video-preview:-1"},"canonical":"https:\/\/www.ledkaraib.com\/index.php\/produit\/trust-smart-tunable-led-bulb-2200k-6500k\/","og_locale":"fr_FR","og_type":"article","og_title":"TRUST SMART TUNABLE LED BULB 2200K-6500K - Planete LED Solution d&#039;Eclairage LED","og_description":"Cr\u00e9ez un environnement lumineux chaleureux ou neutre avec cette ampoule intelligente \u00e0 commande sans fil ZigBee Commande facile depuis une t\u00e9l\u00e9commande ou l\u2019application sur smartphone\/tablette*...","og_url":"https:\/\/www.ledkaraib.com\/index.php\/produit\/trust-smart-tunable-led-bulb-2200k-6500k\/","og_site_name":"Planete LED Solution d&#039;Eclairage LED","article_modified_time":"2022-01-15T03:22:45+00:00","og_image":[{"width":800,"height":800,"url":"https:\/\/www.ledkaraib.com\/wp-content\/uploads\/2021\/08\/71156.jpg","type":"image\/jpeg"}],"twitter_card":"summary_large_image","twitter_misc":{"Dur\u00e9e de lecture estim\u00e9e":"1 minute"},"schema":{"@context":"https:\/\/schema.org","@graph":[{"@type":"WebPage","@id":"https:\/\/www.ledkaraib.com\/index.php\/produit\/trust-smart-tunable-led-bulb-2200k-6500k\/","url":"https:\/\/www.ledkaraib.com\/index.php\/produit\/trust-smart-tunable-led-bulb-2200k-6500k\/","name":"TRUST SMART TUNABLE LED BULB 2200K-6500K - Planete LED Solution d&#039;Eclairage LED","isPartOf":{"@id":"https:\/\/www.ledkaraib.com\/#website"},"primaryImageOfPage":{"@id":"https:\/\/www.ledkaraib.com\/index.php\/produit\/trust-smart-tunable-led-bulb-2200k-6500k\/#primaryimage"},"image":{"@id":"https:\/\/www.ledkaraib.com\/index.php\/produit\/trust-smart-tunable-led-bulb-2200k-6500k\/#primaryimage"},"thumbnailUrl":"https:\/\/www.ledkaraib.com\/wp-content\/uploads\/2021\/08\/71156.jpg","datePublished":"2021-08-29T20:45:35+00:00","dateModified":"2022-01-15T03:22:45+00:00","breadcrumb":{"@id":"https:\/\/www.ledkaraib.com\/index.php\/produit\/trust-smart-tunable-led-bulb-2200k-6500k\/#breadcrumb"},"inLanguage":"fr-FR","potentialAction":[{"@type":"ReadAction","target":["https:\/\/www.ledkaraib.com\/index.php\/produit\/trust-smart-tunable-led-bulb-2200k-6500k\/"]}]},{"@type":"ImageObject","inLanguage":"fr-FR","@id":"https:\/\/www.ledkaraib.com\/index.php\/produit\/trust-smart-tunable-led-bulb-2200k-6500k\/#primaryimage","url":"https:\/\/www.ledkaraib.com\/wp-content\/uploads\/2021\/08\/71156.jpg","contentUrl":"https:\/\/www.ledkaraib.com\/wp-content\/uploads\/2021\/08\/71156.jpg","width":800,"height":800},{"@type":"BreadcrumbList","@id":"https:\/\/www.ledkaraib.com\/index.php\/produit\/trust-smart-tunable-led-bulb-2200k-6500k\/#breadcrumb","itemListElement":[{"@type":"ListItem","position":1,"name":"Accueil","item":"https:\/\/www.ledkaraib.com\/"},{"@type":"ListItem","position":2,"name":"Shop","item":"https:\/\/www.ledkaraib.com\/index.php\/shop-3\/"},{"@type":"ListItem","position":3,"name":"TRUST SMART TUNABLE LED BULB 2200K-6500K"}]},{"@type":"WebSite","@id":"https:\/\/www.ledkaraib.com\/#website","url":"https:\/\/www.ledkaraib.com\/","name":"Planete LED Solution d&#039;Eclairage LED","description":"","potentialAction":[{"@type":"SearchAction","target":{"@type":"EntryPoint","urlTemplate":"https:\/\/www.ledkaraib.com\/?s={search_term_string}"},"query-input":{"@type":"PropertyValueSpecification","valueRequired":true,"valueName":"search_term_string"}}],"inLanguage":"fr-FR"}]}},"jetpack_sharing_enabled":true,"_links":{"self":[{"href":"https:\/\/www.ledkaraib.com\/index.php\/wp-json\/wp\/v2\/product\/23160","targetHints":{"allow":["GET"]}}],"collection":[{"href":"https:\/\/www.ledkaraib.com\/index.php\/wp-json\/wp\/v2\/product"}],"about":[{"href":"https:\/\/www.ledkaraib.com\/index.php\/wp-json\/wp\/v2\/types\/product"}],"version-history":[{"count":0,"href":"https:\/\/www.ledkaraib.com\/index.php\/wp-json\/wp\/v2\/product\/23160\/revisions"}],"wp:featuredmedia":[{"embeddable":true,"href":"https:\/\/www.ledkaraib.com\/index.php\/wp-json\/wp\/v2\/media\/23189"}],"wp:attachment":[{"href":"https:\/\/www.ledkaraib.com\/index.php\/wp-json\/wp\/v2\/media?parent=23160"}],"wp:term":[{"taxonomy":"brand","embeddable":true,"href":"https:\/\/www.ledkaraib.com\/index.php\/wp-json\/wp\/v2\/etheme_brands?post=23160"},{"taxonomy":"product_brand","embeddable":true,"href":"https:\/\/www.ledkaraib.com\/index.php\/wp-json\/wp\/v2\/product_brand?post=23160"},{"taxonomy":"product_cat","embeddable":true,"href":"https:\/\/www.ledkaraib.com\/index.php\/wp-json\/wp\/v2\/product_cat?post=23160"},{"taxonomy":"product_tag","embeddable":true,"href":"https:\/\/www.ledkaraib.com\/index.php\/wp-json\/wp\/v2\/product_tag?post=23160"}],"curies":[{"name":"wp","href":"https:\/\/api.w.org\/{rel}","templated":true}]}}