{"id":23465,"date":"2021-08-29T20:48:34","date_gmt":"2021-08-29T20:48:34","guid":{"rendered":"https:\/\/ledkaraib.fr\/?post_type=product&#038;p=23465"},"modified":"2021-08-29T20:48:51","modified_gmt":"2021-08-29T20:48:51","slug":"couronne-50m-r2v-3g1-5","status":"publish","type":"product","link":"https:\/\/www.ledkaraib.com\/index.php\/produit\/couronne-50m-r2v-3g1-5\/","title":{"rendered":"Couronne 50M R2V 3G1.5"},"content":{"rendered":"<p>C\u00e2ble \u00e9lectrique R2V 3G1.5\u00b2 &#8211; Couronne de 50m<br \/>\nCette couronne de c\u00e2ble \u00e9lectrique R2V est principalement utilis\u00e9e pour le raccordement \u00e9lectrique des circuits d\u2019\u00e9clairage et de prises command\u00e9es.<\/p>\n<ul>\n<li style=\"list-style-type: none;\">\n<ul>\n<li>Ces c\u00e2bles \u00e9lectriques sont\u00a0<strong>conformes aux normes en vigueur<\/strong>.<\/li>\n<\/ul>\n<\/li>\n<\/ul>\n<ul>\n<li style=\"list-style-type: none;\">\n<ul>\n<li>Ce type de conducteur peut \u00eatre\u00a0<strong>utilis\u00e9 pour du r\u00e9sidentiel et de l\u2019industriel<\/strong>.<\/li>\n<\/ul>\n<\/li>\n<\/ul>\n<ul>\n<li><strong>C\u00e2ble RO2V pour circuit monophas\u00e9<\/strong>\u00a0avec protection dont la tension assign\u00e9e varie entre 600 \u00e0 1000V.<\/li>\n<\/ul>\n","protected":false},"excerpt":{"rendered":"<p>C\u00e2ble \u00e9lectrique R2V 3G1.5\u00b2 &#8211; Couronne de 50m Cette couronne de c\u00e2ble \u00e9lectrique R2V est principalement utilis\u00e9e pour le raccordement \u00e9lectrique des circuits d\u2019\u00e9clairage et&#8230;<\/p>\n","protected":false},"featured_media":23495,"template":"","meta":{"content-type":""},"etheme_brands":[],"product_brand":[],"product_cat":[327],"product_tag":[],"class_list":{"0":"post-23465","1":"product","2":"type-product","3":"status-publish","4":"has-post-thumbnail","6":"product_cat-fils-cables","8":"first","9":"instock","10":"taxable","11":"shipping-taxable","12":"purchasable","13":"product-type-simple"},"yoast_head":"<!-- This site is optimized with the Yoast SEO plugin v26.0 - https:\/\/yoast.com\/wordpress\/plugins\/seo\/ -->\n<title>Couronne 50M R2V 3G1.5 - Planete LED Solution d&#039;Eclairage LED<\/title>\n<meta name=\"robots\" content=\"index, follow, max-snippet:-1, max-image-preview:large, max-video-preview:-1\" \/>\n<link rel=\"canonical\" href=\"https:\/\/www.ledkaraib.com\/index.php\/produit\/couronne-50m-r2v-3g1-5\/\" \/>\n<meta property=\"og:locale\" content=\"fr_FR\" \/>\n<meta property=\"og:type\" content=\"article\" \/>\n<meta property=\"og:title\" content=\"Couronne 50M R2V 3G1.5 - Planete LED Solution d&#039;Eclairage LED\" \/>\n<meta property=\"og:description\" content=\"C\u00e2ble \u00e9lectrique R2V 3G1.5\u00b2 &#8211; Couronne de 50m Cette couronne de c\u00e2ble \u00e9lectrique R2V est principalement utilis\u00e9e pour le raccordement \u00e9lectrique des circuits d\u2019\u00e9clairage et...\" \/>\n<meta property=\"og:url\" content=\"https:\/\/www.ledkaraib.com\/index.php\/produit\/couronne-50m-r2v-3g1-5\/\" \/>\n<meta property=\"og:site_name\" content=\"Planete LED Solution d&#039;Eclairage LED\" \/>\n<meta property=\"article:modified_time\" content=\"2021-08-29T20:48:51+00:00\" \/>\n<meta property=\"og:image\" content=\"https:\/\/www.ledkaraib.com\/wp-content\/uploads\/2021\/08\/Couronne-50M-R2V-3G1.5.jpg\" \/>\n\t<meta property=\"og:image:width\" content=\"225\" \/>\n\t<meta property=\"og:image:height\" content=\"225\" \/>\n\t<meta property=\"og:image:type\" content=\"image\/jpeg\" \/>\n<meta name=\"twitter:card\" content=\"summary_large_image\" \/>\n<script type=\"application\/ld+json\" class=\"yoast-schema-graph\">{\"@context\":\"https:\/\/schema.org\",\"@graph\":[{\"@type\":\"WebPage\",\"@id\":\"https:\/\/www.ledkaraib.com\/index.php\/produit\/couronne-50m-r2v-3g1-5\/\",\"url\":\"https:\/\/www.ledkaraib.com\/index.php\/produit\/couronne-50m-r2v-3g1-5\/\",\"name\":\"Couronne 50M R2V 3G1.5 - Planete LED Solution d&#039;Eclairage LED\",\"isPartOf\":{\"@id\":\"https:\/\/www.ledkaraib.com\/#website\"},\"primaryImageOfPage\":{\"@id\":\"https:\/\/www.ledkaraib.com\/index.php\/produit\/couronne-50m-r2v-3g1-5\/#primaryimage\"},\"image\":{\"@id\":\"https:\/\/www.ledkaraib.com\/index.php\/produit\/couronne-50m-r2v-3g1-5\/#primaryimage\"},\"thumbnailUrl\":\"https:\/\/www.ledkaraib.com\/wp-content\/uploads\/2021\/08\/Couronne-50M-R2V-3G1.5.jpg\",\"datePublished\":\"2021-08-29T20:48:34+00:00\",\"dateModified\":\"2021-08-29T20:48:51+00:00\",\"breadcrumb\":{\"@id\":\"https:\/\/www.ledkaraib.com\/index.php\/produit\/couronne-50m-r2v-3g1-5\/#breadcrumb\"},\"inLanguage\":\"fr-FR\",\"potentialAction\":[{\"@type\":\"ReadAction\",\"target\":[\"https:\/\/www.ledkaraib.com\/index.php\/produit\/couronne-50m-r2v-3g1-5\/\"]}]},{\"@type\":\"ImageObject\",\"inLanguage\":\"fr-FR\",\"@id\":\"https:\/\/www.ledkaraib.com\/index.php\/produit\/couronne-50m-r2v-3g1-5\/#primaryimage\",\"url\":\"https:\/\/www.ledkaraib.com\/wp-content\/uploads\/2021\/08\/Couronne-50M-R2V-3G1.5.jpg\",\"contentUrl\":\"https:\/\/www.ledkaraib.com\/wp-content\/uploads\/2021\/08\/Couronne-50M-R2V-3G1.5.jpg\",\"width\":225,\"height\":225},{\"@type\":\"BreadcrumbList\",\"@id\":\"https:\/\/www.ledkaraib.com\/index.php\/produit\/couronne-50m-r2v-3g1-5\/#breadcrumb\",\"itemListElement\":[{\"@type\":\"ListItem\",\"position\":1,\"name\":\"Accueil\",\"item\":\"https:\/\/www.ledkaraib.com\/\"},{\"@type\":\"ListItem\",\"position\":2,\"name\":\"Shop\",\"item\":\"https:\/\/www.ledkaraib.com\/index.php\/shop-3\/\"},{\"@type\":\"ListItem\",\"position\":3,\"name\":\"Couronne 50M R2V 3G1.5\"}]},{\"@type\":\"WebSite\",\"@id\":\"https:\/\/www.ledkaraib.com\/#website\",\"url\":\"https:\/\/www.ledkaraib.com\/\",\"name\":\"Planete LED Solution d&#039;Eclairage LED\",\"description\":\"\",\"potentialAction\":[{\"@type\":\"SearchAction\",\"target\":{\"@type\":\"EntryPoint\",\"urlTemplate\":\"https:\/\/www.ledkaraib.com\/?s={search_term_string}\"},\"query-input\":{\"@type\":\"PropertyValueSpecification\",\"valueRequired\":true,\"valueName\":\"search_term_string\"}}],\"inLanguage\":\"fr-FR\"}]}<\/script>\n<!-- \/ Yoast SEO plugin. -->","yoast_head_json":{"title":"Couronne 50M R2V 3G1.5 - Planete LED Solution d&#039;Eclairage LED","robots":{"index":"index","follow":"follow","max-snippet":"max-snippet:-1","max-image-preview":"max-image-preview:large","max-video-preview":"max-video-preview:-1"},"canonical":"https:\/\/www.ledkaraib.com\/index.php\/produit\/couronne-50m-r2v-3g1-5\/","og_locale":"fr_FR","og_type":"article","og_title":"Couronne 50M R2V 3G1.5 - Planete LED Solution d&#039;Eclairage LED","og_description":"C\u00e2ble \u00e9lectrique R2V 3G1.5\u00b2 &#8211; Couronne de 50m Cette couronne de c\u00e2ble \u00e9lectrique R2V est principalement utilis\u00e9e pour le raccordement \u00e9lectrique des circuits d\u2019\u00e9clairage et...","og_url":"https:\/\/www.ledkaraib.com\/index.php\/produit\/couronne-50m-r2v-3g1-5\/","og_site_name":"Planete LED Solution d&#039;Eclairage LED","article_modified_time":"2021-08-29T20:48:51+00:00","og_image":[{"width":225,"height":225,"url":"https:\/\/www.ledkaraib.com\/wp-content\/uploads\/2021\/08\/Couronne-50M-R2V-3G1.5.jpg","type":"image\/jpeg"}],"twitter_card":"summary_large_image","schema":{"@context":"https:\/\/schema.org","@graph":[{"@type":"WebPage","@id":"https:\/\/www.ledkaraib.com\/index.php\/produit\/couronne-50m-r2v-3g1-5\/","url":"https:\/\/www.ledkaraib.com\/index.php\/produit\/couronne-50m-r2v-3g1-5\/","name":"Couronne 50M R2V 3G1.5 - Planete LED Solution d&#039;Eclairage LED","isPartOf":{"@id":"https:\/\/www.ledkaraib.com\/#website"},"primaryImageOfPage":{"@id":"https:\/\/www.ledkaraib.com\/index.php\/produit\/couronne-50m-r2v-3g1-5\/#primaryimage"},"image":{"@id":"https:\/\/www.ledkaraib.com\/index.php\/produit\/couronne-50m-r2v-3g1-5\/#primaryimage"},"thumbnailUrl":"https:\/\/www.ledkaraib.com\/wp-content\/uploads\/2021\/08\/Couronne-50M-R2V-3G1.5.jpg","datePublished":"2021-08-29T20:48:34+00:00","dateModified":"2021-08-29T20:48:51+00:00","breadcrumb":{"@id":"https:\/\/www.ledkaraib.com\/index.php\/produit\/couronne-50m-r2v-3g1-5\/#breadcrumb"},"inLanguage":"fr-FR","potentialAction":[{"@type":"ReadAction","target":["https:\/\/www.ledkaraib.com\/index.php\/produit\/couronne-50m-r2v-3g1-5\/"]}]},{"@type":"ImageObject","inLanguage":"fr-FR","@id":"https:\/\/www.ledkaraib.com\/index.php\/produit\/couronne-50m-r2v-3g1-5\/#primaryimage","url":"https:\/\/www.ledkaraib.com\/wp-content\/uploads\/2021\/08\/Couronne-50M-R2V-3G1.5.jpg","contentUrl":"https:\/\/www.ledkaraib.com\/wp-content\/uploads\/2021\/08\/Couronne-50M-R2V-3G1.5.jpg","width":225,"height":225},{"@type":"BreadcrumbList","@id":"https:\/\/www.ledkaraib.com\/index.php\/produit\/couronne-50m-r2v-3g1-5\/#breadcrumb","itemListElement":[{"@type":"ListItem","position":1,"name":"Accueil","item":"https:\/\/www.ledkaraib.com\/"},{"@type":"ListItem","position":2,"name":"Shop","item":"https:\/\/www.ledkaraib.com\/index.php\/shop-3\/"},{"@type":"ListItem","position":3,"name":"Couronne 50M R2V 3G1.5"}]},{"@type":"WebSite","@id":"https:\/\/www.ledkaraib.com\/#website","url":"https:\/\/www.ledkaraib.com\/","name":"Planete LED Solution d&#039;Eclairage LED","description":"","potentialAction":[{"@type":"SearchAction","target":{"@type":"EntryPoint","urlTemplate":"https:\/\/www.ledkaraib.com\/?s={search_term_string}"},"query-input":{"@type":"PropertyValueSpecification","valueRequired":true,"valueName":"search_term_string"}}],"inLanguage":"fr-FR"}]}},"jetpack_sharing_enabled":true,"_links":{"self":[{"href":"https:\/\/www.ledkaraib.com\/index.php\/wp-json\/wp\/v2\/product\/23465","targetHints":{"allow":["GET"]}}],"collection":[{"href":"https:\/\/www.ledkaraib.com\/index.php\/wp-json\/wp\/v2\/product"}],"about":[{"href":"https:\/\/www.ledkaraib.com\/index.php\/wp-json\/wp\/v2\/types\/product"}],"version-history":[{"count":0,"href":"https:\/\/www.ledkaraib.com\/index.php\/wp-json\/wp\/v2\/product\/23465\/revisions"}],"wp:featuredmedia":[{"embeddable":true,"href":"https:\/\/www.ledkaraib.com\/index.php\/wp-json\/wp\/v2\/media\/23495"}],"wp:attachment":[{"href":"https:\/\/www.ledkaraib.com\/index.php\/wp-json\/wp\/v2\/media?parent=23465"}],"wp:term":[{"taxonomy":"brand","embeddable":true,"href":"https:\/\/www.ledkaraib.com\/index.php\/wp-json\/wp\/v2\/etheme_brands?post=23465"},{"taxonomy":"product_brand","embeddable":true,"href":"https:\/\/www.ledkaraib.com\/index.php\/wp-json\/wp\/v2\/product_brand?post=23465"},{"taxonomy":"product_cat","embeddable":true,"href":"https:\/\/www.ledkaraib.com\/index.php\/wp-json\/wp\/v2\/product_cat?post=23465"},{"taxonomy":"product_tag","embeddable":true,"href":"https:\/\/www.ledkaraib.com\/index.php\/wp-json\/wp\/v2\/product_tag?post=23465"}],"curies":[{"name":"wp","href":"https:\/\/api.w.org\/{rel}","templated":true}]}}