{"id":23595,"date":"2021-08-29T20:49:50","date_gmt":"2021-08-29T20:49:50","guid":{"rendered":"https:\/\/ledkaraib.fr\/?post_type=product&#038;p=23595"},"modified":"2026-04-16T16:13:46","modified_gmt":"2026-04-16T20:13:46","slug":"eurohm-square-10a-blc-pack-chantier","status":"publish","type":"product","link":"https:\/\/www.ledkaraib.com\/produit\/eurohm-square-10a-blc-pack-chantier\/","title":{"rendered":"EUR&rsquo;OHM SQUARE VA ET VIENT 10A BLC PACK CHANTIER"},"content":{"rendered":"<p>Pack de 50 va et vient (conditionnement chantier)<br \/>\n&#8211; Certifi\u00e9s NF selon norme NF EN 60 669<br \/>\n&#8211; M\u00e9canismes tr\u00e8s silencieux<br \/>\n&#8211; Bornes \u00e0 connexions automatiques<br \/>\n&#8211; Livr\u00e9s avec enjoliveurs, et plaques support<br \/>\n&#8211; Multi-postes : entraxe 71 mm en horizontal et vertical<br \/>\n&#8211; A \u00e9quiper de plaques 1, 2, 3 ,4 postes<br \/>\n&#8211; Installation en encastr\u00e9 ou en saillie<br \/>\n&#8211; Peuvent \u00eatre \u00e9quip\u00e9es de griffes (Griffes r\u00e9f. 60292).<br \/>\n&#8211; Facile: les produits les plus courants existent avec griffes<br \/>\n&#8211; Livr\u00e9s avec protection de chantier<\/p>\n","protected":false},"excerpt":{"rendered":"<p>Pack de 50 va et vient (conditionnement chantier) &#8211; Certifi\u00e9s NF selon norme NF EN 60 669 &#8211; M\u00e9canismes tr\u00e8s silencieux &#8211; Bornes \u00e0 connexions automatiques &#8211; Livr\u00e9s avec enjoliveurs, et plaques support &#8211; Multi-postes : entraxe 71 mm en horizontal et vertical &#8211; A \u00e9quiper de plaques 1, 2, 3 ,4 postes &#8211; Installation [&hellip;]<\/p>\n","protected":false},"featured_media":23625,"template":"","meta":[],"product_brand":[],"product_cat":[384],"product_tag":[],"class_list":{"0":"post-23595","1":"product","2":"type-product","3":"status-publish","4":"has-post-thumbnail","6":"product_cat-gamme-encastrable-a-composer","8":"first","9":"instock","10":"taxable","11":"shipping-taxable","12":"purchasable","13":"product-type-simple"},"yoast_head":"<!-- This site is optimized with the Yoast SEO plugin v27.5 - https:\/\/yoast.com\/product\/yoast-seo-wordpress\/ -->\n<title>EUR&#039;OHM SQUARE VA ET VIENT 10A BLC PACK CHANTIER - Planete LED Solution d&#039;Eclairage LED<\/title>\n<meta name=\"robots\" content=\"index, follow, max-snippet:-1, max-image-preview:large, max-video-preview:-1\" \/>\n<link rel=\"canonical\" href=\"https:\/\/www.ledkaraib.com\/produit\/eurohm-square-10a-blc-pack-chantier\/\" \/>\n<meta property=\"og:locale\" content=\"fr_FR\" \/>\n<meta property=\"og:type\" content=\"article\" \/>\n<meta property=\"og:title\" content=\"EUR&#039;OHM SQUARE VA ET VIENT 10A BLC PACK CHANTIER - Planete LED Solution d&#039;Eclairage LED\" \/>\n<meta property=\"og:description\" content=\"Pack de 50 va et vient (conditionnement chantier) &#8211; Certifi\u00e9s NF selon norme NF EN 60 669 &#8211; M\u00e9canismes tr\u00e8s silencieux &#8211; Bornes \u00e0 connexions automatiques &#8211; Livr\u00e9s avec enjoliveurs, et plaques support &#8211; Multi-postes : entraxe 71 mm en horizontal et vertical &#8211; A \u00e9quiper de plaques 1, 2, 3 ,4 postes &#8211; Installation [&hellip;]\" \/>\n<meta property=\"og:url\" content=\"https:\/\/www.ledkaraib.com\/produit\/eurohm-square-10a-blc-pack-chantier\/\" \/>\n<meta property=\"og:site_name\" content=\"Planete LED Solution d&#039;Eclairage LED\" \/>\n<meta property=\"article:modified_time\" content=\"2026-04-16T20:13:46+00:00\" \/>\n<meta property=\"og:image\" content=\"http:\/\/www.ledkaraib.com\/wp-content\/uploads\/2021\/08\/EUROHM-SQUARE-LOT-50VV-10A-BLC-PACK-CHANTIER.jpg\" \/>\n\t<meta property=\"og:image:width\" content=\"381\" \/>\n\t<meta property=\"og:image:height\" content=\"492\" \/>\n\t<meta property=\"og:image:type\" content=\"image\/jpeg\" \/>\n<meta name=\"twitter:card\" content=\"summary_large_image\" \/>\n<script type=\"application\/ld+json\" class=\"yoast-schema-graph\">{\"@context\":\"https:\\\/\\\/schema.org\",\"@graph\":[{\"@type\":\"WebPage\",\"@id\":\"https:\\\/\\\/www.ledkaraib.com\\\/produit\\\/eurohm-square-10a-blc-pack-chantier\\\/\",\"url\":\"https:\\\/\\\/www.ledkaraib.com\\\/produit\\\/eurohm-square-10a-blc-pack-chantier\\\/\",\"name\":\"EUR'OHM SQUARE VA ET VIENT 10A BLC PACK CHANTIER - Planete LED Solution d&#039;Eclairage LED\",\"isPartOf\":{\"@id\":\"https:\\\/\\\/www.ledkaraib.com\\\/#website\"},\"primaryImageOfPage\":{\"@id\":\"https:\\\/\\\/www.ledkaraib.com\\\/produit\\\/eurohm-square-10a-blc-pack-chantier\\\/#primaryimage\"},\"image\":{\"@id\":\"https:\\\/\\\/www.ledkaraib.com\\\/produit\\\/eurohm-square-10a-blc-pack-chantier\\\/#primaryimage\"},\"thumbnailUrl\":\"https:\\\/\\\/www.ledkaraib.com\\\/wp-content\\\/uploads\\\/2021\\\/08\\\/EUROHM-SQUARE-LOT-50VV-10A-BLC-PACK-CHANTIER.jpg\",\"datePublished\":\"2021-08-29T20:49:50+00:00\",\"dateModified\":\"2026-04-16T20:13:46+00:00\",\"breadcrumb\":{\"@id\":\"https:\\\/\\\/www.ledkaraib.com\\\/produit\\\/eurohm-square-10a-blc-pack-chantier\\\/#breadcrumb\"},\"inLanguage\":\"fr-FR\",\"potentialAction\":[{\"@type\":\"ReadAction\",\"target\":[\"https:\\\/\\\/www.ledkaraib.com\\\/produit\\\/eurohm-square-10a-blc-pack-chantier\\\/\"]}]},{\"@type\":\"ImageObject\",\"inLanguage\":\"fr-FR\",\"@id\":\"https:\\\/\\\/www.ledkaraib.com\\\/produit\\\/eurohm-square-10a-blc-pack-chantier\\\/#primaryimage\",\"url\":\"https:\\\/\\\/www.ledkaraib.com\\\/wp-content\\\/uploads\\\/2021\\\/08\\\/EUROHM-SQUARE-LOT-50VV-10A-BLC-PACK-CHANTIER.jpg\",\"contentUrl\":\"https:\\\/\\\/www.ledkaraib.com\\\/wp-content\\\/uploads\\\/2021\\\/08\\\/EUROHM-SQUARE-LOT-50VV-10A-BLC-PACK-CHANTIER.jpg\",\"width\":381,\"height\":492},{\"@type\":\"BreadcrumbList\",\"@id\":\"https:\\\/\\\/www.ledkaraib.com\\\/produit\\\/eurohm-square-10a-blc-pack-chantier\\\/#breadcrumb\",\"itemListElement\":[{\"@type\":\"ListItem\",\"position\":1,\"name\":\"Accueil\",\"item\":\"https:\\\/\\\/www.ledkaraib.com\\\/\"},{\"@type\":\"ListItem\",\"position\":2,\"name\":\"Shop\",\"item\":\"https:\\\/\\\/www.ledkaraib.com\\\/index.php\\\/shop-3\\\/\"},{\"@type\":\"ListItem\",\"position\":3,\"name\":\"EUR&rsquo;OHM SQUARE VA ET VIENT 10A BLC PACK CHANTIER\"}]},{\"@type\":\"WebSite\",\"@id\":\"https:\\\/\\\/www.ledkaraib.com\\\/#website\",\"url\":\"https:\\\/\\\/www.ledkaraib.com\\\/\",\"name\":\"Planete LED Solution d&#039;Eclairage LED\",\"description\":\"\",\"publisher\":{\"@id\":\"https:\\\/\\\/www.ledkaraib.com\\\/#organization\"},\"potentialAction\":[{\"@type\":\"SearchAction\",\"target\":{\"@type\":\"EntryPoint\",\"urlTemplate\":\"https:\\\/\\\/www.ledkaraib.com\\\/?s={search_term_string}\"},\"query-input\":{\"@type\":\"PropertyValueSpecification\",\"valueRequired\":true,\"valueName\":\"search_term_string\"}}],\"inLanguage\":\"fr-FR\"},{\"@type\":\"Organization\",\"@id\":\"https:\\\/\\\/www.ledkaraib.com\\\/#organization\",\"name\":\"Planete LED Solution d&#039;Eclairage LED\",\"url\":\"https:\\\/\\\/www.ledkaraib.com\\\/\",\"logo\":{\"@type\":\"ImageObject\",\"inLanguage\":\"fr-FR\",\"@id\":\"https:\\\/\\\/www.ledkaraib.com\\\/#\\\/schema\\\/logo\\\/image\\\/\",\"url\":\"https:\\\/\\\/www.ledkaraib.com\\\/wp-content\\\/uploads\\\/2021\\\/10\\\/cropped-LOGO-1.png\",\"contentUrl\":\"https:\\\/\\\/www.ledkaraib.com\\\/wp-content\\\/uploads\\\/2021\\\/10\\\/cropped-LOGO-1.png\",\"width\":900,\"height\":153,\"caption\":\"Planete LED Solution d&#039;Eclairage LED\"},\"image\":{\"@id\":\"https:\\\/\\\/www.ledkaraib.com\\\/#\\\/schema\\\/logo\\\/image\\\/\"}}]}<\/script>\n<!-- \/ Yoast SEO plugin. -->","yoast_head_json":{"title":"EUR'OHM SQUARE VA ET VIENT 10A BLC PACK CHANTIER - Planete LED Solution d&#039;Eclairage LED","robots":{"index":"index","follow":"follow","max-snippet":"max-snippet:-1","max-image-preview":"max-image-preview:large","max-video-preview":"max-video-preview:-1"},"canonical":"https:\/\/www.ledkaraib.com\/produit\/eurohm-square-10a-blc-pack-chantier\/","og_locale":"fr_FR","og_type":"article","og_title":"EUR'OHM SQUARE VA ET VIENT 10A BLC PACK CHANTIER - Planete LED Solution d&#039;Eclairage LED","og_description":"Pack de 50 va et vient (conditionnement chantier) &#8211; Certifi\u00e9s NF selon norme NF EN 60 669 &#8211; M\u00e9canismes tr\u00e8s silencieux &#8211; Bornes \u00e0 connexions automatiques &#8211; Livr\u00e9s avec enjoliveurs, et plaques support &#8211; Multi-postes : entraxe 71 mm en horizontal et vertical &#8211; A \u00e9quiper de plaques 1, 2, 3 ,4 postes &#8211; Installation [&hellip;]","og_url":"https:\/\/www.ledkaraib.com\/produit\/eurohm-square-10a-blc-pack-chantier\/","og_site_name":"Planete LED Solution d&#039;Eclairage LED","article_modified_time":"2026-04-16T20:13:46+00:00","og_image":[{"width":381,"height":492,"url":"http:\/\/www.ledkaraib.com\/wp-content\/uploads\/2021\/08\/EUROHM-SQUARE-LOT-50VV-10A-BLC-PACK-CHANTIER.jpg","type":"image\/jpeg"}],"twitter_card":"summary_large_image","schema":{"@context":"https:\/\/schema.org","@graph":[{"@type":"WebPage","@id":"https:\/\/www.ledkaraib.com\/produit\/eurohm-square-10a-blc-pack-chantier\/","url":"https:\/\/www.ledkaraib.com\/produit\/eurohm-square-10a-blc-pack-chantier\/","name":"EUR'OHM SQUARE VA ET VIENT 10A BLC PACK CHANTIER - Planete LED Solution d&#039;Eclairage LED","isPartOf":{"@id":"https:\/\/www.ledkaraib.com\/#website"},"primaryImageOfPage":{"@id":"https:\/\/www.ledkaraib.com\/produit\/eurohm-square-10a-blc-pack-chantier\/#primaryimage"},"image":{"@id":"https:\/\/www.ledkaraib.com\/produit\/eurohm-square-10a-blc-pack-chantier\/#primaryimage"},"thumbnailUrl":"https:\/\/www.ledkaraib.com\/wp-content\/uploads\/2021\/08\/EUROHM-SQUARE-LOT-50VV-10A-BLC-PACK-CHANTIER.jpg","datePublished":"2021-08-29T20:49:50+00:00","dateModified":"2026-04-16T20:13:46+00:00","breadcrumb":{"@id":"https:\/\/www.ledkaraib.com\/produit\/eurohm-square-10a-blc-pack-chantier\/#breadcrumb"},"inLanguage":"fr-FR","potentialAction":[{"@type":"ReadAction","target":["https:\/\/www.ledkaraib.com\/produit\/eurohm-square-10a-blc-pack-chantier\/"]}]},{"@type":"ImageObject","inLanguage":"fr-FR","@id":"https:\/\/www.ledkaraib.com\/produit\/eurohm-square-10a-blc-pack-chantier\/#primaryimage","url":"https:\/\/www.ledkaraib.com\/wp-content\/uploads\/2021\/08\/EUROHM-SQUARE-LOT-50VV-10A-BLC-PACK-CHANTIER.jpg","contentUrl":"https:\/\/www.ledkaraib.com\/wp-content\/uploads\/2021\/08\/EUROHM-SQUARE-LOT-50VV-10A-BLC-PACK-CHANTIER.jpg","width":381,"height":492},{"@type":"BreadcrumbList","@id":"https:\/\/www.ledkaraib.com\/produit\/eurohm-square-10a-blc-pack-chantier\/#breadcrumb","itemListElement":[{"@type":"ListItem","position":1,"name":"Accueil","item":"https:\/\/www.ledkaraib.com\/"},{"@type":"ListItem","position":2,"name":"Shop","item":"https:\/\/www.ledkaraib.com\/index.php\/shop-3\/"},{"@type":"ListItem","position":3,"name":"EUR&rsquo;OHM SQUARE VA ET VIENT 10A BLC PACK CHANTIER"}]},{"@type":"WebSite","@id":"https:\/\/www.ledkaraib.com\/#website","url":"https:\/\/www.ledkaraib.com\/","name":"Planete LED Solution d&#039;Eclairage LED","description":"","publisher":{"@id":"https:\/\/www.ledkaraib.com\/#organization"},"potentialAction":[{"@type":"SearchAction","target":{"@type":"EntryPoint","urlTemplate":"https:\/\/www.ledkaraib.com\/?s={search_term_string}"},"query-input":{"@type":"PropertyValueSpecification","valueRequired":true,"valueName":"search_term_string"}}],"inLanguage":"fr-FR"},{"@type":"Organization","@id":"https:\/\/www.ledkaraib.com\/#organization","name":"Planete LED Solution d&#039;Eclairage LED","url":"https:\/\/www.ledkaraib.com\/","logo":{"@type":"ImageObject","inLanguage":"fr-FR","@id":"https:\/\/www.ledkaraib.com\/#\/schema\/logo\/image\/","url":"https:\/\/www.ledkaraib.com\/wp-content\/uploads\/2021\/10\/cropped-LOGO-1.png","contentUrl":"https:\/\/www.ledkaraib.com\/wp-content\/uploads\/2021\/10\/cropped-LOGO-1.png","width":900,"height":153,"caption":"Planete LED Solution d&#039;Eclairage LED"},"image":{"@id":"https:\/\/www.ledkaraib.com\/#\/schema\/logo\/image\/"}}]}},"jetpack_sharing_enabled":true,"_links":{"self":[{"href":"https:\/\/www.ledkaraib.com\/wp-json\/wp\/v2\/product\/23595","targetHints":{"allow":["GET"]}}],"collection":[{"href":"https:\/\/www.ledkaraib.com\/wp-json\/wp\/v2\/product"}],"about":[{"href":"https:\/\/www.ledkaraib.com\/wp-json\/wp\/v2\/types\/product"}],"version-history":[{"count":2,"href":"https:\/\/www.ledkaraib.com\/wp-json\/wp\/v2\/product\/23595\/revisions"}],"predecessor-version":[{"id":48011,"href":"https:\/\/www.ledkaraib.com\/wp-json\/wp\/v2\/product\/23595\/revisions\/48011"}],"wp:featuredmedia":[{"embeddable":true,"href":"https:\/\/www.ledkaraib.com\/wp-json\/wp\/v2\/media\/23625"}],"wp:attachment":[{"href":"https:\/\/www.ledkaraib.com\/wp-json\/wp\/v2\/media?parent=23595"}],"wp:term":[{"taxonomy":"product_brand","embeddable":true,"href":"https:\/\/www.ledkaraib.com\/wp-json\/wp\/v2\/product_brand?post=23595"},{"taxonomy":"product_cat","embeddable":true,"href":"https:\/\/www.ledkaraib.com\/wp-json\/wp\/v2\/product_cat?post=23595"},{"taxonomy":"product_tag","embeddable":true,"href":"https:\/\/www.ledkaraib.com\/wp-json\/wp\/v2\/product_tag?post=23595"}],"curies":[{"name":"wp","href":"https:\/\/api.w.org\/{rel}","templated":true}]}}