{"id":23707,"date":"2021-08-29T20:50:41","date_gmt":"2021-08-29T20:50:41","guid":{"rendered":"https:\/\/ledkaraib.fr\/?post_type=product&#038;p=23707"},"modified":"2026-04-10T10:46:36","modified_gmt":"2026-04-10T14:46:36","slug":"eur4ohm-oxxo-vv-gris-saillie-ip55","status":"publish","type":"product","link":"https:\/\/www.ledkaraib.com\/index.php\/produit\/eur4ohm-oxxo-vv-gris-saillie-ip55\/","title":{"rendered":"EUR4OHM OXXO VV GRIS SAILLIE IP55"},"content":{"rendered":"<p>Interrupteur \u00e9tanche IP55 de type va et vient EN SAILLIE<\/p>\n<ul>\n<li>\u00c9tanch\u00e9it\u00e9 garantie et prouv\u00e9e NF<\/li>\n<li>Installation rapide avec un large volume de c\u00e2blage<\/li>\n<li>bornes \u00e0 connexions auto, avec boutons de d\u00e9connexion<\/li>\n<li>Interrupteur plexo de qualit\u00e9 professionnelle<\/li>\n<li>Disponible en gris ou blanc.<\/li>\n<\/ul>\n<table class=\"table-data-sheet\">\n<tbody>\n<tr class=\"odd\">\n<td>Marque<\/td>\n<td>Eurohm<\/td>\n<\/tr>\n<tr class=\"even\">\n<td>Mod\u00e8le<\/td>\n<td>Gamme OXXO<\/td>\n<\/tr>\n<tr class=\"odd\">\n<td>Indice de protection<\/td>\n<td>IP55<\/td>\n<\/tr>\n<tr class=\"even\">\n<td>R\u00e9sistance aux impacts<\/td>\n<td>IK07<\/td>\n<\/tr>\n<tr class=\"odd\">\n<td>Amperage<\/td>\n<td>10A<\/td>\n<\/tr>\n<tr class=\"even\">\n<td>Type de connexion<\/td>\n<td>AUTO<\/td>\n<\/tr>\n<tr class=\"odd\">\n<td>Couleur<\/td>\n<td>Dispo en Gris ou blanc<\/td>\n<\/tr>\n<tr class=\"even\">\n<td>Mati\u00e8re<\/td>\n<td>semelle recouverte d&rsquo;elastom\u00e8re<\/td>\n<\/tr>\n<tr class=\"odd\">\n<td>Norme<\/td>\n<td>Certifi\u00e9 NF<\/td>\n<\/tr>\n<tr class=\"even\">\n<td>Montage<\/td>\n<td>en Saillie<\/td>\n<\/tr>\n<tr class=\"odd\">\n<td>Dimensions<\/td>\n<td>Hauteur 80m \/ Longueur 80mm \/ Profondeur 56mm<\/td>\n<\/tr>\n<\/tbody>\n<\/table>\n","protected":false},"excerpt":{"rendered":"<p>Interrupteur \u00e9tanche IP55 de type va et vient EN SAILLIE \u00c9tanch\u00e9it\u00e9 garantie et prouv\u00e9e NF Installation rapide avec un large volume de c\u00e2blage bornes \u00e0&#8230;<\/p>\n","protected":false},"featured_media":23735,"template":"","meta":{"content-type":""},"etheme_brands":[],"product_brand":[],"product_cat":[435],"product_tag":[],"class_list":{"0":"post-23707","1":"product","2":"type-product","3":"status-publish","4":"has-post-thumbnail","6":"product_cat-gamme-etanche","8":"first","9":"instock","10":"taxable","11":"shipping-taxable","12":"purchasable","13":"product-type-simple"},"yoast_head":"<!-- This site is optimized with the Yoast SEO plugin v26.0 - https:\/\/yoast.com\/wordpress\/plugins\/seo\/ -->\n<title>EUR4OHM OXXO VV GRIS SAILLIE IP55 - Planete LED Solution d&#039;Eclairage LED<\/title>\n<meta name=\"robots\" content=\"index, follow, max-snippet:-1, max-image-preview:large, max-video-preview:-1\" \/>\n<link rel=\"canonical\" href=\"https:\/\/www.ledkaraib.com\/index.php\/produit\/eur4ohm-oxxo-vv-gris-saillie-ip55\/\" \/>\n<meta property=\"og:locale\" content=\"fr_FR\" \/>\n<meta property=\"og:type\" content=\"article\" \/>\n<meta property=\"og:title\" content=\"EUR4OHM OXXO VV GRIS SAILLIE IP55 - Planete LED Solution d&#039;Eclairage LED\" \/>\n<meta property=\"og:description\" content=\"Interrupteur \u00e9tanche IP55 de type va et vient EN SAILLIE \u00c9tanch\u00e9it\u00e9 garantie et prouv\u00e9e NF Installation rapide avec un large volume de c\u00e2blage bornes \u00e0...\" \/>\n<meta property=\"og:url\" content=\"https:\/\/www.ledkaraib.com\/index.php\/produit\/eur4ohm-oxxo-vv-gris-saillie-ip55\/\" \/>\n<meta property=\"og:site_name\" content=\"Planete LED Solution d&#039;Eclairage LED\" \/>\n<meta property=\"article:modified_time\" content=\"2026-04-10T14:46:36+00:00\" \/>\n<meta property=\"og:image\" content=\"https:\/\/www.ledkaraib.com\/wp-content\/uploads\/2021\/08\/EUR_OHM_60800.jpg\" \/>\n\t<meta property=\"og:image:width\" content=\"600\" \/>\n\t<meta property=\"og:image:height\" content=\"600\" \/>\n\t<meta property=\"og:image:type\" content=\"image\/jpeg\" \/>\n<meta name=\"twitter:card\" content=\"summary_large_image\" \/>\n<script type=\"application\/ld+json\" class=\"yoast-schema-graph\">{\"@context\":\"https:\/\/schema.org\",\"@graph\":[{\"@type\":\"WebPage\",\"@id\":\"https:\/\/www.ledkaraib.com\/index.php\/produit\/eur4ohm-oxxo-vv-gris-saillie-ip55\/\",\"url\":\"https:\/\/www.ledkaraib.com\/index.php\/produit\/eur4ohm-oxxo-vv-gris-saillie-ip55\/\",\"name\":\"EUR4OHM OXXO VV GRIS SAILLIE IP55 - Planete LED Solution d&#039;Eclairage LED\",\"isPartOf\":{\"@id\":\"https:\/\/www.ledkaraib.com\/#website\"},\"primaryImageOfPage\":{\"@id\":\"https:\/\/www.ledkaraib.com\/index.php\/produit\/eur4ohm-oxxo-vv-gris-saillie-ip55\/#primaryimage\"},\"image\":{\"@id\":\"https:\/\/www.ledkaraib.com\/index.php\/produit\/eur4ohm-oxxo-vv-gris-saillie-ip55\/#primaryimage\"},\"thumbnailUrl\":\"https:\/\/www.ledkaraib.com\/wp-content\/uploads\/2021\/08\/EUR_OHM_60800.jpg\",\"datePublished\":\"2021-08-29T20:50:41+00:00\",\"dateModified\":\"2026-04-10T14:46:36+00:00\",\"breadcrumb\":{\"@id\":\"https:\/\/www.ledkaraib.com\/index.php\/produit\/eur4ohm-oxxo-vv-gris-saillie-ip55\/#breadcrumb\"},\"inLanguage\":\"fr-FR\",\"potentialAction\":[{\"@type\":\"ReadAction\",\"target\":[\"https:\/\/www.ledkaraib.com\/index.php\/produit\/eur4ohm-oxxo-vv-gris-saillie-ip55\/\"]}]},{\"@type\":\"ImageObject\",\"inLanguage\":\"fr-FR\",\"@id\":\"https:\/\/www.ledkaraib.com\/index.php\/produit\/eur4ohm-oxxo-vv-gris-saillie-ip55\/#primaryimage\",\"url\":\"https:\/\/www.ledkaraib.com\/wp-content\/uploads\/2021\/08\/EUR_OHM_60800.jpg\",\"contentUrl\":\"https:\/\/www.ledkaraib.com\/wp-content\/uploads\/2021\/08\/EUR_OHM_60800.jpg\",\"width\":600,\"height\":600},{\"@type\":\"BreadcrumbList\",\"@id\":\"https:\/\/www.ledkaraib.com\/index.php\/produit\/eur4ohm-oxxo-vv-gris-saillie-ip55\/#breadcrumb\",\"itemListElement\":[{\"@type\":\"ListItem\",\"position\":1,\"name\":\"Accueil\",\"item\":\"https:\/\/www.ledkaraib.com\/\"},{\"@type\":\"ListItem\",\"position\":2,\"name\":\"Shop\",\"item\":\"https:\/\/www.ledkaraib.com\/index.php\/shop-3\/\"},{\"@type\":\"ListItem\",\"position\":3,\"name\":\"EUR4OHM OXXO VV GRIS SAILLIE IP55\"}]},{\"@type\":\"WebSite\",\"@id\":\"https:\/\/www.ledkaraib.com\/#website\",\"url\":\"https:\/\/www.ledkaraib.com\/\",\"name\":\"Planete LED Solution d&#039;Eclairage LED\",\"description\":\"\",\"potentialAction\":[{\"@type\":\"SearchAction\",\"target\":{\"@type\":\"EntryPoint\",\"urlTemplate\":\"https:\/\/www.ledkaraib.com\/?s={search_term_string}\"},\"query-input\":{\"@type\":\"PropertyValueSpecification\",\"valueRequired\":true,\"valueName\":\"search_term_string\"}}],\"inLanguage\":\"fr-FR\"}]}<\/script>\n<!-- \/ Yoast SEO plugin. -->","yoast_head_json":{"title":"EUR4OHM OXXO VV GRIS SAILLIE IP55 - Planete LED Solution d&#039;Eclairage LED","robots":{"index":"index","follow":"follow","max-snippet":"max-snippet:-1","max-image-preview":"max-image-preview:large","max-video-preview":"max-video-preview:-1"},"canonical":"https:\/\/www.ledkaraib.com\/index.php\/produit\/eur4ohm-oxxo-vv-gris-saillie-ip55\/","og_locale":"fr_FR","og_type":"article","og_title":"EUR4OHM OXXO VV GRIS SAILLIE IP55 - Planete LED Solution d&#039;Eclairage LED","og_description":"Interrupteur \u00e9tanche IP55 de type va et vient EN SAILLIE \u00c9tanch\u00e9it\u00e9 garantie et prouv\u00e9e NF Installation rapide avec un large volume de c\u00e2blage bornes \u00e0...","og_url":"https:\/\/www.ledkaraib.com\/index.php\/produit\/eur4ohm-oxxo-vv-gris-saillie-ip55\/","og_site_name":"Planete LED Solution d&#039;Eclairage LED","article_modified_time":"2026-04-10T14:46:36+00:00","og_image":[{"width":600,"height":600,"url":"https:\/\/www.ledkaraib.com\/wp-content\/uploads\/2021\/08\/EUR_OHM_60800.jpg","type":"image\/jpeg"}],"twitter_card":"summary_large_image","schema":{"@context":"https:\/\/schema.org","@graph":[{"@type":"WebPage","@id":"https:\/\/www.ledkaraib.com\/index.php\/produit\/eur4ohm-oxxo-vv-gris-saillie-ip55\/","url":"https:\/\/www.ledkaraib.com\/index.php\/produit\/eur4ohm-oxxo-vv-gris-saillie-ip55\/","name":"EUR4OHM OXXO VV GRIS SAILLIE IP55 - Planete LED Solution d&#039;Eclairage LED","isPartOf":{"@id":"https:\/\/www.ledkaraib.com\/#website"},"primaryImageOfPage":{"@id":"https:\/\/www.ledkaraib.com\/index.php\/produit\/eur4ohm-oxxo-vv-gris-saillie-ip55\/#primaryimage"},"image":{"@id":"https:\/\/www.ledkaraib.com\/index.php\/produit\/eur4ohm-oxxo-vv-gris-saillie-ip55\/#primaryimage"},"thumbnailUrl":"https:\/\/www.ledkaraib.com\/wp-content\/uploads\/2021\/08\/EUR_OHM_60800.jpg","datePublished":"2021-08-29T20:50:41+00:00","dateModified":"2026-04-10T14:46:36+00:00","breadcrumb":{"@id":"https:\/\/www.ledkaraib.com\/index.php\/produit\/eur4ohm-oxxo-vv-gris-saillie-ip55\/#breadcrumb"},"inLanguage":"fr-FR","potentialAction":[{"@type":"ReadAction","target":["https:\/\/www.ledkaraib.com\/index.php\/produit\/eur4ohm-oxxo-vv-gris-saillie-ip55\/"]}]},{"@type":"ImageObject","inLanguage":"fr-FR","@id":"https:\/\/www.ledkaraib.com\/index.php\/produit\/eur4ohm-oxxo-vv-gris-saillie-ip55\/#primaryimage","url":"https:\/\/www.ledkaraib.com\/wp-content\/uploads\/2021\/08\/EUR_OHM_60800.jpg","contentUrl":"https:\/\/www.ledkaraib.com\/wp-content\/uploads\/2021\/08\/EUR_OHM_60800.jpg","width":600,"height":600},{"@type":"BreadcrumbList","@id":"https:\/\/www.ledkaraib.com\/index.php\/produit\/eur4ohm-oxxo-vv-gris-saillie-ip55\/#breadcrumb","itemListElement":[{"@type":"ListItem","position":1,"name":"Accueil","item":"https:\/\/www.ledkaraib.com\/"},{"@type":"ListItem","position":2,"name":"Shop","item":"https:\/\/www.ledkaraib.com\/index.php\/shop-3\/"},{"@type":"ListItem","position":3,"name":"EUR4OHM OXXO VV GRIS SAILLIE IP55"}]},{"@type":"WebSite","@id":"https:\/\/www.ledkaraib.com\/#website","url":"https:\/\/www.ledkaraib.com\/","name":"Planete LED Solution d&#039;Eclairage LED","description":"","potentialAction":[{"@type":"SearchAction","target":{"@type":"EntryPoint","urlTemplate":"https:\/\/www.ledkaraib.com\/?s={search_term_string}"},"query-input":{"@type":"PropertyValueSpecification","valueRequired":true,"valueName":"search_term_string"}}],"inLanguage":"fr-FR"}]}},"jetpack_sharing_enabled":true,"_links":{"self":[{"href":"https:\/\/www.ledkaraib.com\/index.php\/wp-json\/wp\/v2\/product\/23707","targetHints":{"allow":["GET"]}}],"collection":[{"href":"https:\/\/www.ledkaraib.com\/index.php\/wp-json\/wp\/v2\/product"}],"about":[{"href":"https:\/\/www.ledkaraib.com\/index.php\/wp-json\/wp\/v2\/types\/product"}],"version-history":[{"count":1,"href":"https:\/\/www.ledkaraib.com\/index.php\/wp-json\/wp\/v2\/product\/23707\/revisions"}],"predecessor-version":[{"id":46533,"href":"https:\/\/www.ledkaraib.com\/index.php\/wp-json\/wp\/v2\/product\/23707\/revisions\/46533"}],"wp:featuredmedia":[{"embeddable":true,"href":"https:\/\/www.ledkaraib.com\/index.php\/wp-json\/wp\/v2\/media\/23735"}],"wp:attachment":[{"href":"https:\/\/www.ledkaraib.com\/index.php\/wp-json\/wp\/v2\/media?parent=23707"}],"wp:term":[{"taxonomy":"brand","embeddable":true,"href":"https:\/\/www.ledkaraib.com\/index.php\/wp-json\/wp\/v2\/etheme_brands?post=23707"},{"taxonomy":"product_brand","embeddable":true,"href":"https:\/\/www.ledkaraib.com\/index.php\/wp-json\/wp\/v2\/product_brand?post=23707"},{"taxonomy":"product_cat","embeddable":true,"href":"https:\/\/www.ledkaraib.com\/index.php\/wp-json\/wp\/v2\/product_cat?post=23707"},{"taxonomy":"product_tag","embeddable":true,"href":"https:\/\/www.ledkaraib.com\/index.php\/wp-json\/wp\/v2\/product_tag?post=23707"}],"curies":[{"name":"wp","href":"https:\/\/api.w.org\/{rel}","templated":true}]}}