{"id":23940,"date":"2021-08-29T20:52:00","date_gmt":"2021-08-29T20:52:00","guid":{"rendered":"https:\/\/ledkaraib.fr\/?post_type=product&#038;p=23940"},"modified":"2022-01-15T03:22:42","modified_gmt":"2022-01-15T03:22:42","slug":"trust-kit-de-commande-sans-fil-dallumage-dextinction","status":"publish","type":"product","link":"https:\/\/www.ledkaraib.com\/index.php\/produit\/trust-kit-de-commande-sans-fil-dallumage-dextinction\/","title":{"rendered":"TRUST KIT DE COMMANDE SANS FIL D&rsquo;ALLUMAGE\/D&rsquo;EXTINCTION"},"content":{"rendered":"<div class=\"info\">\n<p class=\"body\">Kit comprenant une t\u00e9l\u00e9commande et deux prises int\u00e9gr\u00e9es \u00e0 fonction interrupteur ext\u00e9rieures pour la commande sans fil de luminaires ou d&rsquo;appareils ext\u00e9rieurs (3\u00a0500\u00a0W max.)<\/p>\n<div class=\"product-features-texts\">\n<ul class=\"product-features-list\">\n<li>Commande ind\u00e9pendamment 2 luminaires\/appareils ext\u00e9rieurs ou plus<\/li>\n<li>Contr\u00f4le plusieurs luminaires\/appareils ext\u00e9rieurs d&rsquo;un seul bouton<\/li>\n<li>Fonctionne avec tous les luminaires\/appareils ext\u00e9rieurs jusqu&rsquo;\u00e0 3\u00a0500\u00a0W<\/li>\n<li>Longue autonomie de pile (fournie)<\/li>\n<li>Protection contre les projections d&rsquo;eau IP44<\/li>\n<li>Port\u00e9e de transmission jusqu&rsquo;\u00e0 30\u00a0m\u00e8tres<\/li>\n<li>S\u00e9curit\u00e9 enfant<\/li>\n<\/ul>\n<\/div>\n<\/div>\n","protected":false},"excerpt":{"rendered":"<p>Kit comprenant une t\u00e9l\u00e9commande et deux prises int\u00e9gr\u00e9es \u00e0 fonction interrupteur ext\u00e9rieures pour la commande sans fil de luminaires ou d&rsquo;appareils ext\u00e9rieurs (3\u00a0500\u00a0W max.) Commande&#8230;<\/p>\n","protected":false},"featured_media":23985,"template":"","meta":{"content-type":""},"etheme_brands":[],"product_brand":[],"product_cat":[373],"product_tag":[],"class_list":{"0":"post-23940","1":"product","2":"type-product","3":"status-publish","4":"has-post-thumbnail","6":"product_cat-module-domotique","8":"first","9":"instock","10":"taxable","11":"shipping-taxable","12":"purchasable","13":"product-type-simple"},"yoast_head":"<!-- This site is optimized with the Yoast SEO plugin v26.0 - https:\/\/yoast.com\/wordpress\/plugins\/seo\/ -->\n<title>TRUST KIT DE COMMANDE SANS FIL D&#039;ALLUMAGE\/D&#039;EXTINCTION - Planete LED Solution d&#039;Eclairage LED<\/title>\n<meta name=\"robots\" content=\"index, follow, max-snippet:-1, max-image-preview:large, max-video-preview:-1\" \/>\n<link rel=\"canonical\" href=\"https:\/\/www.ledkaraib.com\/index.php\/produit\/trust-kit-de-commande-sans-fil-dallumage-dextinction\/\" \/>\n<meta property=\"og:locale\" content=\"fr_FR\" \/>\n<meta property=\"og:type\" content=\"article\" \/>\n<meta property=\"og:title\" content=\"TRUST KIT DE COMMANDE SANS FIL D&#039;ALLUMAGE\/D&#039;EXTINCTION - Planete LED Solution d&#039;Eclairage LED\" \/>\n<meta property=\"og:description\" content=\"Kit comprenant une t\u00e9l\u00e9commande et deux prises int\u00e9gr\u00e9es \u00e0 fonction interrupteur ext\u00e9rieures pour la commande sans fil de luminaires ou d&rsquo;appareils ext\u00e9rieurs (3\u00a0500\u00a0W max.) Commande...\" \/>\n<meta property=\"og:url\" content=\"https:\/\/www.ledkaraib.com\/index.php\/produit\/trust-kit-de-commande-sans-fil-dallumage-dextinction\/\" \/>\n<meta property=\"og:site_name\" content=\"Planete LED Solution d&#039;Eclairage LED\" \/>\n<meta property=\"article:modified_time\" content=\"2022-01-15T03:22:42+00:00\" \/>\n<meta property=\"og:image\" content=\"https:\/\/www.ledkaraib.com\/wp-content\/uploads\/2021\/08\/73038.jpg\" \/>\n\t<meta property=\"og:image:width\" content=\"800\" \/>\n\t<meta property=\"og:image:height\" content=\"800\" \/>\n\t<meta property=\"og:image:type\" content=\"image\/jpeg\" \/>\n<meta name=\"twitter:card\" content=\"summary_large_image\" \/>\n<script type=\"application\/ld+json\" class=\"yoast-schema-graph\">{\"@context\":\"https:\/\/schema.org\",\"@graph\":[{\"@type\":\"WebPage\",\"@id\":\"https:\/\/www.ledkaraib.com\/index.php\/produit\/trust-kit-de-commande-sans-fil-dallumage-dextinction\/\",\"url\":\"https:\/\/www.ledkaraib.com\/index.php\/produit\/trust-kit-de-commande-sans-fil-dallumage-dextinction\/\",\"name\":\"TRUST KIT DE COMMANDE SANS FIL D'ALLUMAGE\/D'EXTINCTION - Planete LED Solution d&#039;Eclairage LED\",\"isPartOf\":{\"@id\":\"https:\/\/www.ledkaraib.com\/#website\"},\"primaryImageOfPage\":{\"@id\":\"https:\/\/www.ledkaraib.com\/index.php\/produit\/trust-kit-de-commande-sans-fil-dallumage-dextinction\/#primaryimage\"},\"image\":{\"@id\":\"https:\/\/www.ledkaraib.com\/index.php\/produit\/trust-kit-de-commande-sans-fil-dallumage-dextinction\/#primaryimage\"},\"thumbnailUrl\":\"https:\/\/www.ledkaraib.com\/wp-content\/uploads\/2021\/08\/73038.jpg\",\"datePublished\":\"2021-08-29T20:52:00+00:00\",\"dateModified\":\"2022-01-15T03:22:42+00:00\",\"breadcrumb\":{\"@id\":\"https:\/\/www.ledkaraib.com\/index.php\/produit\/trust-kit-de-commande-sans-fil-dallumage-dextinction\/#breadcrumb\"},\"inLanguage\":\"fr-FR\",\"potentialAction\":[{\"@type\":\"ReadAction\",\"target\":[\"https:\/\/www.ledkaraib.com\/index.php\/produit\/trust-kit-de-commande-sans-fil-dallumage-dextinction\/\"]}]},{\"@type\":\"ImageObject\",\"inLanguage\":\"fr-FR\",\"@id\":\"https:\/\/www.ledkaraib.com\/index.php\/produit\/trust-kit-de-commande-sans-fil-dallumage-dextinction\/#primaryimage\",\"url\":\"https:\/\/www.ledkaraib.com\/wp-content\/uploads\/2021\/08\/73038.jpg\",\"contentUrl\":\"https:\/\/www.ledkaraib.com\/wp-content\/uploads\/2021\/08\/73038.jpg\",\"width\":800,\"height\":800},{\"@type\":\"BreadcrumbList\",\"@id\":\"https:\/\/www.ledkaraib.com\/index.php\/produit\/trust-kit-de-commande-sans-fil-dallumage-dextinction\/#breadcrumb\",\"itemListElement\":[{\"@type\":\"ListItem\",\"position\":1,\"name\":\"Accueil\",\"item\":\"https:\/\/www.ledkaraib.com\/\"},{\"@type\":\"ListItem\",\"position\":2,\"name\":\"Shop\",\"item\":\"https:\/\/www.ledkaraib.com\/index.php\/shop-3\/\"},{\"@type\":\"ListItem\",\"position\":3,\"name\":\"TRUST KIT DE COMMANDE SANS FIL D&#8217;ALLUMAGE\/D&#8217;EXTINCTION\"}]},{\"@type\":\"WebSite\",\"@id\":\"https:\/\/www.ledkaraib.com\/#website\",\"url\":\"https:\/\/www.ledkaraib.com\/\",\"name\":\"Planete LED Solution d&#039;Eclairage LED\",\"description\":\"\",\"potentialAction\":[{\"@type\":\"SearchAction\",\"target\":{\"@type\":\"EntryPoint\",\"urlTemplate\":\"https:\/\/www.ledkaraib.com\/?s={search_term_string}\"},\"query-input\":{\"@type\":\"PropertyValueSpecification\",\"valueRequired\":true,\"valueName\":\"search_term_string\"}}],\"inLanguage\":\"fr-FR\"}]}<\/script>\n<!-- \/ Yoast SEO plugin. -->","yoast_head_json":{"title":"TRUST KIT DE COMMANDE SANS FIL D'ALLUMAGE\/D'EXTINCTION - Planete LED Solution d&#039;Eclairage LED","robots":{"index":"index","follow":"follow","max-snippet":"max-snippet:-1","max-image-preview":"max-image-preview:large","max-video-preview":"max-video-preview:-1"},"canonical":"https:\/\/www.ledkaraib.com\/index.php\/produit\/trust-kit-de-commande-sans-fil-dallumage-dextinction\/","og_locale":"fr_FR","og_type":"article","og_title":"TRUST KIT DE COMMANDE SANS FIL D'ALLUMAGE\/D'EXTINCTION - Planete LED Solution d&#039;Eclairage LED","og_description":"Kit comprenant une t\u00e9l\u00e9commande et deux prises int\u00e9gr\u00e9es \u00e0 fonction interrupteur ext\u00e9rieures pour la commande sans fil de luminaires ou d&rsquo;appareils ext\u00e9rieurs (3\u00a0500\u00a0W max.) Commande...","og_url":"https:\/\/www.ledkaraib.com\/index.php\/produit\/trust-kit-de-commande-sans-fil-dallumage-dextinction\/","og_site_name":"Planete LED Solution d&#039;Eclairage LED","article_modified_time":"2022-01-15T03:22:42+00:00","og_image":[{"width":800,"height":800,"url":"https:\/\/www.ledkaraib.com\/wp-content\/uploads\/2021\/08\/73038.jpg","type":"image\/jpeg"}],"twitter_card":"summary_large_image","schema":{"@context":"https:\/\/schema.org","@graph":[{"@type":"WebPage","@id":"https:\/\/www.ledkaraib.com\/index.php\/produit\/trust-kit-de-commande-sans-fil-dallumage-dextinction\/","url":"https:\/\/www.ledkaraib.com\/index.php\/produit\/trust-kit-de-commande-sans-fil-dallumage-dextinction\/","name":"TRUST KIT DE COMMANDE SANS FIL D'ALLUMAGE\/D'EXTINCTION - Planete LED Solution d&#039;Eclairage LED","isPartOf":{"@id":"https:\/\/www.ledkaraib.com\/#website"},"primaryImageOfPage":{"@id":"https:\/\/www.ledkaraib.com\/index.php\/produit\/trust-kit-de-commande-sans-fil-dallumage-dextinction\/#primaryimage"},"image":{"@id":"https:\/\/www.ledkaraib.com\/index.php\/produit\/trust-kit-de-commande-sans-fil-dallumage-dextinction\/#primaryimage"},"thumbnailUrl":"https:\/\/www.ledkaraib.com\/wp-content\/uploads\/2021\/08\/73038.jpg","datePublished":"2021-08-29T20:52:00+00:00","dateModified":"2022-01-15T03:22:42+00:00","breadcrumb":{"@id":"https:\/\/www.ledkaraib.com\/index.php\/produit\/trust-kit-de-commande-sans-fil-dallumage-dextinction\/#breadcrumb"},"inLanguage":"fr-FR","potentialAction":[{"@type":"ReadAction","target":["https:\/\/www.ledkaraib.com\/index.php\/produit\/trust-kit-de-commande-sans-fil-dallumage-dextinction\/"]}]},{"@type":"ImageObject","inLanguage":"fr-FR","@id":"https:\/\/www.ledkaraib.com\/index.php\/produit\/trust-kit-de-commande-sans-fil-dallumage-dextinction\/#primaryimage","url":"https:\/\/www.ledkaraib.com\/wp-content\/uploads\/2021\/08\/73038.jpg","contentUrl":"https:\/\/www.ledkaraib.com\/wp-content\/uploads\/2021\/08\/73038.jpg","width":800,"height":800},{"@type":"BreadcrumbList","@id":"https:\/\/www.ledkaraib.com\/index.php\/produit\/trust-kit-de-commande-sans-fil-dallumage-dextinction\/#breadcrumb","itemListElement":[{"@type":"ListItem","position":1,"name":"Accueil","item":"https:\/\/www.ledkaraib.com\/"},{"@type":"ListItem","position":2,"name":"Shop","item":"https:\/\/www.ledkaraib.com\/index.php\/shop-3\/"},{"@type":"ListItem","position":3,"name":"TRUST KIT DE COMMANDE SANS FIL D&#8217;ALLUMAGE\/D&#8217;EXTINCTION"}]},{"@type":"WebSite","@id":"https:\/\/www.ledkaraib.com\/#website","url":"https:\/\/www.ledkaraib.com\/","name":"Planete LED Solution d&#039;Eclairage LED","description":"","potentialAction":[{"@type":"SearchAction","target":{"@type":"EntryPoint","urlTemplate":"https:\/\/www.ledkaraib.com\/?s={search_term_string}"},"query-input":{"@type":"PropertyValueSpecification","valueRequired":true,"valueName":"search_term_string"}}],"inLanguage":"fr-FR"}]}},"jetpack_sharing_enabled":true,"_links":{"self":[{"href":"https:\/\/www.ledkaraib.com\/index.php\/wp-json\/wp\/v2\/product\/23940","targetHints":{"allow":["GET"]}}],"collection":[{"href":"https:\/\/www.ledkaraib.com\/index.php\/wp-json\/wp\/v2\/product"}],"about":[{"href":"https:\/\/www.ledkaraib.com\/index.php\/wp-json\/wp\/v2\/types\/product"}],"version-history":[{"count":0,"href":"https:\/\/www.ledkaraib.com\/index.php\/wp-json\/wp\/v2\/product\/23940\/revisions"}],"wp:featuredmedia":[{"embeddable":true,"href":"https:\/\/www.ledkaraib.com\/index.php\/wp-json\/wp\/v2\/media\/23985"}],"wp:attachment":[{"href":"https:\/\/www.ledkaraib.com\/index.php\/wp-json\/wp\/v2\/media?parent=23940"}],"wp:term":[{"taxonomy":"brand","embeddable":true,"href":"https:\/\/www.ledkaraib.com\/index.php\/wp-json\/wp\/v2\/etheme_brands?post=23940"},{"taxonomy":"product_brand","embeddable":true,"href":"https:\/\/www.ledkaraib.com\/index.php\/wp-json\/wp\/v2\/product_brand?post=23940"},{"taxonomy":"product_cat","embeddable":true,"href":"https:\/\/www.ledkaraib.com\/index.php\/wp-json\/wp\/v2\/product_cat?post=23940"},{"taxonomy":"product_tag","embeddable":true,"href":"https:\/\/www.ledkaraib.com\/index.php\/wp-json\/wp\/v2\/product_tag?post=23940"}],"curies":[{"name":"wp","href":"https:\/\/api.w.org\/{rel}","templated":true}]}}