{"id":24053,"date":"2021-08-29T20:53:10","date_gmt":"2021-08-29T20:53:10","guid":{"rendered":"https:\/\/ledkaraib.fr\/?post_type=product&#038;p=24053"},"modified":"2021-08-29T20:53:37","modified_gmt":"2021-08-29T20:53:37","slug":"telecommande-standard-pour-systemes-zc-zt-zx-jusqua-300-blocs-2","status":"publish","type":"product","link":"https:\/\/www.ledkaraib.com\/index.php\/produit\/telecommande-standard-pour-systemes-zc-zt-zx-jusqua-300-blocs-2\/","title":{"rendered":"T\u00e9l\u00e9commande standard pour syst\u00e8mes ZC-ZT-ZX (jusqu&rsquo;\u00e0 300 BLOCS )"},"content":{"rendered":"<p>La t\u00e9l\u00e9commande est obligatoire. En cas de coupure volontaire de courant, l\u2019\u00e9clairage de s\u00e9curit\u00e9 doit pouvoir \u00eatre mis au repos via celle-ci.<\/p>\n<p>Reli\u00e9e \u00e0 la d\u00e9tection d\u2019incendie et de coupure de courant, c\u2019est elle qui envoie les signaux aux blocs pour les mettre en \u00e9tat de fonctionnement.<\/p>\n<p>La t\u00e9l\u00e9commande a beaucoup \u00e9volu\u00e9 et est devenue une v\u00e9ritable interface entre le parc d\u2019\u00e9clairage de s\u00e9curit\u00e9 et la personne qui le maintient.<\/p>\n<p>Aujourd\u2019hui, via la t\u00e9l\u00e9commande, il est possible de programmer des tests automatiques ou manuels et de communiquer avec chaque bloc.<\/p>\n<div class=\"container mt-5\">\n<div class=\"row\">\n<div class=\"col-md-12 products_listing\">\n<div class=\"tablesaw-bar tablesaw-mode-swipe tablesaw-all-cols-visible\">\n<div class=\"tablesaw-advance\"><\/div>\n<\/div>\n<\/div>\n<\/div>\n<\/div>\n","protected":false},"excerpt":{"rendered":"<p>La t\u00e9l\u00e9commande est obligatoire. En cas de coupure volontaire de courant, l\u2019\u00e9clairage de s\u00e9curit\u00e9 doit pouvoir \u00eatre mis au repos via celle-ci. Reli\u00e9e \u00e0 la&#8230;<\/p>\n","protected":false},"featured_media":24099,"template":"","meta":{"content-type":""},"etheme_brands":[],"product_brand":[],"product_cat":[417],"product_tag":[],"class_list":{"0":"post-24053","1":"product","2":"type-product","3":"status-publish","4":"has-post-thumbnail","6":"product_cat-bloc-secours","8":"first","9":"instock","10":"taxable","11":"shipping-taxable","12":"purchasable","13":"product-type-simple"},"yoast_head":"<!-- This site is optimized with the Yoast SEO plugin v26.0 - https:\/\/yoast.com\/wordpress\/plugins\/seo\/ -->\n<title>T\u00e9l\u00e9commande standard pour syst\u00e8mes ZC-ZT-ZX (jusqu&#039;\u00e0 300 BLOCS ) - Planete LED Solution d&#039;Eclairage LED<\/title>\n<meta name=\"robots\" content=\"index, follow, max-snippet:-1, max-image-preview:large, max-video-preview:-1\" \/>\n<link rel=\"canonical\" href=\"https:\/\/www.ledkaraib.com\/index.php\/produit\/telecommande-standard-pour-systemes-zc-zt-zx-jusqua-300-blocs-2\/\" \/>\n<meta property=\"og:locale\" content=\"fr_FR\" \/>\n<meta property=\"og:type\" content=\"article\" \/>\n<meta property=\"og:title\" content=\"T\u00e9l\u00e9commande standard pour syst\u00e8mes ZC-ZT-ZX (jusqu&#039;\u00e0 300 BLOCS ) - Planete LED Solution d&#039;Eclairage LED\" \/>\n<meta property=\"og:description\" content=\"La t\u00e9l\u00e9commande est obligatoire. En cas de coupure volontaire de courant, l\u2019\u00e9clairage de s\u00e9curit\u00e9 doit pouvoir \u00eatre mis au repos via celle-ci. Reli\u00e9e \u00e0 la...\" \/>\n<meta property=\"og:url\" content=\"https:\/\/www.ledkaraib.com\/index.php\/produit\/telecommande-standard-pour-systemes-zc-zt-zx-jusqua-300-blocs-2\/\" \/>\n<meta property=\"og:site_name\" content=\"Planete LED Solution d&#039;Eclairage LED\" \/>\n<meta property=\"article:modified_time\" content=\"2021-08-29T20:53:37+00:00\" \/>\n<meta property=\"og:image\" content=\"https:\/\/www.ledkaraib.com\/wp-content\/uploads\/2021\/08\/ZEMPERTMS-300.jpg\" \/>\n\t<meta property=\"og:image:width\" content=\"400\" \/>\n\t<meta property=\"og:image:height\" content=\"400\" \/>\n\t<meta property=\"og:image:type\" content=\"image\/jpeg\" \/>\n<meta name=\"twitter:card\" content=\"summary_large_image\" \/>\n<meta name=\"twitter:label1\" content=\"Dur\u00e9e de lecture estim\u00e9e\" \/>\n\t<meta name=\"twitter:data1\" content=\"1 minute\" \/>\n<script type=\"application\/ld+json\" class=\"yoast-schema-graph\">{\"@context\":\"https:\/\/schema.org\",\"@graph\":[{\"@type\":\"WebPage\",\"@id\":\"https:\/\/www.ledkaraib.com\/index.php\/produit\/telecommande-standard-pour-systemes-zc-zt-zx-jusqua-300-blocs-2\/\",\"url\":\"https:\/\/www.ledkaraib.com\/index.php\/produit\/telecommande-standard-pour-systemes-zc-zt-zx-jusqua-300-blocs-2\/\",\"name\":\"T\u00e9l\u00e9commande standard pour syst\u00e8mes ZC-ZT-ZX (jusqu'\u00e0 300 BLOCS ) - Planete LED Solution d&#039;Eclairage LED\",\"isPartOf\":{\"@id\":\"https:\/\/www.ledkaraib.com\/#website\"},\"primaryImageOfPage\":{\"@id\":\"https:\/\/www.ledkaraib.com\/index.php\/produit\/telecommande-standard-pour-systemes-zc-zt-zx-jusqua-300-blocs-2\/#primaryimage\"},\"image\":{\"@id\":\"https:\/\/www.ledkaraib.com\/index.php\/produit\/telecommande-standard-pour-systemes-zc-zt-zx-jusqua-300-blocs-2\/#primaryimage\"},\"thumbnailUrl\":\"https:\/\/www.ledkaraib.com\/wp-content\/uploads\/2021\/08\/ZEMPERTMS-300.jpg\",\"datePublished\":\"2021-08-29T20:53:10+00:00\",\"dateModified\":\"2021-08-29T20:53:37+00:00\",\"breadcrumb\":{\"@id\":\"https:\/\/www.ledkaraib.com\/index.php\/produit\/telecommande-standard-pour-systemes-zc-zt-zx-jusqua-300-blocs-2\/#breadcrumb\"},\"inLanguage\":\"fr-FR\",\"potentialAction\":[{\"@type\":\"ReadAction\",\"target\":[\"https:\/\/www.ledkaraib.com\/index.php\/produit\/telecommande-standard-pour-systemes-zc-zt-zx-jusqua-300-blocs-2\/\"]}]},{\"@type\":\"ImageObject\",\"inLanguage\":\"fr-FR\",\"@id\":\"https:\/\/www.ledkaraib.com\/index.php\/produit\/telecommande-standard-pour-systemes-zc-zt-zx-jusqua-300-blocs-2\/#primaryimage\",\"url\":\"https:\/\/www.ledkaraib.com\/wp-content\/uploads\/2021\/08\/ZEMPERTMS-300.jpg\",\"contentUrl\":\"https:\/\/www.ledkaraib.com\/wp-content\/uploads\/2021\/08\/ZEMPERTMS-300.jpg\",\"width\":400,\"height\":400},{\"@type\":\"BreadcrumbList\",\"@id\":\"https:\/\/www.ledkaraib.com\/index.php\/produit\/telecommande-standard-pour-systemes-zc-zt-zx-jusqua-300-blocs-2\/#breadcrumb\",\"itemListElement\":[{\"@type\":\"ListItem\",\"position\":1,\"name\":\"Accueil\",\"item\":\"https:\/\/www.ledkaraib.com\/\"},{\"@type\":\"ListItem\",\"position\":2,\"name\":\"Shop\",\"item\":\"https:\/\/www.ledkaraib.com\/index.php\/shop-3\/\"},{\"@type\":\"ListItem\",\"position\":3,\"name\":\"T\u00e9l\u00e9commande standard pour syst\u00e8mes ZC-ZT-ZX (jusqu&#8217;\u00e0 300 BLOCS )\"}]},{\"@type\":\"WebSite\",\"@id\":\"https:\/\/www.ledkaraib.com\/#website\",\"url\":\"https:\/\/www.ledkaraib.com\/\",\"name\":\"Planete LED Solution d&#039;Eclairage LED\",\"description\":\"\",\"potentialAction\":[{\"@type\":\"SearchAction\",\"target\":{\"@type\":\"EntryPoint\",\"urlTemplate\":\"https:\/\/www.ledkaraib.com\/?s={search_term_string}\"},\"query-input\":{\"@type\":\"PropertyValueSpecification\",\"valueRequired\":true,\"valueName\":\"search_term_string\"}}],\"inLanguage\":\"fr-FR\"}]}<\/script>\n<!-- \/ Yoast SEO plugin. -->","yoast_head_json":{"title":"T\u00e9l\u00e9commande standard pour syst\u00e8mes ZC-ZT-ZX (jusqu'\u00e0 300 BLOCS ) - Planete LED Solution d&#039;Eclairage LED","robots":{"index":"index","follow":"follow","max-snippet":"max-snippet:-1","max-image-preview":"max-image-preview:large","max-video-preview":"max-video-preview:-1"},"canonical":"https:\/\/www.ledkaraib.com\/index.php\/produit\/telecommande-standard-pour-systemes-zc-zt-zx-jusqua-300-blocs-2\/","og_locale":"fr_FR","og_type":"article","og_title":"T\u00e9l\u00e9commande standard pour syst\u00e8mes ZC-ZT-ZX (jusqu'\u00e0 300 BLOCS ) - Planete LED Solution d&#039;Eclairage LED","og_description":"La t\u00e9l\u00e9commande est obligatoire. En cas de coupure volontaire de courant, l\u2019\u00e9clairage de s\u00e9curit\u00e9 doit pouvoir \u00eatre mis au repos via celle-ci. Reli\u00e9e \u00e0 la...","og_url":"https:\/\/www.ledkaraib.com\/index.php\/produit\/telecommande-standard-pour-systemes-zc-zt-zx-jusqua-300-blocs-2\/","og_site_name":"Planete LED Solution d&#039;Eclairage LED","article_modified_time":"2021-08-29T20:53:37+00:00","og_image":[{"width":400,"height":400,"url":"https:\/\/www.ledkaraib.com\/wp-content\/uploads\/2021\/08\/ZEMPERTMS-300.jpg","type":"image\/jpeg"}],"twitter_card":"summary_large_image","twitter_misc":{"Dur\u00e9e de lecture estim\u00e9e":"1 minute"},"schema":{"@context":"https:\/\/schema.org","@graph":[{"@type":"WebPage","@id":"https:\/\/www.ledkaraib.com\/index.php\/produit\/telecommande-standard-pour-systemes-zc-zt-zx-jusqua-300-blocs-2\/","url":"https:\/\/www.ledkaraib.com\/index.php\/produit\/telecommande-standard-pour-systemes-zc-zt-zx-jusqua-300-blocs-2\/","name":"T\u00e9l\u00e9commande standard pour syst\u00e8mes ZC-ZT-ZX (jusqu'\u00e0 300 BLOCS ) - Planete LED Solution d&#039;Eclairage LED","isPartOf":{"@id":"https:\/\/www.ledkaraib.com\/#website"},"primaryImageOfPage":{"@id":"https:\/\/www.ledkaraib.com\/index.php\/produit\/telecommande-standard-pour-systemes-zc-zt-zx-jusqua-300-blocs-2\/#primaryimage"},"image":{"@id":"https:\/\/www.ledkaraib.com\/index.php\/produit\/telecommande-standard-pour-systemes-zc-zt-zx-jusqua-300-blocs-2\/#primaryimage"},"thumbnailUrl":"https:\/\/www.ledkaraib.com\/wp-content\/uploads\/2021\/08\/ZEMPERTMS-300.jpg","datePublished":"2021-08-29T20:53:10+00:00","dateModified":"2021-08-29T20:53:37+00:00","breadcrumb":{"@id":"https:\/\/www.ledkaraib.com\/index.php\/produit\/telecommande-standard-pour-systemes-zc-zt-zx-jusqua-300-blocs-2\/#breadcrumb"},"inLanguage":"fr-FR","potentialAction":[{"@type":"ReadAction","target":["https:\/\/www.ledkaraib.com\/index.php\/produit\/telecommande-standard-pour-systemes-zc-zt-zx-jusqua-300-blocs-2\/"]}]},{"@type":"ImageObject","inLanguage":"fr-FR","@id":"https:\/\/www.ledkaraib.com\/index.php\/produit\/telecommande-standard-pour-systemes-zc-zt-zx-jusqua-300-blocs-2\/#primaryimage","url":"https:\/\/www.ledkaraib.com\/wp-content\/uploads\/2021\/08\/ZEMPERTMS-300.jpg","contentUrl":"https:\/\/www.ledkaraib.com\/wp-content\/uploads\/2021\/08\/ZEMPERTMS-300.jpg","width":400,"height":400},{"@type":"BreadcrumbList","@id":"https:\/\/www.ledkaraib.com\/index.php\/produit\/telecommande-standard-pour-systemes-zc-zt-zx-jusqua-300-blocs-2\/#breadcrumb","itemListElement":[{"@type":"ListItem","position":1,"name":"Accueil","item":"https:\/\/www.ledkaraib.com\/"},{"@type":"ListItem","position":2,"name":"Shop","item":"https:\/\/www.ledkaraib.com\/index.php\/shop-3\/"},{"@type":"ListItem","position":3,"name":"T\u00e9l\u00e9commande standard pour syst\u00e8mes ZC-ZT-ZX (jusqu&#8217;\u00e0 300 BLOCS )"}]},{"@type":"WebSite","@id":"https:\/\/www.ledkaraib.com\/#website","url":"https:\/\/www.ledkaraib.com\/","name":"Planete LED Solution d&#039;Eclairage LED","description":"","potentialAction":[{"@type":"SearchAction","target":{"@type":"EntryPoint","urlTemplate":"https:\/\/www.ledkaraib.com\/?s={search_term_string}"},"query-input":{"@type":"PropertyValueSpecification","valueRequired":true,"valueName":"search_term_string"}}],"inLanguage":"fr-FR"}]}},"jetpack_sharing_enabled":true,"_links":{"self":[{"href":"https:\/\/www.ledkaraib.com\/index.php\/wp-json\/wp\/v2\/product\/24053","targetHints":{"allow":["GET"]}}],"collection":[{"href":"https:\/\/www.ledkaraib.com\/index.php\/wp-json\/wp\/v2\/product"}],"about":[{"href":"https:\/\/www.ledkaraib.com\/index.php\/wp-json\/wp\/v2\/types\/product"}],"version-history":[{"count":0,"href":"https:\/\/www.ledkaraib.com\/index.php\/wp-json\/wp\/v2\/product\/24053\/revisions"}],"wp:featuredmedia":[{"embeddable":true,"href":"https:\/\/www.ledkaraib.com\/index.php\/wp-json\/wp\/v2\/media\/24099"}],"wp:attachment":[{"href":"https:\/\/www.ledkaraib.com\/index.php\/wp-json\/wp\/v2\/media?parent=24053"}],"wp:term":[{"taxonomy":"brand","embeddable":true,"href":"https:\/\/www.ledkaraib.com\/index.php\/wp-json\/wp\/v2\/etheme_brands?post=24053"},{"taxonomy":"product_brand","embeddable":true,"href":"https:\/\/www.ledkaraib.com\/index.php\/wp-json\/wp\/v2\/product_brand?post=24053"},{"taxonomy":"product_cat","embeddable":true,"href":"https:\/\/www.ledkaraib.com\/index.php\/wp-json\/wp\/v2\/product_cat?post=24053"},{"taxonomy":"product_tag","embeddable":true,"href":"https:\/\/www.ledkaraib.com\/index.php\/wp-json\/wp\/v2\/product_tag?post=24053"}],"curies":[{"name":"wp","href":"https:\/\/api.w.org\/{rel}","templated":true}]}}