{"id":24058,"date":"2021-08-29T20:53:10","date_gmt":"2021-08-29T20:53:10","guid":{"rendered":"https:\/\/ledkaraib.fr\/?post_type=product&#038;p=24058"},"modified":"2021-08-29T20:53:39","modified_gmt":"2021-08-29T20:53:39","slug":"ruban-isolant-electrique-15mmx10m-blanc","status":"publish","type":"product","link":"https:\/\/www.ledkaraib.com\/index.php\/produit\/ruban-isolant-electrique-15mmx10m-blanc\/","title":{"rendered":"Ruban isolant \u00e9lectrique 15mmx10m blanc"},"content":{"rendered":"<div class=\"certifications\"><img loading=\"lazy\" loading=\"lazy\" decoding=\"async\" src=\"https:\/\/media.entrepot-du-bricolage.fr\/images\/logo_CE.jpg\" alt=\"Conformit\u00e9 Europ\u00e9enne\" width=\"38\" height=\"28\" \/><\/div>\n<h4>Usage et utilit\u00e9\u00a0:<\/h4>\n<div class=\"texte\">Protection et isolation de raccordement de c\u00e2bles \u00e9lectriques, rep\u00e9rage de circuits.<\/div>\n<h4>Composition\u00a0:<\/h4>\n<div class=\"texte\">Pvc.<\/div>\n<h4>Caract\u00e9ristiques techniques principales\u00a0:<\/h4>\n<div class=\"texte\">\n<table>\n<tbody>\n<tr bgcolor=\"#F7F7F7\">\n<td>Longueur<\/td>\n<td>10 m<\/td>\n<\/tr>\n<tr>\n<td>Largeur<\/td>\n<td>15 mm<\/td>\n<\/tr>\n<\/tbody>\n<\/table>\n<\/div>\n","protected":false},"excerpt":{"rendered":"<p>Usage et utilit\u00e9\u00a0: Protection et isolation de raccordement de c\u00e2bles \u00e9lectriques, rep\u00e9rage de circuits. Composition\u00a0: Pvc. Caract\u00e9ristiques techniques principales\u00a0: Longueur 10 m Largeur 15 mm<\/p>\n","protected":false},"featured_media":24104,"template":"","meta":{"content-type":""},"etheme_brands":[],"product_brand":[],"product_cat":[367],"product_tag":[],"class_list":{"0":"post-24058","1":"product","2":"type-product","3":"status-publish","4":"has-post-thumbnail","6":"product_cat-barettes-connecteurs-cosses-isolants","8":"first","9":"instock","10":"taxable","11":"shipping-taxable","12":"purchasable","13":"product-type-simple"},"yoast_head":"<!-- This site is optimized with the Yoast SEO plugin v26.0 - https:\/\/yoast.com\/wordpress\/plugins\/seo\/ -->\n<title>Ruban isolant \u00e9lectrique 15mmx10m blanc - Planete LED Solution d&#039;Eclairage LED<\/title>\n<meta name=\"robots\" content=\"index, follow, max-snippet:-1, max-image-preview:large, max-video-preview:-1\" \/>\n<link rel=\"canonical\" href=\"https:\/\/www.ledkaraib.com\/index.php\/produit\/ruban-isolant-electrique-15mmx10m-blanc\/\" \/>\n<meta property=\"og:locale\" content=\"fr_FR\" \/>\n<meta property=\"og:type\" content=\"article\" \/>\n<meta property=\"og:title\" content=\"Ruban isolant \u00e9lectrique 15mmx10m blanc - Planete LED Solution d&#039;Eclairage LED\" \/>\n<meta property=\"og:description\" content=\"Usage et utilit\u00e9\u00a0: Protection et isolation de raccordement de c\u00e2bles \u00e9lectriques, rep\u00e9rage de circuits. Composition\u00a0: Pvc. Caract\u00e9ristiques techniques principales\u00a0: Longueur 10 m Largeur 15 mm\" \/>\n<meta property=\"og:url\" content=\"https:\/\/www.ledkaraib.com\/index.php\/produit\/ruban-isolant-electrique-15mmx10m-blanc\/\" \/>\n<meta property=\"og:site_name\" content=\"Planete LED Solution d&#039;Eclairage LED\" \/>\n<meta property=\"article:modified_time\" content=\"2021-08-29T20:53:39+00:00\" \/>\n<meta property=\"og:image\" content=\"https:\/\/www.ledkaraib.com\/wp-content\/uploads\/2021\/08\/LDB471595.jpg\" \/>\n\t<meta property=\"og:image:width\" content=\"400\" \/>\n\t<meta property=\"og:image:height\" content=\"400\" \/>\n\t<meta property=\"og:image:type\" content=\"image\/jpeg\" \/>\n<meta name=\"twitter:card\" content=\"summary_large_image\" \/>\n<script type=\"application\/ld+json\" class=\"yoast-schema-graph\">{\"@context\":\"https:\/\/schema.org\",\"@graph\":[{\"@type\":\"WebPage\",\"@id\":\"https:\/\/www.ledkaraib.com\/index.php\/produit\/ruban-isolant-electrique-15mmx10m-blanc\/\",\"url\":\"https:\/\/www.ledkaraib.com\/index.php\/produit\/ruban-isolant-electrique-15mmx10m-blanc\/\",\"name\":\"Ruban isolant \u00e9lectrique 15mmx10m blanc - Planete LED Solution d&#039;Eclairage LED\",\"isPartOf\":{\"@id\":\"https:\/\/www.ledkaraib.com\/#website\"},\"primaryImageOfPage\":{\"@id\":\"https:\/\/www.ledkaraib.com\/index.php\/produit\/ruban-isolant-electrique-15mmx10m-blanc\/#primaryimage\"},\"image\":{\"@id\":\"https:\/\/www.ledkaraib.com\/index.php\/produit\/ruban-isolant-electrique-15mmx10m-blanc\/#primaryimage\"},\"thumbnailUrl\":\"https:\/\/www.ledkaraib.com\/wp-content\/uploads\/2021\/08\/LDB471595.jpg\",\"datePublished\":\"2021-08-29T20:53:10+00:00\",\"dateModified\":\"2021-08-29T20:53:39+00:00\",\"breadcrumb\":{\"@id\":\"https:\/\/www.ledkaraib.com\/index.php\/produit\/ruban-isolant-electrique-15mmx10m-blanc\/#breadcrumb\"},\"inLanguage\":\"fr-FR\",\"potentialAction\":[{\"@type\":\"ReadAction\",\"target\":[\"https:\/\/www.ledkaraib.com\/index.php\/produit\/ruban-isolant-electrique-15mmx10m-blanc\/\"]}]},{\"@type\":\"ImageObject\",\"inLanguage\":\"fr-FR\",\"@id\":\"https:\/\/www.ledkaraib.com\/index.php\/produit\/ruban-isolant-electrique-15mmx10m-blanc\/#primaryimage\",\"url\":\"https:\/\/www.ledkaraib.com\/wp-content\/uploads\/2021\/08\/LDB471595.jpg\",\"contentUrl\":\"https:\/\/www.ledkaraib.com\/wp-content\/uploads\/2021\/08\/LDB471595.jpg\",\"width\":400,\"height\":400},{\"@type\":\"BreadcrumbList\",\"@id\":\"https:\/\/www.ledkaraib.com\/index.php\/produit\/ruban-isolant-electrique-15mmx10m-blanc\/#breadcrumb\",\"itemListElement\":[{\"@type\":\"ListItem\",\"position\":1,\"name\":\"Accueil\",\"item\":\"https:\/\/www.ledkaraib.com\/\"},{\"@type\":\"ListItem\",\"position\":2,\"name\":\"Shop\",\"item\":\"https:\/\/www.ledkaraib.com\/index.php\/shop-3\/\"},{\"@type\":\"ListItem\",\"position\":3,\"name\":\"Ruban isolant \u00e9lectrique 15mmx10m blanc\"}]},{\"@type\":\"WebSite\",\"@id\":\"https:\/\/www.ledkaraib.com\/#website\",\"url\":\"https:\/\/www.ledkaraib.com\/\",\"name\":\"Planete LED Solution d&#039;Eclairage LED\",\"description\":\"\",\"potentialAction\":[{\"@type\":\"SearchAction\",\"target\":{\"@type\":\"EntryPoint\",\"urlTemplate\":\"https:\/\/www.ledkaraib.com\/?s={search_term_string}\"},\"query-input\":{\"@type\":\"PropertyValueSpecification\",\"valueRequired\":true,\"valueName\":\"search_term_string\"}}],\"inLanguage\":\"fr-FR\"}]}<\/script>\n<!-- \/ Yoast SEO plugin. -->","yoast_head_json":{"title":"Ruban isolant \u00e9lectrique 15mmx10m blanc - Planete LED Solution d&#039;Eclairage LED","robots":{"index":"index","follow":"follow","max-snippet":"max-snippet:-1","max-image-preview":"max-image-preview:large","max-video-preview":"max-video-preview:-1"},"canonical":"https:\/\/www.ledkaraib.com\/index.php\/produit\/ruban-isolant-electrique-15mmx10m-blanc\/","og_locale":"fr_FR","og_type":"article","og_title":"Ruban isolant \u00e9lectrique 15mmx10m blanc - Planete LED Solution d&#039;Eclairage LED","og_description":"Usage et utilit\u00e9\u00a0: Protection et isolation de raccordement de c\u00e2bles \u00e9lectriques, rep\u00e9rage de circuits. Composition\u00a0: Pvc. Caract\u00e9ristiques techniques principales\u00a0: Longueur 10 m Largeur 15 mm","og_url":"https:\/\/www.ledkaraib.com\/index.php\/produit\/ruban-isolant-electrique-15mmx10m-blanc\/","og_site_name":"Planete LED Solution d&#039;Eclairage LED","article_modified_time":"2021-08-29T20:53:39+00:00","og_image":[{"width":400,"height":400,"url":"https:\/\/www.ledkaraib.com\/wp-content\/uploads\/2021\/08\/LDB471595.jpg","type":"image\/jpeg"}],"twitter_card":"summary_large_image","schema":{"@context":"https:\/\/schema.org","@graph":[{"@type":"WebPage","@id":"https:\/\/www.ledkaraib.com\/index.php\/produit\/ruban-isolant-electrique-15mmx10m-blanc\/","url":"https:\/\/www.ledkaraib.com\/index.php\/produit\/ruban-isolant-electrique-15mmx10m-blanc\/","name":"Ruban isolant \u00e9lectrique 15mmx10m blanc - Planete LED Solution d&#039;Eclairage LED","isPartOf":{"@id":"https:\/\/www.ledkaraib.com\/#website"},"primaryImageOfPage":{"@id":"https:\/\/www.ledkaraib.com\/index.php\/produit\/ruban-isolant-electrique-15mmx10m-blanc\/#primaryimage"},"image":{"@id":"https:\/\/www.ledkaraib.com\/index.php\/produit\/ruban-isolant-electrique-15mmx10m-blanc\/#primaryimage"},"thumbnailUrl":"https:\/\/www.ledkaraib.com\/wp-content\/uploads\/2021\/08\/LDB471595.jpg","datePublished":"2021-08-29T20:53:10+00:00","dateModified":"2021-08-29T20:53:39+00:00","breadcrumb":{"@id":"https:\/\/www.ledkaraib.com\/index.php\/produit\/ruban-isolant-electrique-15mmx10m-blanc\/#breadcrumb"},"inLanguage":"fr-FR","potentialAction":[{"@type":"ReadAction","target":["https:\/\/www.ledkaraib.com\/index.php\/produit\/ruban-isolant-electrique-15mmx10m-blanc\/"]}]},{"@type":"ImageObject","inLanguage":"fr-FR","@id":"https:\/\/www.ledkaraib.com\/index.php\/produit\/ruban-isolant-electrique-15mmx10m-blanc\/#primaryimage","url":"https:\/\/www.ledkaraib.com\/wp-content\/uploads\/2021\/08\/LDB471595.jpg","contentUrl":"https:\/\/www.ledkaraib.com\/wp-content\/uploads\/2021\/08\/LDB471595.jpg","width":400,"height":400},{"@type":"BreadcrumbList","@id":"https:\/\/www.ledkaraib.com\/index.php\/produit\/ruban-isolant-electrique-15mmx10m-blanc\/#breadcrumb","itemListElement":[{"@type":"ListItem","position":1,"name":"Accueil","item":"https:\/\/www.ledkaraib.com\/"},{"@type":"ListItem","position":2,"name":"Shop","item":"https:\/\/www.ledkaraib.com\/index.php\/shop-3\/"},{"@type":"ListItem","position":3,"name":"Ruban isolant \u00e9lectrique 15mmx10m blanc"}]},{"@type":"WebSite","@id":"https:\/\/www.ledkaraib.com\/#website","url":"https:\/\/www.ledkaraib.com\/","name":"Planete LED Solution d&#039;Eclairage LED","description":"","potentialAction":[{"@type":"SearchAction","target":{"@type":"EntryPoint","urlTemplate":"https:\/\/www.ledkaraib.com\/?s={search_term_string}"},"query-input":{"@type":"PropertyValueSpecification","valueRequired":true,"valueName":"search_term_string"}}],"inLanguage":"fr-FR"}]}},"jetpack_sharing_enabled":true,"_links":{"self":[{"href":"https:\/\/www.ledkaraib.com\/index.php\/wp-json\/wp\/v2\/product\/24058","targetHints":{"allow":["GET"]}}],"collection":[{"href":"https:\/\/www.ledkaraib.com\/index.php\/wp-json\/wp\/v2\/product"}],"about":[{"href":"https:\/\/www.ledkaraib.com\/index.php\/wp-json\/wp\/v2\/types\/product"}],"version-history":[{"count":0,"href":"https:\/\/www.ledkaraib.com\/index.php\/wp-json\/wp\/v2\/product\/24058\/revisions"}],"wp:featuredmedia":[{"embeddable":true,"href":"https:\/\/www.ledkaraib.com\/index.php\/wp-json\/wp\/v2\/media\/24104"}],"wp:attachment":[{"href":"https:\/\/www.ledkaraib.com\/index.php\/wp-json\/wp\/v2\/media?parent=24058"}],"wp:term":[{"taxonomy":"brand","embeddable":true,"href":"https:\/\/www.ledkaraib.com\/index.php\/wp-json\/wp\/v2\/etheme_brands?post=24058"},{"taxonomy":"product_brand","embeddable":true,"href":"https:\/\/www.ledkaraib.com\/index.php\/wp-json\/wp\/v2\/product_brand?post=24058"},{"taxonomy":"product_cat","embeddable":true,"href":"https:\/\/www.ledkaraib.com\/index.php\/wp-json\/wp\/v2\/product_cat?post=24058"},{"taxonomy":"product_tag","embeddable":true,"href":"https:\/\/www.ledkaraib.com\/index.php\/wp-json\/wp\/v2\/product_tag?post=24058"}],"curies":[{"name":"wp","href":"https:\/\/api.w.org\/{rel}","templated":true}]}}