{"id":24084,"date":"2021-08-29T20:53:34","date_gmt":"2021-08-29T20:53:34","guid":{"rendered":"https:\/\/ledkaraib.fr\/?post_type=product&#038;p=24084"},"modified":"2024-08-17T10:53:23","modified_gmt":"2024-08-17T14:53:23","slug":"lot-de-2-detecteurs-de-fumee-85db-nf-angeleye","status":"publish","type":"product","link":"https:\/\/www.ledkaraib.com\/produit\/lot-de-2-detecteurs-de-fumee-85db-nf-angeleye\/","title":{"rendered":"Lot de 2 d\u00e9tecteurs de fum\u00e9e 85dB NF Angeleye"},"content":{"rendered":"<div class=\"texte\"><b>Condition d&rsquo;utilisation:<\/b><br \/>\nD\u00e9tecteurs pr\u00e9vu pour \u00eatre fix\u00e9 au plafond (au centre de la pi\u00e8ce) toujours \u00e9loign\u00e9 d&rsquo;un m\u00e8tre minimum d&rsquo;un mur ou d&rsquo;une cloison.<br \/>\nPeuvent-\u00eatre aussi fix\u00e9 d&rsquo;une fa\u00e7on verticale sur un mur en respectant une distance de 15 cm par rapport au plafond (ne jamais le fixer dans un angle).Vous pouvez ainsi placer ces d\u00e9tecteurs dans les lieux suivants:<br \/>\n-Chambre \u00e0 coucher<br \/>\n-Escalier<br \/>\n-Couloir<br \/>\n-Local technique (\u00e9lectrique)<br \/>\nLieux sur plusieurs niveaux :<br \/>\nil est fortement conseill\u00e9 de placer un d\u00e9tecteur \u00e0 chaque \u00e9tage.<\/p>\n<\/div>\n<div class=\"texte\"><b>Restriction d&rsquo;usage:<\/b><br \/>\nApr\u00e8s avoir fix\u00e9 le d\u00e9tecteur, effectuer le test avec le bouton pr\u00e9vu \u00e0 cet effet .<br \/>\nV\u00e9rifiez qu&rsquo;il n&rsquo;y a pas de d\u00e9p\u00f4t de poussi\u00e8res sur le d\u00e9tecteur, utilisez un aspirateur.<br \/>\nProc\u00e9dez au test de la pile toutes les semaines.<br \/>\nEn cas de non fonctionnement du d\u00e9tecteur, n&rsquo;essayez pas de le r\u00e9parer, proc\u00e9dez plut\u00f4t a son remplacement.<br \/>\nEndroits d\u00e9conseill\u00e9s (risque de d\u00e9clenchements intempestifs):<br \/>\n&#8211; Cuisine ( causes: les fum\u00e9es de cuissons )<br \/>\n&#8211; Garage ( causes: D\u00e9marrage des moteurs de v\u00e9hicules)<br \/>\n&#8211; Salle de bains, douche ( causes: Vapeur d&rsquo;eau)<\/div>\n","protected":false},"excerpt":{"rendered":"<p>Condition d&rsquo;utilisation: D\u00e9tecteurs pr\u00e9vu pour \u00eatre fix\u00e9 au plafond (au centre de la pi\u00e8ce) toujours \u00e9loign\u00e9 d&rsquo;un m\u00e8tre minimum d&rsquo;un mur ou d&rsquo;une cloison. Peuvent-\u00eatre aussi fix\u00e9 d&rsquo;une fa\u00e7on verticale sur un mur en respectant une distance de 15 cm par rapport au plafond (ne jamais le fixer dans un angle).Vous pouvez ainsi placer ces [&hellip;]<\/p>\n","protected":false},"featured_media":24114,"template":"","meta":[],"product_brand":[],"product_cat":[453],"product_tag":[],"class_list":{"0":"post-24084","1":"product","2":"type-product","3":"status-publish","4":"has-post-thumbnail","6":"product_cat-detecteur-de-fumee","8":"first","9":"instock","10":"taxable","11":"shipping-taxable","12":"purchasable","13":"product-type-simple"},"yoast_head":"<!-- This site is optimized with the Yoast SEO plugin v27.5 - https:\/\/yoast.com\/product\/yoast-seo-wordpress\/ -->\n<title>Lot de 2 d\u00e9tecteurs de fum\u00e9e 85dB NF Angeleye - Planete LED Solution d&#039;Eclairage LED<\/title>\n<meta name=\"robots\" content=\"index, follow, max-snippet:-1, max-image-preview:large, max-video-preview:-1\" \/>\n<link rel=\"canonical\" href=\"https:\/\/www.ledkaraib.com\/produit\/lot-de-2-detecteurs-de-fumee-85db-nf-angeleye\/\" \/>\n<meta property=\"og:locale\" content=\"fr_FR\" \/>\n<meta property=\"og:type\" content=\"article\" \/>\n<meta property=\"og:title\" content=\"Lot de 2 d\u00e9tecteurs de fum\u00e9e 85dB NF Angeleye - Planete LED Solution d&#039;Eclairage LED\" \/>\n<meta property=\"og:description\" content=\"Condition d&rsquo;utilisation: D\u00e9tecteurs pr\u00e9vu pour \u00eatre fix\u00e9 au plafond (au centre de la pi\u00e8ce) toujours \u00e9loign\u00e9 d&rsquo;un m\u00e8tre minimum d&rsquo;un mur ou d&rsquo;une cloison. Peuvent-\u00eatre aussi fix\u00e9 d&rsquo;une fa\u00e7on verticale sur un mur en respectant une distance de 15 cm par rapport au plafond (ne jamais le fixer dans un angle).Vous pouvez ainsi placer ces [&hellip;]\" \/>\n<meta property=\"og:url\" content=\"https:\/\/www.ledkaraib.com\/produit\/lot-de-2-detecteurs-de-fumee-85db-nf-angeleye\/\" \/>\n<meta property=\"og:site_name\" content=\"Planete LED Solution d&#039;Eclairage LED\" \/>\n<meta property=\"article:modified_time\" content=\"2024-08-17T14:53:23+00:00\" \/>\n<meta property=\"og:image\" content=\"https:\/\/www.ledkaraib.com\/wp-content\/uploads\/2021\/08\/LDB581880.jpg\" \/>\n\t<meta property=\"og:image:width\" content=\"400\" \/>\n\t<meta property=\"og:image:height\" content=\"400\" \/>\n\t<meta property=\"og:image:type\" content=\"image\/jpeg\" \/>\n<meta name=\"twitter:card\" content=\"summary_large_image\" \/>\n<meta name=\"twitter:label1\" content=\"Dur\u00e9e de lecture estim\u00e9e\" \/>\n\t<meta name=\"twitter:data1\" content=\"1 minute\" \/>\n<script type=\"application\/ld+json\" class=\"yoast-schema-graph\">{\"@context\":\"https:\\\/\\\/schema.org\",\"@graph\":[{\"@type\":\"WebPage\",\"@id\":\"https:\\\/\\\/www.ledkaraib.com\\\/produit\\\/lot-de-2-detecteurs-de-fumee-85db-nf-angeleye\\\/\",\"url\":\"https:\\\/\\\/www.ledkaraib.com\\\/produit\\\/lot-de-2-detecteurs-de-fumee-85db-nf-angeleye\\\/\",\"name\":\"Lot de 2 d\u00e9tecteurs de fum\u00e9e 85dB NF Angeleye - Planete LED Solution d&#039;Eclairage LED\",\"isPartOf\":{\"@id\":\"https:\\\/\\\/www.ledkaraib.com\\\/#website\"},\"primaryImageOfPage\":{\"@id\":\"https:\\\/\\\/www.ledkaraib.com\\\/produit\\\/lot-de-2-detecteurs-de-fumee-85db-nf-angeleye\\\/#primaryimage\"},\"image\":{\"@id\":\"https:\\\/\\\/www.ledkaraib.com\\\/produit\\\/lot-de-2-detecteurs-de-fumee-85db-nf-angeleye\\\/#primaryimage\"},\"thumbnailUrl\":\"https:\\\/\\\/www.ledkaraib.com\\\/wp-content\\\/uploads\\\/2021\\\/08\\\/LDB581880.jpg\",\"datePublished\":\"2021-08-29T20:53:34+00:00\",\"dateModified\":\"2024-08-17T14:53:23+00:00\",\"breadcrumb\":{\"@id\":\"https:\\\/\\\/www.ledkaraib.com\\\/produit\\\/lot-de-2-detecteurs-de-fumee-85db-nf-angeleye\\\/#breadcrumb\"},\"inLanguage\":\"fr-FR\",\"potentialAction\":[{\"@type\":\"ReadAction\",\"target\":[\"https:\\\/\\\/www.ledkaraib.com\\\/produit\\\/lot-de-2-detecteurs-de-fumee-85db-nf-angeleye\\\/\"]}]},{\"@type\":\"ImageObject\",\"inLanguage\":\"fr-FR\",\"@id\":\"https:\\\/\\\/www.ledkaraib.com\\\/produit\\\/lot-de-2-detecteurs-de-fumee-85db-nf-angeleye\\\/#primaryimage\",\"url\":\"https:\\\/\\\/www.ledkaraib.com\\\/wp-content\\\/uploads\\\/2021\\\/08\\\/LDB581880.jpg\",\"contentUrl\":\"https:\\\/\\\/www.ledkaraib.com\\\/wp-content\\\/uploads\\\/2021\\\/08\\\/LDB581880.jpg\",\"width\":400,\"height\":400},{\"@type\":\"BreadcrumbList\",\"@id\":\"https:\\\/\\\/www.ledkaraib.com\\\/produit\\\/lot-de-2-detecteurs-de-fumee-85db-nf-angeleye\\\/#breadcrumb\",\"itemListElement\":[{\"@type\":\"ListItem\",\"position\":1,\"name\":\"Accueil\",\"item\":\"https:\\\/\\\/www.ledkaraib.com\\\/\"},{\"@type\":\"ListItem\",\"position\":2,\"name\":\"Shop\",\"item\":\"https:\\\/\\\/www.ledkaraib.com\\\/index.php\\\/shop-3\\\/\"},{\"@type\":\"ListItem\",\"position\":3,\"name\":\"Lot de 2 d\u00e9tecteurs de fum\u00e9e 85dB NF Angeleye\"}]},{\"@type\":\"WebSite\",\"@id\":\"https:\\\/\\\/www.ledkaraib.com\\\/#website\",\"url\":\"https:\\\/\\\/www.ledkaraib.com\\\/\",\"name\":\"Planete LED Solution d&#039;Eclairage LED\",\"description\":\"\",\"publisher\":{\"@id\":\"https:\\\/\\\/www.ledkaraib.com\\\/#organization\"},\"potentialAction\":[{\"@type\":\"SearchAction\",\"target\":{\"@type\":\"EntryPoint\",\"urlTemplate\":\"https:\\\/\\\/www.ledkaraib.com\\\/?s={search_term_string}\"},\"query-input\":{\"@type\":\"PropertyValueSpecification\",\"valueRequired\":true,\"valueName\":\"search_term_string\"}}],\"inLanguage\":\"fr-FR\"},{\"@type\":\"Organization\",\"@id\":\"https:\\\/\\\/www.ledkaraib.com\\\/#organization\",\"name\":\"Planete LED Solution d&#039;Eclairage LED\",\"url\":\"https:\\\/\\\/www.ledkaraib.com\\\/\",\"logo\":{\"@type\":\"ImageObject\",\"inLanguage\":\"fr-FR\",\"@id\":\"https:\\\/\\\/www.ledkaraib.com\\\/#\\\/schema\\\/logo\\\/image\\\/\",\"url\":\"https:\\\/\\\/www.ledkaraib.com\\\/wp-content\\\/uploads\\\/2021\\\/10\\\/cropped-LOGO-1.png\",\"contentUrl\":\"https:\\\/\\\/www.ledkaraib.com\\\/wp-content\\\/uploads\\\/2021\\\/10\\\/cropped-LOGO-1.png\",\"width\":900,\"height\":153,\"caption\":\"Planete LED Solution d&#039;Eclairage LED\"},\"image\":{\"@id\":\"https:\\\/\\\/www.ledkaraib.com\\\/#\\\/schema\\\/logo\\\/image\\\/\"}}]}<\/script>\n<!-- \/ Yoast SEO plugin. -->","yoast_head_json":{"title":"Lot de 2 d\u00e9tecteurs de fum\u00e9e 85dB NF Angeleye - Planete LED Solution d&#039;Eclairage LED","robots":{"index":"index","follow":"follow","max-snippet":"max-snippet:-1","max-image-preview":"max-image-preview:large","max-video-preview":"max-video-preview:-1"},"canonical":"https:\/\/www.ledkaraib.com\/produit\/lot-de-2-detecteurs-de-fumee-85db-nf-angeleye\/","og_locale":"fr_FR","og_type":"article","og_title":"Lot de 2 d\u00e9tecteurs de fum\u00e9e 85dB NF Angeleye - Planete LED Solution d&#039;Eclairage LED","og_description":"Condition d&rsquo;utilisation: D\u00e9tecteurs pr\u00e9vu pour \u00eatre fix\u00e9 au plafond (au centre de la pi\u00e8ce) toujours \u00e9loign\u00e9 d&rsquo;un m\u00e8tre minimum d&rsquo;un mur ou d&rsquo;une cloison. Peuvent-\u00eatre aussi fix\u00e9 d&rsquo;une fa\u00e7on verticale sur un mur en respectant une distance de 15 cm par rapport au plafond (ne jamais le fixer dans un angle).Vous pouvez ainsi placer ces [&hellip;]","og_url":"https:\/\/www.ledkaraib.com\/produit\/lot-de-2-detecteurs-de-fumee-85db-nf-angeleye\/","og_site_name":"Planete LED Solution d&#039;Eclairage LED","article_modified_time":"2024-08-17T14:53:23+00:00","og_image":[{"width":400,"height":400,"url":"https:\/\/www.ledkaraib.com\/wp-content\/uploads\/2021\/08\/LDB581880.jpg","type":"image\/jpeg"}],"twitter_card":"summary_large_image","twitter_misc":{"Dur\u00e9e de lecture estim\u00e9e":"1 minute"},"schema":{"@context":"https:\/\/schema.org","@graph":[{"@type":"WebPage","@id":"https:\/\/www.ledkaraib.com\/produit\/lot-de-2-detecteurs-de-fumee-85db-nf-angeleye\/","url":"https:\/\/www.ledkaraib.com\/produit\/lot-de-2-detecteurs-de-fumee-85db-nf-angeleye\/","name":"Lot de 2 d\u00e9tecteurs de fum\u00e9e 85dB NF Angeleye - Planete LED Solution d&#039;Eclairage LED","isPartOf":{"@id":"https:\/\/www.ledkaraib.com\/#website"},"primaryImageOfPage":{"@id":"https:\/\/www.ledkaraib.com\/produit\/lot-de-2-detecteurs-de-fumee-85db-nf-angeleye\/#primaryimage"},"image":{"@id":"https:\/\/www.ledkaraib.com\/produit\/lot-de-2-detecteurs-de-fumee-85db-nf-angeleye\/#primaryimage"},"thumbnailUrl":"https:\/\/www.ledkaraib.com\/wp-content\/uploads\/2021\/08\/LDB581880.jpg","datePublished":"2021-08-29T20:53:34+00:00","dateModified":"2024-08-17T14:53:23+00:00","breadcrumb":{"@id":"https:\/\/www.ledkaraib.com\/produit\/lot-de-2-detecteurs-de-fumee-85db-nf-angeleye\/#breadcrumb"},"inLanguage":"fr-FR","potentialAction":[{"@type":"ReadAction","target":["https:\/\/www.ledkaraib.com\/produit\/lot-de-2-detecteurs-de-fumee-85db-nf-angeleye\/"]}]},{"@type":"ImageObject","inLanguage":"fr-FR","@id":"https:\/\/www.ledkaraib.com\/produit\/lot-de-2-detecteurs-de-fumee-85db-nf-angeleye\/#primaryimage","url":"https:\/\/www.ledkaraib.com\/wp-content\/uploads\/2021\/08\/LDB581880.jpg","contentUrl":"https:\/\/www.ledkaraib.com\/wp-content\/uploads\/2021\/08\/LDB581880.jpg","width":400,"height":400},{"@type":"BreadcrumbList","@id":"https:\/\/www.ledkaraib.com\/produit\/lot-de-2-detecteurs-de-fumee-85db-nf-angeleye\/#breadcrumb","itemListElement":[{"@type":"ListItem","position":1,"name":"Accueil","item":"https:\/\/www.ledkaraib.com\/"},{"@type":"ListItem","position":2,"name":"Shop","item":"https:\/\/www.ledkaraib.com\/index.php\/shop-3\/"},{"@type":"ListItem","position":3,"name":"Lot de 2 d\u00e9tecteurs de fum\u00e9e 85dB NF Angeleye"}]},{"@type":"WebSite","@id":"https:\/\/www.ledkaraib.com\/#website","url":"https:\/\/www.ledkaraib.com\/","name":"Planete LED Solution d&#039;Eclairage LED","description":"","publisher":{"@id":"https:\/\/www.ledkaraib.com\/#organization"},"potentialAction":[{"@type":"SearchAction","target":{"@type":"EntryPoint","urlTemplate":"https:\/\/www.ledkaraib.com\/?s={search_term_string}"},"query-input":{"@type":"PropertyValueSpecification","valueRequired":true,"valueName":"search_term_string"}}],"inLanguage":"fr-FR"},{"@type":"Organization","@id":"https:\/\/www.ledkaraib.com\/#organization","name":"Planete LED Solution d&#039;Eclairage LED","url":"https:\/\/www.ledkaraib.com\/","logo":{"@type":"ImageObject","inLanguage":"fr-FR","@id":"https:\/\/www.ledkaraib.com\/#\/schema\/logo\/image\/","url":"https:\/\/www.ledkaraib.com\/wp-content\/uploads\/2021\/10\/cropped-LOGO-1.png","contentUrl":"https:\/\/www.ledkaraib.com\/wp-content\/uploads\/2021\/10\/cropped-LOGO-1.png","width":900,"height":153,"caption":"Planete LED Solution d&#039;Eclairage LED"},"image":{"@id":"https:\/\/www.ledkaraib.com\/#\/schema\/logo\/image\/"}}]}},"jetpack_sharing_enabled":true,"_links":{"self":[{"href":"https:\/\/www.ledkaraib.com\/wp-json\/wp\/v2\/product\/24084","targetHints":{"allow":["GET"]}}],"collection":[{"href":"https:\/\/www.ledkaraib.com\/wp-json\/wp\/v2\/product"}],"about":[{"href":"https:\/\/www.ledkaraib.com\/wp-json\/wp\/v2\/types\/product"}],"version-history":[{"count":1,"href":"https:\/\/www.ledkaraib.com\/wp-json\/wp\/v2\/product\/24084\/revisions"}],"predecessor-version":[{"id":47583,"href":"https:\/\/www.ledkaraib.com\/wp-json\/wp\/v2\/product\/24084\/revisions\/47583"}],"wp:featuredmedia":[{"embeddable":true,"href":"https:\/\/www.ledkaraib.com\/wp-json\/wp\/v2\/media\/24114"}],"wp:attachment":[{"href":"https:\/\/www.ledkaraib.com\/wp-json\/wp\/v2\/media?parent=24084"}],"wp:term":[{"taxonomy":"product_brand","embeddable":true,"href":"https:\/\/www.ledkaraib.com\/wp-json\/wp\/v2\/product_brand?post=24084"},{"taxonomy":"product_cat","embeddable":true,"href":"https:\/\/www.ledkaraib.com\/wp-json\/wp\/v2\/product_cat?post=24084"},{"taxonomy":"product_tag","embeddable":true,"href":"https:\/\/www.ledkaraib.com\/wp-json\/wp\/v2\/product_tag?post=24084"}],"curies":[{"name":"wp","href":"https:\/\/api.w.org\/{rel}","templated":true}]}}