{"id":24088,"date":"2021-08-29T20:53:35","date_gmt":"2021-08-29T20:53:35","guid":{"rendered":"https:\/\/ledkaraib.fr\/?post_type=product&#038;p=24088"},"modified":"2024-01-18T12:42:17","modified_gmt":"2024-01-18T16:42:17","slug":"2-jonctions-pour-moulure-12x20mm-tehalit","status":"publish","type":"product","link":"https:\/\/www.ledkaraib.com\/index.php\/produit\/2-jonctions-pour-moulure-12x20mm-tehalit\/","title":{"rendered":"2 jonctions pour moulure 12x20mm TEHALIT"},"content":{"rendered":"<div class=\"certifications\"><img loading=\"lazy\" loading=\"lazy\" decoding=\"async\" src=\"https:\/\/media.entrepot-du-bricolage.fr\/images\/logo_CE.jpg\" alt=\"Conformit\u00e9 Europ\u00e9enne\" width=\"38\" height=\"28\" \/><img loading=\"lazy\" loading=\"lazy\" decoding=\"async\" src=\"https:\/\/media.entrepot-du-bricolage.fr\/images\/logo_NF.jpg\" alt=\"Norme Fran\u00e7aise\" width=\"42\" height=\"28\" \/><\/div>\n<h4>Usage et utilit\u00e9\u00a0:<\/h4>\n<div class=\"texte\">Pour assurer une protection continue des c\u00e2bles et fils sur l&rsquo;int\u00e9gralit\u00e9 du parcours des moulures 12X20<\/div>\n<h4>Composition\u00a0:<\/h4>\n<div class=\"texte\">ABS<\/div>\n","protected":false},"excerpt":{"rendered":"<p>Usage et utilit\u00e9\u00a0: Pour assurer une protection continue des c\u00e2bles et fils sur l&rsquo;int\u00e9gralit\u00e9 du parcours des moulures 12X20 Composition\u00a0: ABS<\/p>\n","protected":false},"featured_media":24118,"template":"","meta":{"content-type":""},"etheme_brands":[],"product_brand":[],"product_cat":[427],"product_tag":[],"class_list":{"0":"post-24088","1":"product","2":"type-product","3":"status-publish","4":"has-post-thumbnail","6":"product_cat-moulures-goulottes-et-accessoires","8":"first","9":"instock","10":"taxable","11":"shipping-taxable","12":"purchasable","13":"product-type-simple"},"yoast_head":"<!-- This site is optimized with the Yoast SEO plugin v26.0 - https:\/\/yoast.com\/wordpress\/plugins\/seo\/ -->\n<title>2 jonctions pour moulure 12x20mm TEHALIT - Planete LED Solution d&#039;Eclairage LED<\/title>\n<meta name=\"robots\" content=\"index, follow, max-snippet:-1, max-image-preview:large, max-video-preview:-1\" \/>\n<link rel=\"canonical\" href=\"https:\/\/www.ledkaraib.com\/index.php\/produit\/2-jonctions-pour-moulure-12x20mm-tehalit\/\" \/>\n<meta property=\"og:locale\" content=\"fr_FR\" \/>\n<meta property=\"og:type\" content=\"article\" \/>\n<meta property=\"og:title\" content=\"2 jonctions pour moulure 12x20mm TEHALIT - Planete LED Solution d&#039;Eclairage LED\" \/>\n<meta property=\"og:description\" content=\"Usage et utilit\u00e9\u00a0: Pour assurer une protection continue des c\u00e2bles et fils sur l&rsquo;int\u00e9gralit\u00e9 du parcours des moulures 12X20 Composition\u00a0: ABS\" \/>\n<meta property=\"og:url\" content=\"https:\/\/www.ledkaraib.com\/index.php\/produit\/2-jonctions-pour-moulure-12x20mm-tehalit\/\" \/>\n<meta property=\"og:site_name\" content=\"Planete LED Solution d&#039;Eclairage LED\" \/>\n<meta property=\"article:modified_time\" content=\"2024-01-18T16:42:17+00:00\" \/>\n<meta property=\"og:image\" content=\"https:\/\/www.ledkaraib.com\/wp-content\/uploads\/2021\/08\/2-jonctions-pour-moulure-12x20mm-TEHALIT.jpg\" \/>\n\t<meta property=\"og:image:width\" content=\"175\" \/>\n\t<meta property=\"og:image:height\" content=\"175\" \/>\n\t<meta property=\"og:image:type\" content=\"image\/jpeg\" \/>\n<meta name=\"twitter:card\" content=\"summary_large_image\" \/>\n<script type=\"application\/ld+json\" class=\"yoast-schema-graph\">{\"@context\":\"https:\/\/schema.org\",\"@graph\":[{\"@type\":\"WebPage\",\"@id\":\"https:\/\/www.ledkaraib.com\/index.php\/produit\/2-jonctions-pour-moulure-12x20mm-tehalit\/\",\"url\":\"https:\/\/www.ledkaraib.com\/index.php\/produit\/2-jonctions-pour-moulure-12x20mm-tehalit\/\",\"name\":\"2 jonctions pour moulure 12x20mm TEHALIT - Planete LED Solution d&#039;Eclairage LED\",\"isPartOf\":{\"@id\":\"https:\/\/www.ledkaraib.com\/#website\"},\"primaryImageOfPage\":{\"@id\":\"https:\/\/www.ledkaraib.com\/index.php\/produit\/2-jonctions-pour-moulure-12x20mm-tehalit\/#primaryimage\"},\"image\":{\"@id\":\"https:\/\/www.ledkaraib.com\/index.php\/produit\/2-jonctions-pour-moulure-12x20mm-tehalit\/#primaryimage\"},\"thumbnailUrl\":\"https:\/\/www.ledkaraib.com\/wp-content\/uploads\/2021\/08\/2-jonctions-pour-moulure-12x20mm-TEHALIT.jpg\",\"datePublished\":\"2021-08-29T20:53:35+00:00\",\"dateModified\":\"2024-01-18T16:42:17+00:00\",\"breadcrumb\":{\"@id\":\"https:\/\/www.ledkaraib.com\/index.php\/produit\/2-jonctions-pour-moulure-12x20mm-tehalit\/#breadcrumb\"},\"inLanguage\":\"fr-FR\",\"potentialAction\":[{\"@type\":\"ReadAction\",\"target\":[\"https:\/\/www.ledkaraib.com\/index.php\/produit\/2-jonctions-pour-moulure-12x20mm-tehalit\/\"]}]},{\"@type\":\"ImageObject\",\"inLanguage\":\"fr-FR\",\"@id\":\"https:\/\/www.ledkaraib.com\/index.php\/produit\/2-jonctions-pour-moulure-12x20mm-tehalit\/#primaryimage\",\"url\":\"https:\/\/www.ledkaraib.com\/wp-content\/uploads\/2021\/08\/2-jonctions-pour-moulure-12x20mm-TEHALIT.jpg\",\"contentUrl\":\"https:\/\/www.ledkaraib.com\/wp-content\/uploads\/2021\/08\/2-jonctions-pour-moulure-12x20mm-TEHALIT.jpg\",\"width\":175,\"height\":175},{\"@type\":\"BreadcrumbList\",\"@id\":\"https:\/\/www.ledkaraib.com\/index.php\/produit\/2-jonctions-pour-moulure-12x20mm-tehalit\/#breadcrumb\",\"itemListElement\":[{\"@type\":\"ListItem\",\"position\":1,\"name\":\"Accueil\",\"item\":\"https:\/\/www.ledkaraib.com\/\"},{\"@type\":\"ListItem\",\"position\":2,\"name\":\"Shop\",\"item\":\"https:\/\/www.ledkaraib.com\/index.php\/shop-3\/\"},{\"@type\":\"ListItem\",\"position\":3,\"name\":\"2 jonctions pour moulure 12x20mm TEHALIT\"}]},{\"@type\":\"WebSite\",\"@id\":\"https:\/\/www.ledkaraib.com\/#website\",\"url\":\"https:\/\/www.ledkaraib.com\/\",\"name\":\"Planete LED Solution d&#039;Eclairage LED\",\"description\":\"\",\"potentialAction\":[{\"@type\":\"SearchAction\",\"target\":{\"@type\":\"EntryPoint\",\"urlTemplate\":\"https:\/\/www.ledkaraib.com\/?s={search_term_string}\"},\"query-input\":{\"@type\":\"PropertyValueSpecification\",\"valueRequired\":true,\"valueName\":\"search_term_string\"}}],\"inLanguage\":\"fr-FR\"}]}<\/script>\n<!-- \/ Yoast SEO plugin. -->","yoast_head_json":{"title":"2 jonctions pour moulure 12x20mm TEHALIT - Planete LED Solution d&#039;Eclairage LED","robots":{"index":"index","follow":"follow","max-snippet":"max-snippet:-1","max-image-preview":"max-image-preview:large","max-video-preview":"max-video-preview:-1"},"canonical":"https:\/\/www.ledkaraib.com\/index.php\/produit\/2-jonctions-pour-moulure-12x20mm-tehalit\/","og_locale":"fr_FR","og_type":"article","og_title":"2 jonctions pour moulure 12x20mm TEHALIT - Planete LED Solution d&#039;Eclairage LED","og_description":"Usage et utilit\u00e9\u00a0: Pour assurer une protection continue des c\u00e2bles et fils sur l&rsquo;int\u00e9gralit\u00e9 du parcours des moulures 12X20 Composition\u00a0: ABS","og_url":"https:\/\/www.ledkaraib.com\/index.php\/produit\/2-jonctions-pour-moulure-12x20mm-tehalit\/","og_site_name":"Planete LED Solution d&#039;Eclairage LED","article_modified_time":"2024-01-18T16:42:17+00:00","og_image":[{"width":175,"height":175,"url":"https:\/\/www.ledkaraib.com\/wp-content\/uploads\/2021\/08\/2-jonctions-pour-moulure-12x20mm-TEHALIT.jpg","type":"image\/jpeg"}],"twitter_card":"summary_large_image","schema":{"@context":"https:\/\/schema.org","@graph":[{"@type":"WebPage","@id":"https:\/\/www.ledkaraib.com\/index.php\/produit\/2-jonctions-pour-moulure-12x20mm-tehalit\/","url":"https:\/\/www.ledkaraib.com\/index.php\/produit\/2-jonctions-pour-moulure-12x20mm-tehalit\/","name":"2 jonctions pour moulure 12x20mm TEHALIT - Planete LED Solution d&#039;Eclairage LED","isPartOf":{"@id":"https:\/\/www.ledkaraib.com\/#website"},"primaryImageOfPage":{"@id":"https:\/\/www.ledkaraib.com\/index.php\/produit\/2-jonctions-pour-moulure-12x20mm-tehalit\/#primaryimage"},"image":{"@id":"https:\/\/www.ledkaraib.com\/index.php\/produit\/2-jonctions-pour-moulure-12x20mm-tehalit\/#primaryimage"},"thumbnailUrl":"https:\/\/www.ledkaraib.com\/wp-content\/uploads\/2021\/08\/2-jonctions-pour-moulure-12x20mm-TEHALIT.jpg","datePublished":"2021-08-29T20:53:35+00:00","dateModified":"2024-01-18T16:42:17+00:00","breadcrumb":{"@id":"https:\/\/www.ledkaraib.com\/index.php\/produit\/2-jonctions-pour-moulure-12x20mm-tehalit\/#breadcrumb"},"inLanguage":"fr-FR","potentialAction":[{"@type":"ReadAction","target":["https:\/\/www.ledkaraib.com\/index.php\/produit\/2-jonctions-pour-moulure-12x20mm-tehalit\/"]}]},{"@type":"ImageObject","inLanguage":"fr-FR","@id":"https:\/\/www.ledkaraib.com\/index.php\/produit\/2-jonctions-pour-moulure-12x20mm-tehalit\/#primaryimage","url":"https:\/\/www.ledkaraib.com\/wp-content\/uploads\/2021\/08\/2-jonctions-pour-moulure-12x20mm-TEHALIT.jpg","contentUrl":"https:\/\/www.ledkaraib.com\/wp-content\/uploads\/2021\/08\/2-jonctions-pour-moulure-12x20mm-TEHALIT.jpg","width":175,"height":175},{"@type":"BreadcrumbList","@id":"https:\/\/www.ledkaraib.com\/index.php\/produit\/2-jonctions-pour-moulure-12x20mm-tehalit\/#breadcrumb","itemListElement":[{"@type":"ListItem","position":1,"name":"Accueil","item":"https:\/\/www.ledkaraib.com\/"},{"@type":"ListItem","position":2,"name":"Shop","item":"https:\/\/www.ledkaraib.com\/index.php\/shop-3\/"},{"@type":"ListItem","position":3,"name":"2 jonctions pour moulure 12x20mm TEHALIT"}]},{"@type":"WebSite","@id":"https:\/\/www.ledkaraib.com\/#website","url":"https:\/\/www.ledkaraib.com\/","name":"Planete LED Solution d&#039;Eclairage LED","description":"","potentialAction":[{"@type":"SearchAction","target":{"@type":"EntryPoint","urlTemplate":"https:\/\/www.ledkaraib.com\/?s={search_term_string}"},"query-input":{"@type":"PropertyValueSpecification","valueRequired":true,"valueName":"search_term_string"}}],"inLanguage":"fr-FR"}]}},"jetpack_sharing_enabled":true,"_links":{"self":[{"href":"https:\/\/www.ledkaraib.com\/index.php\/wp-json\/wp\/v2\/product\/24088","targetHints":{"allow":["GET"]}}],"collection":[{"href":"https:\/\/www.ledkaraib.com\/index.php\/wp-json\/wp\/v2\/product"}],"about":[{"href":"https:\/\/www.ledkaraib.com\/index.php\/wp-json\/wp\/v2\/types\/product"}],"version-history":[{"count":0,"href":"https:\/\/www.ledkaraib.com\/index.php\/wp-json\/wp\/v2\/product\/24088\/revisions"}],"wp:featuredmedia":[{"embeddable":true,"href":"https:\/\/www.ledkaraib.com\/index.php\/wp-json\/wp\/v2\/media\/24118"}],"wp:attachment":[{"href":"https:\/\/www.ledkaraib.com\/index.php\/wp-json\/wp\/v2\/media?parent=24088"}],"wp:term":[{"taxonomy":"brand","embeddable":true,"href":"https:\/\/www.ledkaraib.com\/index.php\/wp-json\/wp\/v2\/etheme_brands?post=24088"},{"taxonomy":"product_brand","embeddable":true,"href":"https:\/\/www.ledkaraib.com\/index.php\/wp-json\/wp\/v2\/product_brand?post=24088"},{"taxonomy":"product_cat","embeddable":true,"href":"https:\/\/www.ledkaraib.com\/index.php\/wp-json\/wp\/v2\/product_cat?post=24088"},{"taxonomy":"product_tag","embeddable":true,"href":"https:\/\/www.ledkaraib.com\/index.php\/wp-json\/wp\/v2\/product_tag?post=24088"}],"curies":[{"name":"wp","href":"https:\/\/api.w.org\/{rel}","templated":true}]}}