{"id":24263,"date":"2021-08-29T20:55:06","date_gmt":"2021-08-29T20:55:06","guid":{"rendered":"https:\/\/ledkaraib.fr\/?post_type=product&#038;p=24263"},"modified":"2024-05-29T14:36:30","modified_gmt":"2024-05-29T18:36:30","slug":"trust-keychain-remote-acct-510-ml","status":"publish","type":"product","link":"https:\/\/www.ledkaraib.com\/index.php\/produit\/trust-keychain-remote-acct-510-ml\/","title":{"rendered":"TRUST KEYCHAIN REMOTE ACCT-510 ML"},"content":{"rendered":"<div class=\"info\">\n<h3 class=\"translatedTitle\">T\u00e9l\u00e9commande porte-cl\u00e9<\/h3>\n<p class=\"body\">T\u00e9l\u00e9commande compacte pour votre porte-cl\u00e9s, permettant d&rsquo;actionner les luminaires et les appareils<\/p>\n<ul class=\"product-features-list\">\n<li>Forme compacte et arrondie tenant ais\u00e9ment dans une poche\u00a0; id\u00e9ale \u00e0 emporter<\/li>\n<li>Un seul bouton pour commander rapidement un ou plusieurs luminaires\/appareils<\/li>\n<li>Dot\u00e9 d&rsquo;un cordon pour porte-cl\u00e9s<\/li>\n<li>Compatibles avec tous les r\u00e9cepteurs de la gamme de d\u00e9part Trust Smart Home, tels que les prises int\u00e9gr\u00e9es \u00e0 fonction interrupteur, les ampoules LED, les interrupteurs de stores\/porte de garage, etc.<\/li>\n<li>Longue autonomie de pile (fournie)<\/li>\n<li>T\u00e9moin de niveau de pile faible<\/li>\n<li>Port\u00e9e sans fil jusqu&rsquo;\u00e0 30 m\u00e8tres<\/li>\n<\/ul>\n<\/div>\n","protected":false},"excerpt":{"rendered":"<p>T\u00e9l\u00e9commande porte-cl\u00e9 T\u00e9l\u00e9commande compacte pour votre porte-cl\u00e9s, permettant d&rsquo;actionner les luminaires et les appareils Forme compacte et arrondie tenant ais\u00e9ment dans une poche\u00a0; id\u00e9ale \u00e0&#8230;<\/p>\n","protected":false},"featured_media":24293,"template":"","meta":{"content-type":""},"etheme_brands":[],"product_brand":[],"product_cat":[373],"product_tag":[],"class_list":{"0":"post-24263","1":"product","2":"type-product","3":"status-publish","4":"has-post-thumbnail","6":"product_cat-module-domotique","8":"first","9":"instock","10":"taxable","11":"shipping-taxable","12":"purchasable","13":"product-type-simple"},"yoast_head":"<!-- This site is optimized with the Yoast SEO plugin v26.0 - https:\/\/yoast.com\/wordpress\/plugins\/seo\/ -->\n<title>TRUST KEYCHAIN REMOTE ACCT-510 ML - Planete LED Solution d&#039;Eclairage LED<\/title>\n<meta name=\"robots\" content=\"index, follow, max-snippet:-1, max-image-preview:large, max-video-preview:-1\" \/>\n<link rel=\"canonical\" href=\"https:\/\/www.ledkaraib.com\/index.php\/produit\/trust-keychain-remote-acct-510-ml\/\" \/>\n<meta property=\"og:locale\" content=\"fr_FR\" \/>\n<meta property=\"og:type\" content=\"article\" \/>\n<meta property=\"og:title\" content=\"TRUST KEYCHAIN REMOTE ACCT-510 ML - Planete LED Solution d&#039;Eclairage LED\" \/>\n<meta property=\"og:description\" content=\"T\u00e9l\u00e9commande porte-cl\u00e9 T\u00e9l\u00e9commande compacte pour votre porte-cl\u00e9s, permettant d&rsquo;actionner les luminaires et les appareils Forme compacte et arrondie tenant ais\u00e9ment dans une poche\u00a0; id\u00e9ale \u00e0...\" \/>\n<meta property=\"og:url\" content=\"https:\/\/www.ledkaraib.com\/index.php\/produit\/trust-keychain-remote-acct-510-ml\/\" \/>\n<meta property=\"og:site_name\" content=\"Planete LED Solution d&#039;Eclairage LED\" \/>\n<meta property=\"article:modified_time\" content=\"2024-05-29T18:36:30+00:00\" \/>\n<meta property=\"og:image\" content=\"https:\/\/www.ledkaraib.com\/wp-content\/uploads\/2021\/08\/71219.jpg\" \/>\n\t<meta property=\"og:image:width\" content=\"800\" \/>\n\t<meta property=\"og:image:height\" content=\"800\" \/>\n\t<meta property=\"og:image:type\" content=\"image\/jpeg\" \/>\n<meta name=\"twitter:card\" content=\"summary_large_image\" \/>\n<meta name=\"twitter:label1\" content=\"Dur\u00e9e de lecture estim\u00e9e\" \/>\n\t<meta name=\"twitter:data1\" content=\"1 minute\" \/>\n<script type=\"application\/ld+json\" class=\"yoast-schema-graph\">{\"@context\":\"https:\/\/schema.org\",\"@graph\":[{\"@type\":\"WebPage\",\"@id\":\"https:\/\/www.ledkaraib.com\/index.php\/produit\/trust-keychain-remote-acct-510-ml\/\",\"url\":\"https:\/\/www.ledkaraib.com\/index.php\/produit\/trust-keychain-remote-acct-510-ml\/\",\"name\":\"TRUST KEYCHAIN REMOTE ACCT-510 ML - Planete LED Solution d&#039;Eclairage LED\",\"isPartOf\":{\"@id\":\"https:\/\/www.ledkaraib.com\/#website\"},\"primaryImageOfPage\":{\"@id\":\"https:\/\/www.ledkaraib.com\/index.php\/produit\/trust-keychain-remote-acct-510-ml\/#primaryimage\"},\"image\":{\"@id\":\"https:\/\/www.ledkaraib.com\/index.php\/produit\/trust-keychain-remote-acct-510-ml\/#primaryimage\"},\"thumbnailUrl\":\"https:\/\/www.ledkaraib.com\/wp-content\/uploads\/2021\/08\/71219.jpg\",\"datePublished\":\"2021-08-29T20:55:06+00:00\",\"dateModified\":\"2024-05-29T18:36:30+00:00\",\"breadcrumb\":{\"@id\":\"https:\/\/www.ledkaraib.com\/index.php\/produit\/trust-keychain-remote-acct-510-ml\/#breadcrumb\"},\"inLanguage\":\"fr-FR\",\"potentialAction\":[{\"@type\":\"ReadAction\",\"target\":[\"https:\/\/www.ledkaraib.com\/index.php\/produit\/trust-keychain-remote-acct-510-ml\/\"]}]},{\"@type\":\"ImageObject\",\"inLanguage\":\"fr-FR\",\"@id\":\"https:\/\/www.ledkaraib.com\/index.php\/produit\/trust-keychain-remote-acct-510-ml\/#primaryimage\",\"url\":\"https:\/\/www.ledkaraib.com\/wp-content\/uploads\/2021\/08\/71219.jpg\",\"contentUrl\":\"https:\/\/www.ledkaraib.com\/wp-content\/uploads\/2021\/08\/71219.jpg\",\"width\":800,\"height\":800},{\"@type\":\"BreadcrumbList\",\"@id\":\"https:\/\/www.ledkaraib.com\/index.php\/produit\/trust-keychain-remote-acct-510-ml\/#breadcrumb\",\"itemListElement\":[{\"@type\":\"ListItem\",\"position\":1,\"name\":\"Accueil\",\"item\":\"https:\/\/www.ledkaraib.com\/\"},{\"@type\":\"ListItem\",\"position\":2,\"name\":\"Shop\",\"item\":\"https:\/\/www.ledkaraib.com\/index.php\/shop-3\/\"},{\"@type\":\"ListItem\",\"position\":3,\"name\":\"TRUST KEYCHAIN REMOTE ACCT-510 ML\"}]},{\"@type\":\"WebSite\",\"@id\":\"https:\/\/www.ledkaraib.com\/#website\",\"url\":\"https:\/\/www.ledkaraib.com\/\",\"name\":\"Planete LED Solution d&#039;Eclairage LED\",\"description\":\"\",\"potentialAction\":[{\"@type\":\"SearchAction\",\"target\":{\"@type\":\"EntryPoint\",\"urlTemplate\":\"https:\/\/www.ledkaraib.com\/?s={search_term_string}\"},\"query-input\":{\"@type\":\"PropertyValueSpecification\",\"valueRequired\":true,\"valueName\":\"search_term_string\"}}],\"inLanguage\":\"fr-FR\"}]}<\/script>\n<!-- \/ Yoast SEO plugin. -->","yoast_head_json":{"title":"TRUST KEYCHAIN REMOTE ACCT-510 ML - Planete LED Solution d&#039;Eclairage LED","robots":{"index":"index","follow":"follow","max-snippet":"max-snippet:-1","max-image-preview":"max-image-preview:large","max-video-preview":"max-video-preview:-1"},"canonical":"https:\/\/www.ledkaraib.com\/index.php\/produit\/trust-keychain-remote-acct-510-ml\/","og_locale":"fr_FR","og_type":"article","og_title":"TRUST KEYCHAIN REMOTE ACCT-510 ML - Planete LED Solution d&#039;Eclairage LED","og_description":"T\u00e9l\u00e9commande porte-cl\u00e9 T\u00e9l\u00e9commande compacte pour votre porte-cl\u00e9s, permettant d&rsquo;actionner les luminaires et les appareils Forme compacte et arrondie tenant ais\u00e9ment dans une poche\u00a0; id\u00e9ale \u00e0...","og_url":"https:\/\/www.ledkaraib.com\/index.php\/produit\/trust-keychain-remote-acct-510-ml\/","og_site_name":"Planete LED Solution d&#039;Eclairage LED","article_modified_time":"2024-05-29T18:36:30+00:00","og_image":[{"width":800,"height":800,"url":"https:\/\/www.ledkaraib.com\/wp-content\/uploads\/2021\/08\/71219.jpg","type":"image\/jpeg"}],"twitter_card":"summary_large_image","twitter_misc":{"Dur\u00e9e de lecture estim\u00e9e":"1 minute"},"schema":{"@context":"https:\/\/schema.org","@graph":[{"@type":"WebPage","@id":"https:\/\/www.ledkaraib.com\/index.php\/produit\/trust-keychain-remote-acct-510-ml\/","url":"https:\/\/www.ledkaraib.com\/index.php\/produit\/trust-keychain-remote-acct-510-ml\/","name":"TRUST KEYCHAIN REMOTE ACCT-510 ML - Planete LED Solution d&#039;Eclairage LED","isPartOf":{"@id":"https:\/\/www.ledkaraib.com\/#website"},"primaryImageOfPage":{"@id":"https:\/\/www.ledkaraib.com\/index.php\/produit\/trust-keychain-remote-acct-510-ml\/#primaryimage"},"image":{"@id":"https:\/\/www.ledkaraib.com\/index.php\/produit\/trust-keychain-remote-acct-510-ml\/#primaryimage"},"thumbnailUrl":"https:\/\/www.ledkaraib.com\/wp-content\/uploads\/2021\/08\/71219.jpg","datePublished":"2021-08-29T20:55:06+00:00","dateModified":"2024-05-29T18:36:30+00:00","breadcrumb":{"@id":"https:\/\/www.ledkaraib.com\/index.php\/produit\/trust-keychain-remote-acct-510-ml\/#breadcrumb"},"inLanguage":"fr-FR","potentialAction":[{"@type":"ReadAction","target":["https:\/\/www.ledkaraib.com\/index.php\/produit\/trust-keychain-remote-acct-510-ml\/"]}]},{"@type":"ImageObject","inLanguage":"fr-FR","@id":"https:\/\/www.ledkaraib.com\/index.php\/produit\/trust-keychain-remote-acct-510-ml\/#primaryimage","url":"https:\/\/www.ledkaraib.com\/wp-content\/uploads\/2021\/08\/71219.jpg","contentUrl":"https:\/\/www.ledkaraib.com\/wp-content\/uploads\/2021\/08\/71219.jpg","width":800,"height":800},{"@type":"BreadcrumbList","@id":"https:\/\/www.ledkaraib.com\/index.php\/produit\/trust-keychain-remote-acct-510-ml\/#breadcrumb","itemListElement":[{"@type":"ListItem","position":1,"name":"Accueil","item":"https:\/\/www.ledkaraib.com\/"},{"@type":"ListItem","position":2,"name":"Shop","item":"https:\/\/www.ledkaraib.com\/index.php\/shop-3\/"},{"@type":"ListItem","position":3,"name":"TRUST KEYCHAIN REMOTE ACCT-510 ML"}]},{"@type":"WebSite","@id":"https:\/\/www.ledkaraib.com\/#website","url":"https:\/\/www.ledkaraib.com\/","name":"Planete LED Solution d&#039;Eclairage LED","description":"","potentialAction":[{"@type":"SearchAction","target":{"@type":"EntryPoint","urlTemplate":"https:\/\/www.ledkaraib.com\/?s={search_term_string}"},"query-input":{"@type":"PropertyValueSpecification","valueRequired":true,"valueName":"search_term_string"}}],"inLanguage":"fr-FR"}]}},"jetpack_sharing_enabled":true,"_links":{"self":[{"href":"https:\/\/www.ledkaraib.com\/index.php\/wp-json\/wp\/v2\/product\/24263","targetHints":{"allow":["GET"]}}],"collection":[{"href":"https:\/\/www.ledkaraib.com\/index.php\/wp-json\/wp\/v2\/product"}],"about":[{"href":"https:\/\/www.ledkaraib.com\/index.php\/wp-json\/wp\/v2\/types\/product"}],"version-history":[{"count":1,"href":"https:\/\/www.ledkaraib.com\/index.php\/wp-json\/wp\/v2\/product\/24263\/revisions"}],"predecessor-version":[{"id":45886,"href":"https:\/\/www.ledkaraib.com\/index.php\/wp-json\/wp\/v2\/product\/24263\/revisions\/45886"}],"wp:featuredmedia":[{"embeddable":true,"href":"https:\/\/www.ledkaraib.com\/index.php\/wp-json\/wp\/v2\/media\/24293"}],"wp:attachment":[{"href":"https:\/\/www.ledkaraib.com\/index.php\/wp-json\/wp\/v2\/media?parent=24263"}],"wp:term":[{"taxonomy":"brand","embeddable":true,"href":"https:\/\/www.ledkaraib.com\/index.php\/wp-json\/wp\/v2\/etheme_brands?post=24263"},{"taxonomy":"product_brand","embeddable":true,"href":"https:\/\/www.ledkaraib.com\/index.php\/wp-json\/wp\/v2\/product_brand?post=24263"},{"taxonomy":"product_cat","embeddable":true,"href":"https:\/\/www.ledkaraib.com\/index.php\/wp-json\/wp\/v2\/product_cat?post=24263"},{"taxonomy":"product_tag","embeddable":true,"href":"https:\/\/www.ledkaraib.com\/index.php\/wp-json\/wp\/v2\/product_tag?post=24263"}],"curies":[{"name":"wp","href":"https:\/\/api.w.org\/{rel}","templated":true}]}}