{"id":24514,"date":"2021-08-29T20:57:27","date_gmt":"2021-08-29T20:57:27","guid":{"rendered":"https:\/\/ledkaraib.fr\/?post_type=product&#038;p=24514"},"modified":"2022-04-02T11:37:36","modified_gmt":"2022-04-02T15:37:36","slug":"ideal-lux-zenith-pt1-small-antracite","status":"publish","type":"product","link":"https:\/\/www.ledkaraib.com\/index.php\/produit\/ideal-lux-zenith-pt1-small-antracite\/","title":{"rendered":"IDEAL LUX ZENITH PT1 SMALL ANTRACITE"},"content":{"rendered":"<div id=\"ctl51_ctl01_divDescrFunzCat\"><span id=\"ctl51_ctl01_lblFunzioneNome\">Terre<\/span><span id=\"ctl51_ctl01_lblSeparator\">\u00a0|\u00a0<\/span><span id=\"ctl51_ctl01_lblCategoriaNome\">Ext\u00e9rieur<\/span><\/div>\n<p id=\"ctl51_ctl01_DescrizioneArt\" class=\"descrizione\">Monture en fusion d&rsquo;aluminium vernie \u00e0 poudres et finition anthracite. Corps lumineux positionnable. Diffuseur en mati\u00e8re plastique.<\/p>\n<div id=\"ctl51_ctl01_BoxDes\" class=\"box_descrittori\">\n<ul id=\"ctl51_ctl01_ctl01\" class=\"descrittori_raggruppamenti_first descrittori_raggruppamenti\">\n<li id=\"ctl51_ctl01_ctl01_ctl00\" class=\"first last\">\n<ul id=\"ctl51_ctl01_ctl01_ctl00_ctl01\" class=\"descrittori_elenco\">\n<li id=\"ctl51_ctl01_ctl01_ctl00_ctl01_ctl01\" class=\"first\">\n<div class=\"descrittore testo\"><span class=\"valori\"><span class=\"first\">\u00d8 12 x H 30 cm<\/span><\/span><\/div>\n<\/li>\n<li id=\"ctl51_ctl01_ctl01_ctl00_ctl01_ctl02\" class=\"last alternate\">\n<div class=\"descrittore testo\"><span class=\"valori\"><span class=\"first\">GU10 max 1 x 11W<\/span><\/span><\/div>\n<\/li>\n<\/ul>\n<\/li>\n<\/ul>\n<\/div>\n<div class=\"descrittoriboolean\"><img decoding=\"async\" id=\"ctl51_ctl01_rptDescrittoriBoolean_ctl00_imgIcona\" title=\"\" src=\"https:\/\/www.ideal-lux.com\/upload\/1\/images\/\/Icone\/2019\/Ico_PT_nero.png\" data-original-title=\"Terre\" \/>\u00a0<img decoding=\"async\" id=\"ctl51_ctl01_rptDescrittoriBoolean_ctl01_imgIcona\" title=\"\" src=\"https:\/\/www.ideal-lux.com\/upload\/1\/images\/\/Icone\/2019\/Lampadina_inclusa.png\" data-original-title=\"Light bulb included\" \/>\u00a0<img decoding=\"async\" id=\"ctl51_ctl01_rptDescrittoriBoolean_ctl02_imgIcona\" title=\"\" src=\"https:\/\/www.ideal-lux.com\/upload\/1\/images\/\/Icone\/ICONE\/ip\/IP65.png\" alt=\"IP65\" data-original-title=\"\" \/><\/div>\n","protected":false},"excerpt":{"rendered":"<p>Terre\u00a0|\u00a0Ext\u00e9rieur Monture en fusion d&rsquo;aluminium vernie \u00e0 poudres et finition anthracite. Corps lumineux positionnable. Diffuseur en mati\u00e8re plastique. \u00d8 12 x H 30 cm GU10&#8230;<\/p>\n","protected":false},"featured_media":24544,"template":"","meta":{"content-type":""},"etheme_brands":[],"product_brand":[],"product_cat":[393],"product_tag":[],"class_list":{"0":"post-24514","1":"product","2":"type-product","3":"status-publish","4":"has-post-thumbnail","6":"product_cat-spot-piquet","8":"first","9":"instock","10":"taxable","11":"shipping-taxable","12":"purchasable","13":"product-type-simple"},"yoast_head":"<!-- This site is optimized with the Yoast SEO plugin v26.0 - https:\/\/yoast.com\/wordpress\/plugins\/seo\/ -->\n<title>IDEAL LUX ZENITH PT1 SMALL ANTRACITE - Planete LED Solution d&#039;Eclairage LED<\/title>\n<meta name=\"robots\" content=\"index, follow, max-snippet:-1, max-image-preview:large, max-video-preview:-1\" \/>\n<link rel=\"canonical\" href=\"https:\/\/www.ledkaraib.com\/index.php\/produit\/ideal-lux-zenith-pt1-small-antracite\/\" \/>\n<meta property=\"og:locale\" content=\"fr_FR\" \/>\n<meta property=\"og:type\" content=\"article\" \/>\n<meta property=\"og:title\" content=\"IDEAL LUX ZENITH PT1 SMALL ANTRACITE - Planete LED Solution d&#039;Eclairage LED\" \/>\n<meta property=\"og:description\" content=\"Terre\u00a0|\u00a0Ext\u00e9rieur Monture en fusion d&rsquo;aluminium vernie \u00e0 poudres et finition anthracite. Corps lumineux positionnable. Diffuseur en mati\u00e8re plastique. \u00d8 12 x H 30 cm GU10...\" \/>\n<meta property=\"og:url\" content=\"https:\/\/www.ledkaraib.com\/index.php\/produit\/ideal-lux-zenith-pt1-small-antracite\/\" \/>\n<meta property=\"og:site_name\" content=\"Planete LED Solution d&#039;Eclairage LED\" \/>\n<meta property=\"article:modified_time\" content=\"2022-04-02T15:37:36+00:00\" \/>\n<meta property=\"og:image\" content=\"https:\/\/www.ledkaraib.com\/wp-content\/uploads\/2021\/08\/ZENITH-PT1-SMALL-ANTRACITE.jpg\" \/>\n\t<meta property=\"og:image:width\" content=\"225\" \/>\n\t<meta property=\"og:image:height\" content=\"225\" \/>\n\t<meta property=\"og:image:type\" content=\"image\/jpeg\" \/>\n<meta name=\"twitter:card\" content=\"summary_large_image\" \/>\n<script type=\"application\/ld+json\" class=\"yoast-schema-graph\">{\"@context\":\"https:\/\/schema.org\",\"@graph\":[{\"@type\":\"WebPage\",\"@id\":\"https:\/\/www.ledkaraib.com\/index.php\/produit\/ideal-lux-zenith-pt1-small-antracite\/\",\"url\":\"https:\/\/www.ledkaraib.com\/index.php\/produit\/ideal-lux-zenith-pt1-small-antracite\/\",\"name\":\"IDEAL LUX ZENITH PT1 SMALL ANTRACITE - Planete LED Solution d&#039;Eclairage LED\",\"isPartOf\":{\"@id\":\"https:\/\/www.ledkaraib.com\/#website\"},\"primaryImageOfPage\":{\"@id\":\"https:\/\/www.ledkaraib.com\/index.php\/produit\/ideal-lux-zenith-pt1-small-antracite\/#primaryimage\"},\"image\":{\"@id\":\"https:\/\/www.ledkaraib.com\/index.php\/produit\/ideal-lux-zenith-pt1-small-antracite\/#primaryimage\"},\"thumbnailUrl\":\"https:\/\/www.ledkaraib.com\/wp-content\/uploads\/2021\/08\/ZENITH-PT1-SMALL-ANTRACITE.jpg\",\"datePublished\":\"2021-08-29T20:57:27+00:00\",\"dateModified\":\"2022-04-02T15:37:36+00:00\",\"breadcrumb\":{\"@id\":\"https:\/\/www.ledkaraib.com\/index.php\/produit\/ideal-lux-zenith-pt1-small-antracite\/#breadcrumb\"},\"inLanguage\":\"fr-FR\",\"potentialAction\":[{\"@type\":\"ReadAction\",\"target\":[\"https:\/\/www.ledkaraib.com\/index.php\/produit\/ideal-lux-zenith-pt1-small-antracite\/\"]}]},{\"@type\":\"ImageObject\",\"inLanguage\":\"fr-FR\",\"@id\":\"https:\/\/www.ledkaraib.com\/index.php\/produit\/ideal-lux-zenith-pt1-small-antracite\/#primaryimage\",\"url\":\"https:\/\/www.ledkaraib.com\/wp-content\/uploads\/2021\/08\/ZENITH-PT1-SMALL-ANTRACITE.jpg\",\"contentUrl\":\"https:\/\/www.ledkaraib.com\/wp-content\/uploads\/2021\/08\/ZENITH-PT1-SMALL-ANTRACITE.jpg\",\"width\":225,\"height\":225},{\"@type\":\"BreadcrumbList\",\"@id\":\"https:\/\/www.ledkaraib.com\/index.php\/produit\/ideal-lux-zenith-pt1-small-antracite\/#breadcrumb\",\"itemListElement\":[{\"@type\":\"ListItem\",\"position\":1,\"name\":\"Accueil\",\"item\":\"https:\/\/www.ledkaraib.com\/\"},{\"@type\":\"ListItem\",\"position\":2,\"name\":\"Shop\",\"item\":\"https:\/\/www.ledkaraib.com\/index.php\/shop-3\/\"},{\"@type\":\"ListItem\",\"position\":3,\"name\":\"IDEAL LUX ZENITH PT1 SMALL ANTRACITE\"}]},{\"@type\":\"WebSite\",\"@id\":\"https:\/\/www.ledkaraib.com\/#website\",\"url\":\"https:\/\/www.ledkaraib.com\/\",\"name\":\"Planete LED Solution d&#039;Eclairage LED\",\"description\":\"\",\"potentialAction\":[{\"@type\":\"SearchAction\",\"target\":{\"@type\":\"EntryPoint\",\"urlTemplate\":\"https:\/\/www.ledkaraib.com\/?s={search_term_string}\"},\"query-input\":{\"@type\":\"PropertyValueSpecification\",\"valueRequired\":true,\"valueName\":\"search_term_string\"}}],\"inLanguage\":\"fr-FR\"}]}<\/script>\n<!-- \/ Yoast SEO plugin. -->","yoast_head_json":{"title":"IDEAL LUX ZENITH PT1 SMALL ANTRACITE - Planete LED Solution d&#039;Eclairage LED","robots":{"index":"index","follow":"follow","max-snippet":"max-snippet:-1","max-image-preview":"max-image-preview:large","max-video-preview":"max-video-preview:-1"},"canonical":"https:\/\/www.ledkaraib.com\/index.php\/produit\/ideal-lux-zenith-pt1-small-antracite\/","og_locale":"fr_FR","og_type":"article","og_title":"IDEAL LUX ZENITH PT1 SMALL ANTRACITE - Planete LED Solution d&#039;Eclairage LED","og_description":"Terre\u00a0|\u00a0Ext\u00e9rieur Monture en fusion d&rsquo;aluminium vernie \u00e0 poudres et finition anthracite. Corps lumineux positionnable. Diffuseur en mati\u00e8re plastique. \u00d8 12 x H 30 cm GU10...","og_url":"https:\/\/www.ledkaraib.com\/index.php\/produit\/ideal-lux-zenith-pt1-small-antracite\/","og_site_name":"Planete LED Solution d&#039;Eclairage LED","article_modified_time":"2022-04-02T15:37:36+00:00","og_image":[{"width":225,"height":225,"url":"https:\/\/www.ledkaraib.com\/wp-content\/uploads\/2021\/08\/ZENITH-PT1-SMALL-ANTRACITE.jpg","type":"image\/jpeg"}],"twitter_card":"summary_large_image","schema":{"@context":"https:\/\/schema.org","@graph":[{"@type":"WebPage","@id":"https:\/\/www.ledkaraib.com\/index.php\/produit\/ideal-lux-zenith-pt1-small-antracite\/","url":"https:\/\/www.ledkaraib.com\/index.php\/produit\/ideal-lux-zenith-pt1-small-antracite\/","name":"IDEAL LUX ZENITH PT1 SMALL ANTRACITE - Planete LED Solution d&#039;Eclairage LED","isPartOf":{"@id":"https:\/\/www.ledkaraib.com\/#website"},"primaryImageOfPage":{"@id":"https:\/\/www.ledkaraib.com\/index.php\/produit\/ideal-lux-zenith-pt1-small-antracite\/#primaryimage"},"image":{"@id":"https:\/\/www.ledkaraib.com\/index.php\/produit\/ideal-lux-zenith-pt1-small-antracite\/#primaryimage"},"thumbnailUrl":"https:\/\/www.ledkaraib.com\/wp-content\/uploads\/2021\/08\/ZENITH-PT1-SMALL-ANTRACITE.jpg","datePublished":"2021-08-29T20:57:27+00:00","dateModified":"2022-04-02T15:37:36+00:00","breadcrumb":{"@id":"https:\/\/www.ledkaraib.com\/index.php\/produit\/ideal-lux-zenith-pt1-small-antracite\/#breadcrumb"},"inLanguage":"fr-FR","potentialAction":[{"@type":"ReadAction","target":["https:\/\/www.ledkaraib.com\/index.php\/produit\/ideal-lux-zenith-pt1-small-antracite\/"]}]},{"@type":"ImageObject","inLanguage":"fr-FR","@id":"https:\/\/www.ledkaraib.com\/index.php\/produit\/ideal-lux-zenith-pt1-small-antracite\/#primaryimage","url":"https:\/\/www.ledkaraib.com\/wp-content\/uploads\/2021\/08\/ZENITH-PT1-SMALL-ANTRACITE.jpg","contentUrl":"https:\/\/www.ledkaraib.com\/wp-content\/uploads\/2021\/08\/ZENITH-PT1-SMALL-ANTRACITE.jpg","width":225,"height":225},{"@type":"BreadcrumbList","@id":"https:\/\/www.ledkaraib.com\/index.php\/produit\/ideal-lux-zenith-pt1-small-antracite\/#breadcrumb","itemListElement":[{"@type":"ListItem","position":1,"name":"Accueil","item":"https:\/\/www.ledkaraib.com\/"},{"@type":"ListItem","position":2,"name":"Shop","item":"https:\/\/www.ledkaraib.com\/index.php\/shop-3\/"},{"@type":"ListItem","position":3,"name":"IDEAL LUX ZENITH PT1 SMALL ANTRACITE"}]},{"@type":"WebSite","@id":"https:\/\/www.ledkaraib.com\/#website","url":"https:\/\/www.ledkaraib.com\/","name":"Planete LED Solution d&#039;Eclairage LED","description":"","potentialAction":[{"@type":"SearchAction","target":{"@type":"EntryPoint","urlTemplate":"https:\/\/www.ledkaraib.com\/?s={search_term_string}"},"query-input":{"@type":"PropertyValueSpecification","valueRequired":true,"valueName":"search_term_string"}}],"inLanguage":"fr-FR"}]}},"jetpack_sharing_enabled":true,"_links":{"self":[{"href":"https:\/\/www.ledkaraib.com\/index.php\/wp-json\/wp\/v2\/product\/24514","targetHints":{"allow":["GET"]}}],"collection":[{"href":"https:\/\/www.ledkaraib.com\/index.php\/wp-json\/wp\/v2\/product"}],"about":[{"href":"https:\/\/www.ledkaraib.com\/index.php\/wp-json\/wp\/v2\/types\/product"}],"version-history":[{"count":0,"href":"https:\/\/www.ledkaraib.com\/index.php\/wp-json\/wp\/v2\/product\/24514\/revisions"}],"wp:featuredmedia":[{"embeddable":true,"href":"https:\/\/www.ledkaraib.com\/index.php\/wp-json\/wp\/v2\/media\/24544"}],"wp:attachment":[{"href":"https:\/\/www.ledkaraib.com\/index.php\/wp-json\/wp\/v2\/media?parent=24514"}],"wp:term":[{"taxonomy":"brand","embeddable":true,"href":"https:\/\/www.ledkaraib.com\/index.php\/wp-json\/wp\/v2\/etheme_brands?post=24514"},{"taxonomy":"product_brand","embeddable":true,"href":"https:\/\/www.ledkaraib.com\/index.php\/wp-json\/wp\/v2\/product_brand?post=24514"},{"taxonomy":"product_cat","embeddable":true,"href":"https:\/\/www.ledkaraib.com\/index.php\/wp-json\/wp\/v2\/product_cat?post=24514"},{"taxonomy":"product_tag","embeddable":true,"href":"https:\/\/www.ledkaraib.com\/index.php\/wp-json\/wp\/v2\/product_tag?post=24514"}],"curies":[{"name":"wp","href":"https:\/\/api.w.org\/{rel}","templated":true}]}}