{"id":24855,"date":"2021-08-29T21:00:07","date_gmt":"2021-08-29T21:00:07","guid":{"rendered":"https:\/\/ledkaraib.fr\/?post_type=product&#038;p=24855"},"modified":"2025-03-21T11:14:28","modified_gmt":"2025-03-21T15:14:28","slug":"trust-universal-switch-amu-500","status":"publish","type":"product","link":"https:\/\/www.ledkaraib.com\/index.php\/produit\/trust-universal-switch-amu-500\/","title":{"rendered":"TRUST Universal Switch AMU-500"},"content":{"rendered":"<h3 class=\"translatedTitle\">Interrupteur universel<\/h3>\n<p class=\"body\">Interrupteur universel sans fil pour commander des moteurs \u00e0 faible tension, des moteurs d&rsquo;ouverture de portes automatis\u00e9e et des installations de sonnette de porte (500\u00a0W max.).<\/p>\n<ul class=\"product-features-list\">\n<li>Commutation hors tension pour \u00e9quipements sous CA\/CC jusqu&rsquo;\u00e0 230\u00a0V (500\u00a0W max.)<\/li>\n<li>Peut commander des moteurs de 230\u00a0VCA et 12-24\u00a0VCC pour ouverture automatis\u00e9e de portes et portails<\/li>\n<li>Adapt\u00e9 \u00e9galement aux installations \u00e0 entr\u00e9e par impulsions et sonnettes de porte existantes<\/li>\n<li>Param\u00e8tres d&rsquo;arr\u00eat automatique\u00a0: 1\u00a0s, 5\u00a0s ou 2\u00a0min<\/li>\n<\/ul>\n","protected":false},"excerpt":{"rendered":"<p>Interrupteur universel Interrupteur universel sans fil pour commander des moteurs \u00e0 faible tension, des moteurs d&rsquo;ouverture de portes automatis\u00e9e et des installations de sonnette de&#8230;<\/p>\n","protected":false},"featured_media":24885,"template":"","meta":{"content-type":""},"etheme_brands":[],"product_brand":[],"product_cat":[373],"product_tag":[],"class_list":{"0":"post-24855","1":"product","2":"type-product","3":"status-publish","4":"has-post-thumbnail","6":"product_cat-module-domotique","8":"first","9":"instock","10":"taxable","11":"shipping-taxable","12":"purchasable","13":"product-type-simple"},"yoast_head":"<!-- This site is optimized with the Yoast SEO plugin v26.0 - https:\/\/yoast.com\/wordpress\/plugins\/seo\/ -->\n<title>TRUST Universal Switch AMU-500 - Planete LED Solution d&#039;Eclairage LED<\/title>\n<meta name=\"robots\" content=\"index, follow, max-snippet:-1, max-image-preview:large, max-video-preview:-1\" \/>\n<link rel=\"canonical\" href=\"https:\/\/www.ledkaraib.com\/index.php\/produit\/trust-universal-switch-amu-500\/\" \/>\n<meta property=\"og:locale\" content=\"fr_FR\" \/>\n<meta property=\"og:type\" content=\"article\" \/>\n<meta property=\"og:title\" content=\"TRUST Universal Switch AMU-500 - Planete LED Solution d&#039;Eclairage LED\" \/>\n<meta property=\"og:description\" content=\"Interrupteur universel Interrupteur universel sans fil pour commander des moteurs \u00e0 faible tension, des moteurs d&rsquo;ouverture de portes automatis\u00e9e et des installations de sonnette de...\" \/>\n<meta property=\"og:url\" content=\"https:\/\/www.ledkaraib.com\/index.php\/produit\/trust-universal-switch-amu-500\/\" \/>\n<meta property=\"og:site_name\" content=\"Planete LED Solution d&#039;Eclairage LED\" \/>\n<meta property=\"article:modified_time\" content=\"2025-03-21T15:14:28+00:00\" \/>\n<meta property=\"og:image\" content=\"https:\/\/www.ledkaraib.com\/wp-content\/uploads\/2021\/08\/71109.jpg\" \/>\n\t<meta property=\"og:image:width\" content=\"800\" \/>\n\t<meta property=\"og:image:height\" content=\"800\" \/>\n\t<meta property=\"og:image:type\" content=\"image\/jpeg\" \/>\n<meta name=\"twitter:card\" content=\"summary_large_image\" \/>\n<script type=\"application\/ld+json\" class=\"yoast-schema-graph\">{\"@context\":\"https:\/\/schema.org\",\"@graph\":[{\"@type\":\"WebPage\",\"@id\":\"https:\/\/www.ledkaraib.com\/index.php\/produit\/trust-universal-switch-amu-500\/\",\"url\":\"https:\/\/www.ledkaraib.com\/index.php\/produit\/trust-universal-switch-amu-500\/\",\"name\":\"TRUST Universal Switch AMU-500 - Planete LED Solution d&#039;Eclairage LED\",\"isPartOf\":{\"@id\":\"https:\/\/www.ledkaraib.com\/#website\"},\"primaryImageOfPage\":{\"@id\":\"https:\/\/www.ledkaraib.com\/index.php\/produit\/trust-universal-switch-amu-500\/#primaryimage\"},\"image\":{\"@id\":\"https:\/\/www.ledkaraib.com\/index.php\/produit\/trust-universal-switch-amu-500\/#primaryimage\"},\"thumbnailUrl\":\"https:\/\/www.ledkaraib.com\/wp-content\/uploads\/2021\/08\/71109.jpg\",\"datePublished\":\"2021-08-29T21:00:07+00:00\",\"dateModified\":\"2025-03-21T15:14:28+00:00\",\"breadcrumb\":{\"@id\":\"https:\/\/www.ledkaraib.com\/index.php\/produit\/trust-universal-switch-amu-500\/#breadcrumb\"},\"inLanguage\":\"fr-FR\",\"potentialAction\":[{\"@type\":\"ReadAction\",\"target\":[\"https:\/\/www.ledkaraib.com\/index.php\/produit\/trust-universal-switch-amu-500\/\"]}]},{\"@type\":\"ImageObject\",\"inLanguage\":\"fr-FR\",\"@id\":\"https:\/\/www.ledkaraib.com\/index.php\/produit\/trust-universal-switch-amu-500\/#primaryimage\",\"url\":\"https:\/\/www.ledkaraib.com\/wp-content\/uploads\/2021\/08\/71109.jpg\",\"contentUrl\":\"https:\/\/www.ledkaraib.com\/wp-content\/uploads\/2021\/08\/71109.jpg\",\"width\":800,\"height\":800},{\"@type\":\"BreadcrumbList\",\"@id\":\"https:\/\/www.ledkaraib.com\/index.php\/produit\/trust-universal-switch-amu-500\/#breadcrumb\",\"itemListElement\":[{\"@type\":\"ListItem\",\"position\":1,\"name\":\"Accueil\",\"item\":\"https:\/\/www.ledkaraib.com\/\"},{\"@type\":\"ListItem\",\"position\":2,\"name\":\"Shop\",\"item\":\"https:\/\/www.ledkaraib.com\/index.php\/shop-3\/\"},{\"@type\":\"ListItem\",\"position\":3,\"name\":\"TRUST Universal Switch AMU-500\"}]},{\"@type\":\"WebSite\",\"@id\":\"https:\/\/www.ledkaraib.com\/#website\",\"url\":\"https:\/\/www.ledkaraib.com\/\",\"name\":\"Planete LED Solution d&#039;Eclairage LED\",\"description\":\"\",\"potentialAction\":[{\"@type\":\"SearchAction\",\"target\":{\"@type\":\"EntryPoint\",\"urlTemplate\":\"https:\/\/www.ledkaraib.com\/?s={search_term_string}\"},\"query-input\":{\"@type\":\"PropertyValueSpecification\",\"valueRequired\":true,\"valueName\":\"search_term_string\"}}],\"inLanguage\":\"fr-FR\"}]}<\/script>\n<!-- \/ Yoast SEO plugin. -->","yoast_head_json":{"title":"TRUST Universal Switch AMU-500 - Planete LED Solution d&#039;Eclairage LED","robots":{"index":"index","follow":"follow","max-snippet":"max-snippet:-1","max-image-preview":"max-image-preview:large","max-video-preview":"max-video-preview:-1"},"canonical":"https:\/\/www.ledkaraib.com\/index.php\/produit\/trust-universal-switch-amu-500\/","og_locale":"fr_FR","og_type":"article","og_title":"TRUST Universal Switch AMU-500 - Planete LED Solution d&#039;Eclairage LED","og_description":"Interrupteur universel Interrupteur universel sans fil pour commander des moteurs \u00e0 faible tension, des moteurs d&rsquo;ouverture de portes automatis\u00e9e et des installations de sonnette de...","og_url":"https:\/\/www.ledkaraib.com\/index.php\/produit\/trust-universal-switch-amu-500\/","og_site_name":"Planete LED Solution d&#039;Eclairage LED","article_modified_time":"2025-03-21T15:14:28+00:00","og_image":[{"width":800,"height":800,"url":"https:\/\/www.ledkaraib.com\/wp-content\/uploads\/2021\/08\/71109.jpg","type":"image\/jpeg"}],"twitter_card":"summary_large_image","schema":{"@context":"https:\/\/schema.org","@graph":[{"@type":"WebPage","@id":"https:\/\/www.ledkaraib.com\/index.php\/produit\/trust-universal-switch-amu-500\/","url":"https:\/\/www.ledkaraib.com\/index.php\/produit\/trust-universal-switch-amu-500\/","name":"TRUST Universal Switch AMU-500 - Planete LED Solution d&#039;Eclairage LED","isPartOf":{"@id":"https:\/\/www.ledkaraib.com\/#website"},"primaryImageOfPage":{"@id":"https:\/\/www.ledkaraib.com\/index.php\/produit\/trust-universal-switch-amu-500\/#primaryimage"},"image":{"@id":"https:\/\/www.ledkaraib.com\/index.php\/produit\/trust-universal-switch-amu-500\/#primaryimage"},"thumbnailUrl":"https:\/\/www.ledkaraib.com\/wp-content\/uploads\/2021\/08\/71109.jpg","datePublished":"2021-08-29T21:00:07+00:00","dateModified":"2025-03-21T15:14:28+00:00","breadcrumb":{"@id":"https:\/\/www.ledkaraib.com\/index.php\/produit\/trust-universal-switch-amu-500\/#breadcrumb"},"inLanguage":"fr-FR","potentialAction":[{"@type":"ReadAction","target":["https:\/\/www.ledkaraib.com\/index.php\/produit\/trust-universal-switch-amu-500\/"]}]},{"@type":"ImageObject","inLanguage":"fr-FR","@id":"https:\/\/www.ledkaraib.com\/index.php\/produit\/trust-universal-switch-amu-500\/#primaryimage","url":"https:\/\/www.ledkaraib.com\/wp-content\/uploads\/2021\/08\/71109.jpg","contentUrl":"https:\/\/www.ledkaraib.com\/wp-content\/uploads\/2021\/08\/71109.jpg","width":800,"height":800},{"@type":"BreadcrumbList","@id":"https:\/\/www.ledkaraib.com\/index.php\/produit\/trust-universal-switch-amu-500\/#breadcrumb","itemListElement":[{"@type":"ListItem","position":1,"name":"Accueil","item":"https:\/\/www.ledkaraib.com\/"},{"@type":"ListItem","position":2,"name":"Shop","item":"https:\/\/www.ledkaraib.com\/index.php\/shop-3\/"},{"@type":"ListItem","position":3,"name":"TRUST Universal Switch AMU-500"}]},{"@type":"WebSite","@id":"https:\/\/www.ledkaraib.com\/#website","url":"https:\/\/www.ledkaraib.com\/","name":"Planete LED Solution d&#039;Eclairage LED","description":"","potentialAction":[{"@type":"SearchAction","target":{"@type":"EntryPoint","urlTemplate":"https:\/\/www.ledkaraib.com\/?s={search_term_string}"},"query-input":{"@type":"PropertyValueSpecification","valueRequired":true,"valueName":"search_term_string"}}],"inLanguage":"fr-FR"}]}},"jetpack_sharing_enabled":true,"_links":{"self":[{"href":"https:\/\/www.ledkaraib.com\/index.php\/wp-json\/wp\/v2\/product\/24855","targetHints":{"allow":["GET"]}}],"collection":[{"href":"https:\/\/www.ledkaraib.com\/index.php\/wp-json\/wp\/v2\/product"}],"about":[{"href":"https:\/\/www.ledkaraib.com\/index.php\/wp-json\/wp\/v2\/types\/product"}],"version-history":[{"count":1,"href":"https:\/\/www.ledkaraib.com\/index.php\/wp-json\/wp\/v2\/product\/24855\/revisions"}],"predecessor-version":[{"id":47601,"href":"https:\/\/www.ledkaraib.com\/index.php\/wp-json\/wp\/v2\/product\/24855\/revisions\/47601"}],"wp:featuredmedia":[{"embeddable":true,"href":"https:\/\/www.ledkaraib.com\/index.php\/wp-json\/wp\/v2\/media\/24885"}],"wp:attachment":[{"href":"https:\/\/www.ledkaraib.com\/index.php\/wp-json\/wp\/v2\/media?parent=24855"}],"wp:term":[{"taxonomy":"brand","embeddable":true,"href":"https:\/\/www.ledkaraib.com\/index.php\/wp-json\/wp\/v2\/etheme_brands?post=24855"},{"taxonomy":"product_brand","embeddable":true,"href":"https:\/\/www.ledkaraib.com\/index.php\/wp-json\/wp\/v2\/product_brand?post=24855"},{"taxonomy":"product_cat","embeddable":true,"href":"https:\/\/www.ledkaraib.com\/index.php\/wp-json\/wp\/v2\/product_cat?post=24855"},{"taxonomy":"product_tag","embeddable":true,"href":"https:\/\/www.ledkaraib.com\/index.php\/wp-json\/wp\/v2\/product_tag?post=24855"}],"curies":[{"name":"wp","href":"https:\/\/api.w.org\/{rel}","templated":true}]}}