{"id":24893,"date":"2021-08-29T21:00:31","date_gmt":"2021-08-29T21:00:31","guid":{"rendered":"https:\/\/ledkaraib.fr\/?post_type=product&#038;p=24893"},"modified":"2022-09-30T10:36:44","modified_gmt":"2022-09-30T14:36:44","slug":"ideal-lux-focus-ap1-cromo","status":"publish","type":"product","link":"https:\/\/www.ledkaraib.com\/index.php\/produit\/ideal-lux-focus-ap1-cromo\/","title":{"rendered":"IDEAL LUX FOCUS AP1 CROMO"},"content":{"rendered":"<div id=\"ctl51_ctl01_divDescrFunzCat\"><span id=\"ctl51_ctl01_lblFunzioneNome\">Applique<\/span><span id=\"ctl51_ctl01_lblSeparator\">\u00a0|\u00a0<\/span><span id=\"ctl51_ctl01_lblCategoriaNome\">Int\u00e9rieur<\/span><\/div>\n<p id=\"ctl51_ctl01_DescrizioneArt\" class=\"descrizione\">Corps lumineux en m\u00e9tal avec bras flexible r\u00e9glable recouvert en caoutchouc. Fini en blanc ou noir mat ou en gris avec d\u00e9tails en chrome.<\/p>\n<div id=\"ctl51_ctl01_BoxDes\" class=\"box_descrittori\">\n<ul id=\"ctl51_ctl01_ctl01\" class=\"descrittori_raggruppamenti_first descrittori_raggruppamenti\">\n<li id=\"ctl51_ctl01_ctl01_ctl00\" class=\"first last\">\n<ul id=\"ctl51_ctl01_ctl01_ctl00_ctl01\" class=\"descrittori_elenco\">\n<li id=\"ctl51_ctl01_ctl01_ctl00_ctl01_ctl00\" class=\"first\">\n<div class=\"descrittore testo\"><span class=\"valori\"><span class=\"first\">30000h<\/span><\/span><\/div>\n<\/li>\n<li id=\"ctl51_ctl01_ctl01_ctl00_ctl01_ctl01\" class=\"alternate\">\n<div class=\"descrittore testo\"><span class=\"valori\"><span class=\"first\">200<\/span><span class=\"unita\">lumen<\/span><\/span><\/div>\n<\/li>\n<li id=\"ctl51_ctl01_ctl01_ctl00_ctl01_ctl02\">\n<div class=\"descrittore testo\"><span class=\"valori\"><span class=\"first\">\u00d8 10 x P min 28 \/ max 55 cm<\/span><\/span><\/div>\n<\/li>\n<li id=\"ctl51_ctl01_ctl01_ctl00_ctl01_ctl03\" class=\"last alternate\">\n<div class=\"descrittore testo\"><span class=\"valori\"><span class=\"first\">LED 3W<\/span><\/span><\/div>\n<\/li>\n<\/ul>\n<\/li>\n<\/ul>\n<\/div>\n<div class=\"descrittoriboolean\"><img decoding=\"async\" id=\"ctl51_ctl01_rptDescrittoriBoolean_ctl00_imgIcona\" title=\"\" src=\"https:\/\/www.ideal-lux.com\/upload\/1\/images\/\/Icone\/2019\/Ico_AP_nero.png\" data-original-title=\"Applique\" \/>\u00a0<img decoding=\"async\" id=\"ctl51_ctl01_rptDescrittoriBoolean_ctl01_imgIcona\" title=\"\" src=\"https:\/\/www.ideal-lux.com\/upload\/1\/images\/\/Icone\/2019\/Lampadina_inclusa.png\" data-original-title=\"Light bulb included\" \/>\u00a0<img decoding=\"async\" id=\"ctl51_ctl01_rptDescrittoriBoolean_ctl02_imgIcona\" title=\"\" src=\"https:\/\/www.ideal-lux.com\/upload\/1\/images\/\/Icone\/ICONE\/ip\/IP20.png\" alt=\"IP20\" data-original-title=\"\" \/><\/div>\n<div id=\"ctl51_ctl01_ContainerArt\" class=\"box\">\n<div id=\"ctl51_ctl01_Div3\" class=\"box_descrizione\"><\/div>\n<div id=\"ctl51_ctl01_BoxIcone\" class=\"box_descrittori\"><\/div>\n<\/div>\n","protected":false},"excerpt":{"rendered":"<p>Applique\u00a0|\u00a0Int\u00e9rieur Corps lumineux en m\u00e9tal avec bras flexible r\u00e9glable recouvert en caoutchouc. Fini en blanc ou noir mat ou en gris avec d\u00e9tails en chrome&#8230;.<\/p>\n","protected":false},"featured_media":24929,"template":"","meta":{"content-type":""},"etheme_brands":[],"product_brand":[],"product_cat":[410,412],"product_tag":[],"class_list":{"0":"post-24893","1":"product","2":"type-product","3":"status-publish","4":"has-post-thumbnail","6":"product_cat-applique","7":"product_cat-applique-murale","9":"first","10":"instock","11":"taxable","12":"shipping-taxable","13":"purchasable","14":"product-type-simple"},"yoast_head":"<!-- This site is optimized with the Yoast SEO plugin v26.0 - https:\/\/yoast.com\/wordpress\/plugins\/seo\/ -->\n<title>IDEAL LUX FOCUS AP1 CROMO - Planete LED Solution d&#039;Eclairage LED<\/title>\n<meta name=\"robots\" content=\"index, follow, max-snippet:-1, max-image-preview:large, max-video-preview:-1\" \/>\n<link rel=\"canonical\" href=\"https:\/\/www.ledkaraib.com\/index.php\/produit\/ideal-lux-focus-ap1-cromo\/\" \/>\n<meta property=\"og:locale\" content=\"fr_FR\" \/>\n<meta property=\"og:type\" content=\"article\" \/>\n<meta property=\"og:title\" content=\"IDEAL LUX FOCUS AP1 CROMO - Planete LED Solution d&#039;Eclairage LED\" \/>\n<meta property=\"og:description\" content=\"Applique\u00a0|\u00a0Int\u00e9rieur Corps lumineux en m\u00e9tal avec bras flexible r\u00e9glable recouvert en caoutchouc. Fini en blanc ou noir mat ou en gris avec d\u00e9tails en chrome....\" \/>\n<meta property=\"og:url\" content=\"https:\/\/www.ledkaraib.com\/index.php\/produit\/ideal-lux-focus-ap1-cromo\/\" \/>\n<meta property=\"og:site_name\" content=\"Planete LED Solution d&#039;Eclairage LED\" \/>\n<meta property=\"article:modified_time\" content=\"2022-09-30T14:36:44+00:00\" \/>\n<meta property=\"og:image\" content=\"https:\/\/www.ledkaraib.com\/wp-content\/uploads\/2021\/08\/FOCUS-AP1-CROMO.jpg\" \/>\n\t<meta property=\"og:image:width\" content=\"355\" \/>\n\t<meta property=\"og:image:height\" content=\"355\" \/>\n\t<meta property=\"og:image:type\" content=\"image\/jpeg\" \/>\n<meta name=\"twitter:card\" content=\"summary_large_image\" \/>\n<script type=\"application\/ld+json\" class=\"yoast-schema-graph\">{\"@context\":\"https:\/\/schema.org\",\"@graph\":[{\"@type\":\"WebPage\",\"@id\":\"https:\/\/www.ledkaraib.com\/index.php\/produit\/ideal-lux-focus-ap1-cromo\/\",\"url\":\"https:\/\/www.ledkaraib.com\/index.php\/produit\/ideal-lux-focus-ap1-cromo\/\",\"name\":\"IDEAL LUX FOCUS AP1 CROMO - Planete LED Solution d&#039;Eclairage LED\",\"isPartOf\":{\"@id\":\"https:\/\/www.ledkaraib.com\/#website\"},\"primaryImageOfPage\":{\"@id\":\"https:\/\/www.ledkaraib.com\/index.php\/produit\/ideal-lux-focus-ap1-cromo\/#primaryimage\"},\"image\":{\"@id\":\"https:\/\/www.ledkaraib.com\/index.php\/produit\/ideal-lux-focus-ap1-cromo\/#primaryimage\"},\"thumbnailUrl\":\"https:\/\/www.ledkaraib.com\/wp-content\/uploads\/2021\/08\/FOCUS-AP1-CROMO.jpg\",\"datePublished\":\"2021-08-29T21:00:31+00:00\",\"dateModified\":\"2022-09-30T14:36:44+00:00\",\"breadcrumb\":{\"@id\":\"https:\/\/www.ledkaraib.com\/index.php\/produit\/ideal-lux-focus-ap1-cromo\/#breadcrumb\"},\"inLanguage\":\"fr-FR\",\"potentialAction\":[{\"@type\":\"ReadAction\",\"target\":[\"https:\/\/www.ledkaraib.com\/index.php\/produit\/ideal-lux-focus-ap1-cromo\/\"]}]},{\"@type\":\"ImageObject\",\"inLanguage\":\"fr-FR\",\"@id\":\"https:\/\/www.ledkaraib.com\/index.php\/produit\/ideal-lux-focus-ap1-cromo\/#primaryimage\",\"url\":\"https:\/\/www.ledkaraib.com\/wp-content\/uploads\/2021\/08\/FOCUS-AP1-CROMO.jpg\",\"contentUrl\":\"https:\/\/www.ledkaraib.com\/wp-content\/uploads\/2021\/08\/FOCUS-AP1-CROMO.jpg\",\"width\":355,\"height\":355},{\"@type\":\"BreadcrumbList\",\"@id\":\"https:\/\/www.ledkaraib.com\/index.php\/produit\/ideal-lux-focus-ap1-cromo\/#breadcrumb\",\"itemListElement\":[{\"@type\":\"ListItem\",\"position\":1,\"name\":\"Accueil\",\"item\":\"https:\/\/www.ledkaraib.com\/\"},{\"@type\":\"ListItem\",\"position\":2,\"name\":\"Shop\",\"item\":\"https:\/\/www.ledkaraib.com\/index.php\/shop-3\/\"},{\"@type\":\"ListItem\",\"position\":3,\"name\":\"IDEAL LUX FOCUS AP1 CROMO\"}]},{\"@type\":\"WebSite\",\"@id\":\"https:\/\/www.ledkaraib.com\/#website\",\"url\":\"https:\/\/www.ledkaraib.com\/\",\"name\":\"Planete LED Solution d&#039;Eclairage LED\",\"description\":\"\",\"potentialAction\":[{\"@type\":\"SearchAction\",\"target\":{\"@type\":\"EntryPoint\",\"urlTemplate\":\"https:\/\/www.ledkaraib.com\/?s={search_term_string}\"},\"query-input\":{\"@type\":\"PropertyValueSpecification\",\"valueRequired\":true,\"valueName\":\"search_term_string\"}}],\"inLanguage\":\"fr-FR\"}]}<\/script>\n<!-- \/ Yoast SEO plugin. -->","yoast_head_json":{"title":"IDEAL LUX FOCUS AP1 CROMO - Planete LED Solution d&#039;Eclairage LED","robots":{"index":"index","follow":"follow","max-snippet":"max-snippet:-1","max-image-preview":"max-image-preview:large","max-video-preview":"max-video-preview:-1"},"canonical":"https:\/\/www.ledkaraib.com\/index.php\/produit\/ideal-lux-focus-ap1-cromo\/","og_locale":"fr_FR","og_type":"article","og_title":"IDEAL LUX FOCUS AP1 CROMO - Planete LED Solution d&#039;Eclairage LED","og_description":"Applique\u00a0|\u00a0Int\u00e9rieur Corps lumineux en m\u00e9tal avec bras flexible r\u00e9glable recouvert en caoutchouc. Fini en blanc ou noir mat ou en gris avec d\u00e9tails en chrome....","og_url":"https:\/\/www.ledkaraib.com\/index.php\/produit\/ideal-lux-focus-ap1-cromo\/","og_site_name":"Planete LED Solution d&#039;Eclairage LED","article_modified_time":"2022-09-30T14:36:44+00:00","og_image":[{"width":355,"height":355,"url":"https:\/\/www.ledkaraib.com\/wp-content\/uploads\/2021\/08\/FOCUS-AP1-CROMO.jpg","type":"image\/jpeg"}],"twitter_card":"summary_large_image","schema":{"@context":"https:\/\/schema.org","@graph":[{"@type":"WebPage","@id":"https:\/\/www.ledkaraib.com\/index.php\/produit\/ideal-lux-focus-ap1-cromo\/","url":"https:\/\/www.ledkaraib.com\/index.php\/produit\/ideal-lux-focus-ap1-cromo\/","name":"IDEAL LUX FOCUS AP1 CROMO - Planete LED Solution d&#039;Eclairage LED","isPartOf":{"@id":"https:\/\/www.ledkaraib.com\/#website"},"primaryImageOfPage":{"@id":"https:\/\/www.ledkaraib.com\/index.php\/produit\/ideal-lux-focus-ap1-cromo\/#primaryimage"},"image":{"@id":"https:\/\/www.ledkaraib.com\/index.php\/produit\/ideal-lux-focus-ap1-cromo\/#primaryimage"},"thumbnailUrl":"https:\/\/www.ledkaraib.com\/wp-content\/uploads\/2021\/08\/FOCUS-AP1-CROMO.jpg","datePublished":"2021-08-29T21:00:31+00:00","dateModified":"2022-09-30T14:36:44+00:00","breadcrumb":{"@id":"https:\/\/www.ledkaraib.com\/index.php\/produit\/ideal-lux-focus-ap1-cromo\/#breadcrumb"},"inLanguage":"fr-FR","potentialAction":[{"@type":"ReadAction","target":["https:\/\/www.ledkaraib.com\/index.php\/produit\/ideal-lux-focus-ap1-cromo\/"]}]},{"@type":"ImageObject","inLanguage":"fr-FR","@id":"https:\/\/www.ledkaraib.com\/index.php\/produit\/ideal-lux-focus-ap1-cromo\/#primaryimage","url":"https:\/\/www.ledkaraib.com\/wp-content\/uploads\/2021\/08\/FOCUS-AP1-CROMO.jpg","contentUrl":"https:\/\/www.ledkaraib.com\/wp-content\/uploads\/2021\/08\/FOCUS-AP1-CROMO.jpg","width":355,"height":355},{"@type":"BreadcrumbList","@id":"https:\/\/www.ledkaraib.com\/index.php\/produit\/ideal-lux-focus-ap1-cromo\/#breadcrumb","itemListElement":[{"@type":"ListItem","position":1,"name":"Accueil","item":"https:\/\/www.ledkaraib.com\/"},{"@type":"ListItem","position":2,"name":"Shop","item":"https:\/\/www.ledkaraib.com\/index.php\/shop-3\/"},{"@type":"ListItem","position":3,"name":"IDEAL LUX FOCUS AP1 CROMO"}]},{"@type":"WebSite","@id":"https:\/\/www.ledkaraib.com\/#website","url":"https:\/\/www.ledkaraib.com\/","name":"Planete LED Solution d&#039;Eclairage LED","description":"","potentialAction":[{"@type":"SearchAction","target":{"@type":"EntryPoint","urlTemplate":"https:\/\/www.ledkaraib.com\/?s={search_term_string}"},"query-input":{"@type":"PropertyValueSpecification","valueRequired":true,"valueName":"search_term_string"}}],"inLanguage":"fr-FR"}]}},"jetpack_sharing_enabled":true,"_links":{"self":[{"href":"https:\/\/www.ledkaraib.com\/index.php\/wp-json\/wp\/v2\/product\/24893","targetHints":{"allow":["GET"]}}],"collection":[{"href":"https:\/\/www.ledkaraib.com\/index.php\/wp-json\/wp\/v2\/product"}],"about":[{"href":"https:\/\/www.ledkaraib.com\/index.php\/wp-json\/wp\/v2\/types\/product"}],"version-history":[{"count":0,"href":"https:\/\/www.ledkaraib.com\/index.php\/wp-json\/wp\/v2\/product\/24893\/revisions"}],"wp:featuredmedia":[{"embeddable":true,"href":"https:\/\/www.ledkaraib.com\/index.php\/wp-json\/wp\/v2\/media\/24929"}],"wp:attachment":[{"href":"https:\/\/www.ledkaraib.com\/index.php\/wp-json\/wp\/v2\/media?parent=24893"}],"wp:term":[{"taxonomy":"brand","embeddable":true,"href":"https:\/\/www.ledkaraib.com\/index.php\/wp-json\/wp\/v2\/etheme_brands?post=24893"},{"taxonomy":"product_brand","embeddable":true,"href":"https:\/\/www.ledkaraib.com\/index.php\/wp-json\/wp\/v2\/product_brand?post=24893"},{"taxonomy":"product_cat","embeddable":true,"href":"https:\/\/www.ledkaraib.com\/index.php\/wp-json\/wp\/v2\/product_cat?post=24893"},{"taxonomy":"product_tag","embeddable":true,"href":"https:\/\/www.ledkaraib.com\/index.php\/wp-json\/wp\/v2\/product_tag?post=24893"}],"curies":[{"name":"wp","href":"https:\/\/api.w.org\/{rel}","templated":true}]}}