{"id":25099,"date":"2021-08-29T21:03:13","date_gmt":"2021-08-29T21:03:13","guid":{"rendered":"https:\/\/ledkaraib.fr\/?post_type=product&#038;p=25099"},"modified":"2021-08-29T21:03:18","modified_gmt":"2021-08-29T21:03:18","slug":"project-led-vision-el-230-v-30-w-6000k-plat-noir-ip65","status":"publish","type":"product","link":"https:\/\/www.ledkaraib.com\/index.php\/produit\/project-led-vision-el-230-v-30-w-6000k-plat-noir-ip65\/","title":{"rendered":"PROJECT LED VISION-EL 230 V 30 W 6000\u00b0K PLAT NOIR IP65"},"content":{"rendered":"<table class=\"table-data-sheet\">\n<tbody>\n<tr class=\"even\">\n<td>Indice de protection<\/td>\n<td>IP 65<\/td>\n<\/tr>\n<tr class=\"odd\">\n<td>Culot \/ Douille<\/td>\n<td>Ampoule int\u00e9gr\u00e9e<\/td>\n<\/tr>\n<tr class=\"even\">\n<td>Tension<\/td>\n<td>230 V<\/td>\n<\/tr>\n<tr class=\"odd\">\n<td>Puissance (W)<\/td>\n<td>30<\/td>\n<\/tr>\n<tr class=\"even\">\n<td>Classe d&rsquo;isolation<\/td>\n<td>1<\/td>\n<\/tr>\n<tr class=\"odd\">\n<td>Temp\u00e9rature de couleur (K)<\/td>\n<td>4000<\/td>\n<\/tr>\n<tr class=\"even\">\n<td>Dimmable (variation)<\/td>\n<td>Non<\/td>\n<\/tr>\n<tr class=\"odd\">\n<td>Type de r\u00e9flecteur<\/td>\n<td>N.C<\/td>\n<\/tr>\n<tr class=\"even\">\n<td>Type d&rsquo;\u00e9l\u00e9ment<\/td>\n<td>Projecteur<\/td>\n<\/tr>\n<tr class=\"odd\">\n<td>Nombre de points lumineux<\/td>\n<td>1<\/td>\n<\/tr>\n<tr class=\"even\">\n<td>Alimentation de l&rsquo;\u00e9clairage<\/td>\n<td>200 \u00e0 240 V<\/td>\n<\/tr>\n<tr class=\"odd\">\n<td>Mat\u00e9riau de la structure du luminaire<\/td>\n<td>M\u00e9tal<\/td>\n<\/tr>\n<tr class=\"even\">\n<td>Type d&rsquo;ampoule du luminaire<\/td>\n<td>LED<\/td>\n<\/tr>\n<tr class=\"odd\">\n<td>Installation du projecteur<\/td>\n<td>Mural<\/td>\n<\/tr>\n<tr class=\"even\">\n<td>Couleur de la structure du luminaire<\/td>\n<td>Gris (tout m\u00e9tal)<\/td>\n<\/tr>\n<tr class=\"odd\">\n<td>D\u00e9tecteur de mouvement int\u00e9gr\u00e9<\/td>\n<td>Oui<\/td>\n<\/tr>\n<tr class=\"even\">\n<td>Orientable<\/td>\n<td>Oui<\/td>\n<\/tr>\n<tr class=\"odd\">\n<td>Temp\u00e9rature de couleur des luminaires (K)<\/td>\n<td>Blanc neutre (3500 \u00e0 5000K)<\/td>\n<\/tr>\n<tr class=\"even\">\n<td>Type de projecteur\/spot<\/td>\n<td>Projecteur avec ampoule<\/td>\n<\/tr>\n<tr class=\"odd\">\n<td>Puissance absorb\u00e9e (W)<\/td>\n<td>30<\/td>\n<\/tr>\n<\/tbody>\n<\/table>\n","protected":false},"excerpt":{"rendered":"<p>Indice de protection IP 65 Culot \/ Douille Ampoule int\u00e9gr\u00e9e Tension 230 V Puissance (W) 30 Classe d&rsquo;isolation 1 Temp\u00e9rature de couleur (K) 4000 Dimmable&#8230;<\/p>\n","protected":false},"featured_media":25129,"template":"","meta":{"content-type":""},"etheme_brands":[],"product_brand":[],"product_cat":[357],"product_tag":[],"class_list":{"0":"post-25099","1":"product","2":"type-product","3":"status-publish","4":"has-post-thumbnail","6":"product_cat-projecteur-led-projecteur-led","8":"first","9":"instock","10":"taxable","11":"shipping-taxable","12":"purchasable","13":"product-type-simple"},"yoast_head":"<!-- This site is optimized with the Yoast SEO plugin v26.0 - https:\/\/yoast.com\/wordpress\/plugins\/seo\/ -->\n<title>PROJECT LED VISION-EL 230 V 30 W 6000\u00b0K PLAT NOIR IP65 - Planete LED Solution d&#039;Eclairage LED<\/title>\n<meta name=\"robots\" content=\"index, follow, max-snippet:-1, max-image-preview:large, max-video-preview:-1\" \/>\n<link rel=\"canonical\" href=\"https:\/\/www.ledkaraib.com\/index.php\/produit\/project-led-vision-el-230-v-30-w-6000k-plat-noir-ip65\/\" \/>\n<meta property=\"og:locale\" content=\"fr_FR\" \/>\n<meta property=\"og:type\" content=\"article\" \/>\n<meta property=\"og:title\" content=\"PROJECT LED VISION-EL 230 V 30 W 6000\u00b0K PLAT NOIR IP65 - Planete LED Solution d&#039;Eclairage LED\" \/>\n<meta property=\"og:description\" content=\"Indice de protection IP 65 Culot \/ Douille Ampoule int\u00e9gr\u00e9e Tension 230 V Puissance (W) 30 Classe d&rsquo;isolation 1 Temp\u00e9rature de couleur (K) 4000 Dimmable...\" \/>\n<meta property=\"og:url\" content=\"https:\/\/www.ledkaraib.com\/index.php\/produit\/project-led-vision-el-230-v-30-w-6000k-plat-noir-ip65\/\" \/>\n<meta property=\"og:site_name\" content=\"Planete LED Solution d&#039;Eclairage LED\" \/>\n<meta property=\"article:modified_time\" content=\"2021-08-29T21:03:18+00:00\" \/>\n<meta property=\"og:image\" content=\"https:\/\/www.ledkaraib.com\/wp-content\/uploads\/2021\/08\/800423.jpg\" \/>\n\t<meta property=\"og:image:width\" content=\"225\" \/>\n\t<meta property=\"og:image:height\" content=\"225\" \/>\n\t<meta property=\"og:image:type\" content=\"image\/jpeg\" \/>\n<meta name=\"twitter:card\" content=\"summary_large_image\" \/>\n<meta name=\"twitter:label1\" content=\"Dur\u00e9e de lecture estim\u00e9e\" \/>\n\t<meta name=\"twitter:data1\" content=\"1 minute\" \/>\n<script type=\"application\/ld+json\" class=\"yoast-schema-graph\">{\"@context\":\"https:\/\/schema.org\",\"@graph\":[{\"@type\":\"WebPage\",\"@id\":\"https:\/\/www.ledkaraib.com\/index.php\/produit\/project-led-vision-el-230-v-30-w-6000k-plat-noir-ip65\/\",\"url\":\"https:\/\/www.ledkaraib.com\/index.php\/produit\/project-led-vision-el-230-v-30-w-6000k-plat-noir-ip65\/\",\"name\":\"PROJECT LED VISION-EL 230 V 30 W 6000\u00b0K PLAT NOIR IP65 - Planete LED Solution d&#039;Eclairage LED\",\"isPartOf\":{\"@id\":\"https:\/\/www.ledkaraib.com\/#website\"},\"primaryImageOfPage\":{\"@id\":\"https:\/\/www.ledkaraib.com\/index.php\/produit\/project-led-vision-el-230-v-30-w-6000k-plat-noir-ip65\/#primaryimage\"},\"image\":{\"@id\":\"https:\/\/www.ledkaraib.com\/index.php\/produit\/project-led-vision-el-230-v-30-w-6000k-plat-noir-ip65\/#primaryimage\"},\"thumbnailUrl\":\"https:\/\/www.ledkaraib.com\/wp-content\/uploads\/2021\/08\/800423.jpg\",\"datePublished\":\"2021-08-29T21:03:13+00:00\",\"dateModified\":\"2021-08-29T21:03:18+00:00\",\"breadcrumb\":{\"@id\":\"https:\/\/www.ledkaraib.com\/index.php\/produit\/project-led-vision-el-230-v-30-w-6000k-plat-noir-ip65\/#breadcrumb\"},\"inLanguage\":\"fr-FR\",\"potentialAction\":[{\"@type\":\"ReadAction\",\"target\":[\"https:\/\/www.ledkaraib.com\/index.php\/produit\/project-led-vision-el-230-v-30-w-6000k-plat-noir-ip65\/\"]}]},{\"@type\":\"ImageObject\",\"inLanguage\":\"fr-FR\",\"@id\":\"https:\/\/www.ledkaraib.com\/index.php\/produit\/project-led-vision-el-230-v-30-w-6000k-plat-noir-ip65\/#primaryimage\",\"url\":\"https:\/\/www.ledkaraib.com\/wp-content\/uploads\/2021\/08\/800423.jpg\",\"contentUrl\":\"https:\/\/www.ledkaraib.com\/wp-content\/uploads\/2021\/08\/800423.jpg\",\"width\":225,\"height\":225},{\"@type\":\"BreadcrumbList\",\"@id\":\"https:\/\/www.ledkaraib.com\/index.php\/produit\/project-led-vision-el-230-v-30-w-6000k-plat-noir-ip65\/#breadcrumb\",\"itemListElement\":[{\"@type\":\"ListItem\",\"position\":1,\"name\":\"Accueil\",\"item\":\"https:\/\/www.ledkaraib.com\/\"},{\"@type\":\"ListItem\",\"position\":2,\"name\":\"Shop\",\"item\":\"https:\/\/www.ledkaraib.com\/index.php\/shop-3\/\"},{\"@type\":\"ListItem\",\"position\":3,\"name\":\"PROJECT LED VISION-EL 230 V 30 W 6000\u00b0K PLAT NOIR IP65\"}]},{\"@type\":\"WebSite\",\"@id\":\"https:\/\/www.ledkaraib.com\/#website\",\"url\":\"https:\/\/www.ledkaraib.com\/\",\"name\":\"Planete LED Solution d&#039;Eclairage LED\",\"description\":\"\",\"potentialAction\":[{\"@type\":\"SearchAction\",\"target\":{\"@type\":\"EntryPoint\",\"urlTemplate\":\"https:\/\/www.ledkaraib.com\/?s={search_term_string}\"},\"query-input\":{\"@type\":\"PropertyValueSpecification\",\"valueRequired\":true,\"valueName\":\"search_term_string\"}}],\"inLanguage\":\"fr-FR\"}]}<\/script>\n<!-- \/ Yoast SEO plugin. -->","yoast_head_json":{"title":"PROJECT LED VISION-EL 230 V 30 W 6000\u00b0K PLAT NOIR IP65 - Planete LED Solution d&#039;Eclairage LED","robots":{"index":"index","follow":"follow","max-snippet":"max-snippet:-1","max-image-preview":"max-image-preview:large","max-video-preview":"max-video-preview:-1"},"canonical":"https:\/\/www.ledkaraib.com\/index.php\/produit\/project-led-vision-el-230-v-30-w-6000k-plat-noir-ip65\/","og_locale":"fr_FR","og_type":"article","og_title":"PROJECT LED VISION-EL 230 V 30 W 6000\u00b0K PLAT NOIR IP65 - Planete LED Solution d&#039;Eclairage LED","og_description":"Indice de protection IP 65 Culot \/ Douille Ampoule int\u00e9gr\u00e9e Tension 230 V Puissance (W) 30 Classe d&rsquo;isolation 1 Temp\u00e9rature de couleur (K) 4000 Dimmable...","og_url":"https:\/\/www.ledkaraib.com\/index.php\/produit\/project-led-vision-el-230-v-30-w-6000k-plat-noir-ip65\/","og_site_name":"Planete LED Solution d&#039;Eclairage LED","article_modified_time":"2021-08-29T21:03:18+00:00","og_image":[{"width":225,"height":225,"url":"https:\/\/www.ledkaraib.com\/wp-content\/uploads\/2021\/08\/800423.jpg","type":"image\/jpeg"}],"twitter_card":"summary_large_image","twitter_misc":{"Dur\u00e9e de lecture estim\u00e9e":"1 minute"},"schema":{"@context":"https:\/\/schema.org","@graph":[{"@type":"WebPage","@id":"https:\/\/www.ledkaraib.com\/index.php\/produit\/project-led-vision-el-230-v-30-w-6000k-plat-noir-ip65\/","url":"https:\/\/www.ledkaraib.com\/index.php\/produit\/project-led-vision-el-230-v-30-w-6000k-plat-noir-ip65\/","name":"PROJECT LED VISION-EL 230 V 30 W 6000\u00b0K PLAT NOIR IP65 - Planete LED Solution d&#039;Eclairage LED","isPartOf":{"@id":"https:\/\/www.ledkaraib.com\/#website"},"primaryImageOfPage":{"@id":"https:\/\/www.ledkaraib.com\/index.php\/produit\/project-led-vision-el-230-v-30-w-6000k-plat-noir-ip65\/#primaryimage"},"image":{"@id":"https:\/\/www.ledkaraib.com\/index.php\/produit\/project-led-vision-el-230-v-30-w-6000k-plat-noir-ip65\/#primaryimage"},"thumbnailUrl":"https:\/\/www.ledkaraib.com\/wp-content\/uploads\/2021\/08\/800423.jpg","datePublished":"2021-08-29T21:03:13+00:00","dateModified":"2021-08-29T21:03:18+00:00","breadcrumb":{"@id":"https:\/\/www.ledkaraib.com\/index.php\/produit\/project-led-vision-el-230-v-30-w-6000k-plat-noir-ip65\/#breadcrumb"},"inLanguage":"fr-FR","potentialAction":[{"@type":"ReadAction","target":["https:\/\/www.ledkaraib.com\/index.php\/produit\/project-led-vision-el-230-v-30-w-6000k-plat-noir-ip65\/"]}]},{"@type":"ImageObject","inLanguage":"fr-FR","@id":"https:\/\/www.ledkaraib.com\/index.php\/produit\/project-led-vision-el-230-v-30-w-6000k-plat-noir-ip65\/#primaryimage","url":"https:\/\/www.ledkaraib.com\/wp-content\/uploads\/2021\/08\/800423.jpg","contentUrl":"https:\/\/www.ledkaraib.com\/wp-content\/uploads\/2021\/08\/800423.jpg","width":225,"height":225},{"@type":"BreadcrumbList","@id":"https:\/\/www.ledkaraib.com\/index.php\/produit\/project-led-vision-el-230-v-30-w-6000k-plat-noir-ip65\/#breadcrumb","itemListElement":[{"@type":"ListItem","position":1,"name":"Accueil","item":"https:\/\/www.ledkaraib.com\/"},{"@type":"ListItem","position":2,"name":"Shop","item":"https:\/\/www.ledkaraib.com\/index.php\/shop-3\/"},{"@type":"ListItem","position":3,"name":"PROJECT LED VISION-EL 230 V 30 W 6000\u00b0K PLAT NOIR IP65"}]},{"@type":"WebSite","@id":"https:\/\/www.ledkaraib.com\/#website","url":"https:\/\/www.ledkaraib.com\/","name":"Planete LED Solution d&#039;Eclairage LED","description":"","potentialAction":[{"@type":"SearchAction","target":{"@type":"EntryPoint","urlTemplate":"https:\/\/www.ledkaraib.com\/?s={search_term_string}"},"query-input":{"@type":"PropertyValueSpecification","valueRequired":true,"valueName":"search_term_string"}}],"inLanguage":"fr-FR"}]}},"jetpack_sharing_enabled":true,"_links":{"self":[{"href":"https:\/\/www.ledkaraib.com\/index.php\/wp-json\/wp\/v2\/product\/25099","targetHints":{"allow":["GET"]}}],"collection":[{"href":"https:\/\/www.ledkaraib.com\/index.php\/wp-json\/wp\/v2\/product"}],"about":[{"href":"https:\/\/www.ledkaraib.com\/index.php\/wp-json\/wp\/v2\/types\/product"}],"version-history":[{"count":0,"href":"https:\/\/www.ledkaraib.com\/index.php\/wp-json\/wp\/v2\/product\/25099\/revisions"}],"wp:featuredmedia":[{"embeddable":true,"href":"https:\/\/www.ledkaraib.com\/index.php\/wp-json\/wp\/v2\/media\/25129"}],"wp:attachment":[{"href":"https:\/\/www.ledkaraib.com\/index.php\/wp-json\/wp\/v2\/media?parent=25099"}],"wp:term":[{"taxonomy":"brand","embeddable":true,"href":"https:\/\/www.ledkaraib.com\/index.php\/wp-json\/wp\/v2\/etheme_brands?post=25099"},{"taxonomy":"product_brand","embeddable":true,"href":"https:\/\/www.ledkaraib.com\/index.php\/wp-json\/wp\/v2\/product_brand?post=25099"},{"taxonomy":"product_cat","embeddable":true,"href":"https:\/\/www.ledkaraib.com\/index.php\/wp-json\/wp\/v2\/product_cat?post=25099"},{"taxonomy":"product_tag","embeddable":true,"href":"https:\/\/www.ledkaraib.com\/index.php\/wp-json\/wp\/v2\/product_tag?post=25099"}],"curies":[{"name":"wp","href":"https:\/\/api.w.org\/{rel}","templated":true}]}}