{"id":25894,"date":"2021-08-29T21:08:31","date_gmt":"2021-08-29T21:08:31","guid":{"rendered":"https:\/\/ledkaraib.fr\/?post_type=product&#038;p=25894"},"modified":"2021-08-29T21:08:38","modified_gmt":"2021-08-29T21:08:38","slug":"30-chevilles-autoperceusetf","status":"publish","type":"product","link":"https:\/\/www.ledkaraib.com\/produit\/30-chevilles-autoperceusetf\/","title":{"rendered":"30 CHEVILLES AUTOPERCEUSE+TF"},"content":{"rendered":"<div class=\"certifications\"><img decoding=\"async\" src=\"https:\/\/media.entrepot-du-bricolage.fr\/images\/logo_CE.jpg\" alt=\"Conformit\u00e9 Europ\u00e9enne\" width=\"38\" height=\"28\" \/><img decoding=\"async\" src=\"https:\/\/media.entrepot-du-bricolage.fr\/images\/logo_fabFR.jpg\" alt=\"Fabrication fran\u00e7aise\" width=\"25\" height=\"24\" \/><\/div>\n<h4>Usage et utilit\u00e9\u00a0:<\/h4>\n<div class=\"texte\">Ces chevilles sont id\u00e9ales pour la fixation de convecteurs, \u00e9tag\u00e8res, cadres ou bien encore miroirs.<\/div>\n<h4>Les plus produits\u00a0:<\/h4>\n<div class=\"texte\">&#8211; Pose facile sans pr\u00e9-per\u00e7age.<br \/>\n&#8211; Cheville ultra r\u00e9sistante \u00e0 la corrosion.<\/div>\n<h4>Composition\u00a0:<\/h4>\n<div class=\"texte\">Acier.<\/div>\n<h4>Caract\u00e9ristiques techniques principales\u00a0:<\/h4>\n<div class=\"texte\">\n<table>\n<tbody>\n<tr bgcolor=\"#F7F7F7\">\n<td>Diam\u00e8tre ext\u00e9rieur<\/td>\n<td>12.00 mm<\/td>\n<\/tr>\n<tr>\n<td>Diam\u00e8tre int\u00e9rieur<\/td>\n<td>30.00 mm<\/td>\n<\/tr>\n<tr bgcolor=\"#F7F7F7\">\n<td>Poids support\u00e9 dans la plaque de pl\u00e2tre<\/td>\n<td>25 kg<\/td>\n<\/tr>\n<\/tbody>\n<\/table>\n<\/div>\n","protected":false},"excerpt":{"rendered":"<p>Usage et utilit\u00e9\u00a0: Ces chevilles sont id\u00e9ales pour la fixation de convecteurs, \u00e9tag\u00e8res, cadres ou bien encore miroirs. Les plus produits\u00a0: &#8211; Pose facile sans pr\u00e9-per\u00e7age. &#8211; Cheville ultra r\u00e9sistante \u00e0 la corrosion. Composition\u00a0: Acier. Caract\u00e9ristiques techniques principales\u00a0: Diam\u00e8tre ext\u00e9rieur 12.00 mm Diam\u00e8tre int\u00e9rieur 30.00 mm Poids support\u00e9 dans la plaque de pl\u00e2tre 25 kg<\/p>\n","protected":false},"featured_media":25924,"template":"","meta":[],"product_brand":[],"product_cat":[377,462],"product_tag":[],"class_list":{"0":"post-25894","1":"product","2":"type-product","3":"status-publish","4":"has-post-thumbnail","6":"product_cat-outillage","7":"product_cat-visserie","9":"first","10":"instock","11":"taxable","12":"shipping-taxable","13":"purchasable","14":"product-type-simple"},"yoast_head":"<!-- This site is optimized with the Yoast SEO plugin v27.5 - https:\/\/yoast.com\/product\/yoast-seo-wordpress\/ -->\n<title>30 CHEVILLES AUTOPERCEUSE+TF - Planete LED Solution d&#039;Eclairage LED<\/title>\n<meta name=\"robots\" content=\"index, follow, max-snippet:-1, max-image-preview:large, max-video-preview:-1\" \/>\n<link rel=\"canonical\" href=\"https:\/\/www.ledkaraib.com\/produit\/30-chevilles-autoperceusetf\/\" \/>\n<meta property=\"og:locale\" content=\"fr_FR\" \/>\n<meta property=\"og:type\" content=\"article\" \/>\n<meta property=\"og:title\" content=\"30 CHEVILLES AUTOPERCEUSE+TF - Planete LED Solution d&#039;Eclairage LED\" \/>\n<meta property=\"og:description\" content=\"Usage et utilit\u00e9\u00a0: Ces chevilles sont id\u00e9ales pour la fixation de convecteurs, \u00e9tag\u00e8res, cadres ou bien encore miroirs. Les plus produits\u00a0: &#8211; Pose facile sans pr\u00e9-per\u00e7age. &#8211; Cheville ultra r\u00e9sistante \u00e0 la corrosion. Composition\u00a0: Acier. Caract\u00e9ristiques techniques principales\u00a0: Diam\u00e8tre ext\u00e9rieur 12.00 mm Diam\u00e8tre int\u00e9rieur 30.00 mm Poids support\u00e9 dans la plaque de pl\u00e2tre 25 kg\" \/>\n<meta property=\"og:url\" content=\"https:\/\/www.ledkaraib.com\/produit\/30-chevilles-autoperceusetf\/\" \/>\n<meta property=\"og:site_name\" content=\"Planete LED Solution d&#039;Eclairage LED\" \/>\n<meta property=\"article:modified_time\" content=\"2021-08-29T21:08:38+00:00\" \/>\n<meta property=\"og:image\" content=\"https:\/\/www.ledkaraib.com\/wp-content\/uploads\/2021\/08\/LDB1014831.jpg\" \/>\n\t<meta property=\"og:image:width\" content=\"400\" \/>\n\t<meta property=\"og:image:height\" content=\"400\" \/>\n\t<meta property=\"og:image:type\" content=\"image\/jpeg\" \/>\n<meta name=\"twitter:card\" content=\"summary_large_image\" \/>\n<script type=\"application\/ld+json\" class=\"yoast-schema-graph\">{\"@context\":\"https:\\\/\\\/schema.org\",\"@graph\":[{\"@type\":\"WebPage\",\"@id\":\"https:\\\/\\\/www.ledkaraib.com\\\/produit\\\/30-chevilles-autoperceusetf\\\/\",\"url\":\"https:\\\/\\\/www.ledkaraib.com\\\/produit\\\/30-chevilles-autoperceusetf\\\/\",\"name\":\"30 CHEVILLES AUTOPERCEUSE+TF - Planete LED Solution d&#039;Eclairage LED\",\"isPartOf\":{\"@id\":\"https:\\\/\\\/www.ledkaraib.com\\\/#website\"},\"primaryImageOfPage\":{\"@id\":\"https:\\\/\\\/www.ledkaraib.com\\\/produit\\\/30-chevilles-autoperceusetf\\\/#primaryimage\"},\"image\":{\"@id\":\"https:\\\/\\\/www.ledkaraib.com\\\/produit\\\/30-chevilles-autoperceusetf\\\/#primaryimage\"},\"thumbnailUrl\":\"https:\\\/\\\/www.ledkaraib.com\\\/wp-content\\\/uploads\\\/2021\\\/08\\\/LDB1014831.jpg\",\"datePublished\":\"2021-08-29T21:08:31+00:00\",\"dateModified\":\"2021-08-29T21:08:38+00:00\",\"breadcrumb\":{\"@id\":\"https:\\\/\\\/www.ledkaraib.com\\\/produit\\\/30-chevilles-autoperceusetf\\\/#breadcrumb\"},\"inLanguage\":\"fr-FR\",\"potentialAction\":[{\"@type\":\"ReadAction\",\"target\":[\"https:\\\/\\\/www.ledkaraib.com\\\/produit\\\/30-chevilles-autoperceusetf\\\/\"]}]},{\"@type\":\"ImageObject\",\"inLanguage\":\"fr-FR\",\"@id\":\"https:\\\/\\\/www.ledkaraib.com\\\/produit\\\/30-chevilles-autoperceusetf\\\/#primaryimage\",\"url\":\"https:\\\/\\\/www.ledkaraib.com\\\/wp-content\\\/uploads\\\/2021\\\/08\\\/LDB1014831.jpg\",\"contentUrl\":\"https:\\\/\\\/www.ledkaraib.com\\\/wp-content\\\/uploads\\\/2021\\\/08\\\/LDB1014831.jpg\",\"width\":400,\"height\":400},{\"@type\":\"BreadcrumbList\",\"@id\":\"https:\\\/\\\/www.ledkaraib.com\\\/produit\\\/30-chevilles-autoperceusetf\\\/#breadcrumb\",\"itemListElement\":[{\"@type\":\"ListItem\",\"position\":1,\"name\":\"Accueil\",\"item\":\"https:\\\/\\\/www.ledkaraib.com\\\/\"},{\"@type\":\"ListItem\",\"position\":2,\"name\":\"Shop\",\"item\":\"https:\\\/\\\/www.ledkaraib.com\\\/index.php\\\/shop-3\\\/\"},{\"@type\":\"ListItem\",\"position\":3,\"name\":\"30 CHEVILLES AUTOPERCEUSE+TF\"}]},{\"@type\":\"WebSite\",\"@id\":\"https:\\\/\\\/www.ledkaraib.com\\\/#website\",\"url\":\"https:\\\/\\\/www.ledkaraib.com\\\/\",\"name\":\"Planete LED Solution d&#039;Eclairage LED\",\"description\":\"\",\"publisher\":{\"@id\":\"https:\\\/\\\/www.ledkaraib.com\\\/#organization\"},\"potentialAction\":[{\"@type\":\"SearchAction\",\"target\":{\"@type\":\"EntryPoint\",\"urlTemplate\":\"https:\\\/\\\/www.ledkaraib.com\\\/?s={search_term_string}\"},\"query-input\":{\"@type\":\"PropertyValueSpecification\",\"valueRequired\":true,\"valueName\":\"search_term_string\"}}],\"inLanguage\":\"fr-FR\"},{\"@type\":\"Organization\",\"@id\":\"https:\\\/\\\/www.ledkaraib.com\\\/#organization\",\"name\":\"Planete LED Solution d&#039;Eclairage LED\",\"url\":\"https:\\\/\\\/www.ledkaraib.com\\\/\",\"logo\":{\"@type\":\"ImageObject\",\"inLanguage\":\"fr-FR\",\"@id\":\"https:\\\/\\\/www.ledkaraib.com\\\/#\\\/schema\\\/logo\\\/image\\\/\",\"url\":\"https:\\\/\\\/www.ledkaraib.com\\\/wp-content\\\/uploads\\\/2021\\\/10\\\/cropped-LOGO-1.png\",\"contentUrl\":\"https:\\\/\\\/www.ledkaraib.com\\\/wp-content\\\/uploads\\\/2021\\\/10\\\/cropped-LOGO-1.png\",\"width\":900,\"height\":153,\"caption\":\"Planete LED Solution d&#039;Eclairage LED\"},\"image\":{\"@id\":\"https:\\\/\\\/www.ledkaraib.com\\\/#\\\/schema\\\/logo\\\/image\\\/\"}}]}<\/script>\n<!-- \/ Yoast SEO plugin. -->","yoast_head_json":{"title":"30 CHEVILLES AUTOPERCEUSE+TF - Planete LED Solution d&#039;Eclairage LED","robots":{"index":"index","follow":"follow","max-snippet":"max-snippet:-1","max-image-preview":"max-image-preview:large","max-video-preview":"max-video-preview:-1"},"canonical":"https:\/\/www.ledkaraib.com\/produit\/30-chevilles-autoperceusetf\/","og_locale":"fr_FR","og_type":"article","og_title":"30 CHEVILLES AUTOPERCEUSE+TF - Planete LED Solution d&#039;Eclairage LED","og_description":"Usage et utilit\u00e9\u00a0: Ces chevilles sont id\u00e9ales pour la fixation de convecteurs, \u00e9tag\u00e8res, cadres ou bien encore miroirs. Les plus produits\u00a0: &#8211; Pose facile sans pr\u00e9-per\u00e7age. &#8211; Cheville ultra r\u00e9sistante \u00e0 la corrosion. Composition\u00a0: Acier. Caract\u00e9ristiques techniques principales\u00a0: Diam\u00e8tre ext\u00e9rieur 12.00 mm Diam\u00e8tre int\u00e9rieur 30.00 mm Poids support\u00e9 dans la plaque de pl\u00e2tre 25 kg","og_url":"https:\/\/www.ledkaraib.com\/produit\/30-chevilles-autoperceusetf\/","og_site_name":"Planete LED Solution d&#039;Eclairage LED","article_modified_time":"2021-08-29T21:08:38+00:00","og_image":[{"width":400,"height":400,"url":"https:\/\/www.ledkaraib.com\/wp-content\/uploads\/2021\/08\/LDB1014831.jpg","type":"image\/jpeg"}],"twitter_card":"summary_large_image","schema":{"@context":"https:\/\/schema.org","@graph":[{"@type":"WebPage","@id":"https:\/\/www.ledkaraib.com\/produit\/30-chevilles-autoperceusetf\/","url":"https:\/\/www.ledkaraib.com\/produit\/30-chevilles-autoperceusetf\/","name":"30 CHEVILLES AUTOPERCEUSE+TF - Planete LED Solution d&#039;Eclairage LED","isPartOf":{"@id":"https:\/\/www.ledkaraib.com\/#website"},"primaryImageOfPage":{"@id":"https:\/\/www.ledkaraib.com\/produit\/30-chevilles-autoperceusetf\/#primaryimage"},"image":{"@id":"https:\/\/www.ledkaraib.com\/produit\/30-chevilles-autoperceusetf\/#primaryimage"},"thumbnailUrl":"https:\/\/www.ledkaraib.com\/wp-content\/uploads\/2021\/08\/LDB1014831.jpg","datePublished":"2021-08-29T21:08:31+00:00","dateModified":"2021-08-29T21:08:38+00:00","breadcrumb":{"@id":"https:\/\/www.ledkaraib.com\/produit\/30-chevilles-autoperceusetf\/#breadcrumb"},"inLanguage":"fr-FR","potentialAction":[{"@type":"ReadAction","target":["https:\/\/www.ledkaraib.com\/produit\/30-chevilles-autoperceusetf\/"]}]},{"@type":"ImageObject","inLanguage":"fr-FR","@id":"https:\/\/www.ledkaraib.com\/produit\/30-chevilles-autoperceusetf\/#primaryimage","url":"https:\/\/www.ledkaraib.com\/wp-content\/uploads\/2021\/08\/LDB1014831.jpg","contentUrl":"https:\/\/www.ledkaraib.com\/wp-content\/uploads\/2021\/08\/LDB1014831.jpg","width":400,"height":400},{"@type":"BreadcrumbList","@id":"https:\/\/www.ledkaraib.com\/produit\/30-chevilles-autoperceusetf\/#breadcrumb","itemListElement":[{"@type":"ListItem","position":1,"name":"Accueil","item":"https:\/\/www.ledkaraib.com\/"},{"@type":"ListItem","position":2,"name":"Shop","item":"https:\/\/www.ledkaraib.com\/index.php\/shop-3\/"},{"@type":"ListItem","position":3,"name":"30 CHEVILLES AUTOPERCEUSE+TF"}]},{"@type":"WebSite","@id":"https:\/\/www.ledkaraib.com\/#website","url":"https:\/\/www.ledkaraib.com\/","name":"Planete LED Solution d&#039;Eclairage LED","description":"","publisher":{"@id":"https:\/\/www.ledkaraib.com\/#organization"},"potentialAction":[{"@type":"SearchAction","target":{"@type":"EntryPoint","urlTemplate":"https:\/\/www.ledkaraib.com\/?s={search_term_string}"},"query-input":{"@type":"PropertyValueSpecification","valueRequired":true,"valueName":"search_term_string"}}],"inLanguage":"fr-FR"},{"@type":"Organization","@id":"https:\/\/www.ledkaraib.com\/#organization","name":"Planete LED Solution d&#039;Eclairage LED","url":"https:\/\/www.ledkaraib.com\/","logo":{"@type":"ImageObject","inLanguage":"fr-FR","@id":"https:\/\/www.ledkaraib.com\/#\/schema\/logo\/image\/","url":"https:\/\/www.ledkaraib.com\/wp-content\/uploads\/2021\/10\/cropped-LOGO-1.png","contentUrl":"https:\/\/www.ledkaraib.com\/wp-content\/uploads\/2021\/10\/cropped-LOGO-1.png","width":900,"height":153,"caption":"Planete LED Solution d&#039;Eclairage LED"},"image":{"@id":"https:\/\/www.ledkaraib.com\/#\/schema\/logo\/image\/"}}]}},"jetpack_sharing_enabled":true,"_links":{"self":[{"href":"https:\/\/www.ledkaraib.com\/wp-json\/wp\/v2\/product\/25894","targetHints":{"allow":["GET"]}}],"collection":[{"href":"https:\/\/www.ledkaraib.com\/wp-json\/wp\/v2\/product"}],"about":[{"href":"https:\/\/www.ledkaraib.com\/wp-json\/wp\/v2\/types\/product"}],"version-history":[{"count":0,"href":"https:\/\/www.ledkaraib.com\/wp-json\/wp\/v2\/product\/25894\/revisions"}],"wp:featuredmedia":[{"embeddable":true,"href":"https:\/\/www.ledkaraib.com\/wp-json\/wp\/v2\/media\/25924"}],"wp:attachment":[{"href":"https:\/\/www.ledkaraib.com\/wp-json\/wp\/v2\/media?parent=25894"}],"wp:term":[{"taxonomy":"product_brand","embeddable":true,"href":"https:\/\/www.ledkaraib.com\/wp-json\/wp\/v2\/product_brand?post=25894"},{"taxonomy":"product_cat","embeddable":true,"href":"https:\/\/www.ledkaraib.com\/wp-json\/wp\/v2\/product_cat?post=25894"},{"taxonomy":"product_tag","embeddable":true,"href":"https:\/\/www.ledkaraib.com\/wp-json\/wp\/v2\/product_tag?post=25894"}],"curies":[{"name":"wp","href":"https:\/\/api.w.org\/{rel}","templated":true}]}}