{"id":25897,"date":"2021-08-29T21:08:31","date_gmt":"2021-08-29T21:08:31","guid":{"rendered":"https:\/\/ledkaraib.fr\/?post_type=product&#038;p=25897"},"modified":"2021-08-29T21:08:39","modified_gmt":"2021-08-29T21:08:39","slug":"inter-mural-rf-1-a-3-positions","status":"publish","type":"product","link":"https:\/\/www.ledkaraib.com\/index.php\/produit\/inter-mural-rf-1-a-3-positions\/","title":{"rendered":"INTER MURAL RF-1 A 3 POSITIONS"},"content":{"rendered":"<div class=\"certifications\"><img loading=\"lazy\" loading=\"lazy\" decoding=\"async\" src=\"https:\/\/media.entrepot-du-bricolage.fr\/images\/logo_CE.jpg\" alt=\"Conformit\u00e9 Europ\u00e9enne\" width=\"38\" height=\"28\" \/><\/div>\n<h4>Usage et utilit\u00e9\u00a0:<\/h4>\n<div class=\"texte\">Pratique si vous ne souhaitez pas vous d\u00e9placer ou pour un proche \u00e0 mobilit\u00e9 cet interrupteur vous permet de pilotez en local<br \/>\n&#8211; votre \u00e9clairage int\u00e9rieur ou ext\u00e9rieur<br \/>\n&#8211; vos volets roulant<br \/>\n&#8211; vos stores motoris\u00e9s&#8230;.<\/p>\n<p>Il peut \u00e9galement \u00eatre activ\u00e9 \u00e0 distance depuis votre Smartphone via un convertisseur RF\/Wifi Confort Life (en option 1230849)<br \/>\nVous pouvez ainsi v\u00e9rifier si les lumi\u00e8res sont allum\u00e9es et les \u00e9teindre si besoin, \u00e0 tout moment et o\u00f9 que vous soyez<br \/>\nVous pouvez \u00e9galement simuler votre pr\u00e9sence en votre absence<\/p><\/div>\n<h4>Les plus produits\u00a0:<\/h4>\n<div class=\"texte\">-Possibilit\u00e9 de changer les fa\u00e7ades des boutons (1 fa\u00e7ade simple bouton, 1 fa\u00e7ade 3 boutons)<br \/>\n-Pile 12V type 23A et plaque adh\u00e9sive double face fournies<\/div>\n<h4>Composition\u00a0:<\/h4>\n<div class=\"texte\">Plastique et m\u00e9tal<\/div>\n","protected":false},"excerpt":{"rendered":"<p>Usage et utilit\u00e9\u00a0: Pratique si vous ne souhaitez pas vous d\u00e9placer ou pour un proche \u00e0 mobilit\u00e9 cet interrupteur vous permet de pilotez en local&#8230;<\/p>\n","protected":false},"featured_media":25927,"template":"","meta":{"content-type":""},"etheme_brands":[],"product_brand":[],"product_cat":[373],"product_tag":[],"class_list":{"0":"post-25897","1":"product","2":"type-product","3":"status-publish","4":"has-post-thumbnail","6":"product_cat-module-domotique","8":"first","9":"instock","10":"taxable","11":"shipping-taxable","12":"purchasable","13":"product-type-simple"},"yoast_head":"<!-- This site is optimized with the Yoast SEO plugin v26.0 - https:\/\/yoast.com\/wordpress\/plugins\/seo\/ -->\n<title>INTER MURAL RF-1 A 3 POSITIONS - Planete LED Solution d&#039;Eclairage LED<\/title>\n<meta name=\"robots\" content=\"index, follow, max-snippet:-1, max-image-preview:large, max-video-preview:-1\" \/>\n<link rel=\"canonical\" href=\"https:\/\/www.ledkaraib.com\/index.php\/produit\/inter-mural-rf-1-a-3-positions\/\" \/>\n<meta property=\"og:locale\" content=\"fr_FR\" \/>\n<meta property=\"og:type\" content=\"article\" \/>\n<meta property=\"og:title\" content=\"INTER MURAL RF-1 A 3 POSITIONS - Planete LED Solution d&#039;Eclairage LED\" \/>\n<meta property=\"og:description\" content=\"Usage et utilit\u00e9\u00a0: Pratique si vous ne souhaitez pas vous d\u00e9placer ou pour un proche \u00e0 mobilit\u00e9 cet interrupteur vous permet de pilotez en local...\" \/>\n<meta property=\"og:url\" content=\"https:\/\/www.ledkaraib.com\/index.php\/produit\/inter-mural-rf-1-a-3-positions\/\" \/>\n<meta property=\"og:site_name\" content=\"Planete LED Solution d&#039;Eclairage LED\" \/>\n<meta property=\"article:modified_time\" content=\"2021-08-29T21:08:39+00:00\" \/>\n<meta property=\"og:image\" content=\"https:\/\/www.ledkaraib.com\/wp-content\/uploads\/2021\/08\/LDB1236008.jpg\" \/>\n\t<meta property=\"og:image:width\" content=\"400\" \/>\n\t<meta property=\"og:image:height\" content=\"400\" \/>\n\t<meta property=\"og:image:type\" content=\"image\/jpeg\" \/>\n<meta name=\"twitter:card\" content=\"summary_large_image\" \/>\n<meta name=\"twitter:label1\" content=\"Dur\u00e9e de lecture estim\u00e9e\" \/>\n\t<meta name=\"twitter:data1\" content=\"1 minute\" \/>\n<script type=\"application\/ld+json\" class=\"yoast-schema-graph\">{\"@context\":\"https:\/\/schema.org\",\"@graph\":[{\"@type\":\"WebPage\",\"@id\":\"https:\/\/www.ledkaraib.com\/index.php\/produit\/inter-mural-rf-1-a-3-positions\/\",\"url\":\"https:\/\/www.ledkaraib.com\/index.php\/produit\/inter-mural-rf-1-a-3-positions\/\",\"name\":\"INTER MURAL RF-1 A 3 POSITIONS - Planete LED Solution d&#039;Eclairage LED\",\"isPartOf\":{\"@id\":\"https:\/\/www.ledkaraib.com\/#website\"},\"primaryImageOfPage\":{\"@id\":\"https:\/\/www.ledkaraib.com\/index.php\/produit\/inter-mural-rf-1-a-3-positions\/#primaryimage\"},\"image\":{\"@id\":\"https:\/\/www.ledkaraib.com\/index.php\/produit\/inter-mural-rf-1-a-3-positions\/#primaryimage\"},\"thumbnailUrl\":\"https:\/\/www.ledkaraib.com\/wp-content\/uploads\/2021\/08\/LDB1236008.jpg\",\"datePublished\":\"2021-08-29T21:08:31+00:00\",\"dateModified\":\"2021-08-29T21:08:39+00:00\",\"breadcrumb\":{\"@id\":\"https:\/\/www.ledkaraib.com\/index.php\/produit\/inter-mural-rf-1-a-3-positions\/#breadcrumb\"},\"inLanguage\":\"fr-FR\",\"potentialAction\":[{\"@type\":\"ReadAction\",\"target\":[\"https:\/\/www.ledkaraib.com\/index.php\/produit\/inter-mural-rf-1-a-3-positions\/\"]}]},{\"@type\":\"ImageObject\",\"inLanguage\":\"fr-FR\",\"@id\":\"https:\/\/www.ledkaraib.com\/index.php\/produit\/inter-mural-rf-1-a-3-positions\/#primaryimage\",\"url\":\"https:\/\/www.ledkaraib.com\/wp-content\/uploads\/2021\/08\/LDB1236008.jpg\",\"contentUrl\":\"https:\/\/www.ledkaraib.com\/wp-content\/uploads\/2021\/08\/LDB1236008.jpg\",\"width\":400,\"height\":400},{\"@type\":\"BreadcrumbList\",\"@id\":\"https:\/\/www.ledkaraib.com\/index.php\/produit\/inter-mural-rf-1-a-3-positions\/#breadcrumb\",\"itemListElement\":[{\"@type\":\"ListItem\",\"position\":1,\"name\":\"Accueil\",\"item\":\"https:\/\/www.ledkaraib.com\/\"},{\"@type\":\"ListItem\",\"position\":2,\"name\":\"Shop\",\"item\":\"https:\/\/www.ledkaraib.com\/index.php\/shop-3\/\"},{\"@type\":\"ListItem\",\"position\":3,\"name\":\"INTER MURAL RF-1 A 3 POSITIONS\"}]},{\"@type\":\"WebSite\",\"@id\":\"https:\/\/www.ledkaraib.com\/#website\",\"url\":\"https:\/\/www.ledkaraib.com\/\",\"name\":\"Planete LED Solution d&#039;Eclairage LED\",\"description\":\"\",\"potentialAction\":[{\"@type\":\"SearchAction\",\"target\":{\"@type\":\"EntryPoint\",\"urlTemplate\":\"https:\/\/www.ledkaraib.com\/?s={search_term_string}\"},\"query-input\":{\"@type\":\"PropertyValueSpecification\",\"valueRequired\":true,\"valueName\":\"search_term_string\"}}],\"inLanguage\":\"fr-FR\"}]}<\/script>\n<!-- \/ Yoast SEO plugin. -->","yoast_head_json":{"title":"INTER MURAL RF-1 A 3 POSITIONS - Planete LED Solution d&#039;Eclairage LED","robots":{"index":"index","follow":"follow","max-snippet":"max-snippet:-1","max-image-preview":"max-image-preview:large","max-video-preview":"max-video-preview:-1"},"canonical":"https:\/\/www.ledkaraib.com\/index.php\/produit\/inter-mural-rf-1-a-3-positions\/","og_locale":"fr_FR","og_type":"article","og_title":"INTER MURAL RF-1 A 3 POSITIONS - Planete LED Solution d&#039;Eclairage LED","og_description":"Usage et utilit\u00e9\u00a0: Pratique si vous ne souhaitez pas vous d\u00e9placer ou pour un proche \u00e0 mobilit\u00e9 cet interrupteur vous permet de pilotez en local...","og_url":"https:\/\/www.ledkaraib.com\/index.php\/produit\/inter-mural-rf-1-a-3-positions\/","og_site_name":"Planete LED Solution d&#039;Eclairage LED","article_modified_time":"2021-08-29T21:08:39+00:00","og_image":[{"width":400,"height":400,"url":"https:\/\/www.ledkaraib.com\/wp-content\/uploads\/2021\/08\/LDB1236008.jpg","type":"image\/jpeg"}],"twitter_card":"summary_large_image","twitter_misc":{"Dur\u00e9e de lecture estim\u00e9e":"1 minute"},"schema":{"@context":"https:\/\/schema.org","@graph":[{"@type":"WebPage","@id":"https:\/\/www.ledkaraib.com\/index.php\/produit\/inter-mural-rf-1-a-3-positions\/","url":"https:\/\/www.ledkaraib.com\/index.php\/produit\/inter-mural-rf-1-a-3-positions\/","name":"INTER MURAL RF-1 A 3 POSITIONS - Planete LED Solution d&#039;Eclairage LED","isPartOf":{"@id":"https:\/\/www.ledkaraib.com\/#website"},"primaryImageOfPage":{"@id":"https:\/\/www.ledkaraib.com\/index.php\/produit\/inter-mural-rf-1-a-3-positions\/#primaryimage"},"image":{"@id":"https:\/\/www.ledkaraib.com\/index.php\/produit\/inter-mural-rf-1-a-3-positions\/#primaryimage"},"thumbnailUrl":"https:\/\/www.ledkaraib.com\/wp-content\/uploads\/2021\/08\/LDB1236008.jpg","datePublished":"2021-08-29T21:08:31+00:00","dateModified":"2021-08-29T21:08:39+00:00","breadcrumb":{"@id":"https:\/\/www.ledkaraib.com\/index.php\/produit\/inter-mural-rf-1-a-3-positions\/#breadcrumb"},"inLanguage":"fr-FR","potentialAction":[{"@type":"ReadAction","target":["https:\/\/www.ledkaraib.com\/index.php\/produit\/inter-mural-rf-1-a-3-positions\/"]}]},{"@type":"ImageObject","inLanguage":"fr-FR","@id":"https:\/\/www.ledkaraib.com\/index.php\/produit\/inter-mural-rf-1-a-3-positions\/#primaryimage","url":"https:\/\/www.ledkaraib.com\/wp-content\/uploads\/2021\/08\/LDB1236008.jpg","contentUrl":"https:\/\/www.ledkaraib.com\/wp-content\/uploads\/2021\/08\/LDB1236008.jpg","width":400,"height":400},{"@type":"BreadcrumbList","@id":"https:\/\/www.ledkaraib.com\/index.php\/produit\/inter-mural-rf-1-a-3-positions\/#breadcrumb","itemListElement":[{"@type":"ListItem","position":1,"name":"Accueil","item":"https:\/\/www.ledkaraib.com\/"},{"@type":"ListItem","position":2,"name":"Shop","item":"https:\/\/www.ledkaraib.com\/index.php\/shop-3\/"},{"@type":"ListItem","position":3,"name":"INTER MURAL RF-1 A 3 POSITIONS"}]},{"@type":"WebSite","@id":"https:\/\/www.ledkaraib.com\/#website","url":"https:\/\/www.ledkaraib.com\/","name":"Planete LED Solution d&#039;Eclairage LED","description":"","potentialAction":[{"@type":"SearchAction","target":{"@type":"EntryPoint","urlTemplate":"https:\/\/www.ledkaraib.com\/?s={search_term_string}"},"query-input":{"@type":"PropertyValueSpecification","valueRequired":true,"valueName":"search_term_string"}}],"inLanguage":"fr-FR"}]}},"jetpack_sharing_enabled":true,"_links":{"self":[{"href":"https:\/\/www.ledkaraib.com\/index.php\/wp-json\/wp\/v2\/product\/25897","targetHints":{"allow":["GET"]}}],"collection":[{"href":"https:\/\/www.ledkaraib.com\/index.php\/wp-json\/wp\/v2\/product"}],"about":[{"href":"https:\/\/www.ledkaraib.com\/index.php\/wp-json\/wp\/v2\/types\/product"}],"version-history":[{"count":0,"href":"https:\/\/www.ledkaraib.com\/index.php\/wp-json\/wp\/v2\/product\/25897\/revisions"}],"wp:featuredmedia":[{"embeddable":true,"href":"https:\/\/www.ledkaraib.com\/index.php\/wp-json\/wp\/v2\/media\/25927"}],"wp:attachment":[{"href":"https:\/\/www.ledkaraib.com\/index.php\/wp-json\/wp\/v2\/media?parent=25897"}],"wp:term":[{"taxonomy":"brand","embeddable":true,"href":"https:\/\/www.ledkaraib.com\/index.php\/wp-json\/wp\/v2\/etheme_brands?post=25897"},{"taxonomy":"product_brand","embeddable":true,"href":"https:\/\/www.ledkaraib.com\/index.php\/wp-json\/wp\/v2\/product_brand?post=25897"},{"taxonomy":"product_cat","embeddable":true,"href":"https:\/\/www.ledkaraib.com\/index.php\/wp-json\/wp\/v2\/product_cat?post=25897"},{"taxonomy":"product_tag","embeddable":true,"href":"https:\/\/www.ledkaraib.com\/index.php\/wp-json\/wp\/v2\/product_tag?post=25897"}],"curies":[{"name":"wp","href":"https:\/\/api.w.org\/{rel}","templated":true}]}}