{"id":26178,"date":"2021-08-29T21:10:39","date_gmt":"2021-08-29T21:10:39","guid":{"rendered":"https:\/\/ledkaraib.fr\/?post_type=product&#038;p=26178"},"modified":"2022-01-15T03:22:33","modified_gmt":"2022-01-15T03:22:33","slug":"trust-set-switching-ac3-1000r-ml","status":"publish","type":"product","link":"https:\/\/www.ledkaraib.com\/index.php\/produit\/trust-set-switching-ac3-1000r-ml\/","title":{"rendered":"TRUST SET SWITCHING AC3-1000R ML"},"content":{"rendered":"<h3 class=\"translatedTitle\">Kit de commande sans fil d&rsquo;allumage\/d&rsquo;extinction<\/h3>\n<p class=\"body\">Kit de commande sans fil avec t\u00e9l\u00e9commande et trois prises int\u00e9gr\u00e9es \u00e0 fonction interrupteur pour la commande \u00e0 distance de luminaires ou d&rsquo;appareils (1\u00a0000\u00a0W max.)<\/p>\n<ul class=\"product-features-list\">\n<li>Commande ind\u00e9pendamment 16 luminaires\/appareils<\/li>\n<li>Contr\u00f4le plusieurs luminaires\/appareils d&rsquo;un seul bouton<\/li>\n<li>Fonctionne avec tous les luminaires\/appareils jusqu&rsquo;\u00e0 1\u00a0000\u00a0W<\/li>\n<li>T\u00e9l\u00e9commande avec pile \u00e0 grande autonomie (pile fournie)<\/li>\n<li>Port\u00e9e de transmission jusqu&rsquo;\u00e0 30\u00a0m\u00e8tres<\/li>\n<li>Installation possible dans toutes les prises \u00e9lectriques int\u00e9rieures<\/li>\n<li>S\u00e9curit\u00e9 enfant<\/li>\n<\/ul>\n","protected":false},"excerpt":{"rendered":"<p>Kit de commande sans fil d&rsquo;allumage\/d&rsquo;extinction Kit de commande sans fil avec t\u00e9l\u00e9commande et trois prises int\u00e9gr\u00e9es \u00e0 fonction interrupteur pour la commande \u00e0 distance&#8230;<\/p>\n","protected":false},"featured_media":26192,"template":"","meta":{"content-type":""},"etheme_brands":[],"product_brand":[],"product_cat":[373],"product_tag":[],"class_list":{"0":"post-26178","1":"product","2":"type-product","3":"status-publish","4":"has-post-thumbnail","6":"product_cat-module-domotique","8":"first","9":"instock","10":"taxable","11":"shipping-taxable","12":"purchasable","13":"product-type-simple"},"yoast_head":"<!-- This site is optimized with the Yoast SEO plugin v26.0 - https:\/\/yoast.com\/wordpress\/plugins\/seo\/ -->\n<title>TRUST SET SWITCHING AC3-1000R ML - Planete LED Solution d&#039;Eclairage LED<\/title>\n<meta name=\"robots\" content=\"index, follow, max-snippet:-1, max-image-preview:large, max-video-preview:-1\" \/>\n<link rel=\"canonical\" href=\"https:\/\/www.ledkaraib.com\/index.php\/produit\/trust-set-switching-ac3-1000r-ml\/\" \/>\n<meta property=\"og:locale\" content=\"fr_FR\" \/>\n<meta property=\"og:type\" content=\"article\" \/>\n<meta property=\"og:title\" content=\"TRUST SET SWITCHING AC3-1000R ML - Planete LED Solution d&#039;Eclairage LED\" \/>\n<meta property=\"og:description\" content=\"Kit de commande sans fil d&rsquo;allumage\/d&rsquo;extinction Kit de commande sans fil avec t\u00e9l\u00e9commande et trois prises int\u00e9gr\u00e9es \u00e0 fonction interrupteur pour la commande \u00e0 distance...\" \/>\n<meta property=\"og:url\" content=\"https:\/\/www.ledkaraib.com\/index.php\/produit\/trust-set-switching-ac3-1000r-ml\/\" \/>\n<meta property=\"og:site_name\" content=\"Planete LED Solution d&#039;Eclairage LED\" \/>\n<meta property=\"article:modified_time\" content=\"2022-01-15T03:22:33+00:00\" \/>\n<meta property=\"og:image\" content=\"https:\/\/www.ledkaraib.com\/wp-content\/uploads\/2021\/08\/71004.jpg\" \/>\n\t<meta property=\"og:image:width\" content=\"800\" \/>\n\t<meta property=\"og:image:height\" content=\"800\" \/>\n\t<meta property=\"og:image:type\" content=\"image\/jpeg\" \/>\n<meta name=\"twitter:card\" content=\"summary_large_image\" \/>\n<script type=\"application\/ld+json\" class=\"yoast-schema-graph\">{\"@context\":\"https:\/\/schema.org\",\"@graph\":[{\"@type\":\"WebPage\",\"@id\":\"https:\/\/www.ledkaraib.com\/index.php\/produit\/trust-set-switching-ac3-1000r-ml\/\",\"url\":\"https:\/\/www.ledkaraib.com\/index.php\/produit\/trust-set-switching-ac3-1000r-ml\/\",\"name\":\"TRUST SET SWITCHING AC3-1000R ML - Planete LED Solution d&#039;Eclairage LED\",\"isPartOf\":{\"@id\":\"https:\/\/www.ledkaraib.com\/#website\"},\"primaryImageOfPage\":{\"@id\":\"https:\/\/www.ledkaraib.com\/index.php\/produit\/trust-set-switching-ac3-1000r-ml\/#primaryimage\"},\"image\":{\"@id\":\"https:\/\/www.ledkaraib.com\/index.php\/produit\/trust-set-switching-ac3-1000r-ml\/#primaryimage\"},\"thumbnailUrl\":\"https:\/\/www.ledkaraib.com\/wp-content\/uploads\/2021\/08\/71004.jpg\",\"datePublished\":\"2021-08-29T21:10:39+00:00\",\"dateModified\":\"2022-01-15T03:22:33+00:00\",\"breadcrumb\":{\"@id\":\"https:\/\/www.ledkaraib.com\/index.php\/produit\/trust-set-switching-ac3-1000r-ml\/#breadcrumb\"},\"inLanguage\":\"fr-FR\",\"potentialAction\":[{\"@type\":\"ReadAction\",\"target\":[\"https:\/\/www.ledkaraib.com\/index.php\/produit\/trust-set-switching-ac3-1000r-ml\/\"]}]},{\"@type\":\"ImageObject\",\"inLanguage\":\"fr-FR\",\"@id\":\"https:\/\/www.ledkaraib.com\/index.php\/produit\/trust-set-switching-ac3-1000r-ml\/#primaryimage\",\"url\":\"https:\/\/www.ledkaraib.com\/wp-content\/uploads\/2021\/08\/71004.jpg\",\"contentUrl\":\"https:\/\/www.ledkaraib.com\/wp-content\/uploads\/2021\/08\/71004.jpg\",\"width\":800,\"height\":800},{\"@type\":\"BreadcrumbList\",\"@id\":\"https:\/\/www.ledkaraib.com\/index.php\/produit\/trust-set-switching-ac3-1000r-ml\/#breadcrumb\",\"itemListElement\":[{\"@type\":\"ListItem\",\"position\":1,\"name\":\"Accueil\",\"item\":\"https:\/\/www.ledkaraib.com\/\"},{\"@type\":\"ListItem\",\"position\":2,\"name\":\"Shop\",\"item\":\"https:\/\/www.ledkaraib.com\/index.php\/shop-3\/\"},{\"@type\":\"ListItem\",\"position\":3,\"name\":\"TRUST SET SWITCHING AC3-1000R ML\"}]},{\"@type\":\"WebSite\",\"@id\":\"https:\/\/www.ledkaraib.com\/#website\",\"url\":\"https:\/\/www.ledkaraib.com\/\",\"name\":\"Planete LED Solution d&#039;Eclairage LED\",\"description\":\"\",\"potentialAction\":[{\"@type\":\"SearchAction\",\"target\":{\"@type\":\"EntryPoint\",\"urlTemplate\":\"https:\/\/www.ledkaraib.com\/?s={search_term_string}\"},\"query-input\":{\"@type\":\"PropertyValueSpecification\",\"valueRequired\":true,\"valueName\":\"search_term_string\"}}],\"inLanguage\":\"fr-FR\"}]}<\/script>\n<!-- \/ Yoast SEO plugin. -->","yoast_head_json":{"title":"TRUST SET SWITCHING AC3-1000R ML - Planete LED Solution d&#039;Eclairage LED","robots":{"index":"index","follow":"follow","max-snippet":"max-snippet:-1","max-image-preview":"max-image-preview:large","max-video-preview":"max-video-preview:-1"},"canonical":"https:\/\/www.ledkaraib.com\/index.php\/produit\/trust-set-switching-ac3-1000r-ml\/","og_locale":"fr_FR","og_type":"article","og_title":"TRUST SET SWITCHING AC3-1000R ML - Planete LED Solution d&#039;Eclairage LED","og_description":"Kit de commande sans fil d&rsquo;allumage\/d&rsquo;extinction Kit de commande sans fil avec t\u00e9l\u00e9commande et trois prises int\u00e9gr\u00e9es \u00e0 fonction interrupteur pour la commande \u00e0 distance...","og_url":"https:\/\/www.ledkaraib.com\/index.php\/produit\/trust-set-switching-ac3-1000r-ml\/","og_site_name":"Planete LED Solution d&#039;Eclairage LED","article_modified_time":"2022-01-15T03:22:33+00:00","og_image":[{"width":800,"height":800,"url":"https:\/\/www.ledkaraib.com\/wp-content\/uploads\/2021\/08\/71004.jpg","type":"image\/jpeg"}],"twitter_card":"summary_large_image","schema":{"@context":"https:\/\/schema.org","@graph":[{"@type":"WebPage","@id":"https:\/\/www.ledkaraib.com\/index.php\/produit\/trust-set-switching-ac3-1000r-ml\/","url":"https:\/\/www.ledkaraib.com\/index.php\/produit\/trust-set-switching-ac3-1000r-ml\/","name":"TRUST SET SWITCHING AC3-1000R ML - Planete LED Solution d&#039;Eclairage LED","isPartOf":{"@id":"https:\/\/www.ledkaraib.com\/#website"},"primaryImageOfPage":{"@id":"https:\/\/www.ledkaraib.com\/index.php\/produit\/trust-set-switching-ac3-1000r-ml\/#primaryimage"},"image":{"@id":"https:\/\/www.ledkaraib.com\/index.php\/produit\/trust-set-switching-ac3-1000r-ml\/#primaryimage"},"thumbnailUrl":"https:\/\/www.ledkaraib.com\/wp-content\/uploads\/2021\/08\/71004.jpg","datePublished":"2021-08-29T21:10:39+00:00","dateModified":"2022-01-15T03:22:33+00:00","breadcrumb":{"@id":"https:\/\/www.ledkaraib.com\/index.php\/produit\/trust-set-switching-ac3-1000r-ml\/#breadcrumb"},"inLanguage":"fr-FR","potentialAction":[{"@type":"ReadAction","target":["https:\/\/www.ledkaraib.com\/index.php\/produit\/trust-set-switching-ac3-1000r-ml\/"]}]},{"@type":"ImageObject","inLanguage":"fr-FR","@id":"https:\/\/www.ledkaraib.com\/index.php\/produit\/trust-set-switching-ac3-1000r-ml\/#primaryimage","url":"https:\/\/www.ledkaraib.com\/wp-content\/uploads\/2021\/08\/71004.jpg","contentUrl":"https:\/\/www.ledkaraib.com\/wp-content\/uploads\/2021\/08\/71004.jpg","width":800,"height":800},{"@type":"BreadcrumbList","@id":"https:\/\/www.ledkaraib.com\/index.php\/produit\/trust-set-switching-ac3-1000r-ml\/#breadcrumb","itemListElement":[{"@type":"ListItem","position":1,"name":"Accueil","item":"https:\/\/www.ledkaraib.com\/"},{"@type":"ListItem","position":2,"name":"Shop","item":"https:\/\/www.ledkaraib.com\/index.php\/shop-3\/"},{"@type":"ListItem","position":3,"name":"TRUST SET SWITCHING AC3-1000R ML"}]},{"@type":"WebSite","@id":"https:\/\/www.ledkaraib.com\/#website","url":"https:\/\/www.ledkaraib.com\/","name":"Planete LED Solution d&#039;Eclairage LED","description":"","potentialAction":[{"@type":"SearchAction","target":{"@type":"EntryPoint","urlTemplate":"https:\/\/www.ledkaraib.com\/?s={search_term_string}"},"query-input":{"@type":"PropertyValueSpecification","valueRequired":true,"valueName":"search_term_string"}}],"inLanguage":"fr-FR"}]}},"jetpack_sharing_enabled":true,"_links":{"self":[{"href":"https:\/\/www.ledkaraib.com\/index.php\/wp-json\/wp\/v2\/product\/26178","targetHints":{"allow":["GET"]}}],"collection":[{"href":"https:\/\/www.ledkaraib.com\/index.php\/wp-json\/wp\/v2\/product"}],"about":[{"href":"https:\/\/www.ledkaraib.com\/index.php\/wp-json\/wp\/v2\/types\/product"}],"version-history":[{"count":0,"href":"https:\/\/www.ledkaraib.com\/index.php\/wp-json\/wp\/v2\/product\/26178\/revisions"}],"wp:featuredmedia":[{"embeddable":true,"href":"https:\/\/www.ledkaraib.com\/index.php\/wp-json\/wp\/v2\/media\/26192"}],"wp:attachment":[{"href":"https:\/\/www.ledkaraib.com\/index.php\/wp-json\/wp\/v2\/media?parent=26178"}],"wp:term":[{"taxonomy":"brand","embeddable":true,"href":"https:\/\/www.ledkaraib.com\/index.php\/wp-json\/wp\/v2\/etheme_brands?post=26178"},{"taxonomy":"product_brand","embeddable":true,"href":"https:\/\/www.ledkaraib.com\/index.php\/wp-json\/wp\/v2\/product_brand?post=26178"},{"taxonomy":"product_cat","embeddable":true,"href":"https:\/\/www.ledkaraib.com\/index.php\/wp-json\/wp\/v2\/product_cat?post=26178"},{"taxonomy":"product_tag","embeddable":true,"href":"https:\/\/www.ledkaraib.com\/index.php\/wp-json\/wp\/v2\/product_tag?post=26178"}],"curies":[{"name":"wp","href":"https:\/\/api.w.org\/{rel}","templated":true}]}}