{"id":26296,"date":"2021-08-29T21:12:26","date_gmt":"2021-08-29T21:12:26","guid":{"rendered":"https:\/\/ledkaraib.fr\/?post_type=product&#038;p=26296"},"modified":"2024-06-24T09:55:14","modified_gmt":"2024-06-24T13:55:14","slug":"eurohm-prise-double-rj45-cat6-gr-3-stp-silver","status":"publish","type":"product","link":"https:\/\/www.ledkaraib.com\/index.php\/produit\/eurohm-prise-double-rj45-cat6-gr-3-stp-silver\/","title":{"rendered":"EUR&rsquo;OHM PRISE DOUBLE RJ45 CAT6 GR.3 STP SILVER"},"content":{"rendered":"<ul>\n<li><strong>Installation de la double prise RJ45 STP :<\/strong>\n<ul>\n<li>Montage du m\u00e9canisme en encastr\u00e9 ou en saillie<\/li>\n<li>Gestion de la t\u00e9l\u00e9phonie, de l\u2019informatique et de la TV sur RJ45 sur un r\u00e9seau \u00e0 10 Gbits\/s<\/li>\n<li>Gestion de la t\u00e9l\u00e9phonie et de l\u2019informatique sur RJ45 sur un r\u00e9seau \u00e0 250 Mhz, d\u00e9livrant un d\u00e9bit garanti \u00e0 1 Gbits\/s<\/li>\n<li>Fixation \u00e0 vis ou \u00e0 griffes<\/li>\n<\/ul>\n<\/li>\n<\/ul>\n<ul>\n<li><strong>Entretien de la prise RJ45\u00a0:\u00a0<\/strong>\n<ul>\n<li>Nettoyage superficiel avec un chiffon<\/li>\n<\/ul>\n<\/li>\n<\/ul>\n<p><strong>Donn\u00e9es techniques de la double prise RJ45 Square :<\/strong><\/p>\n<div>\n<ul>\n<li>Tension :\u00a0250 V<\/li>\n<li>Double noyau au format Keystone<\/li>\n<li>Temp\u00e9rature de stockage : -5\u00b0C \u00e0 +50\u00b0C<\/li>\n<li>Temp\u00e9rature d&rsquo;utilisation : -5\u00b0C \u00e0 +35\u00b0C<\/li>\n<\/ul>\n<p><strong>Mat\u00e9riau et couleur :<\/strong><\/p>\n<ul>\n<li>Plastique &#8211; Polycarbonate<\/li>\n<li>Blanc<\/li>\n<\/ul>\n<p><strong>Dimensions\u00a0de la prise RJ45\u00a0Square :<\/strong><\/p>\n<ul>\n<li>Hauteur : 73 mm<\/li>\n<li>Longueur : 73 mm<\/li>\n<li>Profondeur 36 mm<\/li>\n<\/ul>\n<p><strong>Conformit\u00e9 et protection :<\/strong><\/p>\n<ul>\n<li>Protection contre les corps solides et\/ou liquides : IP 20<\/li>\n<li>Protection contre les impacts : IK 04<\/li>\n<li>Conforme norme\u00a0ISO 11801<\/li>\n<\/ul>\n<\/div>\n","protected":false},"excerpt":{"rendered":"<p>Installation de la double prise RJ45 STP : Montage du m\u00e9canisme en encastr\u00e9 ou en saillie Gestion de la t\u00e9l\u00e9phonie, de l\u2019informatique et de la&#8230;<\/p>\n","protected":false},"featured_media":26326,"template":"","meta":{"content-type":""},"etheme_brands":[],"product_brand":[],"product_cat":[384],"product_tag":[],"class_list":{"0":"post-26296","1":"product","2":"type-product","3":"status-publish","4":"has-post-thumbnail","6":"product_cat-gamme-encastrable-a-composer","8":"first","9":"instock","10":"taxable","11":"shipping-taxable","12":"purchasable","13":"product-type-simple"},"yoast_head":"<!-- This site is optimized with the Yoast SEO plugin v26.0 - https:\/\/yoast.com\/wordpress\/plugins\/seo\/ -->\n<title>EUR&#039;OHM PRISE DOUBLE RJ45 CAT6 GR.3 STP SILVER - Planete LED Solution d&#039;Eclairage LED<\/title>\n<meta name=\"robots\" content=\"index, follow, max-snippet:-1, max-image-preview:large, max-video-preview:-1\" \/>\n<link rel=\"canonical\" href=\"https:\/\/www.ledkaraib.com\/index.php\/produit\/eurohm-prise-double-rj45-cat6-gr-3-stp-silver\/\" \/>\n<meta property=\"og:locale\" content=\"fr_FR\" \/>\n<meta property=\"og:type\" content=\"article\" \/>\n<meta property=\"og:title\" content=\"EUR&#039;OHM PRISE DOUBLE RJ45 CAT6 GR.3 STP SILVER - Planete LED Solution d&#039;Eclairage LED\" \/>\n<meta property=\"og:description\" content=\"Installation de la double prise RJ45 STP : Montage du m\u00e9canisme en encastr\u00e9 ou en saillie Gestion de la t\u00e9l\u00e9phonie, de l\u2019informatique et de la...\" \/>\n<meta property=\"og:url\" content=\"https:\/\/www.ledkaraib.com\/index.php\/produit\/eurohm-prise-double-rj45-cat6-gr-3-stp-silver\/\" \/>\n<meta property=\"og:site_name\" content=\"Planete LED Solution d&#039;Eclairage LED\" \/>\n<meta property=\"article:modified_time\" content=\"2024-06-24T13:55:14+00:00\" \/>\n<meta property=\"og:image\" content=\"https:\/\/www.ledkaraib.com\/wp-content\/uploads\/2021\/08\/EUR_OHM_60473.jpg\" \/>\n\t<meta property=\"og:image:width\" content=\"600\" \/>\n\t<meta property=\"og:image:height\" content=\"600\" \/>\n\t<meta property=\"og:image:type\" content=\"image\/jpeg\" \/>\n<meta name=\"twitter:card\" content=\"summary_large_image\" \/>\n<meta name=\"twitter:label1\" content=\"Dur\u00e9e de lecture estim\u00e9e\" \/>\n\t<meta name=\"twitter:data1\" content=\"1 minute\" \/>\n<script type=\"application\/ld+json\" class=\"yoast-schema-graph\">{\"@context\":\"https:\/\/schema.org\",\"@graph\":[{\"@type\":\"WebPage\",\"@id\":\"https:\/\/www.ledkaraib.com\/index.php\/produit\/eurohm-prise-double-rj45-cat6-gr-3-stp-silver\/\",\"url\":\"https:\/\/www.ledkaraib.com\/index.php\/produit\/eurohm-prise-double-rj45-cat6-gr-3-stp-silver\/\",\"name\":\"EUR'OHM PRISE DOUBLE RJ45 CAT6 GR.3 STP SILVER - Planete LED Solution d&#039;Eclairage LED\",\"isPartOf\":{\"@id\":\"https:\/\/www.ledkaraib.com\/#website\"},\"primaryImageOfPage\":{\"@id\":\"https:\/\/www.ledkaraib.com\/index.php\/produit\/eurohm-prise-double-rj45-cat6-gr-3-stp-silver\/#primaryimage\"},\"image\":{\"@id\":\"https:\/\/www.ledkaraib.com\/index.php\/produit\/eurohm-prise-double-rj45-cat6-gr-3-stp-silver\/#primaryimage\"},\"thumbnailUrl\":\"https:\/\/www.ledkaraib.com\/wp-content\/uploads\/2021\/08\/EUR_OHM_60473.jpg\",\"datePublished\":\"2021-08-29T21:12:26+00:00\",\"dateModified\":\"2024-06-24T13:55:14+00:00\",\"breadcrumb\":{\"@id\":\"https:\/\/www.ledkaraib.com\/index.php\/produit\/eurohm-prise-double-rj45-cat6-gr-3-stp-silver\/#breadcrumb\"},\"inLanguage\":\"fr-FR\",\"potentialAction\":[{\"@type\":\"ReadAction\",\"target\":[\"https:\/\/www.ledkaraib.com\/index.php\/produit\/eurohm-prise-double-rj45-cat6-gr-3-stp-silver\/\"]}]},{\"@type\":\"ImageObject\",\"inLanguage\":\"fr-FR\",\"@id\":\"https:\/\/www.ledkaraib.com\/index.php\/produit\/eurohm-prise-double-rj45-cat6-gr-3-stp-silver\/#primaryimage\",\"url\":\"https:\/\/www.ledkaraib.com\/wp-content\/uploads\/2021\/08\/EUR_OHM_60473.jpg\",\"contentUrl\":\"https:\/\/www.ledkaraib.com\/wp-content\/uploads\/2021\/08\/EUR_OHM_60473.jpg\",\"width\":600,\"height\":600},{\"@type\":\"BreadcrumbList\",\"@id\":\"https:\/\/www.ledkaraib.com\/index.php\/produit\/eurohm-prise-double-rj45-cat6-gr-3-stp-silver\/#breadcrumb\",\"itemListElement\":[{\"@type\":\"ListItem\",\"position\":1,\"name\":\"Accueil\",\"item\":\"https:\/\/www.ledkaraib.com\/\"},{\"@type\":\"ListItem\",\"position\":2,\"name\":\"Shop\",\"item\":\"https:\/\/www.ledkaraib.com\/index.php\/shop-3\/\"},{\"@type\":\"ListItem\",\"position\":3,\"name\":\"EUR&#8217;OHM PRISE DOUBLE RJ45 CAT6 GR.3 STP SILVER\"}]},{\"@type\":\"WebSite\",\"@id\":\"https:\/\/www.ledkaraib.com\/#website\",\"url\":\"https:\/\/www.ledkaraib.com\/\",\"name\":\"Planete LED Solution d&#039;Eclairage LED\",\"description\":\"\",\"potentialAction\":[{\"@type\":\"SearchAction\",\"target\":{\"@type\":\"EntryPoint\",\"urlTemplate\":\"https:\/\/www.ledkaraib.com\/?s={search_term_string}\"},\"query-input\":{\"@type\":\"PropertyValueSpecification\",\"valueRequired\":true,\"valueName\":\"search_term_string\"}}],\"inLanguage\":\"fr-FR\"}]}<\/script>\n<!-- \/ Yoast SEO plugin. -->","yoast_head_json":{"title":"EUR'OHM PRISE DOUBLE RJ45 CAT6 GR.3 STP SILVER - Planete LED Solution d&#039;Eclairage LED","robots":{"index":"index","follow":"follow","max-snippet":"max-snippet:-1","max-image-preview":"max-image-preview:large","max-video-preview":"max-video-preview:-1"},"canonical":"https:\/\/www.ledkaraib.com\/index.php\/produit\/eurohm-prise-double-rj45-cat6-gr-3-stp-silver\/","og_locale":"fr_FR","og_type":"article","og_title":"EUR'OHM PRISE DOUBLE RJ45 CAT6 GR.3 STP SILVER - Planete LED Solution d&#039;Eclairage LED","og_description":"Installation de la double prise RJ45 STP : Montage du m\u00e9canisme en encastr\u00e9 ou en saillie Gestion de la t\u00e9l\u00e9phonie, de l\u2019informatique et de la...","og_url":"https:\/\/www.ledkaraib.com\/index.php\/produit\/eurohm-prise-double-rj45-cat6-gr-3-stp-silver\/","og_site_name":"Planete LED Solution d&#039;Eclairage LED","article_modified_time":"2024-06-24T13:55:14+00:00","og_image":[{"width":600,"height":600,"url":"https:\/\/www.ledkaraib.com\/wp-content\/uploads\/2021\/08\/EUR_OHM_60473.jpg","type":"image\/jpeg"}],"twitter_card":"summary_large_image","twitter_misc":{"Dur\u00e9e de lecture estim\u00e9e":"1 minute"},"schema":{"@context":"https:\/\/schema.org","@graph":[{"@type":"WebPage","@id":"https:\/\/www.ledkaraib.com\/index.php\/produit\/eurohm-prise-double-rj45-cat6-gr-3-stp-silver\/","url":"https:\/\/www.ledkaraib.com\/index.php\/produit\/eurohm-prise-double-rj45-cat6-gr-3-stp-silver\/","name":"EUR'OHM PRISE DOUBLE RJ45 CAT6 GR.3 STP SILVER - Planete LED Solution d&#039;Eclairage LED","isPartOf":{"@id":"https:\/\/www.ledkaraib.com\/#website"},"primaryImageOfPage":{"@id":"https:\/\/www.ledkaraib.com\/index.php\/produit\/eurohm-prise-double-rj45-cat6-gr-3-stp-silver\/#primaryimage"},"image":{"@id":"https:\/\/www.ledkaraib.com\/index.php\/produit\/eurohm-prise-double-rj45-cat6-gr-3-stp-silver\/#primaryimage"},"thumbnailUrl":"https:\/\/www.ledkaraib.com\/wp-content\/uploads\/2021\/08\/EUR_OHM_60473.jpg","datePublished":"2021-08-29T21:12:26+00:00","dateModified":"2024-06-24T13:55:14+00:00","breadcrumb":{"@id":"https:\/\/www.ledkaraib.com\/index.php\/produit\/eurohm-prise-double-rj45-cat6-gr-3-stp-silver\/#breadcrumb"},"inLanguage":"fr-FR","potentialAction":[{"@type":"ReadAction","target":["https:\/\/www.ledkaraib.com\/index.php\/produit\/eurohm-prise-double-rj45-cat6-gr-3-stp-silver\/"]}]},{"@type":"ImageObject","inLanguage":"fr-FR","@id":"https:\/\/www.ledkaraib.com\/index.php\/produit\/eurohm-prise-double-rj45-cat6-gr-3-stp-silver\/#primaryimage","url":"https:\/\/www.ledkaraib.com\/wp-content\/uploads\/2021\/08\/EUR_OHM_60473.jpg","contentUrl":"https:\/\/www.ledkaraib.com\/wp-content\/uploads\/2021\/08\/EUR_OHM_60473.jpg","width":600,"height":600},{"@type":"BreadcrumbList","@id":"https:\/\/www.ledkaraib.com\/index.php\/produit\/eurohm-prise-double-rj45-cat6-gr-3-stp-silver\/#breadcrumb","itemListElement":[{"@type":"ListItem","position":1,"name":"Accueil","item":"https:\/\/www.ledkaraib.com\/"},{"@type":"ListItem","position":2,"name":"Shop","item":"https:\/\/www.ledkaraib.com\/index.php\/shop-3\/"},{"@type":"ListItem","position":3,"name":"EUR&#8217;OHM PRISE DOUBLE RJ45 CAT6 GR.3 STP SILVER"}]},{"@type":"WebSite","@id":"https:\/\/www.ledkaraib.com\/#website","url":"https:\/\/www.ledkaraib.com\/","name":"Planete LED Solution d&#039;Eclairage LED","description":"","potentialAction":[{"@type":"SearchAction","target":{"@type":"EntryPoint","urlTemplate":"https:\/\/www.ledkaraib.com\/?s={search_term_string}"},"query-input":{"@type":"PropertyValueSpecification","valueRequired":true,"valueName":"search_term_string"}}],"inLanguage":"fr-FR"}]}},"jetpack_sharing_enabled":true,"_links":{"self":[{"href":"https:\/\/www.ledkaraib.com\/index.php\/wp-json\/wp\/v2\/product\/26296","targetHints":{"allow":["GET"]}}],"collection":[{"href":"https:\/\/www.ledkaraib.com\/index.php\/wp-json\/wp\/v2\/product"}],"about":[{"href":"https:\/\/www.ledkaraib.com\/index.php\/wp-json\/wp\/v2\/types\/product"}],"version-history":[{"count":1,"href":"https:\/\/www.ledkaraib.com\/index.php\/wp-json\/wp\/v2\/product\/26296\/revisions"}],"predecessor-version":[{"id":46551,"href":"https:\/\/www.ledkaraib.com\/index.php\/wp-json\/wp\/v2\/product\/26296\/revisions\/46551"}],"wp:featuredmedia":[{"embeddable":true,"href":"https:\/\/www.ledkaraib.com\/index.php\/wp-json\/wp\/v2\/media\/26326"}],"wp:attachment":[{"href":"https:\/\/www.ledkaraib.com\/index.php\/wp-json\/wp\/v2\/media?parent=26296"}],"wp:term":[{"taxonomy":"brand","embeddable":true,"href":"https:\/\/www.ledkaraib.com\/index.php\/wp-json\/wp\/v2\/etheme_brands?post=26296"},{"taxonomy":"product_brand","embeddable":true,"href":"https:\/\/www.ledkaraib.com\/index.php\/wp-json\/wp\/v2\/product_brand?post=26296"},{"taxonomy":"product_cat","embeddable":true,"href":"https:\/\/www.ledkaraib.com\/index.php\/wp-json\/wp\/v2\/product_cat?post=26296"},{"taxonomy":"product_tag","embeddable":true,"href":"https:\/\/www.ledkaraib.com\/index.php\/wp-json\/wp\/v2\/product_tag?post=26296"}],"curies":[{"name":"wp","href":"https:\/\/api.w.org\/{rel}","templated":true}]}}