{"id":27024,"date":"2021-08-29T21:19:32","date_gmt":"2021-08-29T21:19:32","guid":{"rendered":"https:\/\/ledkaraib.fr\/?post_type=product&#038;p=27024"},"modified":"2021-08-29T21:19:38","modified_gmt":"2021-08-29T21:19:38","slug":"9-cles-tamper-torx","status":"publish","type":"product","link":"https:\/\/www.ledkaraib.com\/index.php\/produit\/9-cles-tamper-torx\/","title":{"rendered":"9 CLES TAMPER TORX"},"content":{"rendered":"<div class=\"certifications\"><img loading=\"lazy\" loading=\"lazy\" decoding=\"async\" src=\"https:\/\/media.entrepot-du-bricolage.fr\/images\/logo_CE.jpg\" alt=\"Conformit\u00e9 Europ\u00e9enne\" width=\"38\" height=\"28\" \/><a href=\"https:\/\/grenoble.entrepot-du-bricolage.fr\/la-signaletique-triman\"><img loading=\"lazy\" loading=\"lazy\" decoding=\"async\" src=\"https:\/\/media.entrepot-du-bricolage.fr\/images\/logo_triman.jpg\" alt=\"Triman\" width=\"30\" height=\"28\" \/><\/a><\/div>\n<h4>Usage et utilit\u00e9\u00a0:<\/h4>\n<div class=\"texte\">Permet de visser et d\u00e9visser.<\/div>\n<h4>Les plus produits\u00a0:<\/h4>\n<div class=\"texte\">Sur ratelier.<\/div>\n<h4>Composition\u00a0:<\/h4>\n<div class=\"texte\">Acier au chrome vanadium.<\/div>\n<h4>Caract\u00e9ristiques techniques principales\u00a0:<\/h4>\n<div class=\"texte\">\n<table>\n<tbody>\n<tr bgcolor=\"#F7F7F7\">\n<td>Composition du kit<\/td>\n<td>9 cl\u00e9s Torx S\u00e9curit\u00e9 : 10, 15, 20, 25, 27, 30, 40, 45, 50.<\/td>\n<\/tr>\n<\/tbody>\n<\/table>\n<\/div>\n","protected":false},"excerpt":{"rendered":"<p>Usage et utilit\u00e9\u00a0: Permet de visser et d\u00e9visser. Les plus produits\u00a0: Sur ratelier. Composition\u00a0: Acier au chrome vanadium. Caract\u00e9ristiques techniques principales\u00a0: Composition du kit 9&#8230;<\/p>\n","protected":false},"featured_media":27054,"template":"","meta":{"content-type":""},"etheme_brands":[],"product_brand":[],"product_cat":[377,455],"product_tag":[],"class_list":{"0":"post-27024","1":"product","2":"type-product","3":"status-publish","4":"has-post-thumbnail","6":"product_cat-outillage","7":"product_cat-cle-et-douille","9":"first","10":"instock","11":"taxable","12":"shipping-taxable","13":"purchasable","14":"product-type-simple"},"yoast_head":"<!-- This site is optimized with the Yoast SEO plugin v26.0 - https:\/\/yoast.com\/wordpress\/plugins\/seo\/ -->\n<title>9 CLES TAMPER TORX - Planete LED Solution d&#039;Eclairage LED<\/title>\n<meta name=\"robots\" content=\"index, follow, max-snippet:-1, max-image-preview:large, max-video-preview:-1\" \/>\n<link rel=\"canonical\" href=\"https:\/\/www.ledkaraib.com\/index.php\/produit\/9-cles-tamper-torx\/\" \/>\n<meta property=\"og:locale\" content=\"fr_FR\" \/>\n<meta property=\"og:type\" content=\"article\" \/>\n<meta property=\"og:title\" content=\"9 CLES TAMPER TORX - Planete LED Solution d&#039;Eclairage LED\" \/>\n<meta property=\"og:description\" content=\"Usage et utilit\u00e9\u00a0: Permet de visser et d\u00e9visser. Les plus produits\u00a0: Sur ratelier. Composition\u00a0: Acier au chrome vanadium. Caract\u00e9ristiques techniques principales\u00a0: Composition du kit 9...\" \/>\n<meta property=\"og:url\" content=\"https:\/\/www.ledkaraib.com\/index.php\/produit\/9-cles-tamper-torx\/\" \/>\n<meta property=\"og:site_name\" content=\"Planete LED Solution d&#039;Eclairage LED\" \/>\n<meta property=\"article:modified_time\" content=\"2021-08-29T21:19:38+00:00\" \/>\n<meta property=\"og:image\" content=\"https:\/\/www.ledkaraib.com\/wp-content\/uploads\/2021\/08\/LDB647239.jpg\" \/>\n\t<meta property=\"og:image:width\" content=\"400\" \/>\n\t<meta property=\"og:image:height\" content=\"400\" \/>\n\t<meta property=\"og:image:type\" content=\"image\/jpeg\" \/>\n<meta name=\"twitter:card\" content=\"summary_large_image\" \/>\n<script type=\"application\/ld+json\" class=\"yoast-schema-graph\">{\"@context\":\"https:\/\/schema.org\",\"@graph\":[{\"@type\":\"WebPage\",\"@id\":\"https:\/\/www.ledkaraib.com\/index.php\/produit\/9-cles-tamper-torx\/\",\"url\":\"https:\/\/www.ledkaraib.com\/index.php\/produit\/9-cles-tamper-torx\/\",\"name\":\"9 CLES TAMPER TORX - Planete LED Solution d&#039;Eclairage LED\",\"isPartOf\":{\"@id\":\"https:\/\/www.ledkaraib.com\/#website\"},\"primaryImageOfPage\":{\"@id\":\"https:\/\/www.ledkaraib.com\/index.php\/produit\/9-cles-tamper-torx\/#primaryimage\"},\"image\":{\"@id\":\"https:\/\/www.ledkaraib.com\/index.php\/produit\/9-cles-tamper-torx\/#primaryimage\"},\"thumbnailUrl\":\"https:\/\/www.ledkaraib.com\/wp-content\/uploads\/2021\/08\/LDB647239.jpg\",\"datePublished\":\"2021-08-29T21:19:32+00:00\",\"dateModified\":\"2021-08-29T21:19:38+00:00\",\"breadcrumb\":{\"@id\":\"https:\/\/www.ledkaraib.com\/index.php\/produit\/9-cles-tamper-torx\/#breadcrumb\"},\"inLanguage\":\"fr-FR\",\"potentialAction\":[{\"@type\":\"ReadAction\",\"target\":[\"https:\/\/www.ledkaraib.com\/index.php\/produit\/9-cles-tamper-torx\/\"]}]},{\"@type\":\"ImageObject\",\"inLanguage\":\"fr-FR\",\"@id\":\"https:\/\/www.ledkaraib.com\/index.php\/produit\/9-cles-tamper-torx\/#primaryimage\",\"url\":\"https:\/\/www.ledkaraib.com\/wp-content\/uploads\/2021\/08\/LDB647239.jpg\",\"contentUrl\":\"https:\/\/www.ledkaraib.com\/wp-content\/uploads\/2021\/08\/LDB647239.jpg\",\"width\":400,\"height\":400},{\"@type\":\"BreadcrumbList\",\"@id\":\"https:\/\/www.ledkaraib.com\/index.php\/produit\/9-cles-tamper-torx\/#breadcrumb\",\"itemListElement\":[{\"@type\":\"ListItem\",\"position\":1,\"name\":\"Accueil\",\"item\":\"https:\/\/www.ledkaraib.com\/\"},{\"@type\":\"ListItem\",\"position\":2,\"name\":\"Shop\",\"item\":\"https:\/\/www.ledkaraib.com\/index.php\/shop-3\/\"},{\"@type\":\"ListItem\",\"position\":3,\"name\":\"9 CLES TAMPER TORX\"}]},{\"@type\":\"WebSite\",\"@id\":\"https:\/\/www.ledkaraib.com\/#website\",\"url\":\"https:\/\/www.ledkaraib.com\/\",\"name\":\"Planete LED Solution d&#039;Eclairage LED\",\"description\":\"\",\"potentialAction\":[{\"@type\":\"SearchAction\",\"target\":{\"@type\":\"EntryPoint\",\"urlTemplate\":\"https:\/\/www.ledkaraib.com\/?s={search_term_string}\"},\"query-input\":{\"@type\":\"PropertyValueSpecification\",\"valueRequired\":true,\"valueName\":\"search_term_string\"}}],\"inLanguage\":\"fr-FR\"}]}<\/script>\n<!-- \/ Yoast SEO plugin. -->","yoast_head_json":{"title":"9 CLES TAMPER TORX - Planete LED Solution d&#039;Eclairage LED","robots":{"index":"index","follow":"follow","max-snippet":"max-snippet:-1","max-image-preview":"max-image-preview:large","max-video-preview":"max-video-preview:-1"},"canonical":"https:\/\/www.ledkaraib.com\/index.php\/produit\/9-cles-tamper-torx\/","og_locale":"fr_FR","og_type":"article","og_title":"9 CLES TAMPER TORX - Planete LED Solution d&#039;Eclairage LED","og_description":"Usage et utilit\u00e9\u00a0: Permet de visser et d\u00e9visser. Les plus produits\u00a0: Sur ratelier. Composition\u00a0: Acier au chrome vanadium. Caract\u00e9ristiques techniques principales\u00a0: Composition du kit 9...","og_url":"https:\/\/www.ledkaraib.com\/index.php\/produit\/9-cles-tamper-torx\/","og_site_name":"Planete LED Solution d&#039;Eclairage LED","article_modified_time":"2021-08-29T21:19:38+00:00","og_image":[{"width":400,"height":400,"url":"https:\/\/www.ledkaraib.com\/wp-content\/uploads\/2021\/08\/LDB647239.jpg","type":"image\/jpeg"}],"twitter_card":"summary_large_image","schema":{"@context":"https:\/\/schema.org","@graph":[{"@type":"WebPage","@id":"https:\/\/www.ledkaraib.com\/index.php\/produit\/9-cles-tamper-torx\/","url":"https:\/\/www.ledkaraib.com\/index.php\/produit\/9-cles-tamper-torx\/","name":"9 CLES TAMPER TORX - Planete LED Solution d&#039;Eclairage LED","isPartOf":{"@id":"https:\/\/www.ledkaraib.com\/#website"},"primaryImageOfPage":{"@id":"https:\/\/www.ledkaraib.com\/index.php\/produit\/9-cles-tamper-torx\/#primaryimage"},"image":{"@id":"https:\/\/www.ledkaraib.com\/index.php\/produit\/9-cles-tamper-torx\/#primaryimage"},"thumbnailUrl":"https:\/\/www.ledkaraib.com\/wp-content\/uploads\/2021\/08\/LDB647239.jpg","datePublished":"2021-08-29T21:19:32+00:00","dateModified":"2021-08-29T21:19:38+00:00","breadcrumb":{"@id":"https:\/\/www.ledkaraib.com\/index.php\/produit\/9-cles-tamper-torx\/#breadcrumb"},"inLanguage":"fr-FR","potentialAction":[{"@type":"ReadAction","target":["https:\/\/www.ledkaraib.com\/index.php\/produit\/9-cles-tamper-torx\/"]}]},{"@type":"ImageObject","inLanguage":"fr-FR","@id":"https:\/\/www.ledkaraib.com\/index.php\/produit\/9-cles-tamper-torx\/#primaryimage","url":"https:\/\/www.ledkaraib.com\/wp-content\/uploads\/2021\/08\/LDB647239.jpg","contentUrl":"https:\/\/www.ledkaraib.com\/wp-content\/uploads\/2021\/08\/LDB647239.jpg","width":400,"height":400},{"@type":"BreadcrumbList","@id":"https:\/\/www.ledkaraib.com\/index.php\/produit\/9-cles-tamper-torx\/#breadcrumb","itemListElement":[{"@type":"ListItem","position":1,"name":"Accueil","item":"https:\/\/www.ledkaraib.com\/"},{"@type":"ListItem","position":2,"name":"Shop","item":"https:\/\/www.ledkaraib.com\/index.php\/shop-3\/"},{"@type":"ListItem","position":3,"name":"9 CLES TAMPER TORX"}]},{"@type":"WebSite","@id":"https:\/\/www.ledkaraib.com\/#website","url":"https:\/\/www.ledkaraib.com\/","name":"Planete LED Solution d&#039;Eclairage LED","description":"","potentialAction":[{"@type":"SearchAction","target":{"@type":"EntryPoint","urlTemplate":"https:\/\/www.ledkaraib.com\/?s={search_term_string}"},"query-input":{"@type":"PropertyValueSpecification","valueRequired":true,"valueName":"search_term_string"}}],"inLanguage":"fr-FR"}]}},"jetpack_sharing_enabled":true,"_links":{"self":[{"href":"https:\/\/www.ledkaraib.com\/index.php\/wp-json\/wp\/v2\/product\/27024","targetHints":{"allow":["GET"]}}],"collection":[{"href":"https:\/\/www.ledkaraib.com\/index.php\/wp-json\/wp\/v2\/product"}],"about":[{"href":"https:\/\/www.ledkaraib.com\/index.php\/wp-json\/wp\/v2\/types\/product"}],"version-history":[{"count":0,"href":"https:\/\/www.ledkaraib.com\/index.php\/wp-json\/wp\/v2\/product\/27024\/revisions"}],"wp:featuredmedia":[{"embeddable":true,"href":"https:\/\/www.ledkaraib.com\/index.php\/wp-json\/wp\/v2\/media\/27054"}],"wp:attachment":[{"href":"https:\/\/www.ledkaraib.com\/index.php\/wp-json\/wp\/v2\/media?parent=27024"}],"wp:term":[{"taxonomy":"brand","embeddable":true,"href":"https:\/\/www.ledkaraib.com\/index.php\/wp-json\/wp\/v2\/etheme_brands?post=27024"},{"taxonomy":"product_brand","embeddable":true,"href":"https:\/\/www.ledkaraib.com\/index.php\/wp-json\/wp\/v2\/product_brand?post=27024"},{"taxonomy":"product_cat","embeddable":true,"href":"https:\/\/www.ledkaraib.com\/index.php\/wp-json\/wp\/v2\/product_cat?post=27024"},{"taxonomy":"product_tag","embeddable":true,"href":"https:\/\/www.ledkaraib.com\/index.php\/wp-json\/wp\/v2\/product_tag?post=27024"}],"curies":[{"name":"wp","href":"https:\/\/api.w.org\/{rel}","templated":true}]}}