{"id":27703,"date":"2021-08-29T21:25:58","date_gmt":"2021-08-29T21:25:58","guid":{"rendered":"https:\/\/ledkaraib.fr\/?post_type=product&#038;p=27703"},"modified":"2026-03-02T11:20:20","modified_gmt":"2026-03-02T15:20:20","slug":"ansmann-lampe-torche-zoom-1w","status":"publish","type":"product","link":"https:\/\/www.ledkaraib.com\/index.php\/produit\/ansmann-lampe-torche-zoom-1w\/","title":{"rendered":"ANSMANN Lampe torche Zoom 1W"},"content":{"rendered":"<div id=\"av_articleherstbezeichnung\">\n<h1 class=\"av_fontnormal\">Zoom-Flashlight 1 W-LED<\/h1>\n<\/div>\n<div id=\"av_articletext\" class=\"clearfix\"><span class=\"artbesch\"><b>Lampe de poche LED longue dur\u00e9e avec fonction zoom.<\/b><\/p>\n<p><\/span><\/p>\n<ul type=\"disc\">\n<li>Puissance nominale\u00a0: 1\u00a0W<\/li>\n<li>Bo\u00eetier plastique ABS avec surface antid\u00e9rapante caoutchout\u00e9e<\/li>\n<li>Fonction zoom<\/li>\n<li>Commutateur sur l&#8217;embout avec fonction marche\u00a0\/\u00a0arr\u00eat<\/li>\n<li>Anneau de couleur sur le bo\u00eetier de r\u00e9flecteur<\/li>\n<li>Port\u00e9e lumineuse\u00a0: environ 110\u00a0m<\/li>\n<li>Dur\u00e9e d&rsquo;\u00e9clairage\u00a0: environ 14\u00a0h<\/li>\n<li>Luminosit\u00e9\u00a0: jusqu&rsquo;\u00e0 55\u00a0lm<\/li>\n<\/ul>\n<\/div>\n","protected":false},"excerpt":{"rendered":"<p>Zoom-Flashlight 1 W-LED Lampe de poche LED longue dur\u00e9e avec fonction zoom. Puissance nominale\u00a0: 1\u00a0W Bo\u00eetier plastique ABS avec surface antid\u00e9rapante caoutchout\u00e9e Fonction zoom Commutateur&#8230;<\/p>\n","protected":false},"featured_media":27746,"template":"","meta":{"content-type":""},"etheme_brands":[],"product_brand":[],"product_cat":[451],"product_tag":[],"class_list":{"0":"post-27703","1":"product","2":"type-product","3":"status-publish","4":"has-post-thumbnail","6":"product_cat-lampe-torche-frontale","8":"first","9":"instock","10":"taxable","11":"shipping-taxable","12":"purchasable","13":"product-type-simple"},"yoast_head":"<!-- This site is optimized with the Yoast SEO plugin v26.0 - https:\/\/yoast.com\/wordpress\/plugins\/seo\/ -->\n<title>ANSMANN Lampe torche Zoom 1W - Planete LED Solution d&#039;Eclairage LED<\/title>\n<meta name=\"robots\" content=\"index, follow, max-snippet:-1, max-image-preview:large, max-video-preview:-1\" \/>\n<link rel=\"canonical\" href=\"https:\/\/www.ledkaraib.com\/index.php\/produit\/ansmann-lampe-torche-zoom-1w\/\" \/>\n<meta property=\"og:locale\" content=\"fr_FR\" \/>\n<meta property=\"og:type\" content=\"article\" \/>\n<meta property=\"og:title\" content=\"ANSMANN Lampe torche Zoom 1W - Planete LED Solution d&#039;Eclairage LED\" \/>\n<meta property=\"og:description\" content=\"Zoom-Flashlight 1 W-LED Lampe de poche LED longue dur\u00e9e avec fonction zoom. Puissance nominale\u00a0: 1\u00a0W Bo\u00eetier plastique ABS avec surface antid\u00e9rapante caoutchout\u00e9e Fonction zoom Commutateur...\" \/>\n<meta property=\"og:url\" content=\"https:\/\/www.ledkaraib.com\/index.php\/produit\/ansmann-lampe-torche-zoom-1w\/\" \/>\n<meta property=\"og:site_name\" content=\"Planete LED Solution d&#039;Eclairage LED\" \/>\n<meta property=\"article:modified_time\" content=\"2026-03-02T15:20:20+00:00\" \/>\n<meta property=\"og:image\" content=\"https:\/\/www.ledkaraib.com\/wp-content\/uploads\/2021\/08\/1600-0108.jpg\" \/>\n\t<meta property=\"og:image:width\" content=\"300\" \/>\n\t<meta property=\"og:image:height\" content=\"300\" \/>\n\t<meta property=\"og:image:type\" content=\"image\/jpeg\" \/>\n<meta name=\"twitter:card\" content=\"summary_large_image\" \/>\n<script type=\"application\/ld+json\" class=\"yoast-schema-graph\">{\"@context\":\"https:\/\/schema.org\",\"@graph\":[{\"@type\":\"WebPage\",\"@id\":\"https:\/\/www.ledkaraib.com\/index.php\/produit\/ansmann-lampe-torche-zoom-1w\/\",\"url\":\"https:\/\/www.ledkaraib.com\/index.php\/produit\/ansmann-lampe-torche-zoom-1w\/\",\"name\":\"ANSMANN Lampe torche Zoom 1W - Planete LED Solution d&#039;Eclairage LED\",\"isPartOf\":{\"@id\":\"https:\/\/www.ledkaraib.com\/#website\"},\"primaryImageOfPage\":{\"@id\":\"https:\/\/www.ledkaraib.com\/index.php\/produit\/ansmann-lampe-torche-zoom-1w\/#primaryimage\"},\"image\":{\"@id\":\"https:\/\/www.ledkaraib.com\/index.php\/produit\/ansmann-lampe-torche-zoom-1w\/#primaryimage\"},\"thumbnailUrl\":\"https:\/\/www.ledkaraib.com\/wp-content\/uploads\/2021\/08\/1600-0108.jpg\",\"datePublished\":\"2021-08-29T21:25:58+00:00\",\"dateModified\":\"2026-03-02T15:20:20+00:00\",\"breadcrumb\":{\"@id\":\"https:\/\/www.ledkaraib.com\/index.php\/produit\/ansmann-lampe-torche-zoom-1w\/#breadcrumb\"},\"inLanguage\":\"fr-FR\",\"potentialAction\":[{\"@type\":\"ReadAction\",\"target\":[\"https:\/\/www.ledkaraib.com\/index.php\/produit\/ansmann-lampe-torche-zoom-1w\/\"]}]},{\"@type\":\"ImageObject\",\"inLanguage\":\"fr-FR\",\"@id\":\"https:\/\/www.ledkaraib.com\/index.php\/produit\/ansmann-lampe-torche-zoom-1w\/#primaryimage\",\"url\":\"https:\/\/www.ledkaraib.com\/wp-content\/uploads\/2021\/08\/1600-0108.jpg\",\"contentUrl\":\"https:\/\/www.ledkaraib.com\/wp-content\/uploads\/2021\/08\/1600-0108.jpg\",\"width\":300,\"height\":300},{\"@type\":\"BreadcrumbList\",\"@id\":\"https:\/\/www.ledkaraib.com\/index.php\/produit\/ansmann-lampe-torche-zoom-1w\/#breadcrumb\",\"itemListElement\":[{\"@type\":\"ListItem\",\"position\":1,\"name\":\"Accueil\",\"item\":\"https:\/\/www.ledkaraib.com\/\"},{\"@type\":\"ListItem\",\"position\":2,\"name\":\"Shop\",\"item\":\"https:\/\/www.ledkaraib.com\/index.php\/shop-3\/\"},{\"@type\":\"ListItem\",\"position\":3,\"name\":\"ANSMANN Lampe torche Zoom 1W\"}]},{\"@type\":\"WebSite\",\"@id\":\"https:\/\/www.ledkaraib.com\/#website\",\"url\":\"https:\/\/www.ledkaraib.com\/\",\"name\":\"Planete LED Solution d&#039;Eclairage LED\",\"description\":\"\",\"potentialAction\":[{\"@type\":\"SearchAction\",\"target\":{\"@type\":\"EntryPoint\",\"urlTemplate\":\"https:\/\/www.ledkaraib.com\/?s={search_term_string}\"},\"query-input\":{\"@type\":\"PropertyValueSpecification\",\"valueRequired\":true,\"valueName\":\"search_term_string\"}}],\"inLanguage\":\"fr-FR\"}]}<\/script>\n<!-- \/ Yoast SEO plugin. -->","yoast_head_json":{"title":"ANSMANN Lampe torche Zoom 1W - Planete LED Solution d&#039;Eclairage LED","robots":{"index":"index","follow":"follow","max-snippet":"max-snippet:-1","max-image-preview":"max-image-preview:large","max-video-preview":"max-video-preview:-1"},"canonical":"https:\/\/www.ledkaraib.com\/index.php\/produit\/ansmann-lampe-torche-zoom-1w\/","og_locale":"fr_FR","og_type":"article","og_title":"ANSMANN Lampe torche Zoom 1W - Planete LED Solution d&#039;Eclairage LED","og_description":"Zoom-Flashlight 1 W-LED Lampe de poche LED longue dur\u00e9e avec fonction zoom. Puissance nominale\u00a0: 1\u00a0W Bo\u00eetier plastique ABS avec surface antid\u00e9rapante caoutchout\u00e9e Fonction zoom Commutateur...","og_url":"https:\/\/www.ledkaraib.com\/index.php\/produit\/ansmann-lampe-torche-zoom-1w\/","og_site_name":"Planete LED Solution d&#039;Eclairage LED","article_modified_time":"2026-03-02T15:20:20+00:00","og_image":[{"width":300,"height":300,"url":"https:\/\/www.ledkaraib.com\/wp-content\/uploads\/2021\/08\/1600-0108.jpg","type":"image\/jpeg"}],"twitter_card":"summary_large_image","schema":{"@context":"https:\/\/schema.org","@graph":[{"@type":"WebPage","@id":"https:\/\/www.ledkaraib.com\/index.php\/produit\/ansmann-lampe-torche-zoom-1w\/","url":"https:\/\/www.ledkaraib.com\/index.php\/produit\/ansmann-lampe-torche-zoom-1w\/","name":"ANSMANN Lampe torche Zoom 1W - Planete LED Solution d&#039;Eclairage LED","isPartOf":{"@id":"https:\/\/www.ledkaraib.com\/#website"},"primaryImageOfPage":{"@id":"https:\/\/www.ledkaraib.com\/index.php\/produit\/ansmann-lampe-torche-zoom-1w\/#primaryimage"},"image":{"@id":"https:\/\/www.ledkaraib.com\/index.php\/produit\/ansmann-lampe-torche-zoom-1w\/#primaryimage"},"thumbnailUrl":"https:\/\/www.ledkaraib.com\/wp-content\/uploads\/2021\/08\/1600-0108.jpg","datePublished":"2021-08-29T21:25:58+00:00","dateModified":"2026-03-02T15:20:20+00:00","breadcrumb":{"@id":"https:\/\/www.ledkaraib.com\/index.php\/produit\/ansmann-lampe-torche-zoom-1w\/#breadcrumb"},"inLanguage":"fr-FR","potentialAction":[{"@type":"ReadAction","target":["https:\/\/www.ledkaraib.com\/index.php\/produit\/ansmann-lampe-torche-zoom-1w\/"]}]},{"@type":"ImageObject","inLanguage":"fr-FR","@id":"https:\/\/www.ledkaraib.com\/index.php\/produit\/ansmann-lampe-torche-zoom-1w\/#primaryimage","url":"https:\/\/www.ledkaraib.com\/wp-content\/uploads\/2021\/08\/1600-0108.jpg","contentUrl":"https:\/\/www.ledkaraib.com\/wp-content\/uploads\/2021\/08\/1600-0108.jpg","width":300,"height":300},{"@type":"BreadcrumbList","@id":"https:\/\/www.ledkaraib.com\/index.php\/produit\/ansmann-lampe-torche-zoom-1w\/#breadcrumb","itemListElement":[{"@type":"ListItem","position":1,"name":"Accueil","item":"https:\/\/www.ledkaraib.com\/"},{"@type":"ListItem","position":2,"name":"Shop","item":"https:\/\/www.ledkaraib.com\/index.php\/shop-3\/"},{"@type":"ListItem","position":3,"name":"ANSMANN Lampe torche Zoom 1W"}]},{"@type":"WebSite","@id":"https:\/\/www.ledkaraib.com\/#website","url":"https:\/\/www.ledkaraib.com\/","name":"Planete LED Solution d&#039;Eclairage LED","description":"","potentialAction":[{"@type":"SearchAction","target":{"@type":"EntryPoint","urlTemplate":"https:\/\/www.ledkaraib.com\/?s={search_term_string}"},"query-input":{"@type":"PropertyValueSpecification","valueRequired":true,"valueName":"search_term_string"}}],"inLanguage":"fr-FR"}]}},"jetpack_sharing_enabled":true,"_links":{"self":[{"href":"https:\/\/www.ledkaraib.com\/index.php\/wp-json\/wp\/v2\/product\/27703","targetHints":{"allow":["GET"]}}],"collection":[{"href":"https:\/\/www.ledkaraib.com\/index.php\/wp-json\/wp\/v2\/product"}],"about":[{"href":"https:\/\/www.ledkaraib.com\/index.php\/wp-json\/wp\/v2\/types\/product"}],"version-history":[{"count":1,"href":"https:\/\/www.ledkaraib.com\/index.php\/wp-json\/wp\/v2\/product\/27703\/revisions"}],"predecessor-version":[{"id":45327,"href":"https:\/\/www.ledkaraib.com\/index.php\/wp-json\/wp\/v2\/product\/27703\/revisions\/45327"}],"wp:featuredmedia":[{"embeddable":true,"href":"https:\/\/www.ledkaraib.com\/index.php\/wp-json\/wp\/v2\/media\/27746"}],"wp:attachment":[{"href":"https:\/\/www.ledkaraib.com\/index.php\/wp-json\/wp\/v2\/media?parent=27703"}],"wp:term":[{"taxonomy":"brand","embeddable":true,"href":"https:\/\/www.ledkaraib.com\/index.php\/wp-json\/wp\/v2\/etheme_brands?post=27703"},{"taxonomy":"product_brand","embeddable":true,"href":"https:\/\/www.ledkaraib.com\/index.php\/wp-json\/wp\/v2\/product_brand?post=27703"},{"taxonomy":"product_cat","embeddable":true,"href":"https:\/\/www.ledkaraib.com\/index.php\/wp-json\/wp\/v2\/product_cat?post=27703"},{"taxonomy":"product_tag","embeddable":true,"href":"https:\/\/www.ledkaraib.com\/index.php\/wp-json\/wp\/v2\/product_tag?post=27703"}],"curies":[{"name":"wp","href":"https:\/\/api.w.org\/{rel}","templated":true}]}}