{"id":27750,"date":"2021-08-29T21:27:10","date_gmt":"2021-08-29T21:27:10","guid":{"rendered":"https:\/\/ledkaraib.fr\/?post_type=product&#038;p=27750"},"modified":"2025-09-26T04:00:54","modified_gmt":"2025-09-26T08:00:54","slug":"interrupteur-differentiel-type-a-30ma-40a-ge-serie-fp","status":"publish","type":"product","link":"https:\/\/www.ledkaraib.com\/index.php\/produit\/interrupteur-differentiel-type-a-30ma-40a-ge-serie-fp\/","title":{"rendered":"Interrupteur diff\u00e9rentiel type A 30mA 40A GE s\u00e9rie FP"},"content":{"rendered":"<table class=\"table-data-sheet\">\n<tbody>\n<tr class=\"odd\">\n<td>S\u00e9rie<\/td>\n<td>Unibis<\/td>\n<\/tr>\n<tr class=\"even\">\n<td>Polarit\u00e9<\/td>\n<td>Bipolaire (2P)<\/td>\n<\/tr>\n<tr class=\"odd\">\n<td>Type de connexion<\/td>\n<td>\u00c0 Vis<\/td>\n<\/tr>\n<tr class=\"even\">\n<td>Temp\u00e9rature d&rsquo;utilisation<\/td>\n<td>-5\u00b0C \u00e0 +40\u00b0C<\/td>\n<\/tr>\n<tr class=\"odd\">\n<td>Type<\/td>\n<td>Type A<\/td>\n<\/tr>\n<tr class=\"even\">\n<td>Nombre de modules<\/td>\n<td>2 modules<\/td>\n<\/tr>\n<tr class=\"odd\">\n<td>Norme<\/td>\n<td>Certifi\u00e9 NF<\/td>\n<\/tr>\n<\/tbody>\n<\/table>\n<h2>L&rsquo;interrupteur diff\u00e9rentiel type A et la norme NF C 15-100:<\/h2>\n<h3>La diff\u00e9rence entre un\u00a0<a id=\"differentiel-type-a\" name=\"differentiel-type-a\"><\/a>type A\u00a0et un type AC:<\/h3>\n<p>Outre la diff\u00e9rence de prix, le\u00a0<strong>diff\u00e9rentiel type A<\/strong>\u00a0est install\u00e9 pour\u00a0<strong>prot\u00e9ger les circuits sp\u00e9cialis\u00e9s<\/strong>\u00a0qui peuvent inclure une\u00a0<strong>composante de courant continu<\/strong>.<\/p>\n<p>L&rsquo;interrupteur diff\u00e9rentiel de type A permet la d\u00e9tection de ces fuites de courant continu.<\/p>\n<p>Les mod\u00e8les de\u00a0<strong>type AC<\/strong>\u00a0ne d\u00e9tecte que les fuites de\u00a0<strong>courant alternatif<\/strong>\u00a0sur les circuits \u00e9lectriques d&rsquo;\u00e9clairage ou les\u00a0<a href=\"https:\/\/www.lelectricien.net\/interrupteur-prise\/3478-prise-exterieur-etanche.html\">prises de courant<\/a>.<\/p>\n<h3>Les circuits sp\u00e9cialis\u00e9s:<\/h3>\n<p>Nos appareils \u00e9lectrom\u00e9nagers ont beaucoup \u00e9volu\u00e9s ces derni\u00e8res ann\u00e9es et comportent tous de l&rsquo;\u00e9lectronique qui peut induire des fuites de courant continu.<br \/>\nLes circuits sp\u00e9cialis\u00e9s sont tous les appareils qui comportent de l&rsquo;\u00e9lectronique:<\/p>\n<p>&#8211; Lave linge<br \/>\n&#8211; Lave vaisselle<br \/>\n&#8211; S\u00e8che linge<br \/>\n&#8211; Plaque de cuisson \u00e9lectrique<br \/>\n&#8211; Four<br \/>\n&#8211; Chauffage \u00e9lectrique<br \/>\n&#8211; Volet roulant<br \/>\n&#8211; VMC<\/p>\n<p>&nbsp;<\/p>\n","protected":false},"excerpt":{"rendered":"<p>S\u00e9rie Unibis Polarit\u00e9 Bipolaire (2P) Type de connexion \u00c0 Vis Temp\u00e9rature d&rsquo;utilisation -5\u00b0C \u00e0 +40\u00b0C Type Type A Nombre de modules 2 modules Norme Certifi\u00e9&#8230;<\/p>\n","protected":false},"featured_media":27793,"template":"","meta":{"content-type":""},"etheme_brands":[],"product_brand":[],"product_cat":[480],"product_tag":[],"class_list":{"0":"post-27750","1":"product","2":"type-product","3":"status-publish","4":"has-post-thumbnail","6":"product_cat-interrupteur-differentiel","8":"first","9":"instock","10":"taxable","11":"shipping-taxable","12":"purchasable","13":"product-type-simple"},"yoast_head":"<!-- This site is optimized with the Yoast SEO plugin v26.0 - https:\/\/yoast.com\/wordpress\/plugins\/seo\/ -->\n<title>Interrupteur diff\u00e9rentiel type A 30mA 40A GE s\u00e9rie FP - Planete LED Solution d&#039;Eclairage LED<\/title>\n<meta name=\"robots\" content=\"index, follow, max-snippet:-1, max-image-preview:large, max-video-preview:-1\" \/>\n<link rel=\"canonical\" href=\"https:\/\/www.ledkaraib.com\/index.php\/produit\/interrupteur-differentiel-type-a-30ma-40a-ge-serie-fp\/\" \/>\n<meta property=\"og:locale\" content=\"fr_FR\" \/>\n<meta property=\"og:type\" content=\"article\" \/>\n<meta property=\"og:title\" content=\"Interrupteur diff\u00e9rentiel type A 30mA 40A GE s\u00e9rie FP - Planete LED Solution d&#039;Eclairage LED\" \/>\n<meta property=\"og:description\" content=\"S\u00e9rie Unibis Polarit\u00e9 Bipolaire (2P) Type de connexion \u00c0 Vis Temp\u00e9rature d&rsquo;utilisation -5\u00b0C \u00e0 +40\u00b0C Type Type A Nombre de modules 2 modules Norme Certifi\u00e9...\" \/>\n<meta property=\"og:url\" content=\"https:\/\/www.ledkaraib.com\/index.php\/produit\/interrupteur-differentiel-type-a-30ma-40a-ge-serie-fp\/\" \/>\n<meta property=\"og:site_name\" content=\"Planete LED Solution d&#039;Eclairage LED\" \/>\n<meta property=\"article:modified_time\" content=\"2025-09-26T08:00:54+00:00\" \/>\n<meta property=\"og:image\" content=\"https:\/\/www.ledkaraib.com\/wp-content\/uploads\/2021\/08\/605571.jpg\" \/>\n\t<meta property=\"og:image:width\" content=\"800\" \/>\n\t<meta property=\"og:image:height\" content=\"800\" \/>\n\t<meta property=\"og:image:type\" content=\"image\/jpeg\" \/>\n<meta name=\"twitter:card\" content=\"summary_large_image\" \/>\n<meta name=\"twitter:label1\" content=\"Dur\u00e9e de lecture estim\u00e9e\" \/>\n\t<meta name=\"twitter:data1\" content=\"1 minute\" \/>\n<script type=\"application\/ld+json\" class=\"yoast-schema-graph\">{\"@context\":\"https:\/\/schema.org\",\"@graph\":[{\"@type\":\"WebPage\",\"@id\":\"https:\/\/www.ledkaraib.com\/index.php\/produit\/interrupteur-differentiel-type-a-30ma-40a-ge-serie-fp\/\",\"url\":\"https:\/\/www.ledkaraib.com\/index.php\/produit\/interrupteur-differentiel-type-a-30ma-40a-ge-serie-fp\/\",\"name\":\"Interrupteur diff\u00e9rentiel type A 30mA 40A GE s\u00e9rie FP - Planete LED Solution d&#039;Eclairage LED\",\"isPartOf\":{\"@id\":\"https:\/\/www.ledkaraib.com\/#website\"},\"primaryImageOfPage\":{\"@id\":\"https:\/\/www.ledkaraib.com\/index.php\/produit\/interrupteur-differentiel-type-a-30ma-40a-ge-serie-fp\/#primaryimage\"},\"image\":{\"@id\":\"https:\/\/www.ledkaraib.com\/index.php\/produit\/interrupteur-differentiel-type-a-30ma-40a-ge-serie-fp\/#primaryimage\"},\"thumbnailUrl\":\"https:\/\/www.ledkaraib.com\/wp-content\/uploads\/2021\/08\/605571.jpg\",\"datePublished\":\"2021-08-29T21:27:10+00:00\",\"dateModified\":\"2025-09-26T08:00:54+00:00\",\"breadcrumb\":{\"@id\":\"https:\/\/www.ledkaraib.com\/index.php\/produit\/interrupteur-differentiel-type-a-30ma-40a-ge-serie-fp\/#breadcrumb\"},\"inLanguage\":\"fr-FR\",\"potentialAction\":[{\"@type\":\"ReadAction\",\"target\":[\"https:\/\/www.ledkaraib.com\/index.php\/produit\/interrupteur-differentiel-type-a-30ma-40a-ge-serie-fp\/\"]}]},{\"@type\":\"ImageObject\",\"inLanguage\":\"fr-FR\",\"@id\":\"https:\/\/www.ledkaraib.com\/index.php\/produit\/interrupteur-differentiel-type-a-30ma-40a-ge-serie-fp\/#primaryimage\",\"url\":\"https:\/\/www.ledkaraib.com\/wp-content\/uploads\/2021\/08\/605571.jpg\",\"contentUrl\":\"https:\/\/www.ledkaraib.com\/wp-content\/uploads\/2021\/08\/605571.jpg\",\"width\":800,\"height\":800},{\"@type\":\"BreadcrumbList\",\"@id\":\"https:\/\/www.ledkaraib.com\/index.php\/produit\/interrupteur-differentiel-type-a-30ma-40a-ge-serie-fp\/#breadcrumb\",\"itemListElement\":[{\"@type\":\"ListItem\",\"position\":1,\"name\":\"Accueil\",\"item\":\"https:\/\/www.ledkaraib.com\/\"},{\"@type\":\"ListItem\",\"position\":2,\"name\":\"Shop\",\"item\":\"https:\/\/www.ledkaraib.com\/index.php\/shop-3\/\"},{\"@type\":\"ListItem\",\"position\":3,\"name\":\"Interrupteur diff\u00e9rentiel type A 30mA 40A GE s\u00e9rie FP\"}]},{\"@type\":\"WebSite\",\"@id\":\"https:\/\/www.ledkaraib.com\/#website\",\"url\":\"https:\/\/www.ledkaraib.com\/\",\"name\":\"Planete LED Solution d&#039;Eclairage LED\",\"description\":\"\",\"potentialAction\":[{\"@type\":\"SearchAction\",\"target\":{\"@type\":\"EntryPoint\",\"urlTemplate\":\"https:\/\/www.ledkaraib.com\/?s={search_term_string}\"},\"query-input\":{\"@type\":\"PropertyValueSpecification\",\"valueRequired\":true,\"valueName\":\"search_term_string\"}}],\"inLanguage\":\"fr-FR\"}]}<\/script>\n<!-- \/ Yoast SEO plugin. -->","yoast_head_json":{"title":"Interrupteur diff\u00e9rentiel type A 30mA 40A GE s\u00e9rie FP - Planete LED Solution d&#039;Eclairage LED","robots":{"index":"index","follow":"follow","max-snippet":"max-snippet:-1","max-image-preview":"max-image-preview:large","max-video-preview":"max-video-preview:-1"},"canonical":"https:\/\/www.ledkaraib.com\/index.php\/produit\/interrupteur-differentiel-type-a-30ma-40a-ge-serie-fp\/","og_locale":"fr_FR","og_type":"article","og_title":"Interrupteur diff\u00e9rentiel type A 30mA 40A GE s\u00e9rie FP - Planete LED Solution d&#039;Eclairage LED","og_description":"S\u00e9rie Unibis Polarit\u00e9 Bipolaire (2P) Type de connexion \u00c0 Vis Temp\u00e9rature d&rsquo;utilisation -5\u00b0C \u00e0 +40\u00b0C Type Type A Nombre de modules 2 modules Norme Certifi\u00e9...","og_url":"https:\/\/www.ledkaraib.com\/index.php\/produit\/interrupteur-differentiel-type-a-30ma-40a-ge-serie-fp\/","og_site_name":"Planete LED Solution d&#039;Eclairage LED","article_modified_time":"2025-09-26T08:00:54+00:00","og_image":[{"width":800,"height":800,"url":"https:\/\/www.ledkaraib.com\/wp-content\/uploads\/2021\/08\/605571.jpg","type":"image\/jpeg"}],"twitter_card":"summary_large_image","twitter_misc":{"Dur\u00e9e de lecture estim\u00e9e":"1 minute"},"schema":{"@context":"https:\/\/schema.org","@graph":[{"@type":"WebPage","@id":"https:\/\/www.ledkaraib.com\/index.php\/produit\/interrupteur-differentiel-type-a-30ma-40a-ge-serie-fp\/","url":"https:\/\/www.ledkaraib.com\/index.php\/produit\/interrupteur-differentiel-type-a-30ma-40a-ge-serie-fp\/","name":"Interrupteur diff\u00e9rentiel type A 30mA 40A GE s\u00e9rie FP - Planete LED Solution d&#039;Eclairage LED","isPartOf":{"@id":"https:\/\/www.ledkaraib.com\/#website"},"primaryImageOfPage":{"@id":"https:\/\/www.ledkaraib.com\/index.php\/produit\/interrupteur-differentiel-type-a-30ma-40a-ge-serie-fp\/#primaryimage"},"image":{"@id":"https:\/\/www.ledkaraib.com\/index.php\/produit\/interrupteur-differentiel-type-a-30ma-40a-ge-serie-fp\/#primaryimage"},"thumbnailUrl":"https:\/\/www.ledkaraib.com\/wp-content\/uploads\/2021\/08\/605571.jpg","datePublished":"2021-08-29T21:27:10+00:00","dateModified":"2025-09-26T08:00:54+00:00","breadcrumb":{"@id":"https:\/\/www.ledkaraib.com\/index.php\/produit\/interrupteur-differentiel-type-a-30ma-40a-ge-serie-fp\/#breadcrumb"},"inLanguage":"fr-FR","potentialAction":[{"@type":"ReadAction","target":["https:\/\/www.ledkaraib.com\/index.php\/produit\/interrupteur-differentiel-type-a-30ma-40a-ge-serie-fp\/"]}]},{"@type":"ImageObject","inLanguage":"fr-FR","@id":"https:\/\/www.ledkaraib.com\/index.php\/produit\/interrupteur-differentiel-type-a-30ma-40a-ge-serie-fp\/#primaryimage","url":"https:\/\/www.ledkaraib.com\/wp-content\/uploads\/2021\/08\/605571.jpg","contentUrl":"https:\/\/www.ledkaraib.com\/wp-content\/uploads\/2021\/08\/605571.jpg","width":800,"height":800},{"@type":"BreadcrumbList","@id":"https:\/\/www.ledkaraib.com\/index.php\/produit\/interrupteur-differentiel-type-a-30ma-40a-ge-serie-fp\/#breadcrumb","itemListElement":[{"@type":"ListItem","position":1,"name":"Accueil","item":"https:\/\/www.ledkaraib.com\/"},{"@type":"ListItem","position":2,"name":"Shop","item":"https:\/\/www.ledkaraib.com\/index.php\/shop-3\/"},{"@type":"ListItem","position":3,"name":"Interrupteur diff\u00e9rentiel type A 30mA 40A GE s\u00e9rie FP"}]},{"@type":"WebSite","@id":"https:\/\/www.ledkaraib.com\/#website","url":"https:\/\/www.ledkaraib.com\/","name":"Planete LED Solution d&#039;Eclairage LED","description":"","potentialAction":[{"@type":"SearchAction","target":{"@type":"EntryPoint","urlTemplate":"https:\/\/www.ledkaraib.com\/?s={search_term_string}"},"query-input":{"@type":"PropertyValueSpecification","valueRequired":true,"valueName":"search_term_string"}}],"inLanguage":"fr-FR"}]}},"jetpack_sharing_enabled":true,"_links":{"self":[{"href":"https:\/\/www.ledkaraib.com\/index.php\/wp-json\/wp\/v2\/product\/27750","targetHints":{"allow":["GET"]}}],"collection":[{"href":"https:\/\/www.ledkaraib.com\/index.php\/wp-json\/wp\/v2\/product"}],"about":[{"href":"https:\/\/www.ledkaraib.com\/index.php\/wp-json\/wp\/v2\/types\/product"}],"version-history":[{"count":0,"href":"https:\/\/www.ledkaraib.com\/index.php\/wp-json\/wp\/v2\/product\/27750\/revisions"}],"wp:featuredmedia":[{"embeddable":true,"href":"https:\/\/www.ledkaraib.com\/index.php\/wp-json\/wp\/v2\/media\/27793"}],"wp:attachment":[{"href":"https:\/\/www.ledkaraib.com\/index.php\/wp-json\/wp\/v2\/media?parent=27750"}],"wp:term":[{"taxonomy":"brand","embeddable":true,"href":"https:\/\/www.ledkaraib.com\/index.php\/wp-json\/wp\/v2\/etheme_brands?post=27750"},{"taxonomy":"product_brand","embeddable":true,"href":"https:\/\/www.ledkaraib.com\/index.php\/wp-json\/wp\/v2\/product_brand?post=27750"},{"taxonomy":"product_cat","embeddable":true,"href":"https:\/\/www.ledkaraib.com\/index.php\/wp-json\/wp\/v2\/product_cat?post=27750"},{"taxonomy":"product_tag","embeddable":true,"href":"https:\/\/www.ledkaraib.com\/index.php\/wp-json\/wp\/v2\/product_tag?post=27750"}],"curies":[{"name":"wp","href":"https:\/\/api.w.org\/{rel}","templated":true}]}}