{"id":27775,"date":"2021-08-29T21:27:41","date_gmt":"2021-08-29T21:27:41","guid":{"rendered":"https:\/\/ledkaraib.fr\/?post_type=product&#038;p=27775"},"modified":"2022-12-23T10:52:27","modified_gmt":"2022-12-23T14:52:27","slug":"parafoudre-monophase-15ka-type-2-general-electric","status":"publish","type":"product","link":"https:\/\/www.ledkaraib.com\/index.php\/produit\/parafoudre-monophase-15ka-type-2-general-electric\/","title":{"rendered":"Parafoudre monophas\u00e9 15kA Type 2 &#8211; General Electric"},"content":{"rendered":"<section class=\"page-product-box\">\n<table class=\"table-data-sheet\">\n<tbody>\n<tr class=\"odd\">\n<td>Polarit\u00e9<\/td>\n<td>Phase Neutre (1P+N)<\/td>\n<\/tr>\n<tr class=\"even\">\n<td>Type de connexion<\/td>\n<td>\u00c0 Vis<\/td>\n<\/tr>\n<tr class=\"odd\">\n<td>Type<\/td>\n<td>Type 2 (ancienne Classe C)<\/td>\n<\/tr>\n<tr class=\"even\">\n<td>Nombre de modules<\/td>\n<td>1 module<\/td>\n<\/tr>\n<tr class=\"odd\">\n<td>Norme<\/td>\n<td>Certifi\u00e9 CE<\/td>\n<\/tr>\n<tr class=\"even\">\n<td>Montage<\/td>\n<td>sur rail DIN<\/td>\n<\/tr>\n<tr class=\"odd\">\n<td>Intensit\u00e9 maximum<\/td>\n<td>15kA<\/td>\n<\/tr>\n<\/tbody>\n<\/table>\n<\/section>\n<section id=\"more_info_tabs\" class=\"page-product-box\">\n<h3 class=\"page-product-heading\"><span style=\"font-size: 16px;\">Sch\u00e9ma \u00e9lectrique parafoudre<\/span><\/h3>\n<div class=\"rte\">\n<p>Les sch\u00e9mas \u00e9lectriques pr\u00e9sent\u00e9s ci-dessous sont valables pour les parafoudres de la gamme KG MSA T2 de chez G\u00e9n\u00e9ral Electric<\/p>\n<p><img loading=\"lazy\" loading=\"lazy\" decoding=\"async\" src=\"https:\/\/www.lelectricien.net\/img\/sch%C3%A9ma%20electrique%20Parafoudre%20monophas%C3%A9%2015kA%20Type%202%20-%20General%20Electric.PNG\" alt=\"sch\u00e9ma electrique Parafoudre monophas\u00e9 15kA Type 2 - General Electric\" width=\"1091\" height=\"284\" \/><br \/>\nLa gamme de\u00a0<strong>parafoudre\u00a0<\/strong>KG MSA T2 rassemble les dispositifs de type 2\/Classe II utiis\u00e9s pour l&rsquo;\u00e9vacuation des surtensions.<\/p>\n<p>Le\u00a0<strong>parafoudre monophas\u00e9<\/strong>\u00a0est id\u00e9al comme protection de second \u00e9tage sur les\u00a0<strong>tableaux de distribution<\/strong>\u00a0d&rsquo;alimentation d\u00e9j\u00e0 dot\u00e9e de dispositifs de protection de type 1 install\u00e9 en amont, ou comme protection de premier \u00e9tage dans les installations commerciales, non expos\u00e9es aux foudroiements directs et d\u00e9pourvut de parafoudres externes.<\/p>\n<\/div>\n<\/section>\n","protected":false},"excerpt":{"rendered":"<p>Polarit\u00e9 Phase Neutre (1P+N) Type de connexion \u00c0 Vis Type Type 2 (ancienne Classe C) Nombre de modules 1 module Norme Certifi\u00e9 CE Montage sur&#8230;<\/p>\n","protected":false},"featured_media":27819,"template":"","meta":{"content-type":""},"etheme_brands":[],"product_brand":[],"product_cat":[484],"product_tag":[],"class_list":{"0":"post-27775","1":"product","2":"type-product","3":"status-publish","4":"has-post-thumbnail","6":"product_cat-parafoudre","8":"first","9":"instock","10":"taxable","11":"shipping-taxable","12":"purchasable","13":"product-type-simple"},"yoast_head":"<!-- This site is optimized with the Yoast SEO plugin v26.0 - https:\/\/yoast.com\/wordpress\/plugins\/seo\/ -->\n<title>Parafoudre monophas\u00e9 15kA Type 2 - General Electric - Planete LED Solution d&#039;Eclairage LED<\/title>\n<meta name=\"robots\" content=\"index, follow, max-snippet:-1, max-image-preview:large, max-video-preview:-1\" \/>\n<link rel=\"canonical\" href=\"https:\/\/www.ledkaraib.com\/index.php\/produit\/parafoudre-monophase-15ka-type-2-general-electric\/\" \/>\n<meta property=\"og:locale\" content=\"fr_FR\" \/>\n<meta property=\"og:type\" content=\"article\" \/>\n<meta property=\"og:title\" content=\"Parafoudre monophas\u00e9 15kA Type 2 - General Electric - Planete LED Solution d&#039;Eclairage LED\" \/>\n<meta property=\"og:description\" content=\"Polarit\u00e9 Phase Neutre (1P+N) Type de connexion \u00c0 Vis Type Type 2 (ancienne Classe C) Nombre de modules 1 module Norme Certifi\u00e9 CE Montage sur...\" \/>\n<meta property=\"og:url\" content=\"https:\/\/www.ledkaraib.com\/index.php\/produit\/parafoudre-monophase-15ka-type-2-general-electric\/\" \/>\n<meta property=\"og:site_name\" content=\"Planete LED Solution d&#039;Eclairage LED\" \/>\n<meta property=\"article:modified_time\" content=\"2022-12-23T14:52:27+00:00\" \/>\n<meta property=\"og:image\" content=\"https:\/\/www.ledkaraib.com\/wp-content\/uploads\/2021\/08\/667545.jpg\" \/>\n\t<meta property=\"og:image:width\" content=\"800\" \/>\n\t<meta property=\"og:image:height\" content=\"800\" \/>\n\t<meta property=\"og:image:type\" content=\"image\/jpeg\" \/>\n<meta name=\"twitter:card\" content=\"summary_large_image\" \/>\n<meta name=\"twitter:label1\" content=\"Dur\u00e9e de lecture estim\u00e9e\" \/>\n\t<meta name=\"twitter:data1\" content=\"1 minute\" \/>\n<script type=\"application\/ld+json\" class=\"yoast-schema-graph\">{\"@context\":\"https:\/\/schema.org\",\"@graph\":[{\"@type\":\"WebPage\",\"@id\":\"https:\/\/www.ledkaraib.com\/index.php\/produit\/parafoudre-monophase-15ka-type-2-general-electric\/\",\"url\":\"https:\/\/www.ledkaraib.com\/index.php\/produit\/parafoudre-monophase-15ka-type-2-general-electric\/\",\"name\":\"Parafoudre monophas\u00e9 15kA Type 2 - General Electric - Planete LED Solution d&#039;Eclairage LED\",\"isPartOf\":{\"@id\":\"https:\/\/www.ledkaraib.com\/#website\"},\"primaryImageOfPage\":{\"@id\":\"https:\/\/www.ledkaraib.com\/index.php\/produit\/parafoudre-monophase-15ka-type-2-general-electric\/#primaryimage\"},\"image\":{\"@id\":\"https:\/\/www.ledkaraib.com\/index.php\/produit\/parafoudre-monophase-15ka-type-2-general-electric\/#primaryimage\"},\"thumbnailUrl\":\"https:\/\/www.ledkaraib.com\/wp-content\/uploads\/2021\/08\/667545.jpg\",\"datePublished\":\"2021-08-29T21:27:41+00:00\",\"dateModified\":\"2022-12-23T14:52:27+00:00\",\"breadcrumb\":{\"@id\":\"https:\/\/www.ledkaraib.com\/index.php\/produit\/parafoudre-monophase-15ka-type-2-general-electric\/#breadcrumb\"},\"inLanguage\":\"fr-FR\",\"potentialAction\":[{\"@type\":\"ReadAction\",\"target\":[\"https:\/\/www.ledkaraib.com\/index.php\/produit\/parafoudre-monophase-15ka-type-2-general-electric\/\"]}]},{\"@type\":\"ImageObject\",\"inLanguage\":\"fr-FR\",\"@id\":\"https:\/\/www.ledkaraib.com\/index.php\/produit\/parafoudre-monophase-15ka-type-2-general-electric\/#primaryimage\",\"url\":\"https:\/\/www.ledkaraib.com\/wp-content\/uploads\/2021\/08\/667545.jpg\",\"contentUrl\":\"https:\/\/www.ledkaraib.com\/wp-content\/uploads\/2021\/08\/667545.jpg\",\"width\":800,\"height\":800},{\"@type\":\"BreadcrumbList\",\"@id\":\"https:\/\/www.ledkaraib.com\/index.php\/produit\/parafoudre-monophase-15ka-type-2-general-electric\/#breadcrumb\",\"itemListElement\":[{\"@type\":\"ListItem\",\"position\":1,\"name\":\"Accueil\",\"item\":\"https:\/\/www.ledkaraib.com\/\"},{\"@type\":\"ListItem\",\"position\":2,\"name\":\"Shop\",\"item\":\"https:\/\/www.ledkaraib.com\/index.php\/shop-3\/\"},{\"@type\":\"ListItem\",\"position\":3,\"name\":\"Parafoudre monophas\u00e9 15kA Type 2 &#8211; General Electric\"}]},{\"@type\":\"WebSite\",\"@id\":\"https:\/\/www.ledkaraib.com\/#website\",\"url\":\"https:\/\/www.ledkaraib.com\/\",\"name\":\"Planete LED Solution d&#039;Eclairage LED\",\"description\":\"\",\"potentialAction\":[{\"@type\":\"SearchAction\",\"target\":{\"@type\":\"EntryPoint\",\"urlTemplate\":\"https:\/\/www.ledkaraib.com\/?s={search_term_string}\"},\"query-input\":{\"@type\":\"PropertyValueSpecification\",\"valueRequired\":true,\"valueName\":\"search_term_string\"}}],\"inLanguage\":\"fr-FR\"}]}<\/script>\n<!-- \/ Yoast SEO plugin. -->","yoast_head_json":{"title":"Parafoudre monophas\u00e9 15kA Type 2 - General Electric - Planete LED Solution d&#039;Eclairage LED","robots":{"index":"index","follow":"follow","max-snippet":"max-snippet:-1","max-image-preview":"max-image-preview:large","max-video-preview":"max-video-preview:-1"},"canonical":"https:\/\/www.ledkaraib.com\/index.php\/produit\/parafoudre-monophase-15ka-type-2-general-electric\/","og_locale":"fr_FR","og_type":"article","og_title":"Parafoudre monophas\u00e9 15kA Type 2 - General Electric - Planete LED Solution d&#039;Eclairage LED","og_description":"Polarit\u00e9 Phase Neutre (1P+N) Type de connexion \u00c0 Vis Type Type 2 (ancienne Classe C) Nombre de modules 1 module Norme Certifi\u00e9 CE Montage sur...","og_url":"https:\/\/www.ledkaraib.com\/index.php\/produit\/parafoudre-monophase-15ka-type-2-general-electric\/","og_site_name":"Planete LED Solution d&#039;Eclairage LED","article_modified_time":"2022-12-23T14:52:27+00:00","og_image":[{"width":800,"height":800,"url":"https:\/\/www.ledkaraib.com\/wp-content\/uploads\/2021\/08\/667545.jpg","type":"image\/jpeg"}],"twitter_card":"summary_large_image","twitter_misc":{"Dur\u00e9e de lecture estim\u00e9e":"1 minute"},"schema":{"@context":"https:\/\/schema.org","@graph":[{"@type":"WebPage","@id":"https:\/\/www.ledkaraib.com\/index.php\/produit\/parafoudre-monophase-15ka-type-2-general-electric\/","url":"https:\/\/www.ledkaraib.com\/index.php\/produit\/parafoudre-monophase-15ka-type-2-general-electric\/","name":"Parafoudre monophas\u00e9 15kA Type 2 - General Electric - Planete LED Solution d&#039;Eclairage LED","isPartOf":{"@id":"https:\/\/www.ledkaraib.com\/#website"},"primaryImageOfPage":{"@id":"https:\/\/www.ledkaraib.com\/index.php\/produit\/parafoudre-monophase-15ka-type-2-general-electric\/#primaryimage"},"image":{"@id":"https:\/\/www.ledkaraib.com\/index.php\/produit\/parafoudre-monophase-15ka-type-2-general-electric\/#primaryimage"},"thumbnailUrl":"https:\/\/www.ledkaraib.com\/wp-content\/uploads\/2021\/08\/667545.jpg","datePublished":"2021-08-29T21:27:41+00:00","dateModified":"2022-12-23T14:52:27+00:00","breadcrumb":{"@id":"https:\/\/www.ledkaraib.com\/index.php\/produit\/parafoudre-monophase-15ka-type-2-general-electric\/#breadcrumb"},"inLanguage":"fr-FR","potentialAction":[{"@type":"ReadAction","target":["https:\/\/www.ledkaraib.com\/index.php\/produit\/parafoudre-monophase-15ka-type-2-general-electric\/"]}]},{"@type":"ImageObject","inLanguage":"fr-FR","@id":"https:\/\/www.ledkaraib.com\/index.php\/produit\/parafoudre-monophase-15ka-type-2-general-electric\/#primaryimage","url":"https:\/\/www.ledkaraib.com\/wp-content\/uploads\/2021\/08\/667545.jpg","contentUrl":"https:\/\/www.ledkaraib.com\/wp-content\/uploads\/2021\/08\/667545.jpg","width":800,"height":800},{"@type":"BreadcrumbList","@id":"https:\/\/www.ledkaraib.com\/index.php\/produit\/parafoudre-monophase-15ka-type-2-general-electric\/#breadcrumb","itemListElement":[{"@type":"ListItem","position":1,"name":"Accueil","item":"https:\/\/www.ledkaraib.com\/"},{"@type":"ListItem","position":2,"name":"Shop","item":"https:\/\/www.ledkaraib.com\/index.php\/shop-3\/"},{"@type":"ListItem","position":3,"name":"Parafoudre monophas\u00e9 15kA Type 2 &#8211; General Electric"}]},{"@type":"WebSite","@id":"https:\/\/www.ledkaraib.com\/#website","url":"https:\/\/www.ledkaraib.com\/","name":"Planete LED Solution d&#039;Eclairage LED","description":"","potentialAction":[{"@type":"SearchAction","target":{"@type":"EntryPoint","urlTemplate":"https:\/\/www.ledkaraib.com\/?s={search_term_string}"},"query-input":{"@type":"PropertyValueSpecification","valueRequired":true,"valueName":"search_term_string"}}],"inLanguage":"fr-FR"}]}},"jetpack_sharing_enabled":true,"_links":{"self":[{"href":"https:\/\/www.ledkaraib.com\/index.php\/wp-json\/wp\/v2\/product\/27775","targetHints":{"allow":["GET"]}}],"collection":[{"href":"https:\/\/www.ledkaraib.com\/index.php\/wp-json\/wp\/v2\/product"}],"about":[{"href":"https:\/\/www.ledkaraib.com\/index.php\/wp-json\/wp\/v2\/types\/product"}],"version-history":[{"count":0,"href":"https:\/\/www.ledkaraib.com\/index.php\/wp-json\/wp\/v2\/product\/27775\/revisions"}],"wp:featuredmedia":[{"embeddable":true,"href":"https:\/\/www.ledkaraib.com\/index.php\/wp-json\/wp\/v2\/media\/27819"}],"wp:attachment":[{"href":"https:\/\/www.ledkaraib.com\/index.php\/wp-json\/wp\/v2\/media?parent=27775"}],"wp:term":[{"taxonomy":"brand","embeddable":true,"href":"https:\/\/www.ledkaraib.com\/index.php\/wp-json\/wp\/v2\/etheme_brands?post=27775"},{"taxonomy":"product_brand","embeddable":true,"href":"https:\/\/www.ledkaraib.com\/index.php\/wp-json\/wp\/v2\/product_brand?post=27775"},{"taxonomy":"product_cat","embeddable":true,"href":"https:\/\/www.ledkaraib.com\/index.php\/wp-json\/wp\/v2\/product_cat?post=27775"},{"taxonomy":"product_tag","embeddable":true,"href":"https:\/\/www.ledkaraib.com\/index.php\/wp-json\/wp\/v2\/product_tag?post=27775"}],"curies":[{"name":"wp","href":"https:\/\/api.w.org\/{rel}","templated":true}]}}