{"id":27783,"date":"2021-08-29T21:27:43","date_gmt":"2021-08-29T21:27:43","guid":{"rendered":"https:\/\/ledkaraib.fr\/?post_type=product&#038;p=27783"},"modified":"2022-09-08T07:35:05","modified_gmt":"2022-09-08T11:35:05","slug":"disjoncteur-compact-ge-4-5-6ka-16a-modele-unibis-phase-neutre-courbe-c","status":"publish","type":"product","link":"https:\/\/www.ledkaraib.com\/index.php\/produit\/disjoncteur-compact-ge-4-5-6ka-16a-modele-unibis-phase-neutre-courbe-c\/","title":{"rendered":"DISJONCTEUR COMPACT GE 4.5\/6kA 16A MODELE UNIBIS PHASE NEUTRE COURBE C"},"content":{"rendered":"<section class=\"page-product-box\">\n<table class=\"table-data-sheet\">\n<tbody>\n<tr class=\"even\">\n<td>Type de connexion<\/td>\n<td>\u00c0 Vis<\/td>\n<\/tr>\n<tr class=\"odd\">\n<td>Courbe de d\u00e9clenchement<\/td>\n<td>C<\/td>\n<\/tr>\n<tr class=\"even\">\n<td>Temp\u00e9rature d&rsquo;utilisation<\/td>\n<td>-25\u00b0C \u00e0 +40\u00b0C<\/td>\n<\/tr>\n<\/tbody>\n<\/table>\n<\/section>\n<section id=\"more_info_tabs\" class=\"page-product-box\">\n<h3 class=\"page-product-heading\">EN SAVOIR PLUS<\/h3>\n<div class=\"rte\">\n<h2><strong>CARACTERISTIQUES<\/strong><\/h2>\n<p>Gamme:\u00a0Tertiaire ou r\u00e9sidentiel<\/p>\n<p>Connection:\u00a0Borne \u00e0 vis<\/p>\n<p>Poles:\u00a01P+N (1 mod)<\/p>\n<p>Courant nominal: 16A<\/p>\n<p>Tension nominale Un:\u00a0230V<\/p>\n<p>Dur\u00e9e de vie m\u00e9canique:\u00a020000<\/p>\n<p>Dur\u00e9e de vie \u00e9lectrique:\u00a010000 et (8000 pour les calibres 32A)<\/p>\n<p>Classe de s\u00e9lectivit\u00e9:\u00a03<\/p>\n<p>Courbe de d\u00e9clenchement:\u00a0C<\/p>\n<p>Tropicalisation suivant EN 60068-2:\u00a055\u00b0C sous 95% HR<\/p>\n<p>Plage de raccordement fils souple\/rigide:\u00a010-16mm\u00b2 (connexion \u00e9galement possible:(2x4mm\u00b2) ou (1x4mm\u00b2) + (1x6mm\u00b2)<\/p>\n<p>Temp\u00e9rature de fonctionnement:\u00a025\u00b0C \u00e0 55\u00b0C<\/p>\n<p>Poids:\u00a0125g<\/p>\n<\/div>\n<\/section>\n","protected":false},"excerpt":{"rendered":"<p>Type de connexion \u00c0 Vis Courbe de d\u00e9clenchement C Temp\u00e9rature d&rsquo;utilisation -25\u00b0C \u00e0 +40\u00b0C EN SAVOIR PLUS CARACTERISTIQUES Gamme:\u00a0Tertiaire ou r\u00e9sidentiel Connection:\u00a0Borne \u00e0 vis Poles:\u00a01P+N&#8230;<\/p>\n","protected":false},"featured_media":27827,"template":"","meta":{"content-type":""},"etheme_brands":[],"product_brand":[],"product_cat":[486],"product_tag":[],"class_list":{"0":"post-27783","1":"product","2":"type-product","3":"status-publish","4":"has-post-thumbnail","6":"product_cat-disjoncteur-phase-neutre-1pn","8":"first","9":"instock","10":"taxable","11":"shipping-taxable","12":"purchasable","13":"product-type-simple"},"yoast_head":"<!-- This site is optimized with the Yoast SEO plugin v26.0 - https:\/\/yoast.com\/wordpress\/plugins\/seo\/ -->\n<title>DISJONCTEUR COMPACT GE 4.5\/6kA 16A MODELE UNIBIS PHASE NEUTRE COURBE C - Planete LED Solution d&#039;Eclairage LED<\/title>\n<meta name=\"robots\" content=\"index, follow, max-snippet:-1, max-image-preview:large, max-video-preview:-1\" \/>\n<link rel=\"canonical\" href=\"https:\/\/www.ledkaraib.com\/index.php\/produit\/disjoncteur-compact-ge-4-5-6ka-16a-modele-unibis-phase-neutre-courbe-c\/\" \/>\n<meta property=\"og:locale\" content=\"fr_FR\" \/>\n<meta property=\"og:type\" content=\"article\" \/>\n<meta property=\"og:title\" content=\"DISJONCTEUR COMPACT GE 4.5\/6kA 16A MODELE UNIBIS PHASE NEUTRE COURBE C - Planete LED Solution d&#039;Eclairage LED\" \/>\n<meta property=\"og:description\" content=\"Type de connexion \u00c0 Vis Courbe de d\u00e9clenchement C Temp\u00e9rature d&rsquo;utilisation -25\u00b0C \u00e0 +40\u00b0C EN SAVOIR PLUS CARACTERISTIQUES Gamme:\u00a0Tertiaire ou r\u00e9sidentiel Connection:\u00a0Borne \u00e0 vis Poles:\u00a01P+N...\" \/>\n<meta property=\"og:url\" content=\"https:\/\/www.ledkaraib.com\/index.php\/produit\/disjoncteur-compact-ge-4-5-6ka-16a-modele-unibis-phase-neutre-courbe-c\/\" \/>\n<meta property=\"og:site_name\" content=\"Planete LED Solution d&#039;Eclairage LED\" \/>\n<meta property=\"article:modified_time\" content=\"2022-09-08T11:35:05+00:00\" \/>\n<meta property=\"og:image\" content=\"https:\/\/www.ledkaraib.com\/wp-content\/uploads\/2021\/08\/692723-1.jpg\" \/>\n\t<meta property=\"og:image:width\" content=\"800\" \/>\n\t<meta property=\"og:image:height\" content=\"800\" \/>\n\t<meta property=\"og:image:type\" content=\"image\/jpeg\" \/>\n<meta name=\"twitter:card\" content=\"summary_large_image\" \/>\n<script type=\"application\/ld+json\" class=\"yoast-schema-graph\">{\"@context\":\"https:\/\/schema.org\",\"@graph\":[{\"@type\":\"WebPage\",\"@id\":\"https:\/\/www.ledkaraib.com\/index.php\/produit\/disjoncteur-compact-ge-4-5-6ka-16a-modele-unibis-phase-neutre-courbe-c\/\",\"url\":\"https:\/\/www.ledkaraib.com\/index.php\/produit\/disjoncteur-compact-ge-4-5-6ka-16a-modele-unibis-phase-neutre-courbe-c\/\",\"name\":\"DISJONCTEUR COMPACT GE 4.5\/6kA 16A MODELE UNIBIS PHASE NEUTRE COURBE C - Planete LED Solution d&#039;Eclairage LED\",\"isPartOf\":{\"@id\":\"https:\/\/www.ledkaraib.com\/#website\"},\"primaryImageOfPage\":{\"@id\":\"https:\/\/www.ledkaraib.com\/index.php\/produit\/disjoncteur-compact-ge-4-5-6ka-16a-modele-unibis-phase-neutre-courbe-c\/#primaryimage\"},\"image\":{\"@id\":\"https:\/\/www.ledkaraib.com\/index.php\/produit\/disjoncteur-compact-ge-4-5-6ka-16a-modele-unibis-phase-neutre-courbe-c\/#primaryimage\"},\"thumbnailUrl\":\"https:\/\/www.ledkaraib.com\/wp-content\/uploads\/2021\/08\/692723-1.jpg\",\"datePublished\":\"2021-08-29T21:27:43+00:00\",\"dateModified\":\"2022-09-08T11:35:05+00:00\",\"breadcrumb\":{\"@id\":\"https:\/\/www.ledkaraib.com\/index.php\/produit\/disjoncteur-compact-ge-4-5-6ka-16a-modele-unibis-phase-neutre-courbe-c\/#breadcrumb\"},\"inLanguage\":\"fr-FR\",\"potentialAction\":[{\"@type\":\"ReadAction\",\"target\":[\"https:\/\/www.ledkaraib.com\/index.php\/produit\/disjoncteur-compact-ge-4-5-6ka-16a-modele-unibis-phase-neutre-courbe-c\/\"]}]},{\"@type\":\"ImageObject\",\"inLanguage\":\"fr-FR\",\"@id\":\"https:\/\/www.ledkaraib.com\/index.php\/produit\/disjoncteur-compact-ge-4-5-6ka-16a-modele-unibis-phase-neutre-courbe-c\/#primaryimage\",\"url\":\"https:\/\/www.ledkaraib.com\/wp-content\/uploads\/2021\/08\/692723-1.jpg\",\"contentUrl\":\"https:\/\/www.ledkaraib.com\/wp-content\/uploads\/2021\/08\/692723-1.jpg\",\"width\":800,\"height\":800},{\"@type\":\"BreadcrumbList\",\"@id\":\"https:\/\/www.ledkaraib.com\/index.php\/produit\/disjoncteur-compact-ge-4-5-6ka-16a-modele-unibis-phase-neutre-courbe-c\/#breadcrumb\",\"itemListElement\":[{\"@type\":\"ListItem\",\"position\":1,\"name\":\"Accueil\",\"item\":\"https:\/\/www.ledkaraib.com\/\"},{\"@type\":\"ListItem\",\"position\":2,\"name\":\"Shop\",\"item\":\"https:\/\/www.ledkaraib.com\/index.php\/shop-3\/\"},{\"@type\":\"ListItem\",\"position\":3,\"name\":\"DISJONCTEUR COMPACT GE 4.5\/6kA 16A MODELE UNIBIS PHASE NEUTRE COURBE C\"}]},{\"@type\":\"WebSite\",\"@id\":\"https:\/\/www.ledkaraib.com\/#website\",\"url\":\"https:\/\/www.ledkaraib.com\/\",\"name\":\"Planete LED Solution d&#039;Eclairage LED\",\"description\":\"\",\"potentialAction\":[{\"@type\":\"SearchAction\",\"target\":{\"@type\":\"EntryPoint\",\"urlTemplate\":\"https:\/\/www.ledkaraib.com\/?s={search_term_string}\"},\"query-input\":{\"@type\":\"PropertyValueSpecification\",\"valueRequired\":true,\"valueName\":\"search_term_string\"}}],\"inLanguage\":\"fr-FR\"}]}<\/script>\n<!-- \/ Yoast SEO plugin. -->","yoast_head_json":{"title":"DISJONCTEUR COMPACT GE 4.5\/6kA 16A MODELE UNIBIS PHASE NEUTRE COURBE C - Planete LED Solution d&#039;Eclairage LED","robots":{"index":"index","follow":"follow","max-snippet":"max-snippet:-1","max-image-preview":"max-image-preview:large","max-video-preview":"max-video-preview:-1"},"canonical":"https:\/\/www.ledkaraib.com\/index.php\/produit\/disjoncteur-compact-ge-4-5-6ka-16a-modele-unibis-phase-neutre-courbe-c\/","og_locale":"fr_FR","og_type":"article","og_title":"DISJONCTEUR COMPACT GE 4.5\/6kA 16A MODELE UNIBIS PHASE NEUTRE COURBE C - Planete LED Solution d&#039;Eclairage LED","og_description":"Type de connexion \u00c0 Vis Courbe de d\u00e9clenchement C Temp\u00e9rature d&rsquo;utilisation -25\u00b0C \u00e0 +40\u00b0C EN SAVOIR PLUS CARACTERISTIQUES Gamme:\u00a0Tertiaire ou r\u00e9sidentiel Connection:\u00a0Borne \u00e0 vis Poles:\u00a01P+N...","og_url":"https:\/\/www.ledkaraib.com\/index.php\/produit\/disjoncteur-compact-ge-4-5-6ka-16a-modele-unibis-phase-neutre-courbe-c\/","og_site_name":"Planete LED Solution d&#039;Eclairage LED","article_modified_time":"2022-09-08T11:35:05+00:00","og_image":[{"width":800,"height":800,"url":"https:\/\/www.ledkaraib.com\/wp-content\/uploads\/2021\/08\/692723-1.jpg","type":"image\/jpeg"}],"twitter_card":"summary_large_image","schema":{"@context":"https:\/\/schema.org","@graph":[{"@type":"WebPage","@id":"https:\/\/www.ledkaraib.com\/index.php\/produit\/disjoncteur-compact-ge-4-5-6ka-16a-modele-unibis-phase-neutre-courbe-c\/","url":"https:\/\/www.ledkaraib.com\/index.php\/produit\/disjoncteur-compact-ge-4-5-6ka-16a-modele-unibis-phase-neutre-courbe-c\/","name":"DISJONCTEUR COMPACT GE 4.5\/6kA 16A MODELE UNIBIS PHASE NEUTRE COURBE C - Planete LED Solution d&#039;Eclairage LED","isPartOf":{"@id":"https:\/\/www.ledkaraib.com\/#website"},"primaryImageOfPage":{"@id":"https:\/\/www.ledkaraib.com\/index.php\/produit\/disjoncteur-compact-ge-4-5-6ka-16a-modele-unibis-phase-neutre-courbe-c\/#primaryimage"},"image":{"@id":"https:\/\/www.ledkaraib.com\/index.php\/produit\/disjoncteur-compact-ge-4-5-6ka-16a-modele-unibis-phase-neutre-courbe-c\/#primaryimage"},"thumbnailUrl":"https:\/\/www.ledkaraib.com\/wp-content\/uploads\/2021\/08\/692723-1.jpg","datePublished":"2021-08-29T21:27:43+00:00","dateModified":"2022-09-08T11:35:05+00:00","breadcrumb":{"@id":"https:\/\/www.ledkaraib.com\/index.php\/produit\/disjoncteur-compact-ge-4-5-6ka-16a-modele-unibis-phase-neutre-courbe-c\/#breadcrumb"},"inLanguage":"fr-FR","potentialAction":[{"@type":"ReadAction","target":["https:\/\/www.ledkaraib.com\/index.php\/produit\/disjoncteur-compact-ge-4-5-6ka-16a-modele-unibis-phase-neutre-courbe-c\/"]}]},{"@type":"ImageObject","inLanguage":"fr-FR","@id":"https:\/\/www.ledkaraib.com\/index.php\/produit\/disjoncteur-compact-ge-4-5-6ka-16a-modele-unibis-phase-neutre-courbe-c\/#primaryimage","url":"https:\/\/www.ledkaraib.com\/wp-content\/uploads\/2021\/08\/692723-1.jpg","contentUrl":"https:\/\/www.ledkaraib.com\/wp-content\/uploads\/2021\/08\/692723-1.jpg","width":800,"height":800},{"@type":"BreadcrumbList","@id":"https:\/\/www.ledkaraib.com\/index.php\/produit\/disjoncteur-compact-ge-4-5-6ka-16a-modele-unibis-phase-neutre-courbe-c\/#breadcrumb","itemListElement":[{"@type":"ListItem","position":1,"name":"Accueil","item":"https:\/\/www.ledkaraib.com\/"},{"@type":"ListItem","position":2,"name":"Shop","item":"https:\/\/www.ledkaraib.com\/index.php\/shop-3\/"},{"@type":"ListItem","position":3,"name":"DISJONCTEUR COMPACT GE 4.5\/6kA 16A MODELE UNIBIS PHASE NEUTRE COURBE C"}]},{"@type":"WebSite","@id":"https:\/\/www.ledkaraib.com\/#website","url":"https:\/\/www.ledkaraib.com\/","name":"Planete LED Solution d&#039;Eclairage LED","description":"","potentialAction":[{"@type":"SearchAction","target":{"@type":"EntryPoint","urlTemplate":"https:\/\/www.ledkaraib.com\/?s={search_term_string}"},"query-input":{"@type":"PropertyValueSpecification","valueRequired":true,"valueName":"search_term_string"}}],"inLanguage":"fr-FR"}]}},"jetpack_sharing_enabled":true,"_links":{"self":[{"href":"https:\/\/www.ledkaraib.com\/index.php\/wp-json\/wp\/v2\/product\/27783","targetHints":{"allow":["GET"]}}],"collection":[{"href":"https:\/\/www.ledkaraib.com\/index.php\/wp-json\/wp\/v2\/product"}],"about":[{"href":"https:\/\/www.ledkaraib.com\/index.php\/wp-json\/wp\/v2\/types\/product"}],"version-history":[{"count":0,"href":"https:\/\/www.ledkaraib.com\/index.php\/wp-json\/wp\/v2\/product\/27783\/revisions"}],"wp:featuredmedia":[{"embeddable":true,"href":"https:\/\/www.ledkaraib.com\/index.php\/wp-json\/wp\/v2\/media\/27827"}],"wp:attachment":[{"href":"https:\/\/www.ledkaraib.com\/index.php\/wp-json\/wp\/v2\/media?parent=27783"}],"wp:term":[{"taxonomy":"brand","embeddable":true,"href":"https:\/\/www.ledkaraib.com\/index.php\/wp-json\/wp\/v2\/etheme_brands?post=27783"},{"taxonomy":"product_brand","embeddable":true,"href":"https:\/\/www.ledkaraib.com\/index.php\/wp-json\/wp\/v2\/product_brand?post=27783"},{"taxonomy":"product_cat","embeddable":true,"href":"https:\/\/www.ledkaraib.com\/index.php\/wp-json\/wp\/v2\/product_cat?post=27783"},{"taxonomy":"product_tag","embeddable":true,"href":"https:\/\/www.ledkaraib.com\/index.php\/wp-json\/wp\/v2\/product_tag?post=27783"}],"curies":[{"name":"wp","href":"https:\/\/api.w.org\/{rel}","templated":true}]}}