{"id":27786,"date":"2021-08-29T21:27:43","date_gmt":"2021-08-29T21:27:43","guid":{"rendered":"https:\/\/ledkaraib.fr\/?post_type=product&#038;p=27786"},"modified":"2023-04-22T11:04:17","modified_gmt":"2023-04-22T15:04:17","slug":"porte-de-coffret-blanche-2-rangees-general-electric-fix-o-rail-125","status":"publish","type":"product","link":"https:\/\/www.ledkaraib.com\/index.php\/produit\/porte-de-coffret-blanche-2-rangees-general-electric-fix-o-rail-125\/","title":{"rendered":"Porte de coffret blanche 2 rang\u00e9es General Electric Fix O Rail 125"},"content":{"rendered":"<p><strong>Porte et charni\u00e8re<\/strong>\u00a0pour\u00a0tableau divisonnaire GE Fix o Rail 125\u00a0disponible en\u00a0<strong>blanc <\/strong>\u00a0de 2 rang\u00e9es.<\/p>\n<p>Cette porte de coffret \u00e9lectrique\u00a0<strong>fabriqu\u00e9e en France<\/strong>\u00a0b\u00e9n\u00e9ficie d&rsquo;une\u00a0<strong>excellente qualit\u00e9 de finitions<\/strong>.<\/p>\n<p>Serrure et cl\u00e9 en option.<\/p>\n<p>\u00c9galement compatible avec nos\u00a0coffrets GE pr\u00e9-c\u00e2bl\u00e9s.<\/p>\n","protected":false},"excerpt":{"rendered":"<p>Porte et charni\u00e8re\u00a0pour\u00a0tableau divisonnaire GE Fix o Rail 125\u00a0disponible en\u00a0blanc \u00a0de 2 rang\u00e9es. Cette porte de coffret \u00e9lectrique\u00a0fabriqu\u00e9e en France\u00a0b\u00e9n\u00e9ficie d&rsquo;une\u00a0excellente qualit\u00e9 de finitions. Serrure&#8230;<\/p>\n","protected":false},"featured_media":27829,"template":"","meta":{"content-type":""},"etheme_brands":[],"product_brand":[],"product_cat":[482],"product_tag":[],"class_list":{"0":"post-27786","1":"product","2":"type-product","3":"status-publish","4":"has-post-thumbnail","6":"product_cat-tableau-electrique-nu-et-pre-equipe","8":"first","9":"instock","10":"taxable","11":"shipping-taxable","12":"purchasable","13":"product-type-simple"},"yoast_head":"<!-- This site is optimized with the Yoast SEO plugin v26.0 - https:\/\/yoast.com\/wordpress\/plugins\/seo\/ -->\n<title>Porte de coffret blanche 2 rang\u00e9es General Electric Fix O Rail 125 - Planete LED Solution d&#039;Eclairage LED<\/title>\n<meta name=\"robots\" content=\"index, follow, max-snippet:-1, max-image-preview:large, max-video-preview:-1\" \/>\n<link rel=\"canonical\" href=\"https:\/\/www.ledkaraib.com\/index.php\/produit\/porte-de-coffret-blanche-2-rangees-general-electric-fix-o-rail-125\/\" \/>\n<meta property=\"og:locale\" content=\"fr_FR\" \/>\n<meta property=\"og:type\" content=\"article\" \/>\n<meta property=\"og:title\" content=\"Porte de coffret blanche 2 rang\u00e9es General Electric Fix O Rail 125 - Planete LED Solution d&#039;Eclairage LED\" \/>\n<meta property=\"og:description\" content=\"Porte et charni\u00e8re\u00a0pour\u00a0tableau divisonnaire GE Fix o Rail 125\u00a0disponible en\u00a0blanc \u00a0de 2 rang\u00e9es. Cette porte de coffret \u00e9lectrique\u00a0fabriqu\u00e9e en France\u00a0b\u00e9n\u00e9ficie d&rsquo;une\u00a0excellente qualit\u00e9 de finitions. Serrure...\" \/>\n<meta property=\"og:url\" content=\"https:\/\/www.ledkaraib.com\/index.php\/produit\/porte-de-coffret-blanche-2-rangees-general-electric-fix-o-rail-125\/\" \/>\n<meta property=\"og:site_name\" content=\"Planete LED Solution d&#039;Eclairage LED\" \/>\n<meta property=\"article:modified_time\" content=\"2023-04-22T15:04:17+00:00\" \/>\n<meta property=\"og:image\" content=\"https:\/\/www.ledkaraib.com\/wp-content\/uploads\/2021\/08\/619443.jpg\" \/>\n\t<meta property=\"og:image:width\" content=\"800\" \/>\n\t<meta property=\"og:image:height\" content=\"800\" \/>\n\t<meta property=\"og:image:type\" content=\"image\/jpeg\" \/>\n<meta name=\"twitter:card\" content=\"summary_large_image\" \/>\n<script type=\"application\/ld+json\" class=\"yoast-schema-graph\">{\"@context\":\"https:\/\/schema.org\",\"@graph\":[{\"@type\":\"WebPage\",\"@id\":\"https:\/\/www.ledkaraib.com\/index.php\/produit\/porte-de-coffret-blanche-2-rangees-general-electric-fix-o-rail-125\/\",\"url\":\"https:\/\/www.ledkaraib.com\/index.php\/produit\/porte-de-coffret-blanche-2-rangees-general-electric-fix-o-rail-125\/\",\"name\":\"Porte de coffret blanche 2 rang\u00e9es General Electric Fix O Rail 125 - Planete LED Solution d&#039;Eclairage LED\",\"isPartOf\":{\"@id\":\"https:\/\/www.ledkaraib.com\/#website\"},\"primaryImageOfPage\":{\"@id\":\"https:\/\/www.ledkaraib.com\/index.php\/produit\/porte-de-coffret-blanche-2-rangees-general-electric-fix-o-rail-125\/#primaryimage\"},\"image\":{\"@id\":\"https:\/\/www.ledkaraib.com\/index.php\/produit\/porte-de-coffret-blanche-2-rangees-general-electric-fix-o-rail-125\/#primaryimage\"},\"thumbnailUrl\":\"https:\/\/www.ledkaraib.com\/wp-content\/uploads\/2021\/08\/619443.jpg\",\"datePublished\":\"2021-08-29T21:27:43+00:00\",\"dateModified\":\"2023-04-22T15:04:17+00:00\",\"breadcrumb\":{\"@id\":\"https:\/\/www.ledkaraib.com\/index.php\/produit\/porte-de-coffret-blanche-2-rangees-general-electric-fix-o-rail-125\/#breadcrumb\"},\"inLanguage\":\"fr-FR\",\"potentialAction\":[{\"@type\":\"ReadAction\",\"target\":[\"https:\/\/www.ledkaraib.com\/index.php\/produit\/porte-de-coffret-blanche-2-rangees-general-electric-fix-o-rail-125\/\"]}]},{\"@type\":\"ImageObject\",\"inLanguage\":\"fr-FR\",\"@id\":\"https:\/\/www.ledkaraib.com\/index.php\/produit\/porte-de-coffret-blanche-2-rangees-general-electric-fix-o-rail-125\/#primaryimage\",\"url\":\"https:\/\/www.ledkaraib.com\/wp-content\/uploads\/2021\/08\/619443.jpg\",\"contentUrl\":\"https:\/\/www.ledkaraib.com\/wp-content\/uploads\/2021\/08\/619443.jpg\",\"width\":800,\"height\":800},{\"@type\":\"BreadcrumbList\",\"@id\":\"https:\/\/www.ledkaraib.com\/index.php\/produit\/porte-de-coffret-blanche-2-rangees-general-electric-fix-o-rail-125\/#breadcrumb\",\"itemListElement\":[{\"@type\":\"ListItem\",\"position\":1,\"name\":\"Accueil\",\"item\":\"https:\/\/www.ledkaraib.com\/\"},{\"@type\":\"ListItem\",\"position\":2,\"name\":\"Shop\",\"item\":\"https:\/\/www.ledkaraib.com\/index.php\/shop-3\/\"},{\"@type\":\"ListItem\",\"position\":3,\"name\":\"Porte de coffret blanche 2 rang\u00e9es General Electric Fix O Rail 125\"}]},{\"@type\":\"WebSite\",\"@id\":\"https:\/\/www.ledkaraib.com\/#website\",\"url\":\"https:\/\/www.ledkaraib.com\/\",\"name\":\"Planete LED Solution d&#039;Eclairage LED\",\"description\":\"\",\"potentialAction\":[{\"@type\":\"SearchAction\",\"target\":{\"@type\":\"EntryPoint\",\"urlTemplate\":\"https:\/\/www.ledkaraib.com\/?s={search_term_string}\"},\"query-input\":{\"@type\":\"PropertyValueSpecification\",\"valueRequired\":true,\"valueName\":\"search_term_string\"}}],\"inLanguage\":\"fr-FR\"}]}<\/script>\n<!-- \/ Yoast SEO plugin. -->","yoast_head_json":{"title":"Porte de coffret blanche 2 rang\u00e9es General Electric Fix O Rail 125 - Planete LED Solution d&#039;Eclairage LED","robots":{"index":"index","follow":"follow","max-snippet":"max-snippet:-1","max-image-preview":"max-image-preview:large","max-video-preview":"max-video-preview:-1"},"canonical":"https:\/\/www.ledkaraib.com\/index.php\/produit\/porte-de-coffret-blanche-2-rangees-general-electric-fix-o-rail-125\/","og_locale":"fr_FR","og_type":"article","og_title":"Porte de coffret blanche 2 rang\u00e9es General Electric Fix O Rail 125 - Planete LED Solution d&#039;Eclairage LED","og_description":"Porte et charni\u00e8re\u00a0pour\u00a0tableau divisonnaire GE Fix o Rail 125\u00a0disponible en\u00a0blanc \u00a0de 2 rang\u00e9es. Cette porte de coffret \u00e9lectrique\u00a0fabriqu\u00e9e en France\u00a0b\u00e9n\u00e9ficie d&rsquo;une\u00a0excellente qualit\u00e9 de finitions. Serrure...","og_url":"https:\/\/www.ledkaraib.com\/index.php\/produit\/porte-de-coffret-blanche-2-rangees-general-electric-fix-o-rail-125\/","og_site_name":"Planete LED Solution d&#039;Eclairage LED","article_modified_time":"2023-04-22T15:04:17+00:00","og_image":[{"width":800,"height":800,"url":"https:\/\/www.ledkaraib.com\/wp-content\/uploads\/2021\/08\/619443.jpg","type":"image\/jpeg"}],"twitter_card":"summary_large_image","schema":{"@context":"https:\/\/schema.org","@graph":[{"@type":"WebPage","@id":"https:\/\/www.ledkaraib.com\/index.php\/produit\/porte-de-coffret-blanche-2-rangees-general-electric-fix-o-rail-125\/","url":"https:\/\/www.ledkaraib.com\/index.php\/produit\/porte-de-coffret-blanche-2-rangees-general-electric-fix-o-rail-125\/","name":"Porte de coffret blanche 2 rang\u00e9es General Electric Fix O Rail 125 - Planete LED Solution d&#039;Eclairage LED","isPartOf":{"@id":"https:\/\/www.ledkaraib.com\/#website"},"primaryImageOfPage":{"@id":"https:\/\/www.ledkaraib.com\/index.php\/produit\/porte-de-coffret-blanche-2-rangees-general-electric-fix-o-rail-125\/#primaryimage"},"image":{"@id":"https:\/\/www.ledkaraib.com\/index.php\/produit\/porte-de-coffret-blanche-2-rangees-general-electric-fix-o-rail-125\/#primaryimage"},"thumbnailUrl":"https:\/\/www.ledkaraib.com\/wp-content\/uploads\/2021\/08\/619443.jpg","datePublished":"2021-08-29T21:27:43+00:00","dateModified":"2023-04-22T15:04:17+00:00","breadcrumb":{"@id":"https:\/\/www.ledkaraib.com\/index.php\/produit\/porte-de-coffret-blanche-2-rangees-general-electric-fix-o-rail-125\/#breadcrumb"},"inLanguage":"fr-FR","potentialAction":[{"@type":"ReadAction","target":["https:\/\/www.ledkaraib.com\/index.php\/produit\/porte-de-coffret-blanche-2-rangees-general-electric-fix-o-rail-125\/"]}]},{"@type":"ImageObject","inLanguage":"fr-FR","@id":"https:\/\/www.ledkaraib.com\/index.php\/produit\/porte-de-coffret-blanche-2-rangees-general-electric-fix-o-rail-125\/#primaryimage","url":"https:\/\/www.ledkaraib.com\/wp-content\/uploads\/2021\/08\/619443.jpg","contentUrl":"https:\/\/www.ledkaraib.com\/wp-content\/uploads\/2021\/08\/619443.jpg","width":800,"height":800},{"@type":"BreadcrumbList","@id":"https:\/\/www.ledkaraib.com\/index.php\/produit\/porte-de-coffret-blanche-2-rangees-general-electric-fix-o-rail-125\/#breadcrumb","itemListElement":[{"@type":"ListItem","position":1,"name":"Accueil","item":"https:\/\/www.ledkaraib.com\/"},{"@type":"ListItem","position":2,"name":"Shop","item":"https:\/\/www.ledkaraib.com\/index.php\/shop-3\/"},{"@type":"ListItem","position":3,"name":"Porte de coffret blanche 2 rang\u00e9es General Electric Fix O Rail 125"}]},{"@type":"WebSite","@id":"https:\/\/www.ledkaraib.com\/#website","url":"https:\/\/www.ledkaraib.com\/","name":"Planete LED Solution d&#039;Eclairage LED","description":"","potentialAction":[{"@type":"SearchAction","target":{"@type":"EntryPoint","urlTemplate":"https:\/\/www.ledkaraib.com\/?s={search_term_string}"},"query-input":{"@type":"PropertyValueSpecification","valueRequired":true,"valueName":"search_term_string"}}],"inLanguage":"fr-FR"}]}},"jetpack_sharing_enabled":true,"_links":{"self":[{"href":"https:\/\/www.ledkaraib.com\/index.php\/wp-json\/wp\/v2\/product\/27786","targetHints":{"allow":["GET"]}}],"collection":[{"href":"https:\/\/www.ledkaraib.com\/index.php\/wp-json\/wp\/v2\/product"}],"about":[{"href":"https:\/\/www.ledkaraib.com\/index.php\/wp-json\/wp\/v2\/types\/product"}],"version-history":[{"count":0,"href":"https:\/\/www.ledkaraib.com\/index.php\/wp-json\/wp\/v2\/product\/27786\/revisions"}],"wp:featuredmedia":[{"embeddable":true,"href":"https:\/\/www.ledkaraib.com\/index.php\/wp-json\/wp\/v2\/media\/27829"}],"wp:attachment":[{"href":"https:\/\/www.ledkaraib.com\/index.php\/wp-json\/wp\/v2\/media?parent=27786"}],"wp:term":[{"taxonomy":"brand","embeddable":true,"href":"https:\/\/www.ledkaraib.com\/index.php\/wp-json\/wp\/v2\/etheme_brands?post=27786"},{"taxonomy":"product_brand","embeddable":true,"href":"https:\/\/www.ledkaraib.com\/index.php\/wp-json\/wp\/v2\/product_brand?post=27786"},{"taxonomy":"product_cat","embeddable":true,"href":"https:\/\/www.ledkaraib.com\/index.php\/wp-json\/wp\/v2\/product_cat?post=27786"},{"taxonomy":"product_tag","embeddable":true,"href":"https:\/\/www.ledkaraib.com\/index.php\/wp-json\/wp\/v2\/product_tag?post=27786"}],"curies":[{"name":"wp","href":"https:\/\/api.w.org\/{rel}","templated":true}]}}