{"id":27807,"date":"2021-08-29T21:28:08","date_gmt":"2021-08-29T21:28:08","guid":{"rendered":"https:\/\/ledkaraib.fr\/?post_type=product&#038;p=27807"},"modified":"2026-03-24T13:49:19","modified_gmt":"2026-03-24T17:49:19","slug":"presse-etoupe-iso-ip67-contre-ecrou-m16-o-de-cable-4-8mm","status":"publish","type":"product","link":"https:\/\/www.ledkaraib.com\/index.php\/produit\/presse-etoupe-iso-ip67-contre-ecrou-m16-o-de-cable-4-8mm\/","title":{"rendered":"Presse \u00e9toupe ISO IP67 + contre \u00e9crou \tM16 &#8211; \u00d8 de c\u00e2ble 4 -8mm"},"content":{"rendered":"<p>Presse \u00e9toupe \u00e0 lamelle avec contre \u00e9crou et joint pour assurer l&rsquo;\u00e9tanch\u00e9it\u00e9 de vos entr\u00e9es de c\u00e2bles dans vos armoires ou coffret \u00e9lectrique \u00e9tanche. Disponible dans une large gamme, ce presse \u00e9toupe ISO peut recevoir du c\u00e2ble de diam\u00e8tre 3 \u00e0 44mm.L&rsquo;\u00e9tanch\u00e9it\u00e9 IP67 est assur\u00e9e par la compression des lamelles sur le manchon en caoutchouc lorsque vous serrez le presse \u00e9toupe.<\/p>\n","protected":false},"excerpt":{"rendered":"<p>Presse \u00e9toupe \u00e0 lamelle avec contre \u00e9crou et joint pour assurer l&rsquo;\u00e9tanch\u00e9it\u00e9 de vos entr\u00e9es de c\u00e2bles dans vos armoires ou coffret \u00e9lectrique \u00e9tanche. Disponible&#8230;<\/p>\n","protected":false},"featured_media":27834,"template":"","meta":{"content-type":""},"etheme_brands":[],"product_brand":[],"product_cat":[490],"product_tag":[],"class_list":{"0":"post-27807","1":"product","2":"type-product","3":"status-publish","4":"has-post-thumbnail","6":"product_cat-presse-etoupe","8":"first","9":"instock","10":"taxable","11":"shipping-taxable","12":"purchasable","13":"product-type-simple"},"yoast_head":"<!-- This site is optimized with the Yoast SEO plugin v26.0 - https:\/\/yoast.com\/wordpress\/plugins\/seo\/ -->\n<title>Presse \u00e9toupe ISO IP67 + contre \u00e9crou M16 - \u00d8 de c\u00e2ble 4 -8mm - Planete LED Solution d&#039;Eclairage LED<\/title>\n<meta name=\"robots\" content=\"index, follow, max-snippet:-1, max-image-preview:large, max-video-preview:-1\" \/>\n<link rel=\"canonical\" href=\"https:\/\/www.ledkaraib.com\/index.php\/produit\/presse-etoupe-iso-ip67-contre-ecrou-m16-o-de-cable-4-8mm\/\" \/>\n<meta property=\"og:locale\" content=\"fr_FR\" \/>\n<meta property=\"og:type\" content=\"article\" \/>\n<meta property=\"og:title\" content=\"Presse \u00e9toupe ISO IP67 + contre \u00e9crou M16 - \u00d8 de c\u00e2ble 4 -8mm - Planete LED Solution d&#039;Eclairage LED\" \/>\n<meta property=\"og:description\" content=\"Presse \u00e9toupe \u00e0 lamelle avec contre \u00e9crou et joint pour assurer l&rsquo;\u00e9tanch\u00e9it\u00e9 de vos entr\u00e9es de c\u00e2bles dans vos armoires ou coffret \u00e9lectrique \u00e9tanche. Disponible...\" \/>\n<meta property=\"og:url\" content=\"https:\/\/www.ledkaraib.com\/index.php\/produit\/presse-etoupe-iso-ip67-contre-ecrou-m16-o-de-cable-4-8mm\/\" \/>\n<meta property=\"og:site_name\" content=\"Planete LED Solution d&#039;Eclairage LED\" \/>\n<meta property=\"article:modified_time\" content=\"2026-03-24T17:49:19+00:00\" \/>\n<meta property=\"og:image\" content=\"https:\/\/www.ledkaraib.com\/wp-content\/uploads\/2021\/08\/SCGM12GA.jpg\" \/>\n\t<meta property=\"og:image:width\" content=\"700\" \/>\n\t<meta property=\"og:image:height\" content=\"700\" \/>\n\t<meta property=\"og:image:type\" content=\"image\/jpeg\" \/>\n<meta name=\"twitter:card\" content=\"summary_large_image\" \/>\n<script type=\"application\/ld+json\" class=\"yoast-schema-graph\">{\"@context\":\"https:\/\/schema.org\",\"@graph\":[{\"@type\":\"WebPage\",\"@id\":\"https:\/\/www.ledkaraib.com\/index.php\/produit\/presse-etoupe-iso-ip67-contre-ecrou-m16-o-de-cable-4-8mm\/\",\"url\":\"https:\/\/www.ledkaraib.com\/index.php\/produit\/presse-etoupe-iso-ip67-contre-ecrou-m16-o-de-cable-4-8mm\/\",\"name\":\"Presse \u00e9toupe ISO IP67 + contre \u00e9crou M16 - \u00d8 de c\u00e2ble 4 -8mm - Planete LED Solution d&#039;Eclairage LED\",\"isPartOf\":{\"@id\":\"https:\/\/www.ledkaraib.com\/#website\"},\"primaryImageOfPage\":{\"@id\":\"https:\/\/www.ledkaraib.com\/index.php\/produit\/presse-etoupe-iso-ip67-contre-ecrou-m16-o-de-cable-4-8mm\/#primaryimage\"},\"image\":{\"@id\":\"https:\/\/www.ledkaraib.com\/index.php\/produit\/presse-etoupe-iso-ip67-contre-ecrou-m16-o-de-cable-4-8mm\/#primaryimage\"},\"thumbnailUrl\":\"https:\/\/www.ledkaraib.com\/wp-content\/uploads\/2021\/08\/SCGM12GA.jpg\",\"datePublished\":\"2021-08-29T21:28:08+00:00\",\"dateModified\":\"2026-03-24T17:49:19+00:00\",\"breadcrumb\":{\"@id\":\"https:\/\/www.ledkaraib.com\/index.php\/produit\/presse-etoupe-iso-ip67-contre-ecrou-m16-o-de-cable-4-8mm\/#breadcrumb\"},\"inLanguage\":\"fr-FR\",\"potentialAction\":[{\"@type\":\"ReadAction\",\"target\":[\"https:\/\/www.ledkaraib.com\/index.php\/produit\/presse-etoupe-iso-ip67-contre-ecrou-m16-o-de-cable-4-8mm\/\"]}]},{\"@type\":\"ImageObject\",\"inLanguage\":\"fr-FR\",\"@id\":\"https:\/\/www.ledkaraib.com\/index.php\/produit\/presse-etoupe-iso-ip67-contre-ecrou-m16-o-de-cable-4-8mm\/#primaryimage\",\"url\":\"https:\/\/www.ledkaraib.com\/wp-content\/uploads\/2021\/08\/SCGM12GA.jpg\",\"contentUrl\":\"https:\/\/www.ledkaraib.com\/wp-content\/uploads\/2021\/08\/SCGM12GA.jpg\",\"width\":700,\"height\":700},{\"@type\":\"BreadcrumbList\",\"@id\":\"https:\/\/www.ledkaraib.com\/index.php\/produit\/presse-etoupe-iso-ip67-contre-ecrou-m16-o-de-cable-4-8mm\/#breadcrumb\",\"itemListElement\":[{\"@type\":\"ListItem\",\"position\":1,\"name\":\"Accueil\",\"item\":\"https:\/\/www.ledkaraib.com\/\"},{\"@type\":\"ListItem\",\"position\":2,\"name\":\"Shop\",\"item\":\"https:\/\/www.ledkaraib.com\/index.php\/shop-3\/\"},{\"@type\":\"ListItem\",\"position\":3,\"name\":\"Presse \u00e9toupe ISO IP67 + contre \u00e9crou M16 &#8211; \u00d8 de c\u00e2ble 4 -8mm\"}]},{\"@type\":\"WebSite\",\"@id\":\"https:\/\/www.ledkaraib.com\/#website\",\"url\":\"https:\/\/www.ledkaraib.com\/\",\"name\":\"Planete LED Solution d&#039;Eclairage LED\",\"description\":\"\",\"potentialAction\":[{\"@type\":\"SearchAction\",\"target\":{\"@type\":\"EntryPoint\",\"urlTemplate\":\"https:\/\/www.ledkaraib.com\/?s={search_term_string}\"},\"query-input\":{\"@type\":\"PropertyValueSpecification\",\"valueRequired\":true,\"valueName\":\"search_term_string\"}}],\"inLanguage\":\"fr-FR\"}]}<\/script>\n<!-- \/ Yoast SEO plugin. -->","yoast_head_json":{"title":"Presse \u00e9toupe ISO IP67 + contre \u00e9crou M16 - \u00d8 de c\u00e2ble 4 -8mm - Planete LED Solution d&#039;Eclairage LED","robots":{"index":"index","follow":"follow","max-snippet":"max-snippet:-1","max-image-preview":"max-image-preview:large","max-video-preview":"max-video-preview:-1"},"canonical":"https:\/\/www.ledkaraib.com\/index.php\/produit\/presse-etoupe-iso-ip67-contre-ecrou-m16-o-de-cable-4-8mm\/","og_locale":"fr_FR","og_type":"article","og_title":"Presse \u00e9toupe ISO IP67 + contre \u00e9crou M16 - \u00d8 de c\u00e2ble 4 -8mm - Planete LED Solution d&#039;Eclairage LED","og_description":"Presse \u00e9toupe \u00e0 lamelle avec contre \u00e9crou et joint pour assurer l&rsquo;\u00e9tanch\u00e9it\u00e9 de vos entr\u00e9es de c\u00e2bles dans vos armoires ou coffret \u00e9lectrique \u00e9tanche. Disponible...","og_url":"https:\/\/www.ledkaraib.com\/index.php\/produit\/presse-etoupe-iso-ip67-contre-ecrou-m16-o-de-cable-4-8mm\/","og_site_name":"Planete LED Solution d&#039;Eclairage LED","article_modified_time":"2026-03-24T17:49:19+00:00","og_image":[{"width":700,"height":700,"url":"https:\/\/www.ledkaraib.com\/wp-content\/uploads\/2021\/08\/SCGM12GA.jpg","type":"image\/jpeg"}],"twitter_card":"summary_large_image","schema":{"@context":"https:\/\/schema.org","@graph":[{"@type":"WebPage","@id":"https:\/\/www.ledkaraib.com\/index.php\/produit\/presse-etoupe-iso-ip67-contre-ecrou-m16-o-de-cable-4-8mm\/","url":"https:\/\/www.ledkaraib.com\/index.php\/produit\/presse-etoupe-iso-ip67-contre-ecrou-m16-o-de-cable-4-8mm\/","name":"Presse \u00e9toupe ISO IP67 + contre \u00e9crou M16 - \u00d8 de c\u00e2ble 4 -8mm - Planete LED Solution d&#039;Eclairage LED","isPartOf":{"@id":"https:\/\/www.ledkaraib.com\/#website"},"primaryImageOfPage":{"@id":"https:\/\/www.ledkaraib.com\/index.php\/produit\/presse-etoupe-iso-ip67-contre-ecrou-m16-o-de-cable-4-8mm\/#primaryimage"},"image":{"@id":"https:\/\/www.ledkaraib.com\/index.php\/produit\/presse-etoupe-iso-ip67-contre-ecrou-m16-o-de-cable-4-8mm\/#primaryimage"},"thumbnailUrl":"https:\/\/www.ledkaraib.com\/wp-content\/uploads\/2021\/08\/SCGM12GA.jpg","datePublished":"2021-08-29T21:28:08+00:00","dateModified":"2026-03-24T17:49:19+00:00","breadcrumb":{"@id":"https:\/\/www.ledkaraib.com\/index.php\/produit\/presse-etoupe-iso-ip67-contre-ecrou-m16-o-de-cable-4-8mm\/#breadcrumb"},"inLanguage":"fr-FR","potentialAction":[{"@type":"ReadAction","target":["https:\/\/www.ledkaraib.com\/index.php\/produit\/presse-etoupe-iso-ip67-contre-ecrou-m16-o-de-cable-4-8mm\/"]}]},{"@type":"ImageObject","inLanguage":"fr-FR","@id":"https:\/\/www.ledkaraib.com\/index.php\/produit\/presse-etoupe-iso-ip67-contre-ecrou-m16-o-de-cable-4-8mm\/#primaryimage","url":"https:\/\/www.ledkaraib.com\/wp-content\/uploads\/2021\/08\/SCGM12GA.jpg","contentUrl":"https:\/\/www.ledkaraib.com\/wp-content\/uploads\/2021\/08\/SCGM12GA.jpg","width":700,"height":700},{"@type":"BreadcrumbList","@id":"https:\/\/www.ledkaraib.com\/index.php\/produit\/presse-etoupe-iso-ip67-contre-ecrou-m16-o-de-cable-4-8mm\/#breadcrumb","itemListElement":[{"@type":"ListItem","position":1,"name":"Accueil","item":"https:\/\/www.ledkaraib.com\/"},{"@type":"ListItem","position":2,"name":"Shop","item":"https:\/\/www.ledkaraib.com\/index.php\/shop-3\/"},{"@type":"ListItem","position":3,"name":"Presse \u00e9toupe ISO IP67 + contre \u00e9crou M16 &#8211; \u00d8 de c\u00e2ble 4 -8mm"}]},{"@type":"WebSite","@id":"https:\/\/www.ledkaraib.com\/#website","url":"https:\/\/www.ledkaraib.com\/","name":"Planete LED Solution d&#039;Eclairage LED","description":"","potentialAction":[{"@type":"SearchAction","target":{"@type":"EntryPoint","urlTemplate":"https:\/\/www.ledkaraib.com\/?s={search_term_string}"},"query-input":{"@type":"PropertyValueSpecification","valueRequired":true,"valueName":"search_term_string"}}],"inLanguage":"fr-FR"}]}},"jetpack_sharing_enabled":true,"_links":{"self":[{"href":"https:\/\/www.ledkaraib.com\/index.php\/wp-json\/wp\/v2\/product\/27807","targetHints":{"allow":["GET"]}}],"collection":[{"href":"https:\/\/www.ledkaraib.com\/index.php\/wp-json\/wp\/v2\/product"}],"about":[{"href":"https:\/\/www.ledkaraib.com\/index.php\/wp-json\/wp\/v2\/types\/product"}],"version-history":[{"count":1,"href":"https:\/\/www.ledkaraib.com\/index.php\/wp-json\/wp\/v2\/product\/27807\/revisions"}],"predecessor-version":[{"id":47274,"href":"https:\/\/www.ledkaraib.com\/index.php\/wp-json\/wp\/v2\/product\/27807\/revisions\/47274"}],"wp:featuredmedia":[{"embeddable":true,"href":"https:\/\/www.ledkaraib.com\/index.php\/wp-json\/wp\/v2\/media\/27834"}],"wp:attachment":[{"href":"https:\/\/www.ledkaraib.com\/index.php\/wp-json\/wp\/v2\/media?parent=27807"}],"wp:term":[{"taxonomy":"brand","embeddable":true,"href":"https:\/\/www.ledkaraib.com\/index.php\/wp-json\/wp\/v2\/etheme_brands?post=27807"},{"taxonomy":"product_brand","embeddable":true,"href":"https:\/\/www.ledkaraib.com\/index.php\/wp-json\/wp\/v2\/product_brand?post=27807"},{"taxonomy":"product_cat","embeddable":true,"href":"https:\/\/www.ledkaraib.com\/index.php\/wp-json\/wp\/v2\/product_cat?post=27807"},{"taxonomy":"product_tag","embeddable":true,"href":"https:\/\/www.ledkaraib.com\/index.php\/wp-json\/wp\/v2\/product_tag?post=27807"}],"curies":[{"name":"wp","href":"https:\/\/api.w.org\/{rel}","templated":true}]}}