{"id":28260,"date":"2021-08-29T21:33:17","date_gmt":"2021-08-29T21:33:17","guid":{"rendered":"https:\/\/ledkaraib.fr\/?post_type=product&#038;p=28260"},"modified":"2021-08-29T21:33:44","modified_gmt":"2021-08-29T21:33:44","slug":"veli-suspension-plum","status":"publish","type":"product","link":"https:\/\/www.ledkaraib.com\/index.php\/produit\/veli-suspension-plum\/","title":{"rendered":"VELI SUSPENSION &#8211; PLUM"},"content":{"rendered":"<ul id=\"js-list-odd-even\" class=\"no-bullet list-odd-even is-clear\">\n<li>Couleur <strong class=\"right\">Violet<\/strong><\/li>\n<li>Mati\u00e8re <strong class=\"right\">Technopolym\u00e8re<\/strong><\/li>\n<li>Hauter <strong class=\"right\">176 cm<\/strong><\/li>\n<li>Largeur <strong class=\"right\">42 cm<\/strong><\/li>\n<li>Puissance <strong class=\"right\">2X10W<\/strong><\/li>\n<li>Culot <strong class=\"right\">E27<\/strong><\/li>\n<li>IP<strong class=\"right\">20<\/strong><\/li>\n<li>Exp\u00e9dition directe<strong class=\"right\">Exp\u00e9dition directe<\/strong><\/li>\n<li>Classe d&rsquo;isolation<strong class=\"right\">2<\/strong><\/li>\n<li>Voltage <strong class=\"right\">220 V<\/strong><\/li>\n<li>Poids bru t<strong class=\"right\">1,15 kg<\/strong><\/li>\n<li>Nombre d&rsquo;ampoules <strong class=\"right\">2 non comprises<\/strong><\/li>\n<\/ul>\n","protected":false},"excerpt":{"rendered":"<p>Couleur Violet Mati\u00e8re Technopolym\u00e8re Hauter 176 cm Largeur 42 cm Puissance 2X10W Culot E27 IP20 Exp\u00e9dition directeExp\u00e9dition directe Classe d&rsquo;isolation2 Voltage 220 V Poids bru&#8230;<\/p>\n","protected":false},"featured_media":28307,"template":"","meta":{"content-type":""},"etheme_brands":[],"product_brand":[],"product_cat":[364],"product_tag":[],"class_list":{"0":"post-28260","1":"product","2":"type-product","3":"status-publish","4":"has-post-thumbnail","6":"product_cat-suspension","8":"first","9":"instock","10":"taxable","11":"shipping-taxable","12":"purchasable","13":"product-type-simple"},"yoast_head":"<!-- This site is optimized with the Yoast SEO plugin v26.0 - https:\/\/yoast.com\/wordpress\/plugins\/seo\/ -->\n<title>VELI SUSPENSION - PLUM - Planete LED Solution d&#039;Eclairage LED<\/title>\n<meta name=\"robots\" content=\"index, follow, max-snippet:-1, max-image-preview:large, max-video-preview:-1\" \/>\n<link rel=\"canonical\" href=\"https:\/\/www.ledkaraib.com\/index.php\/produit\/veli-suspension-plum\/\" \/>\n<meta property=\"og:locale\" content=\"fr_FR\" \/>\n<meta property=\"og:type\" content=\"article\" \/>\n<meta property=\"og:title\" content=\"VELI SUSPENSION - PLUM - Planete LED Solution d&#039;Eclairage LED\" \/>\n<meta property=\"og:description\" content=\"Couleur Violet Mati\u00e8re Technopolym\u00e8re Hauter 176 cm Largeur 42 cm Puissance 2X10W Culot E27 IP20 Exp\u00e9dition directeExp\u00e9dition directe Classe d&rsquo;isolation2 Voltage 220 V Poids bru...\" \/>\n<meta property=\"og:url\" content=\"https:\/\/www.ledkaraib.com\/index.php\/produit\/veli-suspension-plum\/\" \/>\n<meta property=\"og:site_name\" content=\"Planete LED Solution d&#039;Eclairage LED\" \/>\n<meta property=\"article:modified_time\" content=\"2021-08-29T21:33:44+00:00\" \/>\n<meta property=\"og:image\" content=\"https:\/\/www.ledkaraib.com\/wp-content\/uploads\/2021\/08\/vel78sos0001h-000.jpeg\" \/>\n\t<meta property=\"og:image:width\" content=\"600\" \/>\n\t<meta property=\"og:image:height\" content=\"600\" \/>\n\t<meta property=\"og:image:type\" content=\"image\/jpeg\" \/>\n<meta name=\"twitter:card\" content=\"summary_large_image\" \/>\n<script type=\"application\/ld+json\" class=\"yoast-schema-graph\">{\"@context\":\"https:\/\/schema.org\",\"@graph\":[{\"@type\":\"WebPage\",\"@id\":\"https:\/\/www.ledkaraib.com\/index.php\/produit\/veli-suspension-plum\/\",\"url\":\"https:\/\/www.ledkaraib.com\/index.php\/produit\/veli-suspension-plum\/\",\"name\":\"VELI SUSPENSION - PLUM - Planete LED Solution d&#039;Eclairage LED\",\"isPartOf\":{\"@id\":\"https:\/\/www.ledkaraib.com\/#website\"},\"primaryImageOfPage\":{\"@id\":\"https:\/\/www.ledkaraib.com\/index.php\/produit\/veli-suspension-plum\/#primaryimage\"},\"image\":{\"@id\":\"https:\/\/www.ledkaraib.com\/index.php\/produit\/veli-suspension-plum\/#primaryimage\"},\"thumbnailUrl\":\"https:\/\/www.ledkaraib.com\/wp-content\/uploads\/2021\/08\/vel78sos0001h-000.jpeg\",\"datePublished\":\"2021-08-29T21:33:17+00:00\",\"dateModified\":\"2021-08-29T21:33:44+00:00\",\"breadcrumb\":{\"@id\":\"https:\/\/www.ledkaraib.com\/index.php\/produit\/veli-suspension-plum\/#breadcrumb\"},\"inLanguage\":\"fr-FR\",\"potentialAction\":[{\"@type\":\"ReadAction\",\"target\":[\"https:\/\/www.ledkaraib.com\/index.php\/produit\/veli-suspension-plum\/\"]}]},{\"@type\":\"ImageObject\",\"inLanguage\":\"fr-FR\",\"@id\":\"https:\/\/www.ledkaraib.com\/index.php\/produit\/veli-suspension-plum\/#primaryimage\",\"url\":\"https:\/\/www.ledkaraib.com\/wp-content\/uploads\/2021\/08\/vel78sos0001h-000.jpeg\",\"contentUrl\":\"https:\/\/www.ledkaraib.com\/wp-content\/uploads\/2021\/08\/vel78sos0001h-000.jpeg\",\"width\":600,\"height\":600},{\"@type\":\"BreadcrumbList\",\"@id\":\"https:\/\/www.ledkaraib.com\/index.php\/produit\/veli-suspension-plum\/#breadcrumb\",\"itemListElement\":[{\"@type\":\"ListItem\",\"position\":1,\"name\":\"Accueil\",\"item\":\"https:\/\/www.ledkaraib.com\/\"},{\"@type\":\"ListItem\",\"position\":2,\"name\":\"Shop\",\"item\":\"https:\/\/www.ledkaraib.com\/index.php\/shop-3\/\"},{\"@type\":\"ListItem\",\"position\":3,\"name\":\"VELI SUSPENSION &#8211; PLUM\"}]},{\"@type\":\"WebSite\",\"@id\":\"https:\/\/www.ledkaraib.com\/#website\",\"url\":\"https:\/\/www.ledkaraib.com\/\",\"name\":\"Planete LED Solution d&#039;Eclairage LED\",\"description\":\"\",\"potentialAction\":[{\"@type\":\"SearchAction\",\"target\":{\"@type\":\"EntryPoint\",\"urlTemplate\":\"https:\/\/www.ledkaraib.com\/?s={search_term_string}\"},\"query-input\":{\"@type\":\"PropertyValueSpecification\",\"valueRequired\":true,\"valueName\":\"search_term_string\"}}],\"inLanguage\":\"fr-FR\"}]}<\/script>\n<!-- \/ Yoast SEO plugin. -->","yoast_head_json":{"title":"VELI SUSPENSION - PLUM - Planete LED Solution d&#039;Eclairage LED","robots":{"index":"index","follow":"follow","max-snippet":"max-snippet:-1","max-image-preview":"max-image-preview:large","max-video-preview":"max-video-preview:-1"},"canonical":"https:\/\/www.ledkaraib.com\/index.php\/produit\/veli-suspension-plum\/","og_locale":"fr_FR","og_type":"article","og_title":"VELI SUSPENSION - PLUM - Planete LED Solution d&#039;Eclairage LED","og_description":"Couleur Violet Mati\u00e8re Technopolym\u00e8re Hauter 176 cm Largeur 42 cm Puissance 2X10W Culot E27 IP20 Exp\u00e9dition directeExp\u00e9dition directe Classe d&rsquo;isolation2 Voltage 220 V Poids bru...","og_url":"https:\/\/www.ledkaraib.com\/index.php\/produit\/veli-suspension-plum\/","og_site_name":"Planete LED Solution d&#039;Eclairage LED","article_modified_time":"2021-08-29T21:33:44+00:00","og_image":[{"width":600,"height":600,"url":"https:\/\/www.ledkaraib.com\/wp-content\/uploads\/2021\/08\/vel78sos0001h-000.jpeg","type":"image\/jpeg"}],"twitter_card":"summary_large_image","schema":{"@context":"https:\/\/schema.org","@graph":[{"@type":"WebPage","@id":"https:\/\/www.ledkaraib.com\/index.php\/produit\/veli-suspension-plum\/","url":"https:\/\/www.ledkaraib.com\/index.php\/produit\/veli-suspension-plum\/","name":"VELI SUSPENSION - PLUM - Planete LED Solution d&#039;Eclairage LED","isPartOf":{"@id":"https:\/\/www.ledkaraib.com\/#website"},"primaryImageOfPage":{"@id":"https:\/\/www.ledkaraib.com\/index.php\/produit\/veli-suspension-plum\/#primaryimage"},"image":{"@id":"https:\/\/www.ledkaraib.com\/index.php\/produit\/veli-suspension-plum\/#primaryimage"},"thumbnailUrl":"https:\/\/www.ledkaraib.com\/wp-content\/uploads\/2021\/08\/vel78sos0001h-000.jpeg","datePublished":"2021-08-29T21:33:17+00:00","dateModified":"2021-08-29T21:33:44+00:00","breadcrumb":{"@id":"https:\/\/www.ledkaraib.com\/index.php\/produit\/veli-suspension-plum\/#breadcrumb"},"inLanguage":"fr-FR","potentialAction":[{"@type":"ReadAction","target":["https:\/\/www.ledkaraib.com\/index.php\/produit\/veli-suspension-plum\/"]}]},{"@type":"ImageObject","inLanguage":"fr-FR","@id":"https:\/\/www.ledkaraib.com\/index.php\/produit\/veli-suspension-plum\/#primaryimage","url":"https:\/\/www.ledkaraib.com\/wp-content\/uploads\/2021\/08\/vel78sos0001h-000.jpeg","contentUrl":"https:\/\/www.ledkaraib.com\/wp-content\/uploads\/2021\/08\/vel78sos0001h-000.jpeg","width":600,"height":600},{"@type":"BreadcrumbList","@id":"https:\/\/www.ledkaraib.com\/index.php\/produit\/veli-suspension-plum\/#breadcrumb","itemListElement":[{"@type":"ListItem","position":1,"name":"Accueil","item":"https:\/\/www.ledkaraib.com\/"},{"@type":"ListItem","position":2,"name":"Shop","item":"https:\/\/www.ledkaraib.com\/index.php\/shop-3\/"},{"@type":"ListItem","position":3,"name":"VELI SUSPENSION &#8211; PLUM"}]},{"@type":"WebSite","@id":"https:\/\/www.ledkaraib.com\/#website","url":"https:\/\/www.ledkaraib.com\/","name":"Planete LED Solution d&#039;Eclairage LED","description":"","potentialAction":[{"@type":"SearchAction","target":{"@type":"EntryPoint","urlTemplate":"https:\/\/www.ledkaraib.com\/?s={search_term_string}"},"query-input":{"@type":"PropertyValueSpecification","valueRequired":true,"valueName":"search_term_string"}}],"inLanguage":"fr-FR"}]}},"jetpack_sharing_enabled":true,"_links":{"self":[{"href":"https:\/\/www.ledkaraib.com\/index.php\/wp-json\/wp\/v2\/product\/28260","targetHints":{"allow":["GET"]}}],"collection":[{"href":"https:\/\/www.ledkaraib.com\/index.php\/wp-json\/wp\/v2\/product"}],"about":[{"href":"https:\/\/www.ledkaraib.com\/index.php\/wp-json\/wp\/v2\/types\/product"}],"version-history":[{"count":0,"href":"https:\/\/www.ledkaraib.com\/index.php\/wp-json\/wp\/v2\/product\/28260\/revisions"}],"wp:featuredmedia":[{"embeddable":true,"href":"https:\/\/www.ledkaraib.com\/index.php\/wp-json\/wp\/v2\/media\/28307"}],"wp:attachment":[{"href":"https:\/\/www.ledkaraib.com\/index.php\/wp-json\/wp\/v2\/media?parent=28260"}],"wp:term":[{"taxonomy":"brand","embeddable":true,"href":"https:\/\/www.ledkaraib.com\/index.php\/wp-json\/wp\/v2\/etheme_brands?post=28260"},{"taxonomy":"product_brand","embeddable":true,"href":"https:\/\/www.ledkaraib.com\/index.php\/wp-json\/wp\/v2\/product_brand?post=28260"},{"taxonomy":"product_cat","embeddable":true,"href":"https:\/\/www.ledkaraib.com\/index.php\/wp-json\/wp\/v2\/product_cat?post=28260"},{"taxonomy":"product_tag","embeddable":true,"href":"https:\/\/www.ledkaraib.com\/index.php\/wp-json\/wp\/v2\/product_tag?post=28260"}],"curies":[{"name":"wp","href":"https:\/\/api.w.org\/{rel}","templated":true}]}}