{"id":28437,"date":"2021-08-29T21:34:59","date_gmt":"2021-08-29T21:34:59","guid":{"rendered":"https:\/\/ledkaraib.fr\/?post_type=product&#038;p=28437"},"modified":"2023-09-13T16:00:30","modified_gmt":"2023-09-13T20:00:30","slug":"telecommande-radiofrequence-rgb-cct-8-zones-mi-light-miboxer-6__trashed","status":"publish","type":"product","link":"https:\/\/www.ledkaraib.com\/index.php\/produit\/telecommande-radiofrequence-rgb-cct-8-zones-mi-light-miboxer-6__trashed\/","title":{"rendered":"T\u00c9L\u00c9COMMANDE RADIOFR\u00c9QUENCE RGB\/CCT 8 ZONES &#8211; MI-LIGHT &#8211; MIBOXER"},"content":{"rendered":"","protected":false},"excerpt":{"rendered":"","protected":false},"featured_media":28468,"template":"","meta":{"content-type":""},"etheme_brands":[],"product_brand":[],"product_cat":[560],"product_tag":[],"class_list":{"0":"post-28437","1":"product","2":"type-product","3":"status-publish","4":"has-post-thumbnail","6":"product_cat-telecommande-rf-miboxer","8":"first","9":"instock","10":"taxable","11":"shipping-taxable","12":"purchasable","13":"product-type-simple"},"yoast_head":"<!-- This site is optimized with the Yoast SEO plugin v26.0 - https:\/\/yoast.com\/wordpress\/plugins\/seo\/ -->\n<title>T\u00c9L\u00c9COMMANDE RADIOFR\u00c9QUENCE RGB\/CCT 8 ZONES - MI-LIGHT - MIBOXER - Planete LED Solution d&#039;Eclairage LED<\/title>\n<meta name=\"robots\" content=\"index, follow, max-snippet:-1, max-image-preview:large, max-video-preview:-1\" \/>\n<link rel=\"canonical\" href=\"https:\/\/www.ledkaraib.com\/index.php\/produit\/telecommande-radiofrequence-rgb-cct-8-zones-mi-light-miboxer-6__trashed\/\" \/>\n<meta property=\"og:locale\" content=\"fr_FR\" \/>\n<meta property=\"og:type\" content=\"article\" \/>\n<meta property=\"og:title\" content=\"T\u00c9L\u00c9COMMANDE RADIOFR\u00c9QUENCE RGB\/CCT 8 ZONES - MI-LIGHT - MIBOXER - Planete LED Solution d&#039;Eclairage LED\" \/>\n<meta property=\"og:url\" content=\"https:\/\/www.ledkaraib.com\/index.php\/produit\/telecommande-radiofrequence-rgb-cct-8-zones-mi-light-miboxer-6__trashed\/\" \/>\n<meta property=\"og:site_name\" content=\"Planete LED Solution d&#039;Eclairage LED\" \/>\n<meta property=\"article:modified_time\" content=\"2023-09-13T20:00:30+00:00\" \/>\n<meta property=\"og:image\" content=\"https:\/\/www.ledkaraib.com\/wp-content\/uploads\/2021\/08\/fut088.jpg\" \/>\n\t<meta property=\"og:image:width\" content=\"381\" \/>\n\t<meta property=\"og:image:height\" content=\"492\" \/>\n\t<meta property=\"og:image:type\" content=\"image\/jpeg\" \/>\n<meta name=\"twitter:card\" content=\"summary_large_image\" \/>\n<script type=\"application\/ld+json\" class=\"yoast-schema-graph\">{\"@context\":\"https:\/\/schema.org\",\"@graph\":[{\"@type\":\"WebPage\",\"@id\":\"https:\/\/www.ledkaraib.com\/index.php\/produit\/telecommande-radiofrequence-rgb-cct-8-zones-mi-light-miboxer-6__trashed\/\",\"url\":\"https:\/\/www.ledkaraib.com\/index.php\/produit\/telecommande-radiofrequence-rgb-cct-8-zones-mi-light-miboxer-6__trashed\/\",\"name\":\"T\u00c9L\u00c9COMMANDE RADIOFR\u00c9QUENCE RGB\/CCT 8 ZONES - MI-LIGHT - MIBOXER - Planete LED Solution d&#039;Eclairage LED\",\"isPartOf\":{\"@id\":\"https:\/\/www.ledkaraib.com\/#website\"},\"primaryImageOfPage\":{\"@id\":\"https:\/\/www.ledkaraib.com\/index.php\/produit\/telecommande-radiofrequence-rgb-cct-8-zones-mi-light-miboxer-6__trashed\/#primaryimage\"},\"image\":{\"@id\":\"https:\/\/www.ledkaraib.com\/index.php\/produit\/telecommande-radiofrequence-rgb-cct-8-zones-mi-light-miboxer-6__trashed\/#primaryimage\"},\"thumbnailUrl\":\"https:\/\/www.ledkaraib.com\/wp-content\/uploads\/2021\/08\/fut088.jpg\",\"datePublished\":\"2021-08-29T21:34:59+00:00\",\"dateModified\":\"2023-09-13T20:00:30+00:00\",\"breadcrumb\":{\"@id\":\"https:\/\/www.ledkaraib.com\/index.php\/produit\/telecommande-radiofrequence-rgb-cct-8-zones-mi-light-miboxer-6__trashed\/#breadcrumb\"},\"inLanguage\":\"fr-FR\",\"potentialAction\":[{\"@type\":\"ReadAction\",\"target\":[\"https:\/\/www.ledkaraib.com\/index.php\/produit\/telecommande-radiofrequence-rgb-cct-8-zones-mi-light-miboxer-6__trashed\/\"]}]},{\"@type\":\"ImageObject\",\"inLanguage\":\"fr-FR\",\"@id\":\"https:\/\/www.ledkaraib.com\/index.php\/produit\/telecommande-radiofrequence-rgb-cct-8-zones-mi-light-miboxer-6__trashed\/#primaryimage\",\"url\":\"https:\/\/www.ledkaraib.com\/wp-content\/uploads\/2021\/08\/fut088.jpg\",\"contentUrl\":\"https:\/\/www.ledkaraib.com\/wp-content\/uploads\/2021\/08\/fut088.jpg\",\"width\":381,\"height\":492},{\"@type\":\"BreadcrumbList\",\"@id\":\"https:\/\/www.ledkaraib.com\/index.php\/produit\/telecommande-radiofrequence-rgb-cct-8-zones-mi-light-miboxer-6__trashed\/#breadcrumb\",\"itemListElement\":[{\"@type\":\"ListItem\",\"position\":1,\"name\":\"Accueil\",\"item\":\"https:\/\/www.ledkaraib.com\/\"},{\"@type\":\"ListItem\",\"position\":2,\"name\":\"Shop\",\"item\":\"https:\/\/www.ledkaraib.com\/index.php\/shop-3\/\"},{\"@type\":\"ListItem\",\"position\":3,\"name\":\"T\u00c9L\u00c9COMMANDE RADIOFR\u00c9QUENCE RGB\/CCT 8 ZONES &#8211; MI-LIGHT &#8211; MIBOXER\"}]},{\"@type\":\"WebSite\",\"@id\":\"https:\/\/www.ledkaraib.com\/#website\",\"url\":\"https:\/\/www.ledkaraib.com\/\",\"name\":\"Planete LED Solution d&#039;Eclairage LED\",\"description\":\"\",\"potentialAction\":[{\"@type\":\"SearchAction\",\"target\":{\"@type\":\"EntryPoint\",\"urlTemplate\":\"https:\/\/www.ledkaraib.com\/?s={search_term_string}\"},\"query-input\":{\"@type\":\"PropertyValueSpecification\",\"valueRequired\":true,\"valueName\":\"search_term_string\"}}],\"inLanguage\":\"fr-FR\"}]}<\/script>\n<!-- \/ Yoast SEO plugin. -->","yoast_head_json":{"title":"T\u00c9L\u00c9COMMANDE RADIOFR\u00c9QUENCE RGB\/CCT 8 ZONES - MI-LIGHT - MIBOXER - Planete LED Solution d&#039;Eclairage LED","robots":{"index":"index","follow":"follow","max-snippet":"max-snippet:-1","max-image-preview":"max-image-preview:large","max-video-preview":"max-video-preview:-1"},"canonical":"https:\/\/www.ledkaraib.com\/index.php\/produit\/telecommande-radiofrequence-rgb-cct-8-zones-mi-light-miboxer-6__trashed\/","og_locale":"fr_FR","og_type":"article","og_title":"T\u00c9L\u00c9COMMANDE RADIOFR\u00c9QUENCE RGB\/CCT 8 ZONES - MI-LIGHT - MIBOXER - Planete LED Solution d&#039;Eclairage LED","og_url":"https:\/\/www.ledkaraib.com\/index.php\/produit\/telecommande-radiofrequence-rgb-cct-8-zones-mi-light-miboxer-6__trashed\/","og_site_name":"Planete LED Solution d&#039;Eclairage LED","article_modified_time":"2023-09-13T20:00:30+00:00","og_image":[{"width":381,"height":492,"url":"https:\/\/www.ledkaraib.com\/wp-content\/uploads\/2021\/08\/fut088.jpg","type":"image\/jpeg"}],"twitter_card":"summary_large_image","schema":{"@context":"https:\/\/schema.org","@graph":[{"@type":"WebPage","@id":"https:\/\/www.ledkaraib.com\/index.php\/produit\/telecommande-radiofrequence-rgb-cct-8-zones-mi-light-miboxer-6__trashed\/","url":"https:\/\/www.ledkaraib.com\/index.php\/produit\/telecommande-radiofrequence-rgb-cct-8-zones-mi-light-miboxer-6__trashed\/","name":"T\u00c9L\u00c9COMMANDE RADIOFR\u00c9QUENCE RGB\/CCT 8 ZONES - MI-LIGHT - MIBOXER - Planete LED Solution d&#039;Eclairage LED","isPartOf":{"@id":"https:\/\/www.ledkaraib.com\/#website"},"primaryImageOfPage":{"@id":"https:\/\/www.ledkaraib.com\/index.php\/produit\/telecommande-radiofrequence-rgb-cct-8-zones-mi-light-miboxer-6__trashed\/#primaryimage"},"image":{"@id":"https:\/\/www.ledkaraib.com\/index.php\/produit\/telecommande-radiofrequence-rgb-cct-8-zones-mi-light-miboxer-6__trashed\/#primaryimage"},"thumbnailUrl":"https:\/\/www.ledkaraib.com\/wp-content\/uploads\/2021\/08\/fut088.jpg","datePublished":"2021-08-29T21:34:59+00:00","dateModified":"2023-09-13T20:00:30+00:00","breadcrumb":{"@id":"https:\/\/www.ledkaraib.com\/index.php\/produit\/telecommande-radiofrequence-rgb-cct-8-zones-mi-light-miboxer-6__trashed\/#breadcrumb"},"inLanguage":"fr-FR","potentialAction":[{"@type":"ReadAction","target":["https:\/\/www.ledkaraib.com\/index.php\/produit\/telecommande-radiofrequence-rgb-cct-8-zones-mi-light-miboxer-6__trashed\/"]}]},{"@type":"ImageObject","inLanguage":"fr-FR","@id":"https:\/\/www.ledkaraib.com\/index.php\/produit\/telecommande-radiofrequence-rgb-cct-8-zones-mi-light-miboxer-6__trashed\/#primaryimage","url":"https:\/\/www.ledkaraib.com\/wp-content\/uploads\/2021\/08\/fut088.jpg","contentUrl":"https:\/\/www.ledkaraib.com\/wp-content\/uploads\/2021\/08\/fut088.jpg","width":381,"height":492},{"@type":"BreadcrumbList","@id":"https:\/\/www.ledkaraib.com\/index.php\/produit\/telecommande-radiofrequence-rgb-cct-8-zones-mi-light-miboxer-6__trashed\/#breadcrumb","itemListElement":[{"@type":"ListItem","position":1,"name":"Accueil","item":"https:\/\/www.ledkaraib.com\/"},{"@type":"ListItem","position":2,"name":"Shop","item":"https:\/\/www.ledkaraib.com\/index.php\/shop-3\/"},{"@type":"ListItem","position":3,"name":"T\u00c9L\u00c9COMMANDE RADIOFR\u00c9QUENCE RGB\/CCT 8 ZONES &#8211; MI-LIGHT &#8211; MIBOXER"}]},{"@type":"WebSite","@id":"https:\/\/www.ledkaraib.com\/#website","url":"https:\/\/www.ledkaraib.com\/","name":"Planete LED Solution d&#039;Eclairage LED","description":"","potentialAction":[{"@type":"SearchAction","target":{"@type":"EntryPoint","urlTemplate":"https:\/\/www.ledkaraib.com\/?s={search_term_string}"},"query-input":{"@type":"PropertyValueSpecification","valueRequired":true,"valueName":"search_term_string"}}],"inLanguage":"fr-FR"}]}},"jetpack_sharing_enabled":true,"_links":{"self":[{"href":"https:\/\/www.ledkaraib.com\/index.php\/wp-json\/wp\/v2\/product\/28437","targetHints":{"allow":["GET"]}}],"collection":[{"href":"https:\/\/www.ledkaraib.com\/index.php\/wp-json\/wp\/v2\/product"}],"about":[{"href":"https:\/\/www.ledkaraib.com\/index.php\/wp-json\/wp\/v2\/types\/product"}],"version-history":[{"count":0,"href":"https:\/\/www.ledkaraib.com\/index.php\/wp-json\/wp\/v2\/product\/28437\/revisions"}],"wp:featuredmedia":[{"embeddable":true,"href":"https:\/\/www.ledkaraib.com\/index.php\/wp-json\/wp\/v2\/media\/28468"}],"wp:attachment":[{"href":"https:\/\/www.ledkaraib.com\/index.php\/wp-json\/wp\/v2\/media?parent=28437"}],"wp:term":[{"taxonomy":"brand","embeddable":true,"href":"https:\/\/www.ledkaraib.com\/index.php\/wp-json\/wp\/v2\/etheme_brands?post=28437"},{"taxonomy":"product_brand","embeddable":true,"href":"https:\/\/www.ledkaraib.com\/index.php\/wp-json\/wp\/v2\/product_brand?post=28437"},{"taxonomy":"product_cat","embeddable":true,"href":"https:\/\/www.ledkaraib.com\/index.php\/wp-json\/wp\/v2\/product_cat?post=28437"},{"taxonomy":"product_tag","embeddable":true,"href":"https:\/\/www.ledkaraib.com\/index.php\/wp-json\/wp\/v2\/product_tag?post=28437"}],"curies":[{"name":"wp","href":"https:\/\/api.w.org\/{rel}","templated":true}]}}