{"id":28662,"date":"2021-08-29T21:37:37","date_gmt":"2021-08-29T21:37:37","guid":{"rendered":"https:\/\/ledkaraib.fr\/?post_type=product&#038;p=28662"},"modified":"2022-01-15T03:22:28","modified_gmt":"2022-01-15T03:22:28","slug":"trust-gxt-540-yula-wired-gamepad","status":"publish","type":"product","link":"https:\/\/www.ledkaraib.com\/produit\/trust-gxt-540-yula-wired-gamepad\/","title":{"rendered":"TRUST GXT 540 Yula Wired Gamepad"},"content":{"rendered":"<ul class=\"product-features-list\">\n<li>C\u00e2ble de 3 m<\/li>\n<li>13 boutons, 2 joysticks et une croix directionnelle<\/li>\n<li>G\u00e2chettes et boutons sensibles \u00e0 la pression (PS3 uniquement)<\/li>\n<li>Rev\u00eatement en caoutchouc pour une prise en main parfaite<\/li>\n<li>Voyants de manette et bouton accueil<\/li>\n<li>S\u00e9lecteur X-Input\/ DirectInput pour une compatibilit\u00e9 avec tous les jeux<\/li>\n<\/ul>\n","protected":false},"excerpt":{"rendered":"<p>C\u00e2ble de 3 m 13 boutons, 2 joysticks et une croix directionnelle G\u00e2chettes et boutons sensibles \u00e0 la pression (PS3 uniquement) Rev\u00eatement en caoutchouc pour une prise en main parfaite Voyants de manette et bouton accueil S\u00e9lecteur X-Input\/ DirectInput pour une compatibilit\u00e9 avec tous les jeux<\/p>\n","protected":false},"featured_media":28690,"template":"","meta":[],"product_brand":[],"product_cat":[512,373],"product_tag":[],"class_list":{"0":"post-28662","1":"product","2":"type-product","3":"status-publish","4":"has-post-thumbnail","6":"product_cat-manette-de-jeu","7":"product_cat-module-domotique","9":"first","10":"instock","11":"taxable","12":"shipping-taxable","13":"purchasable","14":"product-type-simple"},"yoast_head":"<!-- This site is optimized with the Yoast SEO plugin v27.5 - https:\/\/yoast.com\/product\/yoast-seo-wordpress\/ -->\n<title>TRUST GXT 540 Yula Wired Gamepad - Planete LED Solution d&#039;Eclairage LED<\/title>\n<meta name=\"robots\" content=\"index, follow, max-snippet:-1, max-image-preview:large, max-video-preview:-1\" \/>\n<link rel=\"canonical\" href=\"https:\/\/www.ledkaraib.com\/produit\/trust-gxt-540-yula-wired-gamepad\/\" \/>\n<meta property=\"og:locale\" content=\"fr_FR\" \/>\n<meta property=\"og:type\" content=\"article\" \/>\n<meta property=\"og:title\" content=\"TRUST GXT 540 Yula Wired Gamepad - Planete LED Solution d&#039;Eclairage LED\" \/>\n<meta property=\"og:description\" content=\"C\u00e2ble de 3 m 13 boutons, 2 joysticks et une croix directionnelle G\u00e2chettes et boutons sensibles \u00e0 la pression (PS3 uniquement) Rev\u00eatement en caoutchouc pour une prise en main parfaite Voyants de manette et bouton accueil S\u00e9lecteur X-Input\/ DirectInput pour une compatibilit\u00e9 avec tous les jeux\" \/>\n<meta property=\"og:url\" content=\"https:\/\/www.ledkaraib.com\/produit\/trust-gxt-540-yula-wired-gamepad\/\" \/>\n<meta property=\"og:site_name\" content=\"Planete LED Solution d&#039;Eclairage LED\" \/>\n<meta property=\"article:modified_time\" content=\"2022-01-15T03:22:28+00:00\" \/>\n<meta property=\"og:image\" content=\"https:\/\/www.ledkaraib.com\/wp-content\/uploads\/2021\/08\/20712.png\" \/>\n\t<meta property=\"og:image:width\" content=\"723\" \/>\n\t<meta property=\"og:image:height\" content=\"799\" \/>\n\t<meta property=\"og:image:type\" content=\"image\/png\" \/>\n<meta name=\"twitter:card\" content=\"summary_large_image\" \/>\n<script type=\"application\/ld+json\" class=\"yoast-schema-graph\">{\"@context\":\"https:\\\/\\\/schema.org\",\"@graph\":[{\"@type\":\"WebPage\",\"@id\":\"https:\\\/\\\/www.ledkaraib.com\\\/produit\\\/trust-gxt-540-yula-wired-gamepad\\\/\",\"url\":\"https:\\\/\\\/www.ledkaraib.com\\\/produit\\\/trust-gxt-540-yula-wired-gamepad\\\/\",\"name\":\"TRUST GXT 540 Yula Wired Gamepad - Planete LED Solution d&#039;Eclairage LED\",\"isPartOf\":{\"@id\":\"https:\\\/\\\/www.ledkaraib.com\\\/#website\"},\"primaryImageOfPage\":{\"@id\":\"https:\\\/\\\/www.ledkaraib.com\\\/produit\\\/trust-gxt-540-yula-wired-gamepad\\\/#primaryimage\"},\"image\":{\"@id\":\"https:\\\/\\\/www.ledkaraib.com\\\/produit\\\/trust-gxt-540-yula-wired-gamepad\\\/#primaryimage\"},\"thumbnailUrl\":\"https:\\\/\\\/www.ledkaraib.com\\\/wp-content\\\/uploads\\\/2021\\\/08\\\/20712.png\",\"datePublished\":\"2021-08-29T21:37:37+00:00\",\"dateModified\":\"2022-01-15T03:22:28+00:00\",\"breadcrumb\":{\"@id\":\"https:\\\/\\\/www.ledkaraib.com\\\/produit\\\/trust-gxt-540-yula-wired-gamepad\\\/#breadcrumb\"},\"inLanguage\":\"fr-FR\",\"potentialAction\":[{\"@type\":\"ReadAction\",\"target\":[\"https:\\\/\\\/www.ledkaraib.com\\\/produit\\\/trust-gxt-540-yula-wired-gamepad\\\/\"]}]},{\"@type\":\"ImageObject\",\"inLanguage\":\"fr-FR\",\"@id\":\"https:\\\/\\\/www.ledkaraib.com\\\/produit\\\/trust-gxt-540-yula-wired-gamepad\\\/#primaryimage\",\"url\":\"https:\\\/\\\/www.ledkaraib.com\\\/wp-content\\\/uploads\\\/2021\\\/08\\\/20712.png\",\"contentUrl\":\"https:\\\/\\\/www.ledkaraib.com\\\/wp-content\\\/uploads\\\/2021\\\/08\\\/20712.png\",\"width\":723,\"height\":799},{\"@type\":\"BreadcrumbList\",\"@id\":\"https:\\\/\\\/www.ledkaraib.com\\\/produit\\\/trust-gxt-540-yula-wired-gamepad\\\/#breadcrumb\",\"itemListElement\":[{\"@type\":\"ListItem\",\"position\":1,\"name\":\"Accueil\",\"item\":\"https:\\\/\\\/www.ledkaraib.com\\\/\"},{\"@type\":\"ListItem\",\"position\":2,\"name\":\"Shop\",\"item\":\"https:\\\/\\\/www.ledkaraib.com\\\/index.php\\\/shop-3\\\/\"},{\"@type\":\"ListItem\",\"position\":3,\"name\":\"TRUST GXT 540 Yula Wired Gamepad\"}]},{\"@type\":\"WebSite\",\"@id\":\"https:\\\/\\\/www.ledkaraib.com\\\/#website\",\"url\":\"https:\\\/\\\/www.ledkaraib.com\\\/\",\"name\":\"Planete LED Solution d&#039;Eclairage LED\",\"description\":\"\",\"publisher\":{\"@id\":\"https:\\\/\\\/www.ledkaraib.com\\\/#organization\"},\"potentialAction\":[{\"@type\":\"SearchAction\",\"target\":{\"@type\":\"EntryPoint\",\"urlTemplate\":\"https:\\\/\\\/www.ledkaraib.com\\\/?s={search_term_string}\"},\"query-input\":{\"@type\":\"PropertyValueSpecification\",\"valueRequired\":true,\"valueName\":\"search_term_string\"}}],\"inLanguage\":\"fr-FR\"},{\"@type\":\"Organization\",\"@id\":\"https:\\\/\\\/www.ledkaraib.com\\\/#organization\",\"name\":\"Planete LED Solution d&#039;Eclairage LED\",\"url\":\"https:\\\/\\\/www.ledkaraib.com\\\/\",\"logo\":{\"@type\":\"ImageObject\",\"inLanguage\":\"fr-FR\",\"@id\":\"https:\\\/\\\/www.ledkaraib.com\\\/#\\\/schema\\\/logo\\\/image\\\/\",\"url\":\"https:\\\/\\\/www.ledkaraib.com\\\/wp-content\\\/uploads\\\/2021\\\/10\\\/cropped-LOGO-1.png\",\"contentUrl\":\"https:\\\/\\\/www.ledkaraib.com\\\/wp-content\\\/uploads\\\/2021\\\/10\\\/cropped-LOGO-1.png\",\"width\":900,\"height\":153,\"caption\":\"Planete LED Solution d&#039;Eclairage LED\"},\"image\":{\"@id\":\"https:\\\/\\\/www.ledkaraib.com\\\/#\\\/schema\\\/logo\\\/image\\\/\"}}]}<\/script>\n<!-- \/ Yoast SEO plugin. -->","yoast_head_json":{"title":"TRUST GXT 540 Yula Wired Gamepad - Planete LED Solution d&#039;Eclairage LED","robots":{"index":"index","follow":"follow","max-snippet":"max-snippet:-1","max-image-preview":"max-image-preview:large","max-video-preview":"max-video-preview:-1"},"canonical":"https:\/\/www.ledkaraib.com\/produit\/trust-gxt-540-yula-wired-gamepad\/","og_locale":"fr_FR","og_type":"article","og_title":"TRUST GXT 540 Yula Wired Gamepad - Planete LED Solution d&#039;Eclairage LED","og_description":"C\u00e2ble de 3 m 13 boutons, 2 joysticks et une croix directionnelle G\u00e2chettes et boutons sensibles \u00e0 la pression (PS3 uniquement) Rev\u00eatement en caoutchouc pour une prise en main parfaite Voyants de manette et bouton accueil S\u00e9lecteur X-Input\/ DirectInput pour une compatibilit\u00e9 avec tous les jeux","og_url":"https:\/\/www.ledkaraib.com\/produit\/trust-gxt-540-yula-wired-gamepad\/","og_site_name":"Planete LED Solution d&#039;Eclairage LED","article_modified_time":"2022-01-15T03:22:28+00:00","og_image":[{"width":723,"height":799,"url":"https:\/\/www.ledkaraib.com\/wp-content\/uploads\/2021\/08\/20712.png","type":"image\/png"}],"twitter_card":"summary_large_image","schema":{"@context":"https:\/\/schema.org","@graph":[{"@type":"WebPage","@id":"https:\/\/www.ledkaraib.com\/produit\/trust-gxt-540-yula-wired-gamepad\/","url":"https:\/\/www.ledkaraib.com\/produit\/trust-gxt-540-yula-wired-gamepad\/","name":"TRUST GXT 540 Yula Wired Gamepad - Planete LED Solution d&#039;Eclairage LED","isPartOf":{"@id":"https:\/\/www.ledkaraib.com\/#website"},"primaryImageOfPage":{"@id":"https:\/\/www.ledkaraib.com\/produit\/trust-gxt-540-yula-wired-gamepad\/#primaryimage"},"image":{"@id":"https:\/\/www.ledkaraib.com\/produit\/trust-gxt-540-yula-wired-gamepad\/#primaryimage"},"thumbnailUrl":"https:\/\/www.ledkaraib.com\/wp-content\/uploads\/2021\/08\/20712.png","datePublished":"2021-08-29T21:37:37+00:00","dateModified":"2022-01-15T03:22:28+00:00","breadcrumb":{"@id":"https:\/\/www.ledkaraib.com\/produit\/trust-gxt-540-yula-wired-gamepad\/#breadcrumb"},"inLanguage":"fr-FR","potentialAction":[{"@type":"ReadAction","target":["https:\/\/www.ledkaraib.com\/produit\/trust-gxt-540-yula-wired-gamepad\/"]}]},{"@type":"ImageObject","inLanguage":"fr-FR","@id":"https:\/\/www.ledkaraib.com\/produit\/trust-gxt-540-yula-wired-gamepad\/#primaryimage","url":"https:\/\/www.ledkaraib.com\/wp-content\/uploads\/2021\/08\/20712.png","contentUrl":"https:\/\/www.ledkaraib.com\/wp-content\/uploads\/2021\/08\/20712.png","width":723,"height":799},{"@type":"BreadcrumbList","@id":"https:\/\/www.ledkaraib.com\/produit\/trust-gxt-540-yula-wired-gamepad\/#breadcrumb","itemListElement":[{"@type":"ListItem","position":1,"name":"Accueil","item":"https:\/\/www.ledkaraib.com\/"},{"@type":"ListItem","position":2,"name":"Shop","item":"https:\/\/www.ledkaraib.com\/index.php\/shop-3\/"},{"@type":"ListItem","position":3,"name":"TRUST GXT 540 Yula Wired Gamepad"}]},{"@type":"WebSite","@id":"https:\/\/www.ledkaraib.com\/#website","url":"https:\/\/www.ledkaraib.com\/","name":"Planete LED Solution d&#039;Eclairage LED","description":"","publisher":{"@id":"https:\/\/www.ledkaraib.com\/#organization"},"potentialAction":[{"@type":"SearchAction","target":{"@type":"EntryPoint","urlTemplate":"https:\/\/www.ledkaraib.com\/?s={search_term_string}"},"query-input":{"@type":"PropertyValueSpecification","valueRequired":true,"valueName":"search_term_string"}}],"inLanguage":"fr-FR"},{"@type":"Organization","@id":"https:\/\/www.ledkaraib.com\/#organization","name":"Planete LED Solution d&#039;Eclairage LED","url":"https:\/\/www.ledkaraib.com\/","logo":{"@type":"ImageObject","inLanguage":"fr-FR","@id":"https:\/\/www.ledkaraib.com\/#\/schema\/logo\/image\/","url":"https:\/\/www.ledkaraib.com\/wp-content\/uploads\/2021\/10\/cropped-LOGO-1.png","contentUrl":"https:\/\/www.ledkaraib.com\/wp-content\/uploads\/2021\/10\/cropped-LOGO-1.png","width":900,"height":153,"caption":"Planete LED Solution d&#039;Eclairage LED"},"image":{"@id":"https:\/\/www.ledkaraib.com\/#\/schema\/logo\/image\/"}}]}},"jetpack_sharing_enabled":true,"_links":{"self":[{"href":"https:\/\/www.ledkaraib.com\/wp-json\/wp\/v2\/product\/28662","targetHints":{"allow":["GET"]}}],"collection":[{"href":"https:\/\/www.ledkaraib.com\/wp-json\/wp\/v2\/product"}],"about":[{"href":"https:\/\/www.ledkaraib.com\/wp-json\/wp\/v2\/types\/product"}],"version-history":[{"count":0,"href":"https:\/\/www.ledkaraib.com\/wp-json\/wp\/v2\/product\/28662\/revisions"}],"wp:featuredmedia":[{"embeddable":true,"href":"https:\/\/www.ledkaraib.com\/wp-json\/wp\/v2\/media\/28690"}],"wp:attachment":[{"href":"https:\/\/www.ledkaraib.com\/wp-json\/wp\/v2\/media?parent=28662"}],"wp:term":[{"taxonomy":"product_brand","embeddable":true,"href":"https:\/\/www.ledkaraib.com\/wp-json\/wp\/v2\/product_brand?post=28662"},{"taxonomy":"product_cat","embeddable":true,"href":"https:\/\/www.ledkaraib.com\/wp-json\/wp\/v2\/product_cat?post=28662"},{"taxonomy":"product_tag","embeddable":true,"href":"https:\/\/www.ledkaraib.com\/wp-json\/wp\/v2\/product_tag?post=28662"}],"curies":[{"name":"wp","href":"https:\/\/api.w.org\/{rel}","templated":true}]}}