{"id":28663,"date":"2021-08-29T21:37:37","date_gmt":"2021-08-29T21:37:37","guid":{"rendered":"https:\/\/ledkaraib.fr\/?post_type=product&#038;p=28663"},"modified":"2022-01-15T03:22:28","modified_gmt":"2022-01-15T03:22:28","slug":"trust-gxt-590-bosi-bluetooth-wireless-gamepad","status":"publish","type":"product","link":"https:\/\/www.ledkaraib.com\/index.php\/produit\/trust-gxt-590-bosi-bluetooth-wireless-gamepad\/","title":{"rendered":"TRUST GXT 590 Bosi Bluetooth Wireless Gamepad"},"content":{"rendered":"<ul class=\"product-features-list\">\n<li>13\u00a0boutons r\u00e9actifs<\/li>\n<li>2 g\u00e2chettes sensibles \u00e0 la pression<\/li>\n<li>2 manettes analogiques et croix directionnelle<\/li>\n<li>Support repliable pour smartphone<\/li>\n<li>Batterie rechargeable int\u00e9gr\u00e9e permettant jusqu&rsquo;\u00e0 30\u00a0heures d&rsquo;\u00e9coute<\/li>\n<li>G\u00e9n\u00e9ration de vibrations<\/li>\n<li>Mode d&rsquo;entr\u00e9e X-Input et Direct Input pour une compatibilit\u00e9 avec tous les jeux<\/li>\n<\/ul>\n","protected":false},"excerpt":{"rendered":"<p>13\u00a0boutons r\u00e9actifs 2 g\u00e2chettes sensibles \u00e0 la pression 2 manettes analogiques et croix directionnelle Support repliable pour smartphone Batterie rechargeable int\u00e9gr\u00e9e permettant jusqu&rsquo;\u00e0 30\u00a0heures d&rsquo;\u00e9coute&#8230;<\/p>\n","protected":false},"featured_media":28703,"template":"","meta":{"content-type":""},"etheme_brands":[],"product_brand":[],"product_cat":[512,373],"product_tag":[],"class_list":{"0":"post-28663","1":"product","2":"type-product","3":"status-publish","4":"has-post-thumbnail","6":"product_cat-manette-de-jeu","7":"product_cat-module-domotique","9":"first","10":"instock","11":"taxable","12":"shipping-taxable","13":"purchasable","14":"product-type-simple"},"yoast_head":"<!-- This site is optimized with the Yoast SEO plugin v26.0 - https:\/\/yoast.com\/wordpress\/plugins\/seo\/ -->\n<title>TRUST GXT 590 Bosi Bluetooth Wireless Gamepad - Planete LED Solution d&#039;Eclairage LED<\/title>\n<meta name=\"robots\" content=\"index, follow, max-snippet:-1, max-image-preview:large, max-video-preview:-1\" \/>\n<link rel=\"canonical\" href=\"https:\/\/www.ledkaraib.com\/index.php\/produit\/trust-gxt-590-bosi-bluetooth-wireless-gamepad\/\" \/>\n<meta property=\"og:locale\" content=\"fr_FR\" \/>\n<meta property=\"og:type\" content=\"article\" \/>\n<meta property=\"og:title\" content=\"TRUST GXT 590 Bosi Bluetooth Wireless Gamepad - Planete LED Solution d&#039;Eclairage LED\" \/>\n<meta property=\"og:description\" content=\"13\u00a0boutons r\u00e9actifs 2 g\u00e2chettes sensibles \u00e0 la pression 2 manettes analogiques et croix directionnelle Support repliable pour smartphone Batterie rechargeable int\u00e9gr\u00e9e permettant jusqu&rsquo;\u00e0 30\u00a0heures d&rsquo;\u00e9coute...\" \/>\n<meta property=\"og:url\" content=\"https:\/\/www.ledkaraib.com\/index.php\/produit\/trust-gxt-590-bosi-bluetooth-wireless-gamepad\/\" \/>\n<meta property=\"og:site_name\" content=\"Planete LED Solution d&#039;Eclairage LED\" \/>\n<meta property=\"article:modified_time\" content=\"2022-01-15T03:22:28+00:00\" \/>\n<meta property=\"og:image\" content=\"https:\/\/www.ledkaraib.com\/wp-content\/uploads\/2021\/08\/22258.png\" \/>\n\t<meta property=\"og:image:width\" content=\"915\" \/>\n\t<meta property=\"og:image:height\" content=\"800\" \/>\n\t<meta property=\"og:image:type\" content=\"image\/png\" \/>\n<meta name=\"twitter:card\" content=\"summary_large_image\" \/>\n<script type=\"application\/ld+json\" class=\"yoast-schema-graph\">{\"@context\":\"https:\/\/schema.org\",\"@graph\":[{\"@type\":\"WebPage\",\"@id\":\"https:\/\/www.ledkaraib.com\/index.php\/produit\/trust-gxt-590-bosi-bluetooth-wireless-gamepad\/\",\"url\":\"https:\/\/www.ledkaraib.com\/index.php\/produit\/trust-gxt-590-bosi-bluetooth-wireless-gamepad\/\",\"name\":\"TRUST GXT 590 Bosi Bluetooth Wireless Gamepad - Planete LED Solution d&#039;Eclairage LED\",\"isPartOf\":{\"@id\":\"https:\/\/www.ledkaraib.com\/#website\"},\"primaryImageOfPage\":{\"@id\":\"https:\/\/www.ledkaraib.com\/index.php\/produit\/trust-gxt-590-bosi-bluetooth-wireless-gamepad\/#primaryimage\"},\"image\":{\"@id\":\"https:\/\/www.ledkaraib.com\/index.php\/produit\/trust-gxt-590-bosi-bluetooth-wireless-gamepad\/#primaryimage\"},\"thumbnailUrl\":\"https:\/\/www.ledkaraib.com\/wp-content\/uploads\/2021\/08\/22258.png\",\"datePublished\":\"2021-08-29T21:37:37+00:00\",\"dateModified\":\"2022-01-15T03:22:28+00:00\",\"breadcrumb\":{\"@id\":\"https:\/\/www.ledkaraib.com\/index.php\/produit\/trust-gxt-590-bosi-bluetooth-wireless-gamepad\/#breadcrumb\"},\"inLanguage\":\"fr-FR\",\"potentialAction\":[{\"@type\":\"ReadAction\",\"target\":[\"https:\/\/www.ledkaraib.com\/index.php\/produit\/trust-gxt-590-bosi-bluetooth-wireless-gamepad\/\"]}]},{\"@type\":\"ImageObject\",\"inLanguage\":\"fr-FR\",\"@id\":\"https:\/\/www.ledkaraib.com\/index.php\/produit\/trust-gxt-590-bosi-bluetooth-wireless-gamepad\/#primaryimage\",\"url\":\"https:\/\/www.ledkaraib.com\/wp-content\/uploads\/2021\/08\/22258.png\",\"contentUrl\":\"https:\/\/www.ledkaraib.com\/wp-content\/uploads\/2021\/08\/22258.png\",\"width\":915,\"height\":800},{\"@type\":\"BreadcrumbList\",\"@id\":\"https:\/\/www.ledkaraib.com\/index.php\/produit\/trust-gxt-590-bosi-bluetooth-wireless-gamepad\/#breadcrumb\",\"itemListElement\":[{\"@type\":\"ListItem\",\"position\":1,\"name\":\"Accueil\",\"item\":\"https:\/\/www.ledkaraib.com\/\"},{\"@type\":\"ListItem\",\"position\":2,\"name\":\"Shop\",\"item\":\"https:\/\/www.ledkaraib.com\/index.php\/shop-3\/\"},{\"@type\":\"ListItem\",\"position\":3,\"name\":\"TRUST GXT 590 Bosi Bluetooth Wireless Gamepad\"}]},{\"@type\":\"WebSite\",\"@id\":\"https:\/\/www.ledkaraib.com\/#website\",\"url\":\"https:\/\/www.ledkaraib.com\/\",\"name\":\"Planete LED Solution d&#039;Eclairage LED\",\"description\":\"\",\"potentialAction\":[{\"@type\":\"SearchAction\",\"target\":{\"@type\":\"EntryPoint\",\"urlTemplate\":\"https:\/\/www.ledkaraib.com\/?s={search_term_string}\"},\"query-input\":{\"@type\":\"PropertyValueSpecification\",\"valueRequired\":true,\"valueName\":\"search_term_string\"}}],\"inLanguage\":\"fr-FR\"}]}<\/script>\n<!-- \/ Yoast SEO plugin. -->","yoast_head_json":{"title":"TRUST GXT 590 Bosi Bluetooth Wireless Gamepad - Planete LED Solution d&#039;Eclairage LED","robots":{"index":"index","follow":"follow","max-snippet":"max-snippet:-1","max-image-preview":"max-image-preview:large","max-video-preview":"max-video-preview:-1"},"canonical":"https:\/\/www.ledkaraib.com\/index.php\/produit\/trust-gxt-590-bosi-bluetooth-wireless-gamepad\/","og_locale":"fr_FR","og_type":"article","og_title":"TRUST GXT 590 Bosi Bluetooth Wireless Gamepad - Planete LED Solution d&#039;Eclairage LED","og_description":"13\u00a0boutons r\u00e9actifs 2 g\u00e2chettes sensibles \u00e0 la pression 2 manettes analogiques et croix directionnelle Support repliable pour smartphone Batterie rechargeable int\u00e9gr\u00e9e permettant jusqu&rsquo;\u00e0 30\u00a0heures d&rsquo;\u00e9coute...","og_url":"https:\/\/www.ledkaraib.com\/index.php\/produit\/trust-gxt-590-bosi-bluetooth-wireless-gamepad\/","og_site_name":"Planete LED Solution d&#039;Eclairage LED","article_modified_time":"2022-01-15T03:22:28+00:00","og_image":[{"width":915,"height":800,"url":"https:\/\/www.ledkaraib.com\/wp-content\/uploads\/2021\/08\/22258.png","type":"image\/png"}],"twitter_card":"summary_large_image","schema":{"@context":"https:\/\/schema.org","@graph":[{"@type":"WebPage","@id":"https:\/\/www.ledkaraib.com\/index.php\/produit\/trust-gxt-590-bosi-bluetooth-wireless-gamepad\/","url":"https:\/\/www.ledkaraib.com\/index.php\/produit\/trust-gxt-590-bosi-bluetooth-wireless-gamepad\/","name":"TRUST GXT 590 Bosi Bluetooth Wireless Gamepad - Planete LED Solution d&#039;Eclairage LED","isPartOf":{"@id":"https:\/\/www.ledkaraib.com\/#website"},"primaryImageOfPage":{"@id":"https:\/\/www.ledkaraib.com\/index.php\/produit\/trust-gxt-590-bosi-bluetooth-wireless-gamepad\/#primaryimage"},"image":{"@id":"https:\/\/www.ledkaraib.com\/index.php\/produit\/trust-gxt-590-bosi-bluetooth-wireless-gamepad\/#primaryimage"},"thumbnailUrl":"https:\/\/www.ledkaraib.com\/wp-content\/uploads\/2021\/08\/22258.png","datePublished":"2021-08-29T21:37:37+00:00","dateModified":"2022-01-15T03:22:28+00:00","breadcrumb":{"@id":"https:\/\/www.ledkaraib.com\/index.php\/produit\/trust-gxt-590-bosi-bluetooth-wireless-gamepad\/#breadcrumb"},"inLanguage":"fr-FR","potentialAction":[{"@type":"ReadAction","target":["https:\/\/www.ledkaraib.com\/index.php\/produit\/trust-gxt-590-bosi-bluetooth-wireless-gamepad\/"]}]},{"@type":"ImageObject","inLanguage":"fr-FR","@id":"https:\/\/www.ledkaraib.com\/index.php\/produit\/trust-gxt-590-bosi-bluetooth-wireless-gamepad\/#primaryimage","url":"https:\/\/www.ledkaraib.com\/wp-content\/uploads\/2021\/08\/22258.png","contentUrl":"https:\/\/www.ledkaraib.com\/wp-content\/uploads\/2021\/08\/22258.png","width":915,"height":800},{"@type":"BreadcrumbList","@id":"https:\/\/www.ledkaraib.com\/index.php\/produit\/trust-gxt-590-bosi-bluetooth-wireless-gamepad\/#breadcrumb","itemListElement":[{"@type":"ListItem","position":1,"name":"Accueil","item":"https:\/\/www.ledkaraib.com\/"},{"@type":"ListItem","position":2,"name":"Shop","item":"https:\/\/www.ledkaraib.com\/index.php\/shop-3\/"},{"@type":"ListItem","position":3,"name":"TRUST GXT 590 Bosi Bluetooth Wireless Gamepad"}]},{"@type":"WebSite","@id":"https:\/\/www.ledkaraib.com\/#website","url":"https:\/\/www.ledkaraib.com\/","name":"Planete LED Solution d&#039;Eclairage LED","description":"","potentialAction":[{"@type":"SearchAction","target":{"@type":"EntryPoint","urlTemplate":"https:\/\/www.ledkaraib.com\/?s={search_term_string}"},"query-input":{"@type":"PropertyValueSpecification","valueRequired":true,"valueName":"search_term_string"}}],"inLanguage":"fr-FR"}]}},"jetpack_sharing_enabled":true,"_links":{"self":[{"href":"https:\/\/www.ledkaraib.com\/index.php\/wp-json\/wp\/v2\/product\/28663","targetHints":{"allow":["GET"]}}],"collection":[{"href":"https:\/\/www.ledkaraib.com\/index.php\/wp-json\/wp\/v2\/product"}],"about":[{"href":"https:\/\/www.ledkaraib.com\/index.php\/wp-json\/wp\/v2\/types\/product"}],"version-history":[{"count":0,"href":"https:\/\/www.ledkaraib.com\/index.php\/wp-json\/wp\/v2\/product\/28663\/revisions"}],"wp:featuredmedia":[{"embeddable":true,"href":"https:\/\/www.ledkaraib.com\/index.php\/wp-json\/wp\/v2\/media\/28703"}],"wp:attachment":[{"href":"https:\/\/www.ledkaraib.com\/index.php\/wp-json\/wp\/v2\/media?parent=28663"}],"wp:term":[{"taxonomy":"brand","embeddable":true,"href":"https:\/\/www.ledkaraib.com\/index.php\/wp-json\/wp\/v2\/etheme_brands?post=28663"},{"taxonomy":"product_brand","embeddable":true,"href":"https:\/\/www.ledkaraib.com\/index.php\/wp-json\/wp\/v2\/product_brand?post=28663"},{"taxonomy":"product_cat","embeddable":true,"href":"https:\/\/www.ledkaraib.com\/index.php\/wp-json\/wp\/v2\/product_cat?post=28663"},{"taxonomy":"product_tag","embeddable":true,"href":"https:\/\/www.ledkaraib.com\/index.php\/wp-json\/wp\/v2\/product_tag?post=28663"}],"curies":[{"name":"wp","href":"https:\/\/api.w.org\/{rel}","templated":true}]}}