{"id":28904,"date":"2021-08-29T21:39:58","date_gmt":"2021-08-29T21:39:58","guid":{"rendered":"https:\/\/ledkaraib.fr\/?post_type=product&#038;p=28904"},"modified":"2025-12-29T15:05:23","modified_gmt":"2025-12-29T19:05:23","slug":"cable-coaxial-17-vatc-100-ml","status":"publish","type":"product","link":"https:\/\/www.ledkaraib.com\/index.php\/produit\/cable-coaxial-17-vatc-100-ml\/","title":{"rendered":"CABLE COAXIAL 17 VATC 100 ML\/032799"},"content":{"rendered":"<div class=\"m-item-description\">\n<h2 class=\"o-tabs-panel-title\">Le\u00a0<strong>c\u00e2ble coaxial 17VATC 100 m<\/strong>\u00a0\u00e0 faible perte permet de r\u00e9aliser l&rsquo;ensemble du c\u00e2blage de votre installation TV, raccorder une antenne au poste de t\u00e9l\u00e9vision ou radio, tout en pr\u00e9servant la qualit\u00e9 de transmission d&rsquo;un signal num\u00e9rique et terrestre.<\/p>\n<p>Le\u00a0<strong>c\u00e2ble coaxial 17<\/strong><\/h2>\n<div class=\"o-tabs-panel-title\">VATCA 100 m triple blindage est un bobinot de fil \u00e9lectrique sp\u00e9cial et essentiel pour une bonne r\u00e9ception et distribution d&rsquo;un signal terrestre et satellite num\u00e9rique.<\/p>\n<p>Efficacit\u00e9 de blindage &gt;85dB de 5 \u00e0 1000 MHz.<\/p>\n<p>La norme VATCA pour les c\u00e2bles coaxiaux d&rsquo;antenne signifie<br \/>\n-une nouvelle technologie pour leur isolation<br \/>\n-de meilleures performances m\u00e9caniques et \u00e9lectriques<br \/>\nElle garantit une plus longue dur\u00e9e de vie et des valeurs d&rsquo;att\u00e9nuation (perte de signal) stables<\/p><\/div>\n<\/div>\n<div class=\"m-item-description\">\n<h3 class=\"m-item-description-title\">Les + produit<\/h3>\n<div>\n<p>Les avantages de ce produit sont :<br \/>\n&#8211; Triple blindage : Ruban alu + tresse + Ruban alu<br \/>\n&#8211; Ame centrale de diam\u00e8tre 1,1 mm, conducteur en cuivre<br \/>\n&#8211; C\u00e2ble m\u00e9tr\u00e9<br \/>\n&#8211; Qualit\u00e9 professionnelle<\/p>\n<\/div>\n<\/div>\n<div class=\"m-item-description\">\n<h3 class=\"m-item-description-title\">Composition<\/h3>\n<div>\n<p>Aluminium, cuivre, PVC<\/p>\n<\/div>\n<\/div>\n<div class=\"m-item-description\">\n<h3 class=\"m-item-description-title\">Caract\u00e9ristiques principales<\/h3>\n<ul class=\"m-list m-list-vertical\" data-v-3b78393b=\"\">\n<li class=\"m-list-item\" data-v-3b78393b=\"\">\n<div data-v-3b78393b=\"\"><span class=\"a-color-gray\">Cat\u00e9gorie &#8211;\u00a0<\/span>17 VATC<\/div>\n<\/li>\n<li class=\"m-list-item\" data-v-3b78393b=\"\">\n<div data-v-3b78393b=\"\"><span class=\"a-color-gray\">Coloris &#8211;\u00a0<\/span>BLANC<\/div>\n<\/li>\n<li class=\"m-list-item\" data-v-3b78393b=\"\">\n<div data-v-3b78393b=\"\"><span class=\"a-color-gray\">Diam\u00e8tre en mm &#8211;\u00a0<\/span>6.8<\/div>\n<\/li>\n<li class=\"m-list-item\" data-v-3b78393b=\"\">\n<div data-v-3b78393b=\"\"><span class=\"a-color-gray\">Epaisseur de l \u00e2me &#8211;\u00a0<\/span>1.10 mm<\/div>\n<\/li>\n<li class=\"m-list-item\" data-v-3b78393b=\"\">\n<div data-v-3b78393b=\"\"><span class=\"a-color-gray\">Longueur &#8211;\u00a0<\/span>100 m<\/div>\n<\/li>\n<li class=\"m-list-item\" data-v-3b78393b=\"\">\n<div data-v-3b78393b=\"\"><span class=\"a-color-gray\">Autre norme &#8211;\u00a0<\/span>EN 50575:2014+A1:2016<\/div>\n<\/li>\n<\/ul>\n<\/div>\n<div class=\"m-item-description\">\n<h3 class=\"m-item-description-title\">Conditions d&rsquo;utilisation<\/h3>\n<div>\n<p>Afin de r\u00e9aliser votre installation TV ou antenne,<br \/>\nVous devrez pr\u00e9voir les embouts et la longueur n\u00e9cessaire pour relier les \u00e9l\u00e9ments.<\/p>\n<p>Assurez-vous au pr\u00e9alable si vous aurez besoin d&#8217;embouts m\u00e2les ou femelles.<\/p>\n<\/div>\n<\/div>\n","protected":false},"excerpt":{"rendered":"<p>Le\u00a0c\u00e2ble coaxial 17VATC 100 m\u00a0\u00e0 faible perte permet de r\u00e9aliser l&rsquo;ensemble du c\u00e2blage de votre installation TV, raccorder une antenne au poste de t\u00e9l\u00e9vision ou&#8230;<\/p>\n","protected":false},"featured_media":28930,"template":"","meta":{"content-type":""},"etheme_brands":[],"product_brand":[],"product_cat":[327],"product_tag":[],"class_list":{"0":"post-28904","1":"product","2":"type-product","3":"status-publish","4":"has-post-thumbnail","6":"product_cat-fils-cables","8":"first","9":"outofstock","10":"taxable","11":"shipping-taxable","12":"purchasable","13":"product-type-simple"},"yoast_head":"<!-- This site is optimized with the Yoast SEO plugin v26.0 - https:\/\/yoast.com\/wordpress\/plugins\/seo\/ -->\n<title>CABLE COAXIAL 17 VATC 100 ML\/032799 - Planete LED Solution d&#039;Eclairage LED<\/title>\n<meta name=\"robots\" content=\"index, follow, max-snippet:-1, max-image-preview:large, max-video-preview:-1\" \/>\n<link rel=\"canonical\" href=\"https:\/\/www.ledkaraib.com\/index.php\/produit\/cable-coaxial-17-vatc-100-ml\/\" \/>\n<meta property=\"og:locale\" content=\"fr_FR\" \/>\n<meta property=\"og:type\" content=\"article\" \/>\n<meta property=\"og:title\" content=\"CABLE COAXIAL 17 VATC 100 ML\/032799 - Planete LED Solution d&#039;Eclairage LED\" \/>\n<meta property=\"og:description\" content=\"Le\u00a0c\u00e2ble coaxial 17VATC 100 m\u00a0\u00e0 faible perte permet de r\u00e9aliser l&rsquo;ensemble du c\u00e2blage de votre installation TV, raccorder une antenne au poste de t\u00e9l\u00e9vision ou...\" \/>\n<meta property=\"og:url\" content=\"https:\/\/www.ledkaraib.com\/index.php\/produit\/cable-coaxial-17-vatc-100-ml\/\" \/>\n<meta property=\"og:site_name\" content=\"Planete LED Solution d&#039;Eclairage LED\" \/>\n<meta property=\"article:modified_time\" content=\"2025-12-29T19:05:23+00:00\" \/>\n<meta property=\"og:image\" content=\"https:\/\/www.ledkaraib.com\/wp-content\/uploads\/2021\/08\/1273872.jpg\" \/>\n\t<meta property=\"og:image:width\" content=\"400\" \/>\n\t<meta property=\"og:image:height\" content=\"400\" \/>\n\t<meta property=\"og:image:type\" content=\"image\/jpeg\" \/>\n<meta name=\"twitter:card\" content=\"summary_large_image\" \/>\n<meta name=\"twitter:label1\" content=\"Dur\u00e9e de lecture estim\u00e9e\" \/>\n\t<meta name=\"twitter:data1\" content=\"1 minute\" \/>\n<script type=\"application\/ld+json\" class=\"yoast-schema-graph\">{\"@context\":\"https:\/\/schema.org\",\"@graph\":[{\"@type\":\"WebPage\",\"@id\":\"https:\/\/www.ledkaraib.com\/index.php\/produit\/cable-coaxial-17-vatc-100-ml\/\",\"url\":\"https:\/\/www.ledkaraib.com\/index.php\/produit\/cable-coaxial-17-vatc-100-ml\/\",\"name\":\"CABLE COAXIAL 17 VATC 100 ML\/032799 - Planete LED Solution d&#039;Eclairage LED\",\"isPartOf\":{\"@id\":\"https:\/\/www.ledkaraib.com\/#website\"},\"primaryImageOfPage\":{\"@id\":\"https:\/\/www.ledkaraib.com\/index.php\/produit\/cable-coaxial-17-vatc-100-ml\/#primaryimage\"},\"image\":{\"@id\":\"https:\/\/www.ledkaraib.com\/index.php\/produit\/cable-coaxial-17-vatc-100-ml\/#primaryimage\"},\"thumbnailUrl\":\"https:\/\/www.ledkaraib.com\/wp-content\/uploads\/2021\/08\/1273872.jpg\",\"datePublished\":\"2021-08-29T21:39:58+00:00\",\"dateModified\":\"2025-12-29T19:05:23+00:00\",\"breadcrumb\":{\"@id\":\"https:\/\/www.ledkaraib.com\/index.php\/produit\/cable-coaxial-17-vatc-100-ml\/#breadcrumb\"},\"inLanguage\":\"fr-FR\",\"potentialAction\":[{\"@type\":\"ReadAction\",\"target\":[\"https:\/\/www.ledkaraib.com\/index.php\/produit\/cable-coaxial-17-vatc-100-ml\/\"]}]},{\"@type\":\"ImageObject\",\"inLanguage\":\"fr-FR\",\"@id\":\"https:\/\/www.ledkaraib.com\/index.php\/produit\/cable-coaxial-17-vatc-100-ml\/#primaryimage\",\"url\":\"https:\/\/www.ledkaraib.com\/wp-content\/uploads\/2021\/08\/1273872.jpg\",\"contentUrl\":\"https:\/\/www.ledkaraib.com\/wp-content\/uploads\/2021\/08\/1273872.jpg\",\"width\":400,\"height\":400},{\"@type\":\"BreadcrumbList\",\"@id\":\"https:\/\/www.ledkaraib.com\/index.php\/produit\/cable-coaxial-17-vatc-100-ml\/#breadcrumb\",\"itemListElement\":[{\"@type\":\"ListItem\",\"position\":1,\"name\":\"Accueil\",\"item\":\"https:\/\/www.ledkaraib.com\/\"},{\"@type\":\"ListItem\",\"position\":2,\"name\":\"Shop\",\"item\":\"https:\/\/www.ledkaraib.com\/index.php\/shop-3\/\"},{\"@type\":\"ListItem\",\"position\":3,\"name\":\"CABLE COAXIAL 17 VATC 100 ML\/032799\"}]},{\"@type\":\"WebSite\",\"@id\":\"https:\/\/www.ledkaraib.com\/#website\",\"url\":\"https:\/\/www.ledkaraib.com\/\",\"name\":\"Planete LED Solution d&#039;Eclairage LED\",\"description\":\"\",\"potentialAction\":[{\"@type\":\"SearchAction\",\"target\":{\"@type\":\"EntryPoint\",\"urlTemplate\":\"https:\/\/www.ledkaraib.com\/?s={search_term_string}\"},\"query-input\":{\"@type\":\"PropertyValueSpecification\",\"valueRequired\":true,\"valueName\":\"search_term_string\"}}],\"inLanguage\":\"fr-FR\"}]}<\/script>\n<!-- \/ Yoast SEO plugin. -->","yoast_head_json":{"title":"CABLE COAXIAL 17 VATC 100 ML\/032799 - Planete LED Solution d&#039;Eclairage LED","robots":{"index":"index","follow":"follow","max-snippet":"max-snippet:-1","max-image-preview":"max-image-preview:large","max-video-preview":"max-video-preview:-1"},"canonical":"https:\/\/www.ledkaraib.com\/index.php\/produit\/cable-coaxial-17-vatc-100-ml\/","og_locale":"fr_FR","og_type":"article","og_title":"CABLE COAXIAL 17 VATC 100 ML\/032799 - Planete LED Solution d&#039;Eclairage LED","og_description":"Le\u00a0c\u00e2ble coaxial 17VATC 100 m\u00a0\u00e0 faible perte permet de r\u00e9aliser l&rsquo;ensemble du c\u00e2blage de votre installation TV, raccorder une antenne au poste de t\u00e9l\u00e9vision ou...","og_url":"https:\/\/www.ledkaraib.com\/index.php\/produit\/cable-coaxial-17-vatc-100-ml\/","og_site_name":"Planete LED Solution d&#039;Eclairage LED","article_modified_time":"2025-12-29T19:05:23+00:00","og_image":[{"width":400,"height":400,"url":"https:\/\/www.ledkaraib.com\/wp-content\/uploads\/2021\/08\/1273872.jpg","type":"image\/jpeg"}],"twitter_card":"summary_large_image","twitter_misc":{"Dur\u00e9e de lecture estim\u00e9e":"1 minute"},"schema":{"@context":"https:\/\/schema.org","@graph":[{"@type":"WebPage","@id":"https:\/\/www.ledkaraib.com\/index.php\/produit\/cable-coaxial-17-vatc-100-ml\/","url":"https:\/\/www.ledkaraib.com\/index.php\/produit\/cable-coaxial-17-vatc-100-ml\/","name":"CABLE COAXIAL 17 VATC 100 ML\/032799 - Planete LED Solution d&#039;Eclairage LED","isPartOf":{"@id":"https:\/\/www.ledkaraib.com\/#website"},"primaryImageOfPage":{"@id":"https:\/\/www.ledkaraib.com\/index.php\/produit\/cable-coaxial-17-vatc-100-ml\/#primaryimage"},"image":{"@id":"https:\/\/www.ledkaraib.com\/index.php\/produit\/cable-coaxial-17-vatc-100-ml\/#primaryimage"},"thumbnailUrl":"https:\/\/www.ledkaraib.com\/wp-content\/uploads\/2021\/08\/1273872.jpg","datePublished":"2021-08-29T21:39:58+00:00","dateModified":"2025-12-29T19:05:23+00:00","breadcrumb":{"@id":"https:\/\/www.ledkaraib.com\/index.php\/produit\/cable-coaxial-17-vatc-100-ml\/#breadcrumb"},"inLanguage":"fr-FR","potentialAction":[{"@type":"ReadAction","target":["https:\/\/www.ledkaraib.com\/index.php\/produit\/cable-coaxial-17-vatc-100-ml\/"]}]},{"@type":"ImageObject","inLanguage":"fr-FR","@id":"https:\/\/www.ledkaraib.com\/index.php\/produit\/cable-coaxial-17-vatc-100-ml\/#primaryimage","url":"https:\/\/www.ledkaraib.com\/wp-content\/uploads\/2021\/08\/1273872.jpg","contentUrl":"https:\/\/www.ledkaraib.com\/wp-content\/uploads\/2021\/08\/1273872.jpg","width":400,"height":400},{"@type":"BreadcrumbList","@id":"https:\/\/www.ledkaraib.com\/index.php\/produit\/cable-coaxial-17-vatc-100-ml\/#breadcrumb","itemListElement":[{"@type":"ListItem","position":1,"name":"Accueil","item":"https:\/\/www.ledkaraib.com\/"},{"@type":"ListItem","position":2,"name":"Shop","item":"https:\/\/www.ledkaraib.com\/index.php\/shop-3\/"},{"@type":"ListItem","position":3,"name":"CABLE COAXIAL 17 VATC 100 ML\/032799"}]},{"@type":"WebSite","@id":"https:\/\/www.ledkaraib.com\/#website","url":"https:\/\/www.ledkaraib.com\/","name":"Planete LED Solution d&#039;Eclairage LED","description":"","potentialAction":[{"@type":"SearchAction","target":{"@type":"EntryPoint","urlTemplate":"https:\/\/www.ledkaraib.com\/?s={search_term_string}"},"query-input":{"@type":"PropertyValueSpecification","valueRequired":true,"valueName":"search_term_string"}}],"inLanguage":"fr-FR"}]}},"jetpack_sharing_enabled":true,"_links":{"self":[{"href":"https:\/\/www.ledkaraib.com\/index.php\/wp-json\/wp\/v2\/product\/28904","targetHints":{"allow":["GET"]}}],"collection":[{"href":"https:\/\/www.ledkaraib.com\/index.php\/wp-json\/wp\/v2\/product"}],"about":[{"href":"https:\/\/www.ledkaraib.com\/index.php\/wp-json\/wp\/v2\/types\/product"}],"version-history":[{"count":1,"href":"https:\/\/www.ledkaraib.com\/index.php\/wp-json\/wp\/v2\/product\/28904\/revisions"}],"predecessor-version":[{"id":46626,"href":"https:\/\/www.ledkaraib.com\/index.php\/wp-json\/wp\/v2\/product\/28904\/revisions\/46626"}],"wp:featuredmedia":[{"embeddable":true,"href":"https:\/\/www.ledkaraib.com\/index.php\/wp-json\/wp\/v2\/media\/28930"}],"wp:attachment":[{"href":"https:\/\/www.ledkaraib.com\/index.php\/wp-json\/wp\/v2\/media?parent=28904"}],"wp:term":[{"taxonomy":"brand","embeddable":true,"href":"https:\/\/www.ledkaraib.com\/index.php\/wp-json\/wp\/v2\/etheme_brands?post=28904"},{"taxonomy":"product_brand","embeddable":true,"href":"https:\/\/www.ledkaraib.com\/index.php\/wp-json\/wp\/v2\/product_brand?post=28904"},{"taxonomy":"product_cat","embeddable":true,"href":"https:\/\/www.ledkaraib.com\/index.php\/wp-json\/wp\/v2\/product_cat?post=28904"},{"taxonomy":"product_tag","embeddable":true,"href":"https:\/\/www.ledkaraib.com\/index.php\/wp-json\/wp\/v2\/product_tag?post=28904"}],"curies":[{"name":"wp","href":"https:\/\/api.w.org\/{rel}","templated":true}]}}