{"id":28908,"date":"2021-08-29T21:39:59","date_gmt":"2021-08-29T21:39:59","guid":{"rendered":"https:\/\/ledkaraib.fr\/?post_type=product&#038;p=28908"},"modified":"2026-03-17T13:08:05","modified_gmt":"2026-03-17T17:08:05","slug":"fer-a-souder-60w","status":"publish","type":"product","link":"https:\/\/www.ledkaraib.com\/index.php\/produit\/fer-a-souder-60w\/","title":{"rendered":"FER A SOUDER 60W\/035953"},"content":{"rendered":"<div class=\"m-item-description\">\n<h2 class=\"o-tabs-panel-title\">Fer \u00e0 souder particuli\u00e8rement adapt\u00e9 au domaine de l&rsquo;\u00e9lectrotechnique et le travail des t\u00f4les.<\/h2>\n<\/div>\n<div class=\"m-item-description\">\n<h3 class=\"m-item-description-title\">Les + produit<\/h3>\n<div>\n<p>Livr\u00e9 avec pointe cuivre nickel\u00e9e diam\u00e8tre 5.8mm, pointe plate courb\u00e9e, c\u00e2ble de connexion 1,5m et support.<\/p>\n<\/div>\n<\/div>\n<div class=\"m-item-description\">\n<h3 class=\"m-item-description-title\">Caract\u00e9ristiques principales<\/h3>\n<ul class=\"m-list m-list-vertical\" data-v-3b78393b=\"\">\n<li class=\"m-list-item\" data-v-3b78393b=\"\">\n<div data-v-3b78393b=\"\"><span class=\"a-color-gray\">Accessoires fournis ? &#8211;\u00a0<\/span>Pointe cuivre nickel\u00e9e \u00f85.8mm, pointe plate courb\u00e9e, c\u00e2ble de connexion 1,5m et support<\/div>\n<\/li>\n<li class=\"m-list-item\" data-v-3b78393b=\"\">\n<div data-v-3b78393b=\"\"><span class=\"a-color-gray\">Dur\u00e9e de pr\u00e9chauffage &#8211;\u00a0<\/span>120 Seconde(s)<\/div>\n<\/li>\n<li class=\"m-list-item\" data-v-3b78393b=\"\">\n<div data-v-3b78393b=\"\"><span class=\"a-color-gray\">Eclairage int\u00e9gr\u00e9 &#8211;\u00a0<\/span>Non<\/div>\n<\/li>\n<li class=\"m-list-item\" data-v-3b78393b=\"\">\n<div data-v-3b78393b=\"\"><span class=\"a-color-gray\">Puissance &#8211;\u00a0<\/span>60 W<\/div>\n<\/li>\n<li class=\"m-list-item\" data-v-3b78393b=\"\">\n<div data-v-3b78393b=\"\"><span class=\"a-color-gray\">Temp\u00e9rature &#8211;\u00a0<\/span>540.00 \u00b0C<\/div>\n<\/li>\n<li class=\"m-list-item\" data-v-3b78393b=\"\">\n<div data-v-3b78393b=\"\"><span class=\"a-color-gray\">Type de travaux &#8211;\u00a0<\/span>Electrotechnique et travail des t\u00f4les<\/div>\n<\/li>\n<li class=\"m-list-item\" data-v-3b78393b=\"\">\n<div data-v-3b78393b=\"\"><span class=\"a-color-gray\">Variateur &#8211;\u00a0<\/span>Non<\/div>\n<\/li>\n<\/ul>\n<\/div>\n<div class=\"m-item-description\">\n<h3 class=\"m-item-description-title\">Conditions d&rsquo;utilisation<\/h3>\n<div>\n<p>Pour le soudage fils de connexion jusqu&rsquo;\u00e0 2mm\u00b2, oeillets de soudage plus grands, soudage en s\u00e9rie rapproch\u00e9e et t\u00f4les fines jusqu&rsquo;\u00e0 0,5mm maximum.<br \/>\nTemp\u00e9rature : 540\u00b0C.<br \/>\nDur\u00e9e de pr\u00e9chauffage: 2 min.<\/p>\n<\/div>\n<\/div>\n<div class=\"m-item-description\">\n<h3 class=\"m-item-description-title\">Conditions de garantie<\/h3>\n<div>\n<p>Le produit doit \u00eatre utilis\u00e9 conform\u00e9ment \u00e0 l&rsquo;usage pour lequel il a \u00e9t\u00e9 normalement con\u00e7u.<\/p>\n<\/div>\n<\/div>\n<div class=\"m-item-description\"><\/div>\n<div class=\"m-item-description\">\n<div>\n<p>&nbsp;<\/p>\n<\/div>\n<\/div>\n","protected":false},"excerpt":{"rendered":"<p>Fer \u00e0 souder particuli\u00e8rement adapt\u00e9 au domaine de l&rsquo;\u00e9lectrotechnique et le travail des t\u00f4les. Les + produit Livr\u00e9 avec pointe cuivre nickel\u00e9e diam\u00e8tre 5.8mm, pointe&#8230;<\/p>\n","protected":false},"featured_media":28934,"template":"","meta":{"content-type":""},"etheme_brands":[],"product_brand":[],"product_cat":[516],"product_tag":[],"class_list":{"0":"post-28908","1":"product","2":"type-product","3":"status-publish","4":"has-post-thumbnail","6":"product_cat-soudure","8":"first","9":"instock","10":"taxable","11":"shipping-taxable","12":"purchasable","13":"product-type-simple"},"yoast_head":"<!-- This site is optimized with the Yoast SEO plugin v26.0 - https:\/\/yoast.com\/wordpress\/plugins\/seo\/ -->\n<title>FER A SOUDER 60W\/035953 - Planete LED Solution d&#039;Eclairage LED<\/title>\n<meta name=\"robots\" content=\"index, follow, max-snippet:-1, max-image-preview:large, max-video-preview:-1\" \/>\n<link rel=\"canonical\" href=\"https:\/\/www.ledkaraib.com\/index.php\/produit\/fer-a-souder-60w\/\" \/>\n<meta property=\"og:locale\" content=\"fr_FR\" \/>\n<meta property=\"og:type\" content=\"article\" \/>\n<meta property=\"og:title\" content=\"FER A SOUDER 60W\/035953 - Planete LED Solution d&#039;Eclairage LED\" \/>\n<meta property=\"og:description\" content=\"Fer \u00e0 souder particuli\u00e8rement adapt\u00e9 au domaine de l&rsquo;\u00e9lectrotechnique et le travail des t\u00f4les. Les + produit Livr\u00e9 avec pointe cuivre nickel\u00e9e diam\u00e8tre 5.8mm, pointe...\" \/>\n<meta property=\"og:url\" content=\"https:\/\/www.ledkaraib.com\/index.php\/produit\/fer-a-souder-60w\/\" \/>\n<meta property=\"og:site_name\" content=\"Planete LED Solution d&#039;Eclairage LED\" \/>\n<meta property=\"article:modified_time\" content=\"2026-03-17T17:08:05+00:00\" \/>\n<meta property=\"og:image\" content=\"https:\/\/www.ledkaraib.com\/wp-content\/uploads\/2021\/08\/314986.jpg\" \/>\n\t<meta property=\"og:image:width\" content=\"400\" \/>\n\t<meta property=\"og:image:height\" content=\"400\" \/>\n\t<meta property=\"og:image:type\" content=\"image\/jpeg\" \/>\n<meta name=\"twitter:card\" content=\"summary_large_image\" \/>\n<meta name=\"twitter:label1\" content=\"Dur\u00e9e de lecture estim\u00e9e\" \/>\n\t<meta name=\"twitter:data1\" content=\"1 minute\" \/>\n<script type=\"application\/ld+json\" class=\"yoast-schema-graph\">{\"@context\":\"https:\/\/schema.org\",\"@graph\":[{\"@type\":\"WebPage\",\"@id\":\"https:\/\/www.ledkaraib.com\/index.php\/produit\/fer-a-souder-60w\/\",\"url\":\"https:\/\/www.ledkaraib.com\/index.php\/produit\/fer-a-souder-60w\/\",\"name\":\"FER A SOUDER 60W\/035953 - Planete LED Solution d&#039;Eclairage LED\",\"isPartOf\":{\"@id\":\"https:\/\/www.ledkaraib.com\/#website\"},\"primaryImageOfPage\":{\"@id\":\"https:\/\/www.ledkaraib.com\/index.php\/produit\/fer-a-souder-60w\/#primaryimage\"},\"image\":{\"@id\":\"https:\/\/www.ledkaraib.com\/index.php\/produit\/fer-a-souder-60w\/#primaryimage\"},\"thumbnailUrl\":\"https:\/\/www.ledkaraib.com\/wp-content\/uploads\/2021\/08\/314986.jpg\",\"datePublished\":\"2021-08-29T21:39:59+00:00\",\"dateModified\":\"2026-03-17T17:08:05+00:00\",\"breadcrumb\":{\"@id\":\"https:\/\/www.ledkaraib.com\/index.php\/produit\/fer-a-souder-60w\/#breadcrumb\"},\"inLanguage\":\"fr-FR\",\"potentialAction\":[{\"@type\":\"ReadAction\",\"target\":[\"https:\/\/www.ledkaraib.com\/index.php\/produit\/fer-a-souder-60w\/\"]}]},{\"@type\":\"ImageObject\",\"inLanguage\":\"fr-FR\",\"@id\":\"https:\/\/www.ledkaraib.com\/index.php\/produit\/fer-a-souder-60w\/#primaryimage\",\"url\":\"https:\/\/www.ledkaraib.com\/wp-content\/uploads\/2021\/08\/314986.jpg\",\"contentUrl\":\"https:\/\/www.ledkaraib.com\/wp-content\/uploads\/2021\/08\/314986.jpg\",\"width\":400,\"height\":400},{\"@type\":\"BreadcrumbList\",\"@id\":\"https:\/\/www.ledkaraib.com\/index.php\/produit\/fer-a-souder-60w\/#breadcrumb\",\"itemListElement\":[{\"@type\":\"ListItem\",\"position\":1,\"name\":\"Accueil\",\"item\":\"https:\/\/www.ledkaraib.com\/\"},{\"@type\":\"ListItem\",\"position\":2,\"name\":\"Shop\",\"item\":\"https:\/\/www.ledkaraib.com\/index.php\/shop-3\/\"},{\"@type\":\"ListItem\",\"position\":3,\"name\":\"FER A SOUDER 60W\/035953\"}]},{\"@type\":\"WebSite\",\"@id\":\"https:\/\/www.ledkaraib.com\/#website\",\"url\":\"https:\/\/www.ledkaraib.com\/\",\"name\":\"Planete LED Solution d&#039;Eclairage LED\",\"description\":\"\",\"potentialAction\":[{\"@type\":\"SearchAction\",\"target\":{\"@type\":\"EntryPoint\",\"urlTemplate\":\"https:\/\/www.ledkaraib.com\/?s={search_term_string}\"},\"query-input\":{\"@type\":\"PropertyValueSpecification\",\"valueRequired\":true,\"valueName\":\"search_term_string\"}}],\"inLanguage\":\"fr-FR\"}]}<\/script>\n<!-- \/ Yoast SEO plugin. -->","yoast_head_json":{"title":"FER A SOUDER 60W\/035953 - Planete LED Solution d&#039;Eclairage LED","robots":{"index":"index","follow":"follow","max-snippet":"max-snippet:-1","max-image-preview":"max-image-preview:large","max-video-preview":"max-video-preview:-1"},"canonical":"https:\/\/www.ledkaraib.com\/index.php\/produit\/fer-a-souder-60w\/","og_locale":"fr_FR","og_type":"article","og_title":"FER A SOUDER 60W\/035953 - Planete LED Solution d&#039;Eclairage LED","og_description":"Fer \u00e0 souder particuli\u00e8rement adapt\u00e9 au domaine de l&rsquo;\u00e9lectrotechnique et le travail des t\u00f4les. Les + produit Livr\u00e9 avec pointe cuivre nickel\u00e9e diam\u00e8tre 5.8mm, pointe...","og_url":"https:\/\/www.ledkaraib.com\/index.php\/produit\/fer-a-souder-60w\/","og_site_name":"Planete LED Solution d&#039;Eclairage LED","article_modified_time":"2026-03-17T17:08:05+00:00","og_image":[{"width":400,"height":400,"url":"https:\/\/www.ledkaraib.com\/wp-content\/uploads\/2021\/08\/314986.jpg","type":"image\/jpeg"}],"twitter_card":"summary_large_image","twitter_misc":{"Dur\u00e9e de lecture estim\u00e9e":"1 minute"},"schema":{"@context":"https:\/\/schema.org","@graph":[{"@type":"WebPage","@id":"https:\/\/www.ledkaraib.com\/index.php\/produit\/fer-a-souder-60w\/","url":"https:\/\/www.ledkaraib.com\/index.php\/produit\/fer-a-souder-60w\/","name":"FER A SOUDER 60W\/035953 - Planete LED Solution d&#039;Eclairage LED","isPartOf":{"@id":"https:\/\/www.ledkaraib.com\/#website"},"primaryImageOfPage":{"@id":"https:\/\/www.ledkaraib.com\/index.php\/produit\/fer-a-souder-60w\/#primaryimage"},"image":{"@id":"https:\/\/www.ledkaraib.com\/index.php\/produit\/fer-a-souder-60w\/#primaryimage"},"thumbnailUrl":"https:\/\/www.ledkaraib.com\/wp-content\/uploads\/2021\/08\/314986.jpg","datePublished":"2021-08-29T21:39:59+00:00","dateModified":"2026-03-17T17:08:05+00:00","breadcrumb":{"@id":"https:\/\/www.ledkaraib.com\/index.php\/produit\/fer-a-souder-60w\/#breadcrumb"},"inLanguage":"fr-FR","potentialAction":[{"@type":"ReadAction","target":["https:\/\/www.ledkaraib.com\/index.php\/produit\/fer-a-souder-60w\/"]}]},{"@type":"ImageObject","inLanguage":"fr-FR","@id":"https:\/\/www.ledkaraib.com\/index.php\/produit\/fer-a-souder-60w\/#primaryimage","url":"https:\/\/www.ledkaraib.com\/wp-content\/uploads\/2021\/08\/314986.jpg","contentUrl":"https:\/\/www.ledkaraib.com\/wp-content\/uploads\/2021\/08\/314986.jpg","width":400,"height":400},{"@type":"BreadcrumbList","@id":"https:\/\/www.ledkaraib.com\/index.php\/produit\/fer-a-souder-60w\/#breadcrumb","itemListElement":[{"@type":"ListItem","position":1,"name":"Accueil","item":"https:\/\/www.ledkaraib.com\/"},{"@type":"ListItem","position":2,"name":"Shop","item":"https:\/\/www.ledkaraib.com\/index.php\/shop-3\/"},{"@type":"ListItem","position":3,"name":"FER A SOUDER 60W\/035953"}]},{"@type":"WebSite","@id":"https:\/\/www.ledkaraib.com\/#website","url":"https:\/\/www.ledkaraib.com\/","name":"Planete LED Solution d&#039;Eclairage LED","description":"","potentialAction":[{"@type":"SearchAction","target":{"@type":"EntryPoint","urlTemplate":"https:\/\/www.ledkaraib.com\/?s={search_term_string}"},"query-input":{"@type":"PropertyValueSpecification","valueRequired":true,"valueName":"search_term_string"}}],"inLanguage":"fr-FR"}]}},"jetpack_sharing_enabled":true,"_links":{"self":[{"href":"https:\/\/www.ledkaraib.com\/index.php\/wp-json\/wp\/v2\/product\/28908","targetHints":{"allow":["GET"]}}],"collection":[{"href":"https:\/\/www.ledkaraib.com\/index.php\/wp-json\/wp\/v2\/product"}],"about":[{"href":"https:\/\/www.ledkaraib.com\/index.php\/wp-json\/wp\/v2\/types\/product"}],"version-history":[{"count":1,"href":"https:\/\/www.ledkaraib.com\/index.php\/wp-json\/wp\/v2\/product\/28908\/revisions"}],"predecessor-version":[{"id":45606,"href":"https:\/\/www.ledkaraib.com\/index.php\/wp-json\/wp\/v2\/product\/28908\/revisions\/45606"}],"wp:featuredmedia":[{"embeddable":true,"href":"https:\/\/www.ledkaraib.com\/index.php\/wp-json\/wp\/v2\/media\/28934"}],"wp:attachment":[{"href":"https:\/\/www.ledkaraib.com\/index.php\/wp-json\/wp\/v2\/media?parent=28908"}],"wp:term":[{"taxonomy":"brand","embeddable":true,"href":"https:\/\/www.ledkaraib.com\/index.php\/wp-json\/wp\/v2\/etheme_brands?post=28908"},{"taxonomy":"product_brand","embeddable":true,"href":"https:\/\/www.ledkaraib.com\/index.php\/wp-json\/wp\/v2\/product_brand?post=28908"},{"taxonomy":"product_cat","embeddable":true,"href":"https:\/\/www.ledkaraib.com\/index.php\/wp-json\/wp\/v2\/product_cat?post=28908"},{"taxonomy":"product_tag","embeddable":true,"href":"https:\/\/www.ledkaraib.com\/index.php\/wp-json\/wp\/v2\/product_tag?post=28908"}],"curies":[{"name":"wp","href":"https:\/\/api.w.org\/{rel}","templated":true}]}}