{"id":28935,"date":"2021-08-29T21:40:18","date_gmt":"2021-08-29T21:40:18","guid":{"rendered":"https:\/\/ledkaraib.fr\/?post_type=product&#038;p=28935"},"modified":"2021-08-29T21:40:23","modified_gmt":"2021-08-29T21:40:23","slug":"fil-a-souder-acier-vuire-d-08-1kg","status":"publish","type":"product","link":"https:\/\/www.ledkaraib.com\/index.php\/produit\/fil-a-souder-acier-vuire-d-08-1kg\/","title":{"rendered":"FIL A SOUDER ACIER VUIRE D.08 1KG"},"content":{"rendered":"<div class=\"m-item-description\">\n<h2 class=\"o-tabs-panel-title\">Assemblage et r\u00e9paration sur fer et aciers courants : mobilier m\u00e9tallique, ferronnerie, serrurerie, ch\u00e2ssis de remorque, de karts.<br \/>\nId\u00e9al pour la r\u00e9paration automobile.<\/h2>\n<\/div>\n<div class=\"m-item-description\">\n<h3 class=\"m-item-description-title\">Caract\u00e9ristiques principales<\/h3>\n<ul class=\"m-list m-list-vertical\" data-v-3b78393b=\"\">\n<li class=\"m-list-item\" data-v-3b78393b=\"\">\n<div data-v-3b78393b=\"\"><span class=\"a-color-gray\">Dimensions &#8211;\u00a0<\/span>0,8 mm<\/div>\n<\/li>\n<li class=\"m-list-item\" data-v-3b78393b=\"\">\n<div data-v-3b78393b=\"\"><span class=\"a-color-gray\">Mati\u00e8re &#8211;\u00a0<\/span>Acier cuivr\u00e9<\/div>\n<\/li>\n<li class=\"m-list-item\" data-v-3b78393b=\"\">\n<div data-v-3b78393b=\"\"><span class=\"a-color-gray\">Poids en g &#8211;\u00a0<\/span>1000 g<\/div>\n<\/li>\n<li class=\"m-list-item\" data-v-3b78393b=\"\">\n<div data-v-3b78393b=\"\"><span class=\"a-color-gray\">Type de soudure &#8211;\u00a0<\/span>Fer\/acier (ferronnerie, carrosserie, petites menuiserie metalliques)<\/div>\n<\/li>\n<li class=\"m-list-item\" data-v-3b78393b=\"\">\n<div data-v-3b78393b=\"\"><span class=\"a-color-gray\">Utilisation avec &#8211;\u00a0<\/span>POSTE_A_SOUDER_A_L_ARC<\/div>\n<\/li>\n<\/ul>\n<\/div>\n<div class=\"m-item-description\">\n<h3 class=\"m-item-description-title\">Conditions d&rsquo;utilisation<\/h3>\n<div>\n<p>S&rsquo;utilise avec poste \u00e0 arc MIG-MAG.<\/p>\n<\/div>\n<\/div>\n","protected":false},"excerpt":{"rendered":"<p>Assemblage et r\u00e9paration sur fer et aciers courants : mobilier m\u00e9tallique, ferronnerie, serrurerie, ch\u00e2ssis de remorque, de karts. Id\u00e9al pour la r\u00e9paration automobile. Caract\u00e9ristiques principales&#8230;<\/p>\n","protected":false},"featured_media":28965,"template":"","meta":{"content-type":""},"etheme_brands":[],"product_brand":[],"product_cat":[516],"product_tag":[],"class_list":{"0":"post-28935","1":"product","2":"type-product","3":"status-publish","4":"has-post-thumbnail","6":"product_cat-soudure","8":"first","9":"instock","10":"taxable","11":"shipping-taxable","12":"purchasable","13":"product-type-simple"},"yoast_head":"<!-- This site is optimized with the Yoast SEO plugin v26.0 - https:\/\/yoast.com\/wordpress\/plugins\/seo\/ -->\n<title>FIL A SOUDER ACIER VUIRE D.08 1KG - Planete LED Solution d&#039;Eclairage LED<\/title>\n<meta name=\"robots\" content=\"index, follow, max-snippet:-1, max-image-preview:large, max-video-preview:-1\" \/>\n<link rel=\"canonical\" href=\"https:\/\/www.ledkaraib.com\/index.php\/produit\/fil-a-souder-acier-vuire-d-08-1kg\/\" \/>\n<meta property=\"og:locale\" content=\"fr_FR\" \/>\n<meta property=\"og:type\" content=\"article\" \/>\n<meta property=\"og:title\" content=\"FIL A SOUDER ACIER VUIRE D.08 1KG - Planete LED Solution d&#039;Eclairage LED\" \/>\n<meta property=\"og:description\" content=\"Assemblage et r\u00e9paration sur fer et aciers courants : mobilier m\u00e9tallique, ferronnerie, serrurerie, ch\u00e2ssis de remorque, de karts. Id\u00e9al pour la r\u00e9paration automobile. Caract\u00e9ristiques principales...\" \/>\n<meta property=\"og:url\" content=\"https:\/\/www.ledkaraib.com\/index.php\/produit\/fil-a-souder-acier-vuire-d-08-1kg\/\" \/>\n<meta property=\"og:site_name\" content=\"Planete LED Solution d&#039;Eclairage LED\" \/>\n<meta property=\"article:modified_time\" content=\"2021-08-29T21:40:23+00:00\" \/>\n<meta property=\"og:image\" content=\"https:\/\/www.ledkaraib.com\/wp-content\/uploads\/2021\/08\/609790.jpg\" \/>\n\t<meta property=\"og:image:width\" content=\"400\" \/>\n\t<meta property=\"og:image:height\" content=\"339\" \/>\n\t<meta property=\"og:image:type\" content=\"image\/jpeg\" \/>\n<meta name=\"twitter:card\" content=\"summary_large_image\" \/>\n<script type=\"application\/ld+json\" class=\"yoast-schema-graph\">{\"@context\":\"https:\/\/schema.org\",\"@graph\":[{\"@type\":\"WebPage\",\"@id\":\"https:\/\/www.ledkaraib.com\/index.php\/produit\/fil-a-souder-acier-vuire-d-08-1kg\/\",\"url\":\"https:\/\/www.ledkaraib.com\/index.php\/produit\/fil-a-souder-acier-vuire-d-08-1kg\/\",\"name\":\"FIL A SOUDER ACIER VUIRE D.08 1KG - Planete LED Solution d&#039;Eclairage LED\",\"isPartOf\":{\"@id\":\"https:\/\/www.ledkaraib.com\/#website\"},\"primaryImageOfPage\":{\"@id\":\"https:\/\/www.ledkaraib.com\/index.php\/produit\/fil-a-souder-acier-vuire-d-08-1kg\/#primaryimage\"},\"image\":{\"@id\":\"https:\/\/www.ledkaraib.com\/index.php\/produit\/fil-a-souder-acier-vuire-d-08-1kg\/#primaryimage\"},\"thumbnailUrl\":\"https:\/\/www.ledkaraib.com\/wp-content\/uploads\/2021\/08\/609790.jpg\",\"datePublished\":\"2021-08-29T21:40:18+00:00\",\"dateModified\":\"2021-08-29T21:40:23+00:00\",\"breadcrumb\":{\"@id\":\"https:\/\/www.ledkaraib.com\/index.php\/produit\/fil-a-souder-acier-vuire-d-08-1kg\/#breadcrumb\"},\"inLanguage\":\"fr-FR\",\"potentialAction\":[{\"@type\":\"ReadAction\",\"target\":[\"https:\/\/www.ledkaraib.com\/index.php\/produit\/fil-a-souder-acier-vuire-d-08-1kg\/\"]}]},{\"@type\":\"ImageObject\",\"inLanguage\":\"fr-FR\",\"@id\":\"https:\/\/www.ledkaraib.com\/index.php\/produit\/fil-a-souder-acier-vuire-d-08-1kg\/#primaryimage\",\"url\":\"https:\/\/www.ledkaraib.com\/wp-content\/uploads\/2021\/08\/609790.jpg\",\"contentUrl\":\"https:\/\/www.ledkaraib.com\/wp-content\/uploads\/2021\/08\/609790.jpg\",\"width\":400,\"height\":339},{\"@type\":\"BreadcrumbList\",\"@id\":\"https:\/\/www.ledkaraib.com\/index.php\/produit\/fil-a-souder-acier-vuire-d-08-1kg\/#breadcrumb\",\"itemListElement\":[{\"@type\":\"ListItem\",\"position\":1,\"name\":\"Accueil\",\"item\":\"https:\/\/www.ledkaraib.com\/\"},{\"@type\":\"ListItem\",\"position\":2,\"name\":\"Shop\",\"item\":\"https:\/\/www.ledkaraib.com\/index.php\/shop-3\/\"},{\"@type\":\"ListItem\",\"position\":3,\"name\":\"FIL A SOUDER ACIER VUIRE D.08 1KG\"}]},{\"@type\":\"WebSite\",\"@id\":\"https:\/\/www.ledkaraib.com\/#website\",\"url\":\"https:\/\/www.ledkaraib.com\/\",\"name\":\"Planete LED Solution d&#039;Eclairage LED\",\"description\":\"\",\"potentialAction\":[{\"@type\":\"SearchAction\",\"target\":{\"@type\":\"EntryPoint\",\"urlTemplate\":\"https:\/\/www.ledkaraib.com\/?s={search_term_string}\"},\"query-input\":{\"@type\":\"PropertyValueSpecification\",\"valueRequired\":true,\"valueName\":\"search_term_string\"}}],\"inLanguage\":\"fr-FR\"}]}<\/script>\n<!-- \/ Yoast SEO plugin. -->","yoast_head_json":{"title":"FIL A SOUDER ACIER VUIRE D.08 1KG - Planete LED Solution d&#039;Eclairage LED","robots":{"index":"index","follow":"follow","max-snippet":"max-snippet:-1","max-image-preview":"max-image-preview:large","max-video-preview":"max-video-preview:-1"},"canonical":"https:\/\/www.ledkaraib.com\/index.php\/produit\/fil-a-souder-acier-vuire-d-08-1kg\/","og_locale":"fr_FR","og_type":"article","og_title":"FIL A SOUDER ACIER VUIRE D.08 1KG - Planete LED Solution d&#039;Eclairage LED","og_description":"Assemblage et r\u00e9paration sur fer et aciers courants : mobilier m\u00e9tallique, ferronnerie, serrurerie, ch\u00e2ssis de remorque, de karts. Id\u00e9al pour la r\u00e9paration automobile. Caract\u00e9ristiques principales...","og_url":"https:\/\/www.ledkaraib.com\/index.php\/produit\/fil-a-souder-acier-vuire-d-08-1kg\/","og_site_name":"Planete LED Solution d&#039;Eclairage LED","article_modified_time":"2021-08-29T21:40:23+00:00","og_image":[{"width":400,"height":339,"url":"https:\/\/www.ledkaraib.com\/wp-content\/uploads\/2021\/08\/609790.jpg","type":"image\/jpeg"}],"twitter_card":"summary_large_image","schema":{"@context":"https:\/\/schema.org","@graph":[{"@type":"WebPage","@id":"https:\/\/www.ledkaraib.com\/index.php\/produit\/fil-a-souder-acier-vuire-d-08-1kg\/","url":"https:\/\/www.ledkaraib.com\/index.php\/produit\/fil-a-souder-acier-vuire-d-08-1kg\/","name":"FIL A SOUDER ACIER VUIRE D.08 1KG - Planete LED Solution d&#039;Eclairage LED","isPartOf":{"@id":"https:\/\/www.ledkaraib.com\/#website"},"primaryImageOfPage":{"@id":"https:\/\/www.ledkaraib.com\/index.php\/produit\/fil-a-souder-acier-vuire-d-08-1kg\/#primaryimage"},"image":{"@id":"https:\/\/www.ledkaraib.com\/index.php\/produit\/fil-a-souder-acier-vuire-d-08-1kg\/#primaryimage"},"thumbnailUrl":"https:\/\/www.ledkaraib.com\/wp-content\/uploads\/2021\/08\/609790.jpg","datePublished":"2021-08-29T21:40:18+00:00","dateModified":"2021-08-29T21:40:23+00:00","breadcrumb":{"@id":"https:\/\/www.ledkaraib.com\/index.php\/produit\/fil-a-souder-acier-vuire-d-08-1kg\/#breadcrumb"},"inLanguage":"fr-FR","potentialAction":[{"@type":"ReadAction","target":["https:\/\/www.ledkaraib.com\/index.php\/produit\/fil-a-souder-acier-vuire-d-08-1kg\/"]}]},{"@type":"ImageObject","inLanguage":"fr-FR","@id":"https:\/\/www.ledkaraib.com\/index.php\/produit\/fil-a-souder-acier-vuire-d-08-1kg\/#primaryimage","url":"https:\/\/www.ledkaraib.com\/wp-content\/uploads\/2021\/08\/609790.jpg","contentUrl":"https:\/\/www.ledkaraib.com\/wp-content\/uploads\/2021\/08\/609790.jpg","width":400,"height":339},{"@type":"BreadcrumbList","@id":"https:\/\/www.ledkaraib.com\/index.php\/produit\/fil-a-souder-acier-vuire-d-08-1kg\/#breadcrumb","itemListElement":[{"@type":"ListItem","position":1,"name":"Accueil","item":"https:\/\/www.ledkaraib.com\/"},{"@type":"ListItem","position":2,"name":"Shop","item":"https:\/\/www.ledkaraib.com\/index.php\/shop-3\/"},{"@type":"ListItem","position":3,"name":"FIL A SOUDER ACIER VUIRE D.08 1KG"}]},{"@type":"WebSite","@id":"https:\/\/www.ledkaraib.com\/#website","url":"https:\/\/www.ledkaraib.com\/","name":"Planete LED Solution d&#039;Eclairage LED","description":"","potentialAction":[{"@type":"SearchAction","target":{"@type":"EntryPoint","urlTemplate":"https:\/\/www.ledkaraib.com\/?s={search_term_string}"},"query-input":{"@type":"PropertyValueSpecification","valueRequired":true,"valueName":"search_term_string"}}],"inLanguage":"fr-FR"}]}},"jetpack_sharing_enabled":true,"_links":{"self":[{"href":"https:\/\/www.ledkaraib.com\/index.php\/wp-json\/wp\/v2\/product\/28935","targetHints":{"allow":["GET"]}}],"collection":[{"href":"https:\/\/www.ledkaraib.com\/index.php\/wp-json\/wp\/v2\/product"}],"about":[{"href":"https:\/\/www.ledkaraib.com\/index.php\/wp-json\/wp\/v2\/types\/product"}],"version-history":[{"count":0,"href":"https:\/\/www.ledkaraib.com\/index.php\/wp-json\/wp\/v2\/product\/28935\/revisions"}],"wp:featuredmedia":[{"embeddable":true,"href":"https:\/\/www.ledkaraib.com\/index.php\/wp-json\/wp\/v2\/media\/28965"}],"wp:attachment":[{"href":"https:\/\/www.ledkaraib.com\/index.php\/wp-json\/wp\/v2\/media?parent=28935"}],"wp:term":[{"taxonomy":"brand","embeddable":true,"href":"https:\/\/www.ledkaraib.com\/index.php\/wp-json\/wp\/v2\/etheme_brands?post=28935"},{"taxonomy":"product_brand","embeddable":true,"href":"https:\/\/www.ledkaraib.com\/index.php\/wp-json\/wp\/v2\/product_brand?post=28935"},{"taxonomy":"product_cat","embeddable":true,"href":"https:\/\/www.ledkaraib.com\/index.php\/wp-json\/wp\/v2\/product_cat?post=28935"},{"taxonomy":"product_tag","embeddable":true,"href":"https:\/\/www.ledkaraib.com\/index.php\/wp-json\/wp\/v2\/product_tag?post=28935"}],"curies":[{"name":"wp","href":"https:\/\/api.w.org\/{rel}","templated":true}]}}