{"id":35115,"date":"2022-01-11T17:33:16","date_gmt":"2022-01-11T17:33:16","guid":{"rendered":"https:\/\/ledkaraib.com\/?post_type=product&#038;p=35115"},"modified":"2022-07-04T14:30:15","modified_gmt":"2022-07-04T18:30:15","slug":"faro-just-fan-xs-o-810mm-chrome-lames-transparentes-2__trashed","status":"publish","type":"product","link":"https:\/\/www.ledkaraib.com\/index.php\/produit\/faro-just-fan-xs-o-810mm-chrome-lames-transparentes-2__trashed\/","title":{"rendered":"FARO JUST FAN XS \u00d8 810MM CHROME LAMES TRANSPARENTES"},"content":{"rendered":"<p>Petite version de JUST FAN. Est l\u2019essence d\u2019un ventilateur de style industriel et tr\u00e8s actuel. Un squelette de m\u00e9tal stylis\u00e9 qui pr\u00e9sente un design novateur et accrocheur. Ce ventilateur de plafond moderne chrome est id\u00e9al pour la ventilation d\u2019espaces jusqu&rsquo;\u00e0 13m2. Actionn\u00e9 par un contr\u00f4le \u00e0 distance, inclus. Ce ventilateur de plafond avec moteur DC de basse consommation, dispose de 6 vitesses r\u00e9glables avec une consommation de 4-6-9-13-22-32W et 50-71-100-126-150-179 tours par minute selon la vitesse. Ce ventilateur dispose de la fonction inverse, vous pourrez donc l\u2019utiliser en hiver pour am\u00e9liorer l\u2019efficacit\u00e9 de votre syst\u00e8me de chauffage. Flux d&rsquo;air : 48,84 m3 min \/ 1724 CFM.<\/p>\n<p><img loading=\"lazy\" loading=\"lazy\" decoding=\"async\" class=\"alignnone size-medium wp-image-40055\" src=\"https:\/\/www.ledkaraib.com\/wp-content\/uploads\/2022\/02\/33463c-1-300x159.jpg\" alt=\"\" width=\"300\" height=\"159\" srcset=\"https:\/\/www.ledkaraib.com\/wp-content\/uploads\/2022\/02\/33463c-1-300x159.jpg 300w, https:\/\/www.ledkaraib.com\/wp-content\/uploads\/2022\/02\/33463c-1-768x407.jpg 768w, https:\/\/www.ledkaraib.com\/wp-content\/uploads\/2022\/02\/33463c-1-1x1.jpg 1w, https:\/\/www.ledkaraib.com\/wp-content\/uploads\/2022\/02\/33463c-1-10x5.jpg 10w, https:\/\/www.ledkaraib.com\/wp-content\/uploads\/2022\/02\/33463c-1.jpg 939w\" sizes=\"auto, (max-width: 300px) 100vw, 300px\" \/><\/p>\n<p>&nbsp;<\/p>\n","protected":false},"excerpt":{"rendered":"<p>Petite version de JUST FAN. Est l\u2019essence d\u2019un ventilateur de style industriel et tr\u00e8s actuel. Un squelette de m\u00e9tal stylis\u00e9 qui pr\u00e9sente un design novateur&#8230;<\/p>\n","protected":false},"featured_media":41756,"template":"","meta":{"content-type":""},"etheme_brands":[],"product_brand":[],"product_cat":[421],"product_tag":[],"class_list":{"0":"post-35115","1":"product","2":"type-product","3":"status-publish","4":"has-post-thumbnail","6":"product_cat-ventilateur","8":"first","9":"instock","10":"taxable","11":"shipping-taxable","12":"purchasable","13":"product-type-simple"},"yoast_head":"<!-- This site is optimized with the Yoast SEO plugin v26.0 - https:\/\/yoast.com\/wordpress\/plugins\/seo\/ -->\n<title>FARO JUST FAN XS \u00d8 810MM CHROME LAMES TRANSPARENTES - Planete LED Solution d&#039;Eclairage LED<\/title>\n<meta name=\"robots\" content=\"index, follow, max-snippet:-1, max-image-preview:large, max-video-preview:-1\" \/>\n<link rel=\"canonical\" href=\"https:\/\/www.ledkaraib.com\/index.php\/produit\/faro-just-fan-xs-o-810mm-chrome-lames-transparentes-2__trashed\/\" \/>\n<meta property=\"og:locale\" content=\"fr_FR\" \/>\n<meta property=\"og:type\" content=\"article\" \/>\n<meta property=\"og:title\" content=\"FARO JUST FAN XS \u00d8 810MM CHROME LAMES TRANSPARENTES - Planete LED Solution d&#039;Eclairage LED\" \/>\n<meta property=\"og:description\" content=\"Petite version de JUST FAN. Est l\u2019essence d\u2019un ventilateur de style industriel et tr\u00e8s actuel. Un squelette de m\u00e9tal stylis\u00e9 qui pr\u00e9sente un design novateur...\" \/>\n<meta property=\"og:url\" content=\"https:\/\/www.ledkaraib.com\/index.php\/produit\/faro-just-fan-xs-o-810mm-chrome-lames-transparentes-2__trashed\/\" \/>\n<meta property=\"og:site_name\" content=\"Planete LED Solution d&#039;Eclairage LED\" \/>\n<meta property=\"article:modified_time\" content=\"2022-07-04T18:30:15+00:00\" \/>\n<meta property=\"og:image\" content=\"https:\/\/www.ledkaraib.com\/wp-content\/uploads\/2022\/07\/33426.jpg\" \/>\n\t<meta property=\"og:image:width\" content=\"470\" \/>\n\t<meta property=\"og:image:height\" content=\"470\" \/>\n\t<meta property=\"og:image:type\" content=\"image\/jpeg\" \/>\n<meta name=\"twitter:card\" content=\"summary_large_image\" \/>\n<meta name=\"twitter:label1\" content=\"Dur\u00e9e de lecture estim\u00e9e\" \/>\n\t<meta name=\"twitter:data1\" content=\"1 minute\" \/>\n<script type=\"application\/ld+json\" class=\"yoast-schema-graph\">{\"@context\":\"https:\/\/schema.org\",\"@graph\":[{\"@type\":\"WebPage\",\"@id\":\"https:\/\/www.ledkaraib.com\/index.php\/produit\/faro-just-fan-xs-o-810mm-chrome-lames-transparentes-2__trashed\/\",\"url\":\"https:\/\/www.ledkaraib.com\/index.php\/produit\/faro-just-fan-xs-o-810mm-chrome-lames-transparentes-2__trashed\/\",\"name\":\"FARO JUST FAN XS \u00d8 810MM CHROME LAMES TRANSPARENTES - Planete LED Solution d&#039;Eclairage LED\",\"isPartOf\":{\"@id\":\"https:\/\/www.ledkaraib.com\/#website\"},\"primaryImageOfPage\":{\"@id\":\"https:\/\/www.ledkaraib.com\/index.php\/produit\/faro-just-fan-xs-o-810mm-chrome-lames-transparentes-2__trashed\/#primaryimage\"},\"image\":{\"@id\":\"https:\/\/www.ledkaraib.com\/index.php\/produit\/faro-just-fan-xs-o-810mm-chrome-lames-transparentes-2__trashed\/#primaryimage\"},\"thumbnailUrl\":\"https:\/\/www.ledkaraib.com\/wp-content\/uploads\/2022\/07\/33426.jpg\",\"datePublished\":\"2022-01-11T17:33:16+00:00\",\"dateModified\":\"2022-07-04T18:30:15+00:00\",\"breadcrumb\":{\"@id\":\"https:\/\/www.ledkaraib.com\/index.php\/produit\/faro-just-fan-xs-o-810mm-chrome-lames-transparentes-2__trashed\/#breadcrumb\"},\"inLanguage\":\"fr-FR\",\"potentialAction\":[{\"@type\":\"ReadAction\",\"target\":[\"https:\/\/www.ledkaraib.com\/index.php\/produit\/faro-just-fan-xs-o-810mm-chrome-lames-transparentes-2__trashed\/\"]}]},{\"@type\":\"ImageObject\",\"inLanguage\":\"fr-FR\",\"@id\":\"https:\/\/www.ledkaraib.com\/index.php\/produit\/faro-just-fan-xs-o-810mm-chrome-lames-transparentes-2__trashed\/#primaryimage\",\"url\":\"https:\/\/www.ledkaraib.com\/wp-content\/uploads\/2022\/07\/33426.jpg\",\"contentUrl\":\"https:\/\/www.ledkaraib.com\/wp-content\/uploads\/2022\/07\/33426.jpg\",\"width\":470,\"height\":470},{\"@type\":\"BreadcrumbList\",\"@id\":\"https:\/\/www.ledkaraib.com\/index.php\/produit\/faro-just-fan-xs-o-810mm-chrome-lames-transparentes-2__trashed\/#breadcrumb\",\"itemListElement\":[{\"@type\":\"ListItem\",\"position\":1,\"name\":\"Accueil\",\"item\":\"https:\/\/www.ledkaraib.com\/\"},{\"@type\":\"ListItem\",\"position\":2,\"name\":\"Shop\",\"item\":\"https:\/\/www.ledkaraib.com\/index.php\/shop-3\/\"},{\"@type\":\"ListItem\",\"position\":3,\"name\":\"FARO JUST FAN XS \u00d8 810MM CHROME LAMES TRANSPARENTES\"}]},{\"@type\":\"WebSite\",\"@id\":\"https:\/\/www.ledkaraib.com\/#website\",\"url\":\"https:\/\/www.ledkaraib.com\/\",\"name\":\"Planete LED Solution d&#039;Eclairage LED\",\"description\":\"\",\"potentialAction\":[{\"@type\":\"SearchAction\",\"target\":{\"@type\":\"EntryPoint\",\"urlTemplate\":\"https:\/\/www.ledkaraib.com\/?s={search_term_string}\"},\"query-input\":{\"@type\":\"PropertyValueSpecification\",\"valueRequired\":true,\"valueName\":\"search_term_string\"}}],\"inLanguage\":\"fr-FR\"}]}<\/script>\n<!-- \/ Yoast SEO plugin. -->","yoast_head_json":{"title":"FARO JUST FAN XS \u00d8 810MM CHROME LAMES TRANSPARENTES - Planete LED Solution d&#039;Eclairage LED","robots":{"index":"index","follow":"follow","max-snippet":"max-snippet:-1","max-image-preview":"max-image-preview:large","max-video-preview":"max-video-preview:-1"},"canonical":"https:\/\/www.ledkaraib.com\/index.php\/produit\/faro-just-fan-xs-o-810mm-chrome-lames-transparentes-2__trashed\/","og_locale":"fr_FR","og_type":"article","og_title":"FARO JUST FAN XS \u00d8 810MM CHROME LAMES TRANSPARENTES - Planete LED Solution d&#039;Eclairage LED","og_description":"Petite version de JUST FAN. Est l\u2019essence d\u2019un ventilateur de style industriel et tr\u00e8s actuel. Un squelette de m\u00e9tal stylis\u00e9 qui pr\u00e9sente un design novateur...","og_url":"https:\/\/www.ledkaraib.com\/index.php\/produit\/faro-just-fan-xs-o-810mm-chrome-lames-transparentes-2__trashed\/","og_site_name":"Planete LED Solution d&#039;Eclairage LED","article_modified_time":"2022-07-04T18:30:15+00:00","og_image":[{"width":470,"height":470,"url":"https:\/\/www.ledkaraib.com\/wp-content\/uploads\/2022\/07\/33426.jpg","type":"image\/jpeg"}],"twitter_card":"summary_large_image","twitter_misc":{"Dur\u00e9e de lecture estim\u00e9e":"1 minute"},"schema":{"@context":"https:\/\/schema.org","@graph":[{"@type":"WebPage","@id":"https:\/\/www.ledkaraib.com\/index.php\/produit\/faro-just-fan-xs-o-810mm-chrome-lames-transparentes-2__trashed\/","url":"https:\/\/www.ledkaraib.com\/index.php\/produit\/faro-just-fan-xs-o-810mm-chrome-lames-transparentes-2__trashed\/","name":"FARO JUST FAN XS \u00d8 810MM CHROME LAMES TRANSPARENTES - Planete LED Solution d&#039;Eclairage LED","isPartOf":{"@id":"https:\/\/www.ledkaraib.com\/#website"},"primaryImageOfPage":{"@id":"https:\/\/www.ledkaraib.com\/index.php\/produit\/faro-just-fan-xs-o-810mm-chrome-lames-transparentes-2__trashed\/#primaryimage"},"image":{"@id":"https:\/\/www.ledkaraib.com\/index.php\/produit\/faro-just-fan-xs-o-810mm-chrome-lames-transparentes-2__trashed\/#primaryimage"},"thumbnailUrl":"https:\/\/www.ledkaraib.com\/wp-content\/uploads\/2022\/07\/33426.jpg","datePublished":"2022-01-11T17:33:16+00:00","dateModified":"2022-07-04T18:30:15+00:00","breadcrumb":{"@id":"https:\/\/www.ledkaraib.com\/index.php\/produit\/faro-just-fan-xs-o-810mm-chrome-lames-transparentes-2__trashed\/#breadcrumb"},"inLanguage":"fr-FR","potentialAction":[{"@type":"ReadAction","target":["https:\/\/www.ledkaraib.com\/index.php\/produit\/faro-just-fan-xs-o-810mm-chrome-lames-transparentes-2__trashed\/"]}]},{"@type":"ImageObject","inLanguage":"fr-FR","@id":"https:\/\/www.ledkaraib.com\/index.php\/produit\/faro-just-fan-xs-o-810mm-chrome-lames-transparentes-2__trashed\/#primaryimage","url":"https:\/\/www.ledkaraib.com\/wp-content\/uploads\/2022\/07\/33426.jpg","contentUrl":"https:\/\/www.ledkaraib.com\/wp-content\/uploads\/2022\/07\/33426.jpg","width":470,"height":470},{"@type":"BreadcrumbList","@id":"https:\/\/www.ledkaraib.com\/index.php\/produit\/faro-just-fan-xs-o-810mm-chrome-lames-transparentes-2__trashed\/#breadcrumb","itemListElement":[{"@type":"ListItem","position":1,"name":"Accueil","item":"https:\/\/www.ledkaraib.com\/"},{"@type":"ListItem","position":2,"name":"Shop","item":"https:\/\/www.ledkaraib.com\/index.php\/shop-3\/"},{"@type":"ListItem","position":3,"name":"FARO JUST FAN XS \u00d8 810MM CHROME LAMES TRANSPARENTES"}]},{"@type":"WebSite","@id":"https:\/\/www.ledkaraib.com\/#website","url":"https:\/\/www.ledkaraib.com\/","name":"Planete LED Solution d&#039;Eclairage LED","description":"","potentialAction":[{"@type":"SearchAction","target":{"@type":"EntryPoint","urlTemplate":"https:\/\/www.ledkaraib.com\/?s={search_term_string}"},"query-input":{"@type":"PropertyValueSpecification","valueRequired":true,"valueName":"search_term_string"}}],"inLanguage":"fr-FR"}]}},"jetpack_sharing_enabled":true,"_links":{"self":[{"href":"https:\/\/www.ledkaraib.com\/index.php\/wp-json\/wp\/v2\/product\/35115","targetHints":{"allow":["GET"]}}],"collection":[{"href":"https:\/\/www.ledkaraib.com\/index.php\/wp-json\/wp\/v2\/product"}],"about":[{"href":"https:\/\/www.ledkaraib.com\/index.php\/wp-json\/wp\/v2\/types\/product"}],"version-history":[{"count":0,"href":"https:\/\/www.ledkaraib.com\/index.php\/wp-json\/wp\/v2\/product\/35115\/revisions"}],"wp:featuredmedia":[{"embeddable":true,"href":"https:\/\/www.ledkaraib.com\/index.php\/wp-json\/wp\/v2\/media\/41756"}],"wp:attachment":[{"href":"https:\/\/www.ledkaraib.com\/index.php\/wp-json\/wp\/v2\/media?parent=35115"}],"wp:term":[{"taxonomy":"brand","embeddable":true,"href":"https:\/\/www.ledkaraib.com\/index.php\/wp-json\/wp\/v2\/etheme_brands?post=35115"},{"taxonomy":"product_brand","embeddable":true,"href":"https:\/\/www.ledkaraib.com\/index.php\/wp-json\/wp\/v2\/product_brand?post=35115"},{"taxonomy":"product_cat","embeddable":true,"href":"https:\/\/www.ledkaraib.com\/index.php\/wp-json\/wp\/v2\/product_cat?post=35115"},{"taxonomy":"product_tag","embeddable":true,"href":"https:\/\/www.ledkaraib.com\/index.php\/wp-json\/wp\/v2\/product_tag?post=35115"}],"curies":[{"name":"wp","href":"https:\/\/api.w.org\/{rel}","templated":true}]}}