{"id":39180,"date":"2022-01-13T19:18:32","date_gmt":"2022-01-13T19:18:32","guid":{"rendered":"https:\/\/ledkaraib.com\/?post_type=product&#038;p=39180"},"modified":"2024-05-10T12:25:39","modified_gmt":"2024-05-10T16:25:39","slug":"malette-anti-choc-forets-mixtes","status":"publish","type":"product","link":"https:\/\/www.ledkaraib.com\/index.php\/produit\/malette-anti-choc-forets-mixtes\/","title":{"rendered":"30 pi\u00e8ces -Coffret -Per\u00e7age M\u00e9taux \/ B\u00e9tons \/ Bois + Vissage TIVOLY \/11901170034"},"content":{"rendered":"","protected":false},"excerpt":{"rendered":"","protected":false},"featured_media":41030,"template":"","meta":{"content-type":""},"etheme_brands":[],"product_brand":[],"product_cat":[449],"product_tag":[],"class_list":{"0":"post-39180","1":"product","2":"type-product","3":"status-publish","4":"has-post-thumbnail","6":"product_cat-tournevis-et-coffret","8":"first","9":"instock","10":"taxable","11":"shipping-taxable","12":"purchasable","13":"product-type-simple"},"yoast_head":"<!-- This site is optimized with the Yoast SEO plugin v26.0 - https:\/\/yoast.com\/wordpress\/plugins\/seo\/ -->\n<title>30 pi\u00e8ces -Coffret -Per\u00e7age M\u00e9taux \/ B\u00e9tons \/ Bois + Vissage TIVOLY \/11901170034 - Planete LED Solution d&#039;Eclairage LED<\/title>\n<meta name=\"robots\" content=\"index, follow, max-snippet:-1, max-image-preview:large, max-video-preview:-1\" \/>\n<link rel=\"canonical\" href=\"https:\/\/www.ledkaraib.com\/index.php\/produit\/malette-anti-choc-forets-mixtes\/\" \/>\n<meta property=\"og:locale\" content=\"fr_FR\" \/>\n<meta property=\"og:type\" content=\"article\" \/>\n<meta property=\"og:title\" content=\"30 pi\u00e8ces -Coffret -Per\u00e7age M\u00e9taux \/ B\u00e9tons \/ Bois + Vissage TIVOLY \/11901170034 - Planete LED Solution d&#039;Eclairage LED\" \/>\n<meta property=\"og:url\" content=\"https:\/\/www.ledkaraib.com\/index.php\/produit\/malette-anti-choc-forets-mixtes\/\" \/>\n<meta property=\"og:site_name\" content=\"Planete LED Solution d&#039;Eclairage LED\" \/>\n<meta property=\"article:modified_time\" content=\"2024-05-10T16:25:39+00:00\" \/>\n<meta property=\"og:image\" content=\"https:\/\/www.ledkaraib.com\/wp-content\/uploads\/2022\/05\/358109.webp\" \/>\n\t<meta property=\"og:image:width\" content=\"800\" \/>\n\t<meta property=\"og:image:height\" content=\"760\" \/>\n\t<meta property=\"og:image:type\" content=\"image\/webp\" \/>\n<meta name=\"twitter:card\" content=\"summary_large_image\" \/>\n<script type=\"application\/ld+json\" class=\"yoast-schema-graph\">{\"@context\":\"https:\/\/schema.org\",\"@graph\":[{\"@type\":\"WebPage\",\"@id\":\"https:\/\/www.ledkaraib.com\/index.php\/produit\/malette-anti-choc-forets-mixtes\/\",\"url\":\"https:\/\/www.ledkaraib.com\/index.php\/produit\/malette-anti-choc-forets-mixtes\/\",\"name\":\"30 pi\u00e8ces -Coffret -Per\u00e7age M\u00e9taux \/ B\u00e9tons \/ Bois + Vissage TIVOLY \/11901170034 - Planete LED Solution d&#039;Eclairage LED\",\"isPartOf\":{\"@id\":\"https:\/\/www.ledkaraib.com\/#website\"},\"primaryImageOfPage\":{\"@id\":\"https:\/\/www.ledkaraib.com\/index.php\/produit\/malette-anti-choc-forets-mixtes\/#primaryimage\"},\"image\":{\"@id\":\"https:\/\/www.ledkaraib.com\/index.php\/produit\/malette-anti-choc-forets-mixtes\/#primaryimage\"},\"thumbnailUrl\":\"https:\/\/www.ledkaraib.com\/wp-content\/uploads\/2022\/05\/358109.webp\",\"datePublished\":\"2022-01-13T19:18:32+00:00\",\"dateModified\":\"2024-05-10T16:25:39+00:00\",\"breadcrumb\":{\"@id\":\"https:\/\/www.ledkaraib.com\/index.php\/produit\/malette-anti-choc-forets-mixtes\/#breadcrumb\"},\"inLanguage\":\"fr-FR\",\"potentialAction\":[{\"@type\":\"ReadAction\",\"target\":[\"https:\/\/www.ledkaraib.com\/index.php\/produit\/malette-anti-choc-forets-mixtes\/\"]}]},{\"@type\":\"ImageObject\",\"inLanguage\":\"fr-FR\",\"@id\":\"https:\/\/www.ledkaraib.com\/index.php\/produit\/malette-anti-choc-forets-mixtes\/#primaryimage\",\"url\":\"https:\/\/www.ledkaraib.com\/wp-content\/uploads\/2022\/05\/358109.webp\",\"contentUrl\":\"https:\/\/www.ledkaraib.com\/wp-content\/uploads\/2022\/05\/358109.webp\",\"width\":800,\"height\":760},{\"@type\":\"BreadcrumbList\",\"@id\":\"https:\/\/www.ledkaraib.com\/index.php\/produit\/malette-anti-choc-forets-mixtes\/#breadcrumb\",\"itemListElement\":[{\"@type\":\"ListItem\",\"position\":1,\"name\":\"Accueil\",\"item\":\"https:\/\/www.ledkaraib.com\/\"},{\"@type\":\"ListItem\",\"position\":2,\"name\":\"Shop\",\"item\":\"https:\/\/www.ledkaraib.com\/index.php\/shop-3\/\"},{\"@type\":\"ListItem\",\"position\":3,\"name\":\"30 pi\u00e8ces -Coffret -Per\u00e7age M\u00e9taux \/ B\u00e9tons \/ Bois + Vissage TIVOLY \/11901170034\"}]},{\"@type\":\"WebSite\",\"@id\":\"https:\/\/www.ledkaraib.com\/#website\",\"url\":\"https:\/\/www.ledkaraib.com\/\",\"name\":\"Planete LED Solution d&#039;Eclairage LED\",\"description\":\"\",\"potentialAction\":[{\"@type\":\"SearchAction\",\"target\":{\"@type\":\"EntryPoint\",\"urlTemplate\":\"https:\/\/www.ledkaraib.com\/?s={search_term_string}\"},\"query-input\":{\"@type\":\"PropertyValueSpecification\",\"valueRequired\":true,\"valueName\":\"search_term_string\"}}],\"inLanguage\":\"fr-FR\"}]}<\/script>\n<!-- \/ Yoast SEO plugin. -->","yoast_head_json":{"title":"30 pi\u00e8ces -Coffret -Per\u00e7age M\u00e9taux \/ B\u00e9tons \/ Bois + Vissage TIVOLY \/11901170034 - Planete LED Solution d&#039;Eclairage LED","robots":{"index":"index","follow":"follow","max-snippet":"max-snippet:-1","max-image-preview":"max-image-preview:large","max-video-preview":"max-video-preview:-1"},"canonical":"https:\/\/www.ledkaraib.com\/index.php\/produit\/malette-anti-choc-forets-mixtes\/","og_locale":"fr_FR","og_type":"article","og_title":"30 pi\u00e8ces -Coffret -Per\u00e7age M\u00e9taux \/ B\u00e9tons \/ Bois + Vissage TIVOLY \/11901170034 - Planete LED Solution d&#039;Eclairage LED","og_url":"https:\/\/www.ledkaraib.com\/index.php\/produit\/malette-anti-choc-forets-mixtes\/","og_site_name":"Planete LED Solution d&#039;Eclairage LED","article_modified_time":"2024-05-10T16:25:39+00:00","og_image":[{"width":800,"height":760,"url":"https:\/\/www.ledkaraib.com\/wp-content\/uploads\/2022\/05\/358109.webp","type":"image\/webp"}],"twitter_card":"summary_large_image","schema":{"@context":"https:\/\/schema.org","@graph":[{"@type":"WebPage","@id":"https:\/\/www.ledkaraib.com\/index.php\/produit\/malette-anti-choc-forets-mixtes\/","url":"https:\/\/www.ledkaraib.com\/index.php\/produit\/malette-anti-choc-forets-mixtes\/","name":"30 pi\u00e8ces -Coffret -Per\u00e7age M\u00e9taux \/ B\u00e9tons \/ Bois + Vissage TIVOLY \/11901170034 - Planete LED Solution d&#039;Eclairage LED","isPartOf":{"@id":"https:\/\/www.ledkaraib.com\/#website"},"primaryImageOfPage":{"@id":"https:\/\/www.ledkaraib.com\/index.php\/produit\/malette-anti-choc-forets-mixtes\/#primaryimage"},"image":{"@id":"https:\/\/www.ledkaraib.com\/index.php\/produit\/malette-anti-choc-forets-mixtes\/#primaryimage"},"thumbnailUrl":"https:\/\/www.ledkaraib.com\/wp-content\/uploads\/2022\/05\/358109.webp","datePublished":"2022-01-13T19:18:32+00:00","dateModified":"2024-05-10T16:25:39+00:00","breadcrumb":{"@id":"https:\/\/www.ledkaraib.com\/index.php\/produit\/malette-anti-choc-forets-mixtes\/#breadcrumb"},"inLanguage":"fr-FR","potentialAction":[{"@type":"ReadAction","target":["https:\/\/www.ledkaraib.com\/index.php\/produit\/malette-anti-choc-forets-mixtes\/"]}]},{"@type":"ImageObject","inLanguage":"fr-FR","@id":"https:\/\/www.ledkaraib.com\/index.php\/produit\/malette-anti-choc-forets-mixtes\/#primaryimage","url":"https:\/\/www.ledkaraib.com\/wp-content\/uploads\/2022\/05\/358109.webp","contentUrl":"https:\/\/www.ledkaraib.com\/wp-content\/uploads\/2022\/05\/358109.webp","width":800,"height":760},{"@type":"BreadcrumbList","@id":"https:\/\/www.ledkaraib.com\/index.php\/produit\/malette-anti-choc-forets-mixtes\/#breadcrumb","itemListElement":[{"@type":"ListItem","position":1,"name":"Accueil","item":"https:\/\/www.ledkaraib.com\/"},{"@type":"ListItem","position":2,"name":"Shop","item":"https:\/\/www.ledkaraib.com\/index.php\/shop-3\/"},{"@type":"ListItem","position":3,"name":"30 pi\u00e8ces -Coffret -Per\u00e7age M\u00e9taux \/ B\u00e9tons \/ Bois + Vissage TIVOLY \/11901170034"}]},{"@type":"WebSite","@id":"https:\/\/www.ledkaraib.com\/#website","url":"https:\/\/www.ledkaraib.com\/","name":"Planete LED Solution d&#039;Eclairage LED","description":"","potentialAction":[{"@type":"SearchAction","target":{"@type":"EntryPoint","urlTemplate":"https:\/\/www.ledkaraib.com\/?s={search_term_string}"},"query-input":{"@type":"PropertyValueSpecification","valueRequired":true,"valueName":"search_term_string"}}],"inLanguage":"fr-FR"}]}},"jetpack_sharing_enabled":true,"_links":{"self":[{"href":"https:\/\/www.ledkaraib.com\/index.php\/wp-json\/wp\/v2\/product\/39180","targetHints":{"allow":["GET"]}}],"collection":[{"href":"https:\/\/www.ledkaraib.com\/index.php\/wp-json\/wp\/v2\/product"}],"about":[{"href":"https:\/\/www.ledkaraib.com\/index.php\/wp-json\/wp\/v2\/types\/product"}],"version-history":[{"count":1,"href":"https:\/\/www.ledkaraib.com\/index.php\/wp-json\/wp\/v2\/product\/39180\/revisions"}],"predecessor-version":[{"id":45024,"href":"https:\/\/www.ledkaraib.com\/index.php\/wp-json\/wp\/v2\/product\/39180\/revisions\/45024"}],"wp:featuredmedia":[{"embeddable":true,"href":"https:\/\/www.ledkaraib.com\/index.php\/wp-json\/wp\/v2\/media\/41030"}],"wp:attachment":[{"href":"https:\/\/www.ledkaraib.com\/index.php\/wp-json\/wp\/v2\/media?parent=39180"}],"wp:term":[{"taxonomy":"brand","embeddable":true,"href":"https:\/\/www.ledkaraib.com\/index.php\/wp-json\/wp\/v2\/etheme_brands?post=39180"},{"taxonomy":"product_brand","embeddable":true,"href":"https:\/\/www.ledkaraib.com\/index.php\/wp-json\/wp\/v2\/product_brand?post=39180"},{"taxonomy":"product_cat","embeddable":true,"href":"https:\/\/www.ledkaraib.com\/index.php\/wp-json\/wp\/v2\/product_cat?post=39180"},{"taxonomy":"product_tag","embeddable":true,"href":"https:\/\/www.ledkaraib.com\/index.php\/wp-json\/wp\/v2\/product_tag?post=39180"}],"curies":[{"name":"wp","href":"https:\/\/api.w.org\/{rel}","templated":true}]}}