{"id":39206,"date":"2022-01-13T19:20:43","date_gmt":"2022-01-13T19:20:43","guid":{"rendered":"https:\/\/ledkaraib.com\/?post_type=product&#038;p=39206"},"modified":"2025-03-24T11:20:20","modified_gmt":"2025-03-24T15:20:20","slug":"girard-sudron-paris-guinguette-lot-5-spheriques-led-ip44-e27-1w-blanc-chaud","status":"publish","type":"product","link":"https:\/\/www.ledkaraib.com\/index.php\/produit\/girard-sudron-paris-guinguette-lot-5-spheriques-led-ip44-e27-1w-blanc-chaud\/","title":{"rendered":"GIRARD SUDRON PARIS GUINGUETTE &#8211; LOT 5 SPHERIQUES LED IP44 E27 1W BLANC CHAUD"},"content":{"rendered":"<p>IP44 Angle de diffusion: 360\u00b0 V. AC\/220 &#8211; 240V Cycle de commutation : \u2265 15\u2019000 Dur\u00e9e de vie 25\u2019000 H Temp\u00e9rature de fonctionnement : -20\u00b0C~40\u00b0C Indice de rendu des couleurs \u2265 80 Eclairage instantan\u00e9 0 Sec Quantit\u00e9 de mercure 0,0mg Garantie : 2 ans Echelle \u00e9nerg\u00e9tique A+<\/p>\n","protected":false},"excerpt":{"rendered":"<p>IP44 Angle de diffusion: 360\u00b0 V. AC\/220 &#8211; 240V Cycle de commutation : \u2265 15\u2019000 Dur\u00e9e de vie 25\u2019000 H Temp\u00e9rature de fonctionnement : -20\u00b0C~40\u00b0C&#8230;<\/p>\n","protected":false},"featured_media":39439,"template":"","meta":{"content-type":""},"etheme_brands":[],"product_brand":[],"product_cat":[527],"product_tag":[],"class_list":{"0":"post-39206","1":"product","2":"type-product","3":"status-publish","4":"has-post-thumbnail","6":"product_cat-girard-sudron","8":"first","9":"instock","10":"taxable","11":"shipping-taxable","12":"purchasable","13":"product-type-simple"},"yoast_head":"<!-- This site is optimized with the Yoast SEO plugin v26.0 - https:\/\/yoast.com\/wordpress\/plugins\/seo\/ -->\n<title>GIRARD SUDRON PARIS GUINGUETTE - LOT 5 SPHERIQUES LED IP44 E27 1W BLANC CHAUD - Planete LED Solution d&#039;Eclairage LED<\/title>\n<meta name=\"robots\" content=\"index, follow, max-snippet:-1, max-image-preview:large, max-video-preview:-1\" \/>\n<link rel=\"canonical\" href=\"https:\/\/www.ledkaraib.com\/index.php\/produit\/girard-sudron-paris-guinguette-lot-5-spheriques-led-ip44-e27-1w-blanc-chaud\/\" \/>\n<meta property=\"og:locale\" content=\"fr_FR\" \/>\n<meta property=\"og:type\" content=\"article\" \/>\n<meta property=\"og:title\" content=\"GIRARD SUDRON PARIS GUINGUETTE - LOT 5 SPHERIQUES LED IP44 E27 1W BLANC CHAUD - Planete LED Solution d&#039;Eclairage LED\" \/>\n<meta property=\"og:description\" content=\"IP44 Angle de diffusion: 360\u00b0 V. AC\/220 &#8211; 240V Cycle de commutation : \u2265 15\u2019000 Dur\u00e9e de vie 25\u2019000 H Temp\u00e9rature de fonctionnement : -20\u00b0C~40\u00b0C...\" \/>\n<meta property=\"og:url\" content=\"https:\/\/www.ledkaraib.com\/index.php\/produit\/girard-sudron-paris-guinguette-lot-5-spheriques-led-ip44-e27-1w-blanc-chaud\/\" \/>\n<meta property=\"og:site_name\" content=\"Planete LED Solution d&#039;Eclairage LED\" \/>\n<meta property=\"article:modified_time\" content=\"2025-03-24T15:20:20+00:00\" \/>\n<meta property=\"og:image\" content=\"https:\/\/www.ledkaraib.com\/wp-content\/uploads\/2022\/01\/15822.jpeg\" \/>\n\t<meta property=\"og:image:width\" content=\"571\" \/>\n\t<meta property=\"og:image:height\" content=\"571\" \/>\n\t<meta property=\"og:image:type\" content=\"image\/jpeg\" \/>\n<meta name=\"twitter:card\" content=\"summary_large_image\" \/>\n<script type=\"application\/ld+json\" class=\"yoast-schema-graph\">{\"@context\":\"https:\/\/schema.org\",\"@graph\":[{\"@type\":\"WebPage\",\"@id\":\"https:\/\/www.ledkaraib.com\/index.php\/produit\/girard-sudron-paris-guinguette-lot-5-spheriques-led-ip44-e27-1w-blanc-chaud\/\",\"url\":\"https:\/\/www.ledkaraib.com\/index.php\/produit\/girard-sudron-paris-guinguette-lot-5-spheriques-led-ip44-e27-1w-blanc-chaud\/\",\"name\":\"GIRARD SUDRON PARIS GUINGUETTE - LOT 5 SPHERIQUES LED IP44 E27 1W BLANC CHAUD - Planete LED Solution d&#039;Eclairage LED\",\"isPartOf\":{\"@id\":\"https:\/\/www.ledkaraib.com\/#website\"},\"primaryImageOfPage\":{\"@id\":\"https:\/\/www.ledkaraib.com\/index.php\/produit\/girard-sudron-paris-guinguette-lot-5-spheriques-led-ip44-e27-1w-blanc-chaud\/#primaryimage\"},\"image\":{\"@id\":\"https:\/\/www.ledkaraib.com\/index.php\/produit\/girard-sudron-paris-guinguette-lot-5-spheriques-led-ip44-e27-1w-blanc-chaud\/#primaryimage\"},\"thumbnailUrl\":\"https:\/\/www.ledkaraib.com\/wp-content\/uploads\/2022\/01\/15822.jpeg\",\"datePublished\":\"2022-01-13T19:20:43+00:00\",\"dateModified\":\"2025-03-24T15:20:20+00:00\",\"breadcrumb\":{\"@id\":\"https:\/\/www.ledkaraib.com\/index.php\/produit\/girard-sudron-paris-guinguette-lot-5-spheriques-led-ip44-e27-1w-blanc-chaud\/#breadcrumb\"},\"inLanguage\":\"fr-FR\",\"potentialAction\":[{\"@type\":\"ReadAction\",\"target\":[\"https:\/\/www.ledkaraib.com\/index.php\/produit\/girard-sudron-paris-guinguette-lot-5-spheriques-led-ip44-e27-1w-blanc-chaud\/\"]}]},{\"@type\":\"ImageObject\",\"inLanguage\":\"fr-FR\",\"@id\":\"https:\/\/www.ledkaraib.com\/index.php\/produit\/girard-sudron-paris-guinguette-lot-5-spheriques-led-ip44-e27-1w-blanc-chaud\/#primaryimage\",\"url\":\"https:\/\/www.ledkaraib.com\/wp-content\/uploads\/2022\/01\/15822.jpeg\",\"contentUrl\":\"https:\/\/www.ledkaraib.com\/wp-content\/uploads\/2022\/01\/15822.jpeg\",\"width\":571,\"height\":571},{\"@type\":\"BreadcrumbList\",\"@id\":\"https:\/\/www.ledkaraib.com\/index.php\/produit\/girard-sudron-paris-guinguette-lot-5-spheriques-led-ip44-e27-1w-blanc-chaud\/#breadcrumb\",\"itemListElement\":[{\"@type\":\"ListItem\",\"position\":1,\"name\":\"Accueil\",\"item\":\"https:\/\/www.ledkaraib.com\/\"},{\"@type\":\"ListItem\",\"position\":2,\"name\":\"Shop\",\"item\":\"https:\/\/www.ledkaraib.com\/index.php\/shop-3\/\"},{\"@type\":\"ListItem\",\"position\":3,\"name\":\"GIRARD SUDRON PARIS GUINGUETTE &#8211; LOT 5 SPHERIQUES LED IP44 E27 1W BLANC CHAUD\"}]},{\"@type\":\"WebSite\",\"@id\":\"https:\/\/www.ledkaraib.com\/#website\",\"url\":\"https:\/\/www.ledkaraib.com\/\",\"name\":\"Planete LED Solution d&#039;Eclairage LED\",\"description\":\"\",\"potentialAction\":[{\"@type\":\"SearchAction\",\"target\":{\"@type\":\"EntryPoint\",\"urlTemplate\":\"https:\/\/www.ledkaraib.com\/?s={search_term_string}\"},\"query-input\":{\"@type\":\"PropertyValueSpecification\",\"valueRequired\":true,\"valueName\":\"search_term_string\"}}],\"inLanguage\":\"fr-FR\"}]}<\/script>\n<!-- \/ Yoast SEO plugin. -->","yoast_head_json":{"title":"GIRARD SUDRON PARIS GUINGUETTE - LOT 5 SPHERIQUES LED IP44 E27 1W BLANC CHAUD - Planete LED Solution d&#039;Eclairage LED","robots":{"index":"index","follow":"follow","max-snippet":"max-snippet:-1","max-image-preview":"max-image-preview:large","max-video-preview":"max-video-preview:-1"},"canonical":"https:\/\/www.ledkaraib.com\/index.php\/produit\/girard-sudron-paris-guinguette-lot-5-spheriques-led-ip44-e27-1w-blanc-chaud\/","og_locale":"fr_FR","og_type":"article","og_title":"GIRARD SUDRON PARIS GUINGUETTE - LOT 5 SPHERIQUES LED IP44 E27 1W BLANC CHAUD - Planete LED Solution d&#039;Eclairage LED","og_description":"IP44 Angle de diffusion: 360\u00b0 V. AC\/220 &#8211; 240V Cycle de commutation : \u2265 15\u2019000 Dur\u00e9e de vie 25\u2019000 H Temp\u00e9rature de fonctionnement : -20\u00b0C~40\u00b0C...","og_url":"https:\/\/www.ledkaraib.com\/index.php\/produit\/girard-sudron-paris-guinguette-lot-5-spheriques-led-ip44-e27-1w-blanc-chaud\/","og_site_name":"Planete LED Solution d&#039;Eclairage LED","article_modified_time":"2025-03-24T15:20:20+00:00","og_image":[{"width":571,"height":571,"url":"https:\/\/www.ledkaraib.com\/wp-content\/uploads\/2022\/01\/15822.jpeg","type":"image\/jpeg"}],"twitter_card":"summary_large_image","schema":{"@context":"https:\/\/schema.org","@graph":[{"@type":"WebPage","@id":"https:\/\/www.ledkaraib.com\/index.php\/produit\/girard-sudron-paris-guinguette-lot-5-spheriques-led-ip44-e27-1w-blanc-chaud\/","url":"https:\/\/www.ledkaraib.com\/index.php\/produit\/girard-sudron-paris-guinguette-lot-5-spheriques-led-ip44-e27-1w-blanc-chaud\/","name":"GIRARD SUDRON PARIS GUINGUETTE - LOT 5 SPHERIQUES LED IP44 E27 1W BLANC CHAUD - Planete LED Solution d&#039;Eclairage LED","isPartOf":{"@id":"https:\/\/www.ledkaraib.com\/#website"},"primaryImageOfPage":{"@id":"https:\/\/www.ledkaraib.com\/index.php\/produit\/girard-sudron-paris-guinguette-lot-5-spheriques-led-ip44-e27-1w-blanc-chaud\/#primaryimage"},"image":{"@id":"https:\/\/www.ledkaraib.com\/index.php\/produit\/girard-sudron-paris-guinguette-lot-5-spheriques-led-ip44-e27-1w-blanc-chaud\/#primaryimage"},"thumbnailUrl":"https:\/\/www.ledkaraib.com\/wp-content\/uploads\/2022\/01\/15822.jpeg","datePublished":"2022-01-13T19:20:43+00:00","dateModified":"2025-03-24T15:20:20+00:00","breadcrumb":{"@id":"https:\/\/www.ledkaraib.com\/index.php\/produit\/girard-sudron-paris-guinguette-lot-5-spheriques-led-ip44-e27-1w-blanc-chaud\/#breadcrumb"},"inLanguage":"fr-FR","potentialAction":[{"@type":"ReadAction","target":["https:\/\/www.ledkaraib.com\/index.php\/produit\/girard-sudron-paris-guinguette-lot-5-spheriques-led-ip44-e27-1w-blanc-chaud\/"]}]},{"@type":"ImageObject","inLanguage":"fr-FR","@id":"https:\/\/www.ledkaraib.com\/index.php\/produit\/girard-sudron-paris-guinguette-lot-5-spheriques-led-ip44-e27-1w-blanc-chaud\/#primaryimage","url":"https:\/\/www.ledkaraib.com\/wp-content\/uploads\/2022\/01\/15822.jpeg","contentUrl":"https:\/\/www.ledkaraib.com\/wp-content\/uploads\/2022\/01\/15822.jpeg","width":571,"height":571},{"@type":"BreadcrumbList","@id":"https:\/\/www.ledkaraib.com\/index.php\/produit\/girard-sudron-paris-guinguette-lot-5-spheriques-led-ip44-e27-1w-blanc-chaud\/#breadcrumb","itemListElement":[{"@type":"ListItem","position":1,"name":"Accueil","item":"https:\/\/www.ledkaraib.com\/"},{"@type":"ListItem","position":2,"name":"Shop","item":"https:\/\/www.ledkaraib.com\/index.php\/shop-3\/"},{"@type":"ListItem","position":3,"name":"GIRARD SUDRON PARIS GUINGUETTE &#8211; LOT 5 SPHERIQUES LED IP44 E27 1W BLANC CHAUD"}]},{"@type":"WebSite","@id":"https:\/\/www.ledkaraib.com\/#website","url":"https:\/\/www.ledkaraib.com\/","name":"Planete LED Solution d&#039;Eclairage LED","description":"","potentialAction":[{"@type":"SearchAction","target":{"@type":"EntryPoint","urlTemplate":"https:\/\/www.ledkaraib.com\/?s={search_term_string}"},"query-input":{"@type":"PropertyValueSpecification","valueRequired":true,"valueName":"search_term_string"}}],"inLanguage":"fr-FR"}]}},"jetpack_sharing_enabled":true,"_links":{"self":[{"href":"https:\/\/www.ledkaraib.com\/index.php\/wp-json\/wp\/v2\/product\/39206","targetHints":{"allow":["GET"]}}],"collection":[{"href":"https:\/\/www.ledkaraib.com\/index.php\/wp-json\/wp\/v2\/product"}],"about":[{"href":"https:\/\/www.ledkaraib.com\/index.php\/wp-json\/wp\/v2\/types\/product"}],"version-history":[{"count":1,"href":"https:\/\/www.ledkaraib.com\/index.php\/wp-json\/wp\/v2\/product\/39206\/revisions"}],"predecessor-version":[{"id":46538,"href":"https:\/\/www.ledkaraib.com\/index.php\/wp-json\/wp\/v2\/product\/39206\/revisions\/46538"}],"wp:featuredmedia":[{"embeddable":true,"href":"https:\/\/www.ledkaraib.com\/index.php\/wp-json\/wp\/v2\/media\/39439"}],"wp:attachment":[{"href":"https:\/\/www.ledkaraib.com\/index.php\/wp-json\/wp\/v2\/media?parent=39206"}],"wp:term":[{"taxonomy":"brand","embeddable":true,"href":"https:\/\/www.ledkaraib.com\/index.php\/wp-json\/wp\/v2\/etheme_brands?post=39206"},{"taxonomy":"product_brand","embeddable":true,"href":"https:\/\/www.ledkaraib.com\/index.php\/wp-json\/wp\/v2\/product_brand?post=39206"},{"taxonomy":"product_cat","embeddable":true,"href":"https:\/\/www.ledkaraib.com\/index.php\/wp-json\/wp\/v2\/product_cat?post=39206"},{"taxonomy":"product_tag","embeddable":true,"href":"https:\/\/www.ledkaraib.com\/index.php\/wp-json\/wp\/v2\/product_tag?post=39206"}],"curies":[{"name":"wp","href":"https:\/\/api.w.org\/{rel}","templated":true}]}}